{"id":23239,"date":"2026-04-22T20:58:41","date_gmt":"2026-04-22T18:58:41","guid":{"rendered":"https:\/\/oraziopuglisi.art\/?page_id=23239"},"modified":"2026-04-23T20:27:49","modified_gmt":"2026-04-23T18:27:49","slug":"la-famille-brueghel","status":"publish","type":"page","link":"https:\/\/oraziopuglisi.art\/index.php\/la-famille-brueghel\/","title":{"rendered":"La Famille Brueghel"},"content":{"rendered":"<p style=\"text-align: center;\"><a href=\"https:\/\/fr.wikipedia.org\/wiki\/Famille_Brueghel\">La Famille Brueghel<\/a><\/p>\n<p>&nbsp;<\/p>\n<p>&nbsp;<\/p>\n<blockquote class=\"wp-embedded-content\" data-secret=\"bd70pkaNzG\"><p><a href=\"https:\/\/oraziopuglisi.art\/index.php\/premiere-generation-2\/\">Premi\u00e8re g\u00e9n\u00e9ration<\/a><\/p><\/blockquote>\n<p><iframe loading=\"lazy\" class=\"wp-embedded-content\" sandbox=\"allow-scripts\" security=\"restricted\" style=\"position: absolute; visibility: hidden;\" title=\"\u00ab\u00a0Premi\u00e8re g\u00e9n\u00e9ration\u00a0\u00bb &#8212; Orazio Puglisi\" src=\"https:\/\/oraziopuglisi.art\/index.php\/premiere-generation-2\/embed\/#?secret=ewyAwj8Hww#?secret=bd70pkaNzG\" data-secret=\"bd70pkaNzG\" width=\"600\" height=\"338\" frameborder=\"0\" marginwidth=\"0\" marginheight=\"0\" scrolling=\"no\"><\/iframe><\/p>\n<blockquote class=\"wp-embedded-content\" data-secret=\"pBflNexYPF\"><p><a href=\"https:\/\/oraziopuglisi.art\/index.php\/deuxieme-generation-2\/\">Deuxi\u00e8me g\u00e9n\u00e9ration<\/a><\/p><\/blockquote>\n<p><iframe loading=\"lazy\" class=\"wp-embedded-content\" sandbox=\"allow-scripts\" security=\"restricted\" style=\"position: absolute; visibility: hidden;\" title=\"\u00ab\u00a0Deuxi\u00e8me g\u00e9n\u00e9ration\u00a0\u00bb &#8212; Orazio Puglisi\" src=\"https:\/\/oraziopuglisi.art\/index.php\/deuxieme-generation-2\/embed\/#?secret=w497hRb68Z#?secret=pBflNexYPF\" data-secret=\"pBflNexYPF\" width=\"600\" height=\"338\" frameborder=\"0\" marginwidth=\"0\" marginheight=\"0\" scrolling=\"no\"><\/iframe><\/p>\n<blockquote class=\"wp-embedded-content\" data-secret=\"qcz44YZsuC\"><p><a href=\"https:\/\/oraziopuglisi.art\/index.php\/troisieme-generation-2\/\">Troisi\u00e8me g\u00e9n\u00e9ration<\/a><\/p><\/blockquote>\n<p><iframe loading=\"lazy\" class=\"wp-embedded-content\" sandbox=\"allow-scripts\" security=\"restricted\" style=\"position: absolute; visibility: hidden;\" title=\"\u00ab\u00a0Troisi\u00e8me g\u00e9n\u00e9ration\u00a0\u00bb &#8212; Orazio Puglisi\" src=\"https:\/\/oraziopuglisi.art\/index.php\/troisieme-generation-2\/embed\/#?secret=MnXqaca6Rm#?secret=qcz44YZsuC\" data-secret=\"qcz44YZsuC\" width=\"600\" height=\"338\" frameborder=\"0\" marginwidth=\"0\" marginheight=\"0\" scrolling=\"no\"><\/iframe><\/p>\n<blockquote class=\"wp-embedded-content\" data-secret=\"96jBxZrY0O\"><p><a href=\"https:\/\/oraziopuglisi.art\/index.php\/quatrieme-generation-2\/\">Quatri\u00e8me g\u00e9n\u00e9ration<\/a><\/p><\/blockquote>\n<p><iframe loading=\"lazy\" class=\"wp-embedded-content\" sandbox=\"allow-scripts\" security=\"restricted\" style=\"position: absolute; visibility: hidden;\" title=\"\u00ab\u00a0Quatri\u00e8me g\u00e9n\u00e9ration\u00a0\u00bb &#8212; Orazio Puglisi\" src=\"https:\/\/oraziopuglisi.art\/index.php\/quatrieme-generation-2\/embed\/#?secret=wKDF4BMrVF#?secret=96jBxZrY0O\" data-secret=\"96jBxZrY0O\" width=\"600\" height=\"338\" frameborder=\"0\" marginwidth=\"0\" marginheight=\"0\" scrolling=\"no\"><\/iframe><\/p>\n<blockquote class=\"wp-embedded-content\" data-secret=\"Lwk4zNdbkZ\"><p><a href=\"https:\/\/oraziopuglisi.art\/index.php\/cinquieme-generation\/\">Cinqui\u00e8me g\u00e9n\u00e9ration<\/a><\/p><\/blockquote>\n<p><iframe loading=\"lazy\" class=\"wp-embedded-content\" sandbox=\"allow-scripts\" security=\"restricted\" style=\"position: absolute; visibility: hidden;\" title=\"\u00ab\u00a0Cinqui\u00e8me g\u00e9n\u00e9ration\u00a0\u00bb &#8212; Orazio Puglisi\" src=\"https:\/\/oraziopuglisi.art\/index.php\/cinquieme-generation\/embed\/#?secret=RpgqVeJrdx#?secret=Lwk4zNdbkZ\" data-secret=\"Lwk4zNdbkZ\" width=\"600\" height=\"338\" frameborder=\"0\" marginwidth=\"0\" marginheight=\"0\" scrolling=\"no\"><\/iframe><\/p>\n<blockquote class=\"wp-embedded-content\" data-secret=\"vXC1HZI5pN\"><p><a href=\"https:\/\/oraziopuglisi.art\/index.php\/sixieme-generation\/\">Sixi\u00e8me g\u00e9n\u00e9ration<\/a><\/p><\/blockquote>\n<p><iframe loading=\"lazy\" class=\"wp-embedded-content\" sandbox=\"allow-scripts\" security=\"restricted\" style=\"position: absolute; visibility: hidden;\" title=\"\u00ab\u00a0Sixi\u00e8me g\u00e9n\u00e9ration\u00a0\u00bb &#8212; Orazio Puglisi\" src=\"https:\/\/oraziopuglisi.art\/index.php\/sixieme-generation\/embed\/#?secret=OZoeAsg50X#?secret=vXC1HZI5pN\" data-secret=\"vXC1HZI5pN\" width=\"600\" height=\"338\" frameborder=\"0\" marginwidth=\"0\" marginheight=\"0\" scrolling=\"no\"><\/iframe><\/p>\n<p>&nbsp;<\/p>\n<p>&nbsp;<\/p>\n","protected":false},"excerpt":{"rendered":"<p>La Famille Brueghel &nbsp; &nbsp; Premi\u00e8re g\u00e9n\u00e9ration Deuxi\u00e8me g\u00e9n\u00e9ration Troisi\u00e8me g\u00e9n\u00e9ration Quatri\u00e8me g\u00e9n\u00e9ration Cinqui\u00e8me g\u00e9n\u00e9ration Sixi\u00e8me g\u00e9n\u00e9ration &nbsp; &nbsp;<\/p>\n","protected":false},"author":1,"featured_media":23265,"parent":0,"menu_order":0,"comment_status":"closed","ping_status":"closed","template":"","meta":{"footnotes":""},"class_list":["post-23239","page","type-page","status-publish","has-post-thumbnail","hentry"],"_links":{"self":[{"href":"https:\/\/oraziopuglisi.art\/index.php\/wp-json\/wp\/v2\/pages\/23239","targetHints":{"allow":["GET"]}}],"collection":[{"href":"https:\/\/oraziopuglisi.art\/index.php\/wp-json\/wp\/v2\/pages"}],"about":[{"href":"https:\/\/oraziopuglisi.art\/index.php\/wp-json\/wp\/v2\/types\/page"}],"author":[{"embeddable":true,"href":"https:\/\/oraziopuglisi.art\/index.php\/wp-json\/wp\/v2\/users\/1"}],"replies":[{"embeddable":true,"href":"https:\/\/oraziopuglisi.art\/index.php\/wp-json\/wp\/v2\/comments?post=23239"}],"version-history":[{"count":5,"href":"https:\/\/oraziopuglisi.art\/index.php\/wp-json\/wp\/v2\/pages\/23239\/revisions"}],"predecessor-version":[{"id":23263,"href":"https:\/\/oraziopuglisi.art\/index.php\/wp-json\/wp\/v2\/pages\/23239\/revisions\/23263"}],"wp:featuredmedia":[{"embeddable":true,"href":"https:\/\/oraziopuglisi.art\/index.php\/wp-json\/wp\/v2\/media\/23265"}],"wp:attachment":[{"href":"https:\/\/oraziopuglisi.art\/index.php\/wp-json\/wp\/v2\/media?parent=23239"}],"curies":[{"name":"wp","href":"https:\/\/api.w.org\/{rel}","templated":true}]}}