{"id":22971,"date":"2026-04-18T11:22:35","date_gmt":"2026-04-18T09:22:35","guid":{"rendered":"https:\/\/oraziopuglisi.art\/?page_id=22971"},"modified":"2026-04-18T11:35:03","modified_gmt":"2026-04-18T09:35:03","slug":"la-patrologie","status":"publish","type":"page","link":"https:\/\/oraziopuglisi.art\/index.php\/la-patrologie\/","title":{"rendered":"La Patrologie"},"content":{"rendered":"<p style=\"text-align: center;\"><a href=\"https:\/\/fr.wikipedia.org\/wiki\/Patrologie\">La Patrologie<\/a><\/p>\n<p style=\"text-align: justify;\">La\u00a0<b>patrologie<\/b>\u00a0est une branche de la\u00a0<a title=\"Patristique\" href=\"https:\/\/fr.wikipedia.org\/wiki\/Patristique\">patristique<\/a>\u00a0qui \u00e9tudie les \u0153uvres des\u00a0<a title=\"P\u00e8res de l'\u00c9glise\" href=\"https:\/\/fr.wikipedia.org\/wiki\/P%C3%A8res_de_l%27%C3%89glise\">P\u00e8res de l&rsquo;\u00c9glise<\/a>\u00a0sous un angle historique, doctrinal et eccl\u00e9siastique.<\/p>\n<p style=\"text-align: justify;\">Le terme a \u00e9t\u00e9 employ\u00e9 pour la premi\u00e8re fois par le\u00a0<a title=\"Th\u00e9ologie protestante\" href=\"https:\/\/fr.wikipedia.org\/wiki\/Th%C3%A9ologie_protestante\">th\u00e9ologien<\/a>\u00a0<a title=\"Luth\u00e9ranisme\" href=\"https:\/\/fr.wikipedia.org\/wiki\/Luth%C3%A9ranisme\">luth\u00e9rien<\/a>\u00a0<a title=\"Johann Gerhard\" href=\"https:\/\/fr.wikipedia.org\/wiki\/Johann_Gerhard\">Johann Gerhard<\/a>, dans son ouvrage\u00a0<i>Patrologia sive De Primitivae Ecclesiae Christianae Doctorum vita ac lucubrationibus opusculum<\/i>, publi\u00e9 \u00e0\u00a0<a title=\"I\u00e9na\" href=\"https:\/\/fr.wikipedia.org\/wiki\/I%C3%A9na\">I\u00e9na<\/a>\u00a0en 1653.<\/p>\n<p>&nbsp;<\/p>\n<p>&nbsp;<\/p>\n<p><img loading=\"lazy\" decoding=\"async\" class=\"size-medium wp-image-22982 aligncenter\" src=\"http:\/\/oraziopuglisi.art\/wp-content\/uploads\/2026\/04\/La-Patrologie-300x211.png\" alt=\"\" width=\"300\" height=\"211\" srcset=\"https:\/\/oraziopuglisi.art\/wp-content\/uploads\/2026\/04\/La-Patrologie-300x211.png 300w, https:\/\/oraziopuglisi.art\/wp-content\/uploads\/2026\/04\/La-Patrologie.png 471w\" sizes=\"auto, (max-width: 300px) 100vw, 300px\" \/><\/p>\n<div class=\"mw-heading mw-heading2\" style=\"text-align: justify;\">\n<h2 id=\"Patrologie_et_patristique\">Patrologie et patristique<\/h2>\n<\/div>\n<p style=\"text-align: justify;\">Un certain nombre de chercheurs distingue la patrologie de la patristique. Ainsi, Josef Fessler a pu d\u00e9finir la patrologie comme la science qui procure le mat\u00e9riau n\u00e9cessaire \u00e0 l&rsquo;\u00e9tude des\u00a0<a title=\"P\u00e8res de l'\u00c9glise\" href=\"https:\/\/fr.wikipedia.org\/wiki\/P%C3%A8res_de_l%27%C3%89glise\">P\u00e8res de l&rsquo;\u00c9glise<\/a>\u00a0: par exemple, les crit\u00e8res permettant de juger de leur g\u00e9nie, les difficult\u00e9s \u00e9ventuelles de leur \u00e9tude et les r\u00e8gles de leur usage.<\/p>\n<p style=\"text-align: justify;\">Pour cet auteur, la patristique serait la science th\u00e9ologique qui vise \u00e0 recueillir et classifier tout ce qui concerne la foi, les m\u0153urs, la discipline des\u00a0<a title=\"P\u00e8res de l'\u00c9glise\" href=\"https:\/\/fr.wikipedia.org\/wiki\/P%C3%A8res_de_l%27%C3%89glise\">P\u00e8res<\/a>.<\/p>\n<p style=\"text-align: justify;\">Leur vie et leurs travaux rel\u00e8veraient des\u00a0<a class=\"mw-redirect\" title=\"Histoire de la litt\u00e9rature\" href=\"https:\/\/fr.wikipedia.org\/wiki\/Histoire_de_la_litt%C3%A9rature\">\u00e9tudes historiques de la litt\u00e9rature<\/a>.<\/p>\n<div class=\"mw-heading mw-heading2\" style=\"text-align: justify;\">\n<h2 id=\"Sources\">Sources<\/h2>\n<\/div>\n<ul>\n<li style=\"text-align: justify;\"><span class=\"ouvrage\"><abbr class=\"abbr indicateur-langue\" title=\"Langue : italien\">(it)<\/abbr>\u00a0<cite class=\"italique\" lang=\"it\"><a title=\"Encyclop\u00e9die Treccani\" href=\"https:\/\/fr.wikipedia.org\/wiki\/Encyclop%C3%A9die_Treccani\">Enciclopedia Treccani<\/a><\/cite>, Rome, Istituto dell&rsquo;Enciclopedia Italiana<\/span>, article\u00a0<i><a class=\"external text\" href=\"https:\/\/www.treccani.it\/vocabolario\/patrologia\/\" rel=\"nofollow\">Patrologia<\/a><small class=\"cachelinks\">\u00a0[<a title=\"archive sur Wikiwix\" href=\"https:\/\/archive.wikiwix.com\/cache\/?url=https%3A%2F%2Fwww.treccani.it%2Fvocabolario%2Fpatrologia%2F\">archive<\/a>]<\/small><\/i>.<\/li>\n<\/ul>\n","protected":false},"excerpt":{"rendered":"<p>La Patrologie La\u00a0patrologie\u00a0est une branche de la\u00a0patristique\u00a0qui \u00e9tudie les \u0153uvres des\u00a0P\u00e8res de l&rsquo;\u00c9glise\u00a0sous un angle historique, doctrinal et eccl\u00e9siastique. Le terme a \u00e9t\u00e9 employ\u00e9 pour la premi\u00e8re fois par le\u00a0th\u00e9ologien\u00a0luth\u00e9rien\u00a0Johann Gerhard, dans son ouvrage\u00a0Patrologia sive De Primitivae Ecclesiae Christianae Doctorum vita ac lucubrationibus opusculum, publi\u00e9 \u00e0\u00a0I\u00e9na\u00a0en 1653. &nbsp; &nbsp; Patrologie et patristique Un certain nombre [&hellip;]<\/p>\n","protected":false},"author":1,"featured_media":22982,"parent":0,"menu_order":0,"comment_status":"closed","ping_status":"closed","template":"","meta":{"footnotes":""},"class_list":["post-22971","page","type-page","status-publish","has-post-thumbnail","hentry"],"_links":{"self":[{"href":"https:\/\/oraziopuglisi.art\/index.php\/wp-json\/wp\/v2\/pages\/22971","targetHints":{"allow":["GET"]}}],"collection":[{"href":"https:\/\/oraziopuglisi.art\/index.php\/wp-json\/wp\/v2\/pages"}],"about":[{"href":"https:\/\/oraziopuglisi.art\/index.php\/wp-json\/wp\/v2\/types\/page"}],"author":[{"embeddable":true,"href":"https:\/\/oraziopuglisi.art\/index.php\/wp-json\/wp\/v2\/users\/1"}],"replies":[{"embeddable":true,"href":"https:\/\/oraziopuglisi.art\/index.php\/wp-json\/wp\/v2\/comments?post=22971"}],"version-history":[{"count":6,"href":"https:\/\/oraziopuglisi.art\/index.php\/wp-json\/wp\/v2\/pages\/22971\/revisions"}],"predecessor-version":[{"id":22983,"href":"https:\/\/oraziopuglisi.art\/index.php\/wp-json\/wp\/v2\/pages\/22971\/revisions\/22983"}],"wp:featuredmedia":[{"embeddable":true,"href":"https:\/\/oraziopuglisi.art\/index.php\/wp-json\/wp\/v2\/media\/22982"}],"wp:attachment":[{"href":"https:\/\/oraziopuglisi.art\/index.php\/wp-json\/wp\/v2\/media?parent=22971"}],"curies":[{"name":"wp","href":"https:\/\/api.w.org\/{rel}","templated":true}]}}