{"id":22925,"date":"2026-04-17T23:49:12","date_gmt":"2026-04-17T21:49:12","guid":{"rendered":"https:\/\/oraziopuglisi.art\/?page_id=22925"},"modified":"2026-04-17T23:49:33","modified_gmt":"2026-04-17T21:49:33","slug":"christianisme-et-islam","status":"publish","type":"page","link":"https:\/\/oraziopuglisi.art\/index.php\/christianisme-et-islam\/","title":{"rendered":"Christianisme et Islam"},"content":{"rendered":"<p><iframe loading=\"lazy\" title=\"O\u00f9 sont les raisons de croire ? Partie 1 D\u00e9bat \u00e0 l&#039;espace bernanos Christianisme vs Islam\" width=\"600\" height=\"338\" src=\"https:\/\/www.youtube.com\/embed\/LtvwVGAY9MQ?feature=oembed\" frameborder=\"0\" allow=\"accelerometer; autoplay; clipboard-write; encrypted-media; gyroscope; picture-in-picture; web-share\" referrerpolicy=\"strict-origin-when-cross-origin\" allowfullscreen><\/iframe><\/p>\n","protected":false},"excerpt":{"rendered":"","protected":false},"author":1,"featured_media":0,"parent":0,"menu_order":0,"comment_status":"closed","ping_status":"closed","template":"","meta":{"footnotes":""},"class_list":["post-22925","page","type-page","status-publish","hentry"],"_links":{"self":[{"href":"https:\/\/oraziopuglisi.art\/index.php\/wp-json\/wp\/v2\/pages\/22925","targetHints":{"allow":["GET"]}}],"collection":[{"href":"https:\/\/oraziopuglisi.art\/index.php\/wp-json\/wp\/v2\/pages"}],"about":[{"href":"https:\/\/oraziopuglisi.art\/index.php\/wp-json\/wp\/v2\/types\/page"}],"author":[{"embeddable":true,"href":"https:\/\/oraziopuglisi.art\/index.php\/wp-json\/wp\/v2\/users\/1"}],"replies":[{"embeddable":true,"href":"https:\/\/oraziopuglisi.art\/index.php\/wp-json\/wp\/v2\/comments?post=22925"}],"version-history":[{"count":2,"href":"https:\/\/oraziopuglisi.art\/index.php\/wp-json\/wp\/v2\/pages\/22925\/revisions"}],"predecessor-version":[{"id":22927,"href":"https:\/\/oraziopuglisi.art\/index.php\/wp-json\/wp\/v2\/pages\/22925\/revisions\/22927"}],"wp:attachment":[{"href":"https:\/\/oraziopuglisi.art\/index.php\/wp-json\/wp\/v2\/media?parent=22925"}],"curies":[{"name":"wp","href":"https:\/\/api.w.org\/{rel}","templated":true}]}}