{"id":22783,"date":"2026-04-16T11:48:21","date_gmt":"2026-04-16T09:48:21","guid":{"rendered":"https:\/\/oraziopuglisi.art\/?page_id=22783"},"modified":"2026-04-16T11:51:22","modified_gmt":"2026-04-16T09:51:22","slug":"portail-de-la-mystique","status":"publish","type":"page","link":"https:\/\/oraziopuglisi.art\/index.php\/portail-de-la-mystique\/","title":{"rendered":"Portail de la Mystique"},"content":{"rendered":"<p style=\"text-align: left;\"><a href=\"https:\/\/fr.wikipedia.org\/wiki\/Portail:Mystique\/Histoire_de_la_mystique\">Portail de la Mystique<\/a><\/p>\n<p style=\"text-align: left;\">\u00a0<\/p>\n<div class=\"mw-content-container\" style=\"text-align: left;\"><main id=\"content\" class=\"mw-body\"><\/p>\n<div id=\"bodyContent\" class=\"vector-body ve-init-mw-desktopArticleTarget-targetContainer\" aria-labelledby=\"firstHeading\" data-mw-ve-target-container=\"\">\n<div id=\"mw-content-text\" class=\"mw-body-content\">\n<div class=\"mw-content-ltr mw-parser-output\" dir=\"ltr\" lang=\"fr\">\n<div>\n<div>\n<h2 id=\"Mystique_antique_et_m\u00e9di\u00e9vale\" class=\"mw-html-heading\">Mystique antique et m\u00e9di\u00e9vale<\/h2>\n<\/div>\n<\/div>\n<p>Le nom de \u00ab\u00a0mystique\u00a0\u00bb n&rsquo;est employ\u00e9 pour d\u00e9signer une forme particuli\u00e8re de l&rsquo;exp\u00e9rience religieuse que depuis le\u00a0<abbr class=\"abbr\" title=\"17\u1d49 si\u00e8cle\"><span class=\"romain\">XVII<\/span><sup>e<\/sup><\/abbr>\u00a0si\u00e8cle. Avant, l&rsquo;adjectif mystique servait surtout \u00e0 qualifier ce qui a rapport aux \u00ab\u00a0myst\u00e8res\u00a0\u00bb du christianisme\u00a0: par exemple le Christ, l&rsquo;\u00c9glise ou l&rsquo;eucharistie\u00a0; il qualifiait aussi souvent une forme de th\u00e9ologie d&rsquo;influence n\u00e9oplatonicienne, celle que le\u00a0<a title=\"Pseudo-Denys l'Ar\u00e9opagite\" href=\"https:\/\/fr.wikipedia.org\/wiki\/Pseudo-Denys_l%27Ar%C3%A9opagite\">Pseudo-Denys l&rsquo;Ar\u00e9opagite<\/a>\u00a0avait d\u00e9velopp\u00e9e au\u00a0<abbr class=\"abbr\" title=\"6\u1d49 si\u00e8cle\"><span class=\"romain\">VI<\/span><sup>e<\/sup><\/abbr>\u00a0si\u00e8cle dans son trait\u00e9\u00a0<i>La th\u00e9ologie mystique<\/i>. Ce trait\u00e9 aura une grande influence dans le monde latin \u00e0 partir du\u00a0<abbr class=\"abbr\" title=\"12\u1d49 si\u00e8cle\"><span class=\"romain\">XII<\/span><sup>e<\/sup><\/abbr>\u00a0si\u00e8cle. Ceux que l&rsquo;on consid\u00e8re aujourd&rsquo;hui comme les mystiques de l&rsquo;Antiquit\u00e9 sont les auteurs dont la pens\u00e9e a un rapport avec celle du peudo-Denys, tandis que les mystiques m\u00e9di\u00e9vaux sont principalement les auteurs chr\u00e9tiens dont les \u00e9crits portent sur la m\u00e9diation et la contemplation des myst\u00e8res, et ceux qui ont propos\u00e9 des interpr\u00e9tations de\u00a0<i>La th\u00e9ologie mystique<\/i>.<\/p>\n<div>\n<blockquote>\n<p>\u00ab\u00a0<i>Trinit\u00e9 suressentielle qui es au-del\u00e0 du divin, au-del\u00e0 du Bien,\u00a0<\/i>Toi qui gardes les chr\u00e9tiens dans la connaissance des choses divines, conduis-nous, par-del\u00e0 l&rsquo;inconnaissance, vers les tr\u00e8s hautes et tr\u00e8s lumineuses cimes des \u00e9critures myst\u00e9rieuses. L\u00e0 se trouvent voil\u00e9s les simples, insolubles et immuables myst\u00e8res de la th\u00e9ologie, dans la translumineuse T\u00e9n\u00e8bre du Silence.<i>\u00a0\u00bb<\/i><\/p>\n<\/blockquote>\n<p>\u2014\u00a0<a title=\"Pseudo-Denys l'Ar\u00e9opagite\" href=\"https:\/\/fr.wikipedia.org\/wiki\/Pseudo-Denys_l%27Ar%C3%A9opagite\">Pseudo-Denys l&rsquo;Ar\u00e9opagite<\/a>,\u00a0<i>Th\u00e9ologie mystique<\/i>.<\/p>\n<\/div>\n<div class=\"clear\">\u00a0<\/div>\n<table cellspacing=\"8\">\n<tbody>\n<tr>\n<td valign=\"top\" width=\"33%\">\n<div class=\"mw-heading mw-heading4\">\n<h4 id=\"Antiquit\u00e9_classique\"><span id=\"Antiquit.C3.A9_classique\"><\/span>Antiquit\u00e9 classique<\/h4>\n<\/div>\n<div><i>\u00ab\u00a0L&rsquo;histoire ne nous a rien racont\u00e9 de nos mystiques, que nous ne retrouvions dans Jamblique.\u00a0\u00bb<\/i><\/p>\n<div>\u2014 Diderot,\u00a0<i>Opinions des anciens philosophes<\/i><\/div>\n<\/div>\n<p><b>Notions\u00a0:\u00a0<\/b><a class=\"mw-redirect\" title=\"Culte \u00e0 Myst\u00e8res\" href=\"https:\/\/fr.wikipedia.org\/wiki\/Culte_%C3%A0_Myst%C3%A8res\">Culte \u00e0 Myst\u00e8res<\/a>\u00a0\u2022\u00a0<a title=\"Ciste (religion)\" href=\"https:\/\/fr.wikipedia.org\/wiki\/Ciste_(religion)\">Ciste mystique<\/a>\u00a0\u2022\u00a0<a title=\"Myst\u00e8res d'\u00c9leusis\" href=\"https:\/\/fr.wikipedia.org\/wiki\/Myst%C3%A8res_d%27%C3%89leusis\">Myst\u00e8res d&rsquo;\u00c9leusis<\/a>\u00a0\u2022\u00a0<a title=\"Orphisme\" href=\"https:\/\/fr.wikipedia.org\/wiki\/Orphisme\">Orphisme<\/a>\u00a0\u2022\u00a0<a class=\"mw-redirect\" title=\"Pythagorisme\" href=\"https:\/\/fr.wikipedia.org\/wiki\/Pythagorisme\">Pythagorisme<\/a>\u00a0\u2022\u00a0<a title=\"N\u00e9oplatonisme\" href=\"https:\/\/fr.wikipedia.org\/wiki\/N%C3%A9oplatonisme\">N\u00e9oplatonisme<\/a><br \/>\n<b>Auteurs\u00a0:\u00a0<\/b><a title=\"Plotin\" href=\"https:\/\/fr.wikipedia.org\/wiki\/Plotin\">Plotin<\/a>\u00a0\u2022\u00a0<a title=\"Plutarque\" href=\"https:\/\/fr.wikipedia.org\/wiki\/Plutarque\">Plutarque<\/a>\u00a0\u2022\u00a0<a title=\"Apul\u00e9e\" href=\"https:\/\/fr.wikipedia.org\/wiki\/Apul%C3%A9e\">Apul\u00e9e<\/a>\u00a0\u2022\u00a0<a title=\"Jamblique\" href=\"https:\/\/fr.wikipedia.org\/wiki\/Jamblique\">Jamblique<\/a>\u00a0\u2022\u00a0<a title=\"Proclus\" href=\"https:\/\/fr.wikipedia.org\/wiki\/Proclus\">Proclus<\/a><\/p>\n<div class=\"mw-heading mw-heading4\">\n<h4 id=\"Antiquit\u00e9_tardive\"><span id=\"Antiquit.C3.A9_tardive\"><\/span>Antiquit\u00e9 tardive<\/h4>\n<\/div>\n<p><a title=\"\u00c9vagre le Pontique\" href=\"https:\/\/fr.wikipedia.org\/wiki\/%C3%89vagre_le_Pontique\">\u00c9vagre le Pontique<\/a>\u00a0\u2022\u00a0<a title=\"Philon d'Alexandrie\" href=\"https:\/\/fr.wikipedia.org\/wiki\/Philon_d%27Alexandrie\">Philon d&rsquo;Alexandrie<\/a>\u00a0\u2022\u00a0<a title=\"Doroth\u00e9e de Gaza\" href=\"https:\/\/fr.wikipedia.org\/wiki\/Doroth%C3%A9e_de_Gaza\">Doroth\u00e9e de Gaza<\/a>\u00a0\u2022\u00a0<a title=\"Jean Cassien\" href=\"https:\/\/fr.wikipedia.org\/wiki\/Jean_Cassien\">Jean Cassien<\/a>\u00a0\u2022\u00a0<a title=\"Gr\u00e9goire de Nysse\" href=\"https:\/\/fr.wikipedia.org\/wiki\/Gr%C3%A9goire_de_Nysse\">Gr\u00e9goire de Nysse<\/a>\u00a0\u2022\u00a0<a title=\"Chromace d'Aquil\u00e9e\" href=\"https:\/\/fr.wikipedia.org\/wiki\/Chromace_d%27Aquil%C3%A9e\">Chromace d&rsquo;Aquil\u00e9e<\/a>\u00a0\u2022\u00a0<a title=\"Beno\u00eet de Nursie\" href=\"https:\/\/fr.wikipedia.org\/wiki\/Beno%C3%AEt_de_Nursie\">Beno\u00eet de Nursie<\/a>\u00a0\u2022\u00a0<a class=\"mw-redirect\" title=\"Gr\u00e9goire le Grand\" href=\"https:\/\/fr.wikipedia.org\/wiki\/Gr%C3%A9goire_le_Grand\">Gr\u00e9goire le Grand<\/a><\/p>\n<div class=\"mw-heading mw-heading4\">\n<h4 id=\"Grecs\/orientaux\"><span id=\"Grecs.2Forientaux\"><\/span>Grecs\/orientaux<\/h4>\n<\/div>\n<p><a title=\"Pseudo-Denys l'Ar\u00e9opagite\" href=\"https:\/\/fr.wikipedia.org\/wiki\/Pseudo-Denys_l%27Ar%C3%A9opagite\">Pseudo-Denys l&rsquo;Ar\u00e9opagite<\/a>\u00a0\u2022\u00a0<a title=\"Jean Climaque\" href=\"https:\/\/fr.wikipedia.org\/wiki\/Jean_Climaque\">Jean Climaque<\/a>\u00a0\u2022\u00a0<a title=\"Jean de Scythopolis\" href=\"https:\/\/fr.wikipedia.org\/wiki\/Jean_de_Scythopolis\">Jean de Scythopolis<\/a>\u00a0\u2022\u00a0<a title=\"Maxime le Confesseur\" href=\"https:\/\/fr.wikipedia.org\/wiki\/Maxime_le_Confesseur\">Maxime le Confesseur<\/a>\u00a0\u2022\u00a0<a title=\"Pseudo-Macaire\" href=\"https:\/\/fr.wikipedia.org\/wiki\/Pseudo-Macaire\">Pseudo-Macaire<\/a>\u00a0\u2022\u00a0<a title=\"Sym\u00e9on le Nouveau Th\u00e9ologien\" href=\"https:\/\/fr.wikipedia.org\/wiki\/Sym%C3%A9on_le_Nouveau_Th%C3%A9ologien\">Sym\u00e9on le Nouveau Th\u00e9ologien<\/a>\u00a0\u2022\u00a0<a title=\"Diadoque de Photic\u00e9\" href=\"https:\/\/fr.wikipedia.org\/wiki\/Diadoque_de_Photic%C3%A9\">Diadoque de Photic\u00e9<\/a>\u00a0\u2022\u00a0<a title=\"Gr\u00e9goire Palamas\" href=\"https:\/\/fr.wikipedia.org\/wiki\/Gr%C3%A9goire_Palamas\">Gr\u00e9goire Palamas<\/a>\u00a0\u2022\u00a0<a title=\"Philocalie des P\u00e8res neptiques\" href=\"https:\/\/fr.wikipedia.org\/wiki\/Philocalie_des_P%C3%A8res_neptiques\">Philocalie des P\u00e8res neptiques<\/a><\/p>\n<div class=\"mw-heading mw-heading4\">\n<h4 id=\"Mystiques_syro-orientaux\">Mystiques syro-orientaux<\/h4>\n<\/div>\n<p><a title=\"Sahdona\" href=\"https:\/\/fr.wikipedia.org\/wiki\/Sahdona\">Sahdona<\/a>\u00a0\u2022\u00a0<a title=\"Dadicho Qatraya\" href=\"https:\/\/fr.wikipedia.org\/wiki\/Dadicho_Qatraya\">Dadicho Qatraya<\/a>\u00a0\u2022\u00a0<a title=\"Isaac de Ninive\" href=\"https:\/\/fr.wikipedia.org\/wiki\/Isaac_de_Ninive\">Isaac de Ninive<\/a>\u00a0\u2022\u00a0<a title=\"Sym\u00e9on de Taibouteh\" href=\"https:\/\/fr.wikipedia.org\/wiki\/Sym%C3%A9on_de_Taibouteh\">Sym\u00e9on de Taibouteh<\/a>\u00a0\u2022\u00a0<a title=\"Jean de Dalyatha\" href=\"https:\/\/fr.wikipedia.org\/wiki\/Jean_de_Dalyatha\">Jean de Dalyatha<\/a>\u00a0\u2022\u00a0<a title=\"Joseph Hazzaya\" href=\"https:\/\/fr.wikipedia.org\/wiki\/Joseph_Hazzaya\">Joseph Hazzaya<\/a><\/p>\n<\/td>\n<td>&nbsp;<\/td>\n<td valign=\"top\" width=\"33%\">\n<div class=\"mw-heading mw-heading4\">\n<h4 id=\"Mystique_dionysienne_latine\">Mystique dionysienne latine<\/h4>\n<\/div>\n<ul>\n<li><b><abbr class=\"abbr\" title=\"9\u1d49 si\u00e8cle\"><span class=\"romain\">IX<\/span><sup>e<\/sup><\/abbr>\u00a0si\u00e8cle\u00a0:<\/b><\/li>\n<\/ul>\n<p><a title=\"Jean Scot \u00c9rig\u00e8ne\" href=\"https:\/\/fr.wikipedia.org\/wiki\/Jean_Scot_%C3%89rig%C3%A8ne\">Jean Scot \u00c9rig\u00e8ne<\/a>\u00a0\u2022\u00a0<a title=\"Anastase le Biblioth\u00e9caire\" href=\"https:\/\/fr.wikipedia.org\/wiki\/Anastase_le_Biblioth%C3%A9caire\">Anastase le Biblioth\u00e9caire<\/a><\/p>\n<ul>\n<li><b><abbr class=\"abbr\" title=\"12\u1d49 si\u00e8cle\"><span class=\"romain\">XII<\/span><sup>e<\/sup><\/abbr>\u00a0si\u00e8cle\u00a0:<\/b><\/li>\n<\/ul>\n<figure class=\"mw-default-size mw-halign-right\"><a class=\"mw-file-description\" title=\"Vision d'Hildegarde de Bingen\" href=\"https:\/\/commons.wikimedia.org\/wiki\/File:Hildegard-von-Bingen.jpg?uselang=fr\"><img loading=\"lazy\" decoding=\"async\" class=\"mw-file-element\" src=\"https:\/\/upload.wikimedia.org\/wikipedia\/commons\/thumb\/7\/71\/Hildegard-von-Bingen.jpg\/250px-Hildegard-von-Bingen.jpg\" srcset=\"\/\/upload.wikimedia.org\/wikipedia\/commons\/thumb\/7\/71\/Hildegard-von-Bingen.jpg\/330px-Hildegard-von-Bingen.jpg 2x\" alt=\"Vision d'Hildegarde de Bingen\" width=\"130\" height=\"157\" data-file-width=\"388\" data-file-height=\"470\" \/><\/a><\/figure>\n<p><a title=\"Jean Sarrazin (th\u00e9ologien)\" href=\"https:\/\/fr.wikipedia.org\/wiki\/Jean_Sarrazin_(th%C3%A9ologien)\">Jean Sarrazin<\/a>\u00a0\u2022\u00a0<a title=\"Hugues de Saint-Victor\" href=\"https:\/\/fr.wikipedia.org\/wiki\/Hugues_de_Saint-Victor\">Hugues de Saint-Victor<\/a>\u00a0\u2022\u00a0<a title=\"Bernard de Clairvaux\" href=\"https:\/\/fr.wikipedia.org\/wiki\/Bernard_de_Clairvaux\">Bernard de Clairvaux<\/a>\u00a0\u2022\u00a0<a title=\"Guillaume de Saint-Thierry\" href=\"https:\/\/fr.wikipedia.org\/wiki\/Guillaume_de_Saint-Thierry\">Guillaume de Saint-Thierry<\/a>\u00a0\u2022\u00a0<a title=\"Hildegarde de Bingen\" href=\"https:\/\/fr.wikipedia.org\/wiki\/Hildegarde_de_Bingen\">Hildegarde de Bingen<\/a>\u00a0\u2022\u00a0<a title=\"Alain de Lille\" href=\"https:\/\/fr.wikipedia.org\/wiki\/Alain_de_Lille\">Alain de Lille<\/a><\/p>\n<ul>\n<li><b><abbr class=\"abbr\" title=\"13\u1d49 si\u00e8cle\"><span class=\"romain\">XIII<\/span><sup>e<\/sup><\/abbr>\u00a0si\u00e8cle\u00a0:<\/b><\/li>\n<\/ul>\n<p><a title=\"Thomas Gallus\" href=\"https:\/\/fr.wikipedia.org\/wiki\/Thomas_Gallus\">Thomas Gallus<\/a>\u00a0\u2022\u00a0<a title=\"Bonaventure de Bagnoregio\" href=\"https:\/\/fr.wikipedia.org\/wiki\/Bonaventure_de_Bagnoregio\">Bonaventure<\/a>\u00a0\u2022\u00a0<a title=\"Hugues de Balma\" href=\"https:\/\/fr.wikipedia.org\/wiki\/Hugues_de_Balma\">Hugues de Balma<\/a>\u00a0\u2022\u00a0<a title=\"Guigues du Pont\" href=\"https:\/\/fr.wikipedia.org\/wiki\/Guigues_du_Pont\">Guigues du Pont<\/a>\u00a0\u2022\u00a0<a title=\"David d'Augsbourg\" href=\"https:\/\/fr.wikipedia.org\/wiki\/David_d%27Augsbourg\">David d&rsquo;Augsbourg<\/a><\/p>\n<ul>\n<li><b><abbr class=\"abbr\" title=\"14\u1d49 si\u00e8cle\"><span class=\"romain\">XIV<\/span><sup>e<\/sup><\/abbr>\u00a0si\u00e8cle\u00a0:<\/b><\/li>\n<\/ul>\n<p><a class=\"mw-redirect\" title=\"Jean Gerson\" href=\"https:\/\/fr.wikipedia.org\/wiki\/Jean_Gerson\">Jean Gerson<\/a>\u00a0\u2022\u00a0<a title=\"Henri Eger de Calcar\" href=\"https:\/\/fr.wikipedia.org\/wiki\/Henri_Eger_de_Calcar\">Henri Eger de Calcar<\/a>\u00a0\u2022\u00a0<a title=\"G\u00e9rard Groote\" href=\"https:\/\/fr.wikipedia.org\/wiki\/G%C3%A9rard_Groote\">G\u00e9rard Groote<\/a>\u00a0\u2022\u00a0<a title=\"Ludolphe le Chartreux\" href=\"https:\/\/fr.wikipedia.org\/wiki\/Ludolphe_le_Chartreux\">Ludolphe le Chartreux<\/a><\/p>\n<ul>\n<li><b><abbr class=\"abbr\" title=\"15\u1d49 si\u00e8cle\"><span class=\"romain\">XV<\/span><sup>e<\/sup><\/abbr>\u00a0si\u00e8cle\u00a0:<\/b><\/li>\n<\/ul>\n<p><a title=\"Vincent d'Aggsbach\" href=\"https:\/\/fr.wikipedia.org\/wiki\/Vincent_d%27Aggsbach\">Vincent d&rsquo;Aggsbach<\/a>\u00a0\u2022\u00a0<a title=\"Nicolas Kempf\" href=\"https:\/\/fr.wikipedia.org\/wiki\/Nicolas_Kempf\">Nicolas Kempf<\/a>\u00a0\u2022\u00a0<a class=\"mw-redirect\" title=\"Denis le Chartreux\" href=\"https:\/\/fr.wikipedia.org\/wiki\/Denis_le_Chartreux\">Denis le Chartreux<\/a>\u00a0\u2022\u00a0<a class=\"mw-redirect\" title=\"Nicolas de Cuse\" href=\"https:\/\/fr.wikipedia.org\/wiki\/Nicolas_de_Cuse\">Nicolas de Cuse<\/a>\u00a0\u2022\u00a0<a title=\"Thomas a Kempis\" href=\"https:\/\/fr.wikipedia.org\/wiki\/Thomas_a_Kempis\">Thomas a Kempis<\/a>\u00a0\u2022\u00a0<a title=\"Harphius\" href=\"https:\/\/fr.wikipedia.org\/wiki\/Harphius\">Henri Herp<\/a>\u00a0\u2022\u00a0<a title=\"\u00c9lisabeth Achler\" href=\"https:\/\/fr.wikipedia.org\/wiki\/%C3%89lisabeth_Achler\">\u00c9lisabeth Achler<\/a><\/p>\n<\/td>\n<td>&nbsp;<\/td>\n<td valign=\"top\" width=\"33%\">\n<div class=\"mw-heading mw-heading4\">\n<h4 id=\"Mystique_anglaise_(XVe_si\u00e8cle)\"><span id=\"Mystique_anglaise_.28XVe_si.C3.A8cle.29\"><\/span>Mystique anglaise (<abbr class=\"abbr\" title=\"15\u1d49 si\u00e8cle\"><span class=\"romain\">XV<\/span><sup>e<\/sup><\/abbr>\u00a0si\u00e8cle)<\/h4>\n<\/div>\n<p><a title=\"Julienne de Norwich\" href=\"https:\/\/fr.wikipedia.org\/wiki\/Julienne_de_Norwich\">Julienne de Norwich<\/a>\u00a0\u2022\u00a0<a title=\"Le Nuage de l'inconnaissance\" href=\"https:\/\/fr.wikipedia.org\/wiki\/Le_Nuage_de_l%27inconnaissance\">Le Nuage de l&rsquo;inconnaissance<\/a>\u00a0\u2022\u00a0<a title=\"Richard Rolle\" href=\"https:\/\/fr.wikipedia.org\/wiki\/Richard_Rolle\">Richard Rolle<\/a>\u00a0\u2022\u00a0<a title=\"Margery Kempe\" href=\"https:\/\/fr.wikipedia.org\/wiki\/Margery_Kempe\">Margery Kempe<\/a>\u00a0\u2022\u00a0<a title=\"Walter Hilton\" href=\"https:\/\/fr.wikipedia.org\/wiki\/Walter_Hilton\">Walter Hilton<\/a><\/p>\n<div class=\"mw-heading mw-heading4\">\n<h4 id=\"Mystique_rh\u00e9nane\"><span id=\"Mystique_rh.C3.A9nane\"><\/span><a title=\"Mystique rh\u00e9nane\" href=\"https:\/\/fr.wikipedia.org\/wiki\/Mystique_rh%C3%A9nane\">Mystique rh\u00e9nane<\/a><\/h4>\n<\/div>\n<p><a title=\"Ma\u00eetre Eckhart\" href=\"https:\/\/fr.wikipedia.org\/wiki\/Ma%C3%AEtre_Eckhart\">Ma\u00eetre Eckhart<\/a>\u00a0\u2022\u00a0<a title=\"Jan Van Ruysbroeck (religieux)\" href=\"https:\/\/fr.wikipedia.org\/wiki\/Jan_Van_Ruysbroeck_(religieux)\">Jean de Ruisbroek<\/a>\u00a0\u2022\u00a0<a title=\"Hadewijch d'Anvers\" href=\"https:\/\/fr.wikipedia.org\/wiki\/Hadewijch_d%27Anvers\">Hadewijch d&rsquo;Anvers<\/a>\u00a0\u2022\u00a0<a title=\"Gertrude de Helfta\" href=\"https:\/\/fr.wikipedia.org\/wiki\/Gertrude_de_Helfta\">Gertrude de Helfta<\/a>\u00a0\u2022\u00a0<a title=\"Mathilde de Magdebourg\" href=\"https:\/\/fr.wikipedia.org\/wiki\/Mathilde_de_Magdebourg\">Mathilde de Magdebourg<\/a>\u00a0\u2022\u00a0<a title=\"Gertrude de Hackeborn\" href=\"https:\/\/fr.wikipedia.org\/wiki\/Gertrude_de_Hackeborn\">Gertrude de Hackeborn<\/a>\u00a0\u2022\u00a0<a title=\"Marie d'Oignies\" href=\"https:\/\/fr.wikipedia.org\/wiki\/Marie_d%27Oignies\">Marie d&rsquo;Oignies<\/a>\u00a0\u2022\u00a0<a title=\"Jacques de Vitry\" href=\"https:\/\/fr.wikipedia.org\/wiki\/Jacques_de_Vitry\">Jacques de Vitry<\/a>\u00a0\u2022\u00a0<a title=\"Henri Suso\" href=\"https:\/\/fr.wikipedia.org\/wiki\/Henri_Suso\">Henri Suso<\/a>\u00a0\u2022\u00a0<a title=\"Jean Tauler\" href=\"https:\/\/fr.wikipedia.org\/wiki\/Jean_Tauler\">Jean Tauler<\/a>\u00a0\u2022\u00a0<a title=\"Rulman Merswin\" href=\"https:\/\/fr.wikipedia.org\/wiki\/Rulman_Merswin\">Rulman Merswin<\/a>\u00a0\u2022\u00a0<a title=\"B\u00e9atrice de Nazareth\" href=\"https:\/\/fr.wikipedia.org\/wiki\/B%C3%A9atrice_de_Nazareth\">B\u00e9atrice de Nazareth<\/a>\u00a0\u2022\u00a0<a title=\"Hermann Joseph\" href=\"https:\/\/fr.wikipedia.org\/wiki\/Hermann_Joseph\">Hermann Joseph<\/a>\u00a0\u2022\u00a0<a title=\"Marguerite Ebner\" href=\"https:\/\/fr.wikipedia.org\/wiki\/Marguerite_Ebner\">Marguerite Ebner<\/a><\/p>\n<div class=\"mw-heading mw-heading4\">\n<h4 id=\"Mystiques_italiens\">Mystiques italiens<\/h4>\n<\/div>\n<figure class=\"mw-default-size mw-halign-right\"><a class=\"mw-file-description\" title=\"Catherine de Sienne\" href=\"https:\/\/commons.wikimedia.org\/wiki\/File:F_Vanni_01_s-XVII.jpg?uselang=fr\"><img loading=\"lazy\" decoding=\"async\" class=\"mw-file-element\" src=\"https:\/\/upload.wikimedia.org\/wikipedia\/commons\/thumb\/9\/90\/F_Vanni_01_s-XVII.jpg\/250px-F_Vanni_01_s-XVII.jpg\" srcset=\"\/\/upload.wikimedia.org\/wikipedia\/commons\/thumb\/9\/90\/F_Vanni_01_s-XVII.jpg\/330px-F_Vanni_01_s-XVII.jpg 2x\" alt=\"Catherine de Sienne\" width=\"130\" height=\"173\" data-file-width=\"886\" data-file-height=\"1181\" \/><\/a><\/figure>\n<p><a title=\"Joachim de Flore\" href=\"https:\/\/fr.wikipedia.org\/wiki\/Joachim_de_Flore\">Joachim de Flore<\/a>\u00a0\u2022\u00a0<a title=\"Fran\u00e7ois d'Assise\" href=\"https:\/\/fr.wikipedia.org\/wiki\/Fran%C3%A7ois_d%27Assise\">Fran\u00e7ois d&rsquo;Assise<\/a>\u00a0\u2022\u00a0<a title=\"Claire d'Assise\" href=\"https:\/\/fr.wikipedia.org\/wiki\/Claire_d%27Assise\">Claire d&rsquo;Assise<\/a>\u00a0\u2022\u00a0<a title=\"Ubertin de Casale\" href=\"https:\/\/fr.wikipedia.org\/wiki\/Ubertin_de_Casale\">Ubertin de Casale<\/a>\u00a0\u2022\u00a0<a title=\"Catherine de Sienne\" href=\"https:\/\/fr.wikipedia.org\/wiki\/Catherine_de_Sienne\">Catherine de Sienne<\/a>\u00a0\u2022\u00a0<a title=\"Ang\u00e8le de Foligno\" href=\"https:\/\/fr.wikipedia.org\/wiki\/Ang%C3%A8le_de_Foligno\">Ang\u00e8le de Foligno<\/a>\u00a0\u2022\u00a0<a title=\"Catherine de G\u00eanes\" href=\"https:\/\/fr.wikipedia.org\/wiki\/Catherine_de_G%C3%AAnes\">Catherine de G\u00eanes<\/a><\/p>\n<\/td>\n<\/tr>\n<\/tbody>\n<\/table>\n<\/div>\n<\/div>\n<\/div>\n<p><\/main><\/div>\n<div class=\"mw-footer-container\">\n<footer id=\"footer\" class=\"mw-footer\">\n<p style=\"text-align: left;\">\u00a0<\/p>\n<\/footer>\n<\/div>\n","protected":false},"excerpt":{"rendered":"<p>Portail de la Mystique \u00a0 Mystique antique et m\u00e9di\u00e9vale Le nom de \u00ab\u00a0mystique\u00a0\u00bb n&rsquo;est employ\u00e9 pour d\u00e9signer une forme particuli\u00e8re de l&rsquo;exp\u00e9rience religieuse que depuis le\u00a0XVIIe\u00a0si\u00e8cle. Avant, l&rsquo;adjectif mystique servait surtout \u00e0 qualifier ce qui a rapport aux \u00ab\u00a0myst\u00e8res\u00a0\u00bb du christianisme\u00a0: par exemple le Christ, l&rsquo;\u00c9glise ou l&rsquo;eucharistie\u00a0; il qualifiait aussi souvent une forme de [&hellip;]<\/p>\n","protected":false},"author":1,"featured_media":0,"parent":0,"menu_order":0,"comment_status":"closed","ping_status":"closed","template":"","meta":{"footnotes":""},"class_list":["post-22783","page","type-page","status-publish","hentry"],"_links":{"self":[{"href":"https:\/\/oraziopuglisi.art\/index.php\/wp-json\/wp\/v2\/pages\/22783","targetHints":{"allow":["GET"]}}],"collection":[{"href":"https:\/\/oraziopuglisi.art\/index.php\/wp-json\/wp\/v2\/pages"}],"about":[{"href":"https:\/\/oraziopuglisi.art\/index.php\/wp-json\/wp\/v2\/types\/page"}],"author":[{"embeddable":true,"href":"https:\/\/oraziopuglisi.art\/index.php\/wp-json\/wp\/v2\/users\/1"}],"replies":[{"embeddable":true,"href":"https:\/\/oraziopuglisi.art\/index.php\/wp-json\/wp\/v2\/comments?post=22783"}],"version-history":[{"count":5,"href":"https:\/\/oraziopuglisi.art\/index.php\/wp-json\/wp\/v2\/pages\/22783\/revisions"}],"predecessor-version":[{"id":22788,"href":"https:\/\/oraziopuglisi.art\/index.php\/wp-json\/wp\/v2\/pages\/22783\/revisions\/22788"}],"wp:attachment":[{"href":"https:\/\/oraziopuglisi.art\/index.php\/wp-json\/wp\/v2\/media?parent=22783"}],"curies":[{"name":"wp","href":"https:\/\/api.w.org\/{rel}","templated":true}]}}