{"id":22627,"date":"2026-04-11T07:24:16","date_gmt":"2026-04-11T05:24:16","guid":{"rendered":"https:\/\/oraziopuglisi.art\/?page_id=22627"},"modified":"2026-04-11T11:50:57","modified_gmt":"2026-04-11T09:50:57","slug":"la-question-de-la-democratie","status":"publish","type":"page","link":"https:\/\/oraziopuglisi.art\/index.php\/la-question-de-la-democratie\/","title":{"rendered":"La question de la d\u00e9mocratie"},"content":{"rendered":"<p style=\"text-align: center;\"><strong>L&rsquo;\u00e9tymologie du mot <em>agora<\/em>\u00a0nous renseigne.<\/strong><\/p>\n<p style=\"text-align: justify;\">L&rsquo;<em>agora<\/em>, c&rsquo;est la place du march\u00e9 \/ le verbe <em>goraz\u00f4<\/em>\u00a0signifie\u00a0<em>acheter<\/em>\u00a0mais il y aussi un verbe\u00a0<em>agoreu\u00f4<\/em>\u00a0qui signifie\u00a0<em>prendre la parole.<\/em>\u00a0 C&rsquo;est donc la place de village, o\u00f9 l&rsquo;on vend, o\u00f9 l&rsquo;on ach\u00e8te, mais aussi o\u00f9 l&rsquo;on discute, o\u00f9 l&rsquo;on vient prendre les nouvelles, et \u00e9couter les orateurs.<\/p>\n<p style=\"text-align: center;\"><strong>Fonction religieuse<\/strong><\/p>\n<p style=\"text-align: justify;\">Des temples, notamment celui consacr\u00e9 \u00e0 H\u00e9pha\u00efstos et \u00e0 Ath\u00e9na Ergan\u00e8, c&rsquo;est \u00e0 dire <em>ouvri\u00e8re<\/em>. Nous sommes dans un quartier d&rsquo;artisans, tisserands (prot\u00e9g\u00e9s par H\u00e9pha\u00efstos), potiers (le coin s&rsquo;appelle\u00a0<em>C\u00e9ramique<\/em>), ou forgerons (prot\u00e9g\u00e9s par Ath\u00e9na).\u00a0 des autels, notamment l&rsquo;<strong>autel des douze dieux<\/strong>, \u00e0 partir duquel seront mesur\u00e9es les distances entre Ath\u00e8nes et les autres villes.<\/p>\n<p style=\"text-align: center;\"><strong>Fonction politique<\/strong><\/p>\n<p style=\"text-align: justify;\">La politique peut se d\u00e9finir comme l&rsquo;exercice des fonctions du\u00a0<strong>citoyen<\/strong>, et le citoyen, comme celui qui\u00a0<strong>a le droit de voter et d&rsquo;\u00eatre \u00e9lu<\/strong>.<br \/>\nLa d\u00e9mocratie grecque se caract\u00e9rise par trois principes fondamentaux :\u00a0<\/p>\n<p style=\"text-align: justify;\"><strong>ISONOMIA<\/strong> : l&rsquo;\u00e9galit\u00e9 devant la loi.\u00a0<\/p>\n<p style=\"text-align: justify;\"><strong>ISEGORIA<\/strong> : l&rsquo;\u00e9galit\u00e9 de la parole. La voix du pauvre ou du roturier vaut celle du riche ou du noble.\u00a0<\/p>\n<p style=\"text-align: justify;\"><strong>ISOKRATEIA<\/strong> : l&rsquo;\u00e9galit\u00e9 des pouvoirs.\u00a0<\/p>\n<p>&nbsp;<\/p>\n<p style=\"text-align: justify;\">C&rsquo;est sur l&rsquo;Agora qu&rsquo;ont lieu, au moins au d\u00e9but, les assembl\u00e9es du peuple, et c&rsquo;est l\u00e0 que se tiennent les proc\u00e8s.<\/p>\n<p style=\"text-align: center;\"><a href=\"https:\/\/fr.wikipedia.org\/wiki\/Histoire_de_la_d%C3%A9mocratie\">Histoire de la d\u00e9mocratie<\/a><\/p>\n<p><iframe loading=\"lazy\" title=\"\u00ab La philosophie et la haine de la d\u00e9mocratie \u00bb avec Barbara Stiegler\" width=\"600\" height=\"338\" src=\"https:\/\/www.youtube.com\/embed\/VtFZV18aXMI?feature=oembed\" frameborder=\"0\" allow=\"accelerometer; autoplay; clipboard-write; encrypted-media; gyroscope; picture-in-picture; web-share\" referrerpolicy=\"strict-origin-when-cross-origin\" allowfullscreen><\/iframe><\/p>\n<p>&nbsp;<\/p>\n<p><iframe loading=\"lazy\" title=\"Cornelius Castoriadis \u2013 Quelle d\u00e9mocratie ?\" width=\"600\" height=\"450\" src=\"https:\/\/www.youtube.com\/embed\/xMcM5jSH5K8?feature=oembed\" frameborder=\"0\" allow=\"accelerometer; autoplay; clipboard-write; encrypted-media; gyroscope; picture-in-picture; web-share\" referrerpolicy=\"strict-origin-when-cross-origin\" allowfullscreen><\/iframe><\/p>\n<p>&nbsp;<\/p>\n<blockquote class=\"wp-embedded-content\" data-secret=\"N0yxgEG9TX\"><p><a href=\"https:\/\/oraziopuglisi.art\/index.php\/socrate-2\/\">Socrate<\/a><\/p><\/blockquote>\n<p><iframe loading=\"lazy\" class=\"wp-embedded-content\" sandbox=\"allow-scripts\" security=\"restricted\" style=\"position: absolute; visibility: hidden;\" title=\"\u00ab\u00a0Socrate\u00a0\u00bb &#8212; Orazio Puglisi\" src=\"https:\/\/oraziopuglisi.art\/index.php\/socrate-2\/embed\/#?secret=VBuvpKWaNF#?secret=N0yxgEG9TX\" data-secret=\"N0yxgEG9TX\" width=\"600\" height=\"338\" frameborder=\"0\" marginwidth=\"0\" marginheight=\"0\" scrolling=\"no\"><\/iframe><\/p>\n<blockquote class=\"wp-embedded-content\" data-secret=\"uSgA4zJ4ub\"><p><a href=\"https:\/\/oraziopuglisi.art\/index.php\/aristote\/\">Aristote<\/a><\/p><\/blockquote>\n<p><iframe loading=\"lazy\" class=\"wp-embedded-content\" sandbox=\"allow-scripts\" security=\"restricted\" style=\"position: absolute; visibility: hidden;\" title=\"\u00ab\u00a0Aristote\u00a0\u00bb &#8212; Orazio Puglisi\" src=\"https:\/\/oraziopuglisi.art\/index.php\/aristote\/embed\/#?secret=MqXZMwMyuP#?secret=uSgA4zJ4ub\" data-secret=\"uSgA4zJ4ub\" width=\"600\" height=\"338\" frameborder=\"0\" marginwidth=\"0\" marginheight=\"0\" scrolling=\"no\"><\/iframe><\/p>\n<p>&nbsp;<\/p>\n<blockquote class=\"wp-embedded-content\" data-secret=\"s98Ju5rANS\"><p><a href=\"https:\/\/oraziopuglisi.art\/index.php\/platon\/\">Platon<\/a><\/p><\/blockquote>\n<p><iframe loading=\"lazy\" class=\"wp-embedded-content\" sandbox=\"allow-scripts\" security=\"restricted\" style=\"position: absolute; visibility: hidden;\" title=\"\u00ab\u00a0Platon\u00a0\u00bb &#8212; Orazio Puglisi\" src=\"https:\/\/oraziopuglisi.art\/index.php\/platon\/embed\/#?secret=4aS0Vk1BpW#?secret=s98Ju5rANS\" data-secret=\"s98Ju5rANS\" width=\"600\" height=\"338\" frameborder=\"0\" marginwidth=\"0\" marginheight=\"0\" scrolling=\"no\"><\/iframe><\/p>\n<p>&nbsp;<\/p>\n<blockquote class=\"wp-embedded-content\" data-secret=\"gwP1eSoIwT\"><p><a href=\"https:\/\/oraziopuglisi.art\/index.php\/les-penseurs-de-la-democratie-au-18e-siecle\/\">Les Penseurs de la d\u00e9mocratie au 18\u00e8 Si\u00e8cle<\/a><\/p><\/blockquote>\n<p><iframe loading=\"lazy\" class=\"wp-embedded-content\" sandbox=\"allow-scripts\" security=\"restricted\" style=\"position: absolute; visibility: hidden;\" title=\"\u00ab\u00a0Les Penseurs de la d\u00e9mocratie au 18\u00e8 Si\u00e8cle\u00a0\u00bb &#8212; Orazio Puglisi\" src=\"https:\/\/oraziopuglisi.art\/index.php\/les-penseurs-de-la-democratie-au-18e-siecle\/embed\/#?secret=sPhSALCN6R#?secret=gwP1eSoIwT\" data-secret=\"gwP1eSoIwT\" width=\"600\" height=\"338\" frameborder=\"0\" marginwidth=\"0\" marginheight=\"0\" scrolling=\"no\"><\/iframe><\/p>\n<blockquote class=\"wp-embedded-content\" data-secret=\"pqGiqqfBqo\"><p><a href=\"https:\/\/oraziopuglisi.art\/index.php\/jean-jacques-rousseau\/\">Jean Jacques Rousseau<\/a><\/p><\/blockquote>\n<p><iframe loading=\"lazy\" class=\"wp-embedded-content\" sandbox=\"allow-scripts\" security=\"restricted\" style=\"position: absolute; visibility: hidden;\" title=\"\u00ab\u00a0Jean Jacques Rousseau\u00a0\u00bb &#8212; Orazio Puglisi\" src=\"https:\/\/oraziopuglisi.art\/index.php\/jean-jacques-rousseau\/embed\/#?secret=Jqmje2m4vk#?secret=pqGiqqfBqo\" data-secret=\"pqGiqqfBqo\" width=\"600\" height=\"338\" frameborder=\"0\" marginwidth=\"0\" marginheight=\"0\" scrolling=\"no\"><\/iframe><\/p>\n<blockquote class=\"wp-embedded-content\" data-secret=\"1x9vXucq44\"><p><a href=\"https:\/\/oraziopuglisi.art\/index.php\/alexis-de-tocqueville\/\">Alexis de Tocqueville<\/a><\/p><\/blockquote>\n<p><iframe loading=\"lazy\" class=\"wp-embedded-content\" sandbox=\"allow-scripts\" security=\"restricted\" style=\"position: absolute; visibility: hidden;\" title=\"\u00ab\u00a0Alexis de Tocqueville\u00a0\u00bb &#8212; Orazio Puglisi\" src=\"https:\/\/oraziopuglisi.art\/index.php\/alexis-de-tocqueville\/embed\/#?secret=vAVAdrTGPe#?secret=1x9vXucq44\" data-secret=\"1x9vXucq44\" width=\"600\" height=\"338\" frameborder=\"0\" marginwidth=\"0\" marginheight=\"0\" scrolling=\"no\"><\/iframe><\/p>\n<blockquote class=\"wp-embedded-content\" data-secret=\"yxKZtEWfYL\"><p><a href=\"https:\/\/oraziopuglisi.art\/index.php\/nicolas-de-condorcet\/\">Nicolas de Condorcet<\/a><\/p><\/blockquote>\n<p><iframe loading=\"lazy\" class=\"wp-embedded-content\" sandbox=\"allow-scripts\" security=\"restricted\" style=\"position: absolute; visibility: hidden;\" title=\"\u00ab\u00a0Nicolas de Condorcet\u00a0\u00bb &#8212; Orazio Puglisi\" src=\"https:\/\/oraziopuglisi.art\/index.php\/nicolas-de-condorcet\/embed\/#?secret=aANA1s60kW#?secret=yxKZtEWfYL\" data-secret=\"yxKZtEWfYL\" width=\"600\" height=\"338\" frameborder=\"0\" marginwidth=\"0\" marginheight=\"0\" scrolling=\"no\"><\/iframe><\/p>\n<p>&nbsp;<\/p>\n<blockquote class=\"wp-embedded-content\" data-secret=\"UajaSSAgbH\"><p><a href=\"https:\/\/oraziopuglisi.art\/index.php\/gabriel-bonnot-de-mably\/\">Gabriel Bonnot de Mably<\/a><\/p><\/blockquote>\n<p><iframe loading=\"lazy\" class=\"wp-embedded-content\" sandbox=\"allow-scripts\" security=\"restricted\" style=\"position: absolute; visibility: hidden;\" title=\"\u00ab\u00a0Gabriel Bonnot de Mably\u00a0\u00bb &#8212; Orazio Puglisi\" src=\"https:\/\/oraziopuglisi.art\/index.php\/gabriel-bonnot-de-mably\/embed\/#?secret=Oos6Cqnat2#?secret=UajaSSAgbH\" data-secret=\"UajaSSAgbH\" width=\"600\" height=\"338\" frameborder=\"0\" marginwidth=\"0\" marginheight=\"0\" scrolling=\"no\"><\/iframe><\/p>\n<p>&nbsp;<\/p>\n<blockquote class=\"wp-embedded-content\" data-secret=\"1WIVtHyNzl\"><p><a href=\"https:\/\/oraziopuglisi.art\/index.php\/etienne-bonnot-de-condillac\/\">\u00c9tienne Bonnot de Condillac<\/a><\/p><\/blockquote>\n<p><iframe loading=\"lazy\" class=\"wp-embedded-content\" sandbox=\"allow-scripts\" security=\"restricted\" style=\"position: absolute; visibility: hidden;\" title=\"\u00ab\u00a0\u00c9tienne Bonnot de Condillac\u00a0\u00bb &#8212; Orazio Puglisi\" src=\"https:\/\/oraziopuglisi.art\/index.php\/etienne-bonnot-de-condillac\/embed\/#?secret=zPiIFzgQLn#?secret=1WIVtHyNzl\" data-secret=\"1WIVtHyNzl\" width=\"600\" height=\"338\" frameborder=\"0\" marginwidth=\"0\" marginheight=\"0\" scrolling=\"no\"><\/iframe><\/p>\n<p>&nbsp;<\/p>\n<blockquote class=\"wp-embedded-content\" data-secret=\"R4yYf6cCqa\"><p><a href=\"https:\/\/oraziopuglisi.art\/index.php\/cornelius-castoriadis\/\">Cornelius Castoriadis<\/a><\/p><\/blockquote>\n<p><iframe loading=\"lazy\" class=\"wp-embedded-content\" sandbox=\"allow-scripts\" security=\"restricted\" style=\"position: absolute; visibility: hidden;\" title=\"\u00ab\u00a0Cornelius Castoriadis\u00a0\u00bb &#8212; Orazio Puglisi\" src=\"https:\/\/oraziopuglisi.art\/index.php\/cornelius-castoriadis\/embed\/#?secret=4WH3GcH6ex#?secret=R4yYf6cCqa\" data-secret=\"R4yYf6cCqa\" width=\"600\" height=\"338\" frameborder=\"0\" marginwidth=\"0\" marginheight=\"0\" scrolling=\"no\"><\/iframe><\/p>\n","protected":false},"excerpt":{"rendered":"<p>L&rsquo;\u00e9tymologie du mot agora\u00a0nous renseigne. L&rsquo;agora, c&rsquo;est la place du march\u00e9 \/ le verbe goraz\u00f4\u00a0signifie\u00a0acheter\u00a0mais il y aussi un verbe\u00a0agoreu\u00f4\u00a0qui signifie\u00a0prendre la parole.\u00a0 C&rsquo;est donc la place de village, o\u00f9 l&rsquo;on vend, o\u00f9 l&rsquo;on ach\u00e8te, mais aussi o\u00f9 l&rsquo;on discute, o\u00f9 l&rsquo;on vient prendre les nouvelles, et \u00e9couter les orateurs. Fonction religieuse Des temples, notamment [&hellip;]<\/p>\n","protected":false},"author":1,"featured_media":22632,"parent":0,"menu_order":0,"comment_status":"closed","ping_status":"closed","template":"","meta":{"footnotes":""},"class_list":["post-22627","page","type-page","status-publish","has-post-thumbnail","hentry"],"_links":{"self":[{"href":"https:\/\/oraziopuglisi.art\/index.php\/wp-json\/wp\/v2\/pages\/22627","targetHints":{"allow":["GET"]}}],"collection":[{"href":"https:\/\/oraziopuglisi.art\/index.php\/wp-json\/wp\/v2\/pages"}],"about":[{"href":"https:\/\/oraziopuglisi.art\/index.php\/wp-json\/wp\/v2\/types\/page"}],"author":[{"embeddable":true,"href":"https:\/\/oraziopuglisi.art\/index.php\/wp-json\/wp\/v2\/users\/1"}],"replies":[{"embeddable":true,"href":"https:\/\/oraziopuglisi.art\/index.php\/wp-json\/wp\/v2\/comments?post=22627"}],"version-history":[{"count":27,"href":"https:\/\/oraziopuglisi.art\/index.php\/wp-json\/wp\/v2\/pages\/22627\/revisions"}],"predecessor-version":[{"id":22736,"href":"https:\/\/oraziopuglisi.art\/index.php\/wp-json\/wp\/v2\/pages\/22627\/revisions\/22736"}],"wp:featuredmedia":[{"embeddable":true,"href":"https:\/\/oraziopuglisi.art\/index.php\/wp-json\/wp\/v2\/media\/22632"}],"wp:attachment":[{"href":"https:\/\/oraziopuglisi.art\/index.php\/wp-json\/wp\/v2\/media?parent=22627"}],"curies":[{"name":"wp","href":"https:\/\/api.w.org\/{rel}","templated":true}]}}