{"id":22323,"date":"2026-02-26T12:38:14","date_gmt":"2026-02-26T11:38:14","guid":{"rendered":"https:\/\/oraziopuglisi.art\/?page_id=22323"},"modified":"2026-02-26T13:07:17","modified_gmt":"2026-02-26T12:07:17","slug":"utl-aubagne-1er-decembre-2025","status":"publish","type":"page","link":"https:\/\/oraziopuglisi.art\/index.php\/utl-aubagne-1er-decembre-2025\/","title":{"rendered":"Utl Aubagne 1er D\u00e9cembre 2025"},"content":{"rendered":"<p style=\"text-align: center;\"><a href=\"https:\/\/agora-congres.com\/agenda-evenements\/les-conferences-de-lutl-29\/\">Centre Agora Aubagne<\/a><\/p>\n<p>&nbsp;<\/p>\n<p><img loading=\"lazy\" decoding=\"async\" class=\" wp-image-22325 aligncenter\" src=\"http:\/\/oraziopuglisi.art\/wp-content\/uploads\/2026\/02\/Utl-Aubagne-1er-Decembre-2025-300x72.png\" alt=\"\" width=\"1033\" height=\"248\" srcset=\"https:\/\/oraziopuglisi.art\/wp-content\/uploads\/2026\/02\/Utl-Aubagne-1er-Decembre-2025-300x72.png 300w, https:\/\/oraziopuglisi.art\/wp-content\/uploads\/2026\/02\/Utl-Aubagne-1er-Decembre-2025-508x122.png 508w, https:\/\/oraziopuglisi.art\/wp-content\/uploads\/2026\/02\/Utl-Aubagne-1er-Decembre-2025.png 652w\" sizes=\"auto, (max-width: 1033px) 100vw, 1033px\" \/><\/p>\n<p>&nbsp;<\/p>\n<p><iframe loading=\"lazy\" title=\"Giuseppe Pitr\u00e9 Ecrivain et Folkloriste Sicilien !\" width=\"600\" height=\"338\" src=\"https:\/\/www.youtube.com\/embed\/qnoR9zSE7Yg?feature=oembed\" frameborder=\"0\" allow=\"accelerometer; autoplay; clipboard-write; encrypted-media; gyroscope; picture-in-picture; web-share\" referrerpolicy=\"strict-origin-when-cross-origin\" allowfullscreen><\/iframe><\/p>\n<p>&nbsp;<\/p>\n<p style=\"text-align: justify;\"><b>Giuseppe Pitr\u00e8<\/b><sup id=\"cite_ref-1\" class=\"reference\"><a href=\"https:\/\/fr.wikipedia.org\/wiki\/Giuseppe_Pitr%C3%A8#cite_note-1\"><span class=\"cite-bracket\">[<\/span>1<span class=\"cite-bracket\">]<\/span><\/a><\/sup>\u00a0<small><\/small><span class=\"API\"><a title=\"Aide:Alphabet phon\u00e9tique italien\" href=\"https:\/\/fr.wikipedia.org\/wiki\/Aide:Alphabet_phon%C3%A9tique_italien\">[pi\u02c8tr\u025b]<\/a><\/span><sup id=\"cite_ref-2\" class=\"reference\"><a href=\"https:\/\/fr.wikipedia.org\/wiki\/Giuseppe_Pitr%C3%A8#cite_note-2\"><span class=\"cite-bracket\">[<\/span>2<span class=\"cite-bracket\">]<\/span><\/a><\/sup>, n\u00e9 le\u00a0<time class=\"nowrap bday\" datetime=\"1841-12-22\" data-sort-value=\"1841-12-22\">22 d\u00e9cembre 1841<\/time>\u00a0\u00e0\u00a0<a title=\"Palerme\" href=\"https:\/\/fr.wikipedia.org\/wiki\/Palerme\">Palerme<\/a>\u00a0et mort le\u00a0<time class=\"nowrap dday\" datetime=\"1916-04-10\" data-sort-value=\"1916-04-10\">10 avril 1916<\/time>\u00a0dans la m\u00eame ville, est un\u00a0<a title=\"Folkloriste\" href=\"https:\/\/fr.wikipedia.org\/wiki\/Folkloriste\">folkloriste<\/a>,\u00a0<a title=\"\u00c9crivain\" href=\"https:\/\/fr.wikipedia.org\/wiki\/%C3%89crivain\">\u00e9crivain<\/a>\u00a0et\u00a0<a title=\"M\u00e9decin\" href=\"https:\/\/fr.wikipedia.org\/wiki\/M%C3%A9decin\">m\u00e9decin<\/a>\u00a0<a title=\"Italie\" href=\"https:\/\/fr.wikipedia.org\/wiki\/Italie\">italien<\/a>.<\/p>\n<p style=\"text-align: justify;\">En Italie, il a largement particip\u00e9 \u00e0 \u00e9tablir le\u00a0<a title=\"Folklore\" href=\"https:\/\/fr.wikipedia.org\/wiki\/Folklore\">folklore<\/a>\u00a0comme une discipline \u00e0 part enti\u00e8re. Tout au long de quatre d\u00e9cennies, durant lesquelles il n&rsquo;a eu de cesse de collecter, rechercher et publier, il a rassembl\u00e9 une vaste collection de traditions siciliennes et italiennes et une masse d&rsquo;informations couvrant \u00e0 peu pr\u00e8s tout le domaine, notamment des contes populaires dont des contes de f\u00e9e, des l\u00e9gendes, des chansons, des proverbes, des anecdotes, des curiosit\u00e9s&#8230;, fournissant d&rsquo;innombrables contributions aux folkloristes tant en Italie que dans le monde.<\/p>\n<p style=\"text-align: justify;\">Son \u0153uvre majeure est\u00a0<i>Biblioteca delle tradizioni popolari siciliane<\/i>\u00a0(1871-1913), vingt-cinq volumes dans lesquels, naviguant \u00e0 contre-courant de la culture de son temps, Pitr\u00e8 a plac\u00e9 au devant de la sc\u00e8ne les gens ordinaires de Sicile et leurs coutumes. Les volumes IV \u00e0 VII (1873-1875) et XVIII (1888), dans lesquels sont rassembl\u00e9s des contes et autres r\u00e9cits populaires siciliens, ainsi qu&rsquo;entre autres un recueil du m\u00eame genre, publi\u00e9 en 1885, et consacr\u00e9 \u00e0 la\u00a0<a title=\"Tradition orale\" href=\"https:\/\/fr.wikipedia.org\/wiki\/Tradition_orale\">tradition orale<\/a>\u00a0de\u00a0<a title=\"\" href=\"https:\/\/fr.wikipedia.org\/wiki\/Toscane\">Toscane<\/a>, lui valent d&rsquo;\u00eatre souvent compar\u00e9, comme\u00a0<a title=\"Alexandre Afanassiev\" href=\"https:\/\/fr.wikipedia.org\/wiki\/Alexandre_Afanassiev\">Afanassiev<\/a>, aux\u00a0<a title=\"Fr\u00e8res Grimm\" href=\"https:\/\/fr.wikipedia.org\/wiki\/Fr%C3%A8res_Grimm\">fr\u00e8res Grimm<\/a>.<\/p>\n","protected":false},"excerpt":{"rendered":"<p>Centre Agora Aubagne &nbsp; &nbsp; &nbsp; Giuseppe Pitr\u00e8[1]\u00a0[pi\u02c8tr\u025b][2], n\u00e9 le\u00a022 d\u00e9cembre 1841\u00a0\u00e0\u00a0Palerme\u00a0et mort le\u00a010 avril 1916\u00a0dans la m\u00eame ville, est un\u00a0folkloriste,\u00a0\u00e9crivain\u00a0et\u00a0m\u00e9decin\u00a0italien. En Italie, il a largement particip\u00e9 \u00e0 \u00e9tablir le\u00a0folklore\u00a0comme une discipline \u00e0 part enti\u00e8re. Tout au long de quatre d\u00e9cennies, durant lesquelles il n&rsquo;a eu de cesse de collecter, rechercher et publier, il a [&hellip;]<\/p>\n","protected":false},"author":1,"featured_media":22329,"parent":0,"menu_order":0,"comment_status":"closed","ping_status":"closed","template":"","meta":{"footnotes":""},"class_list":["post-22323","page","type-page","status-publish","has-post-thumbnail","hentry"],"_links":{"self":[{"href":"https:\/\/oraziopuglisi.art\/index.php\/wp-json\/wp\/v2\/pages\/22323","targetHints":{"allow":["GET"]}}],"collection":[{"href":"https:\/\/oraziopuglisi.art\/index.php\/wp-json\/wp\/v2\/pages"}],"about":[{"href":"https:\/\/oraziopuglisi.art\/index.php\/wp-json\/wp\/v2\/types\/page"}],"author":[{"embeddable":true,"href":"https:\/\/oraziopuglisi.art\/index.php\/wp-json\/wp\/v2\/users\/1"}],"replies":[{"embeddable":true,"href":"https:\/\/oraziopuglisi.art\/index.php\/wp-json\/wp\/v2\/comments?post=22323"}],"version-history":[{"count":7,"href":"https:\/\/oraziopuglisi.art\/index.php\/wp-json\/wp\/v2\/pages\/22323\/revisions"}],"predecessor-version":[{"id":22333,"href":"https:\/\/oraziopuglisi.art\/index.php\/wp-json\/wp\/v2\/pages\/22323\/revisions\/22333"}],"wp:featuredmedia":[{"embeddable":true,"href":"https:\/\/oraziopuglisi.art\/index.php\/wp-json\/wp\/v2\/media\/22329"}],"wp:attachment":[{"href":"https:\/\/oraziopuglisi.art\/index.php\/wp-json\/wp\/v2\/media?parent=22323"}],"curies":[{"name":"wp","href":"https:\/\/api.w.org\/{rel}","templated":true}]}}