{"id":22269,"date":"2026-02-23T22:41:22","date_gmt":"2026-02-23T21:41:22","guid":{"rendered":"https:\/\/oraziopuglisi.art\/?page_id=22269"},"modified":"2026-02-23T23:19:28","modified_gmt":"2026-02-23T22:19:28","slug":"la-scolastique","status":"publish","type":"page","link":"https:\/\/oraziopuglisi.art\/index.php\/la-scolastique\/","title":{"rendered":"La Scolastique"},"content":{"rendered":"<p style=\"text-align: justify;\">La\u00a0<b>scolastique<\/b>\u00a0(du\u00a0<a title=\"Latin\" href=\"https:\/\/fr.wikipedia.org\/wiki\/Latin\">latin<\/a>\u00a0<i>schola<\/i>, \u00ab\u00a0\u00e9cole\u00a0\u00bb, issu lui-m\u00eame du grec\u00a0<span class=\"lang-grc\" lang=\"grc\">\u03c3\u03c7\u03bf\u03bb\u03ae<\/span>\u00a0\/\u00a0<span class=\"lang-grc-latn\" lang=\"grc-latn\"><i>skhol\u00ea<\/i><\/span>, \u00ab\u00a0repos, temps libre, loisir consacr\u00e9 \u00e0 l&rsquo;\u00e9tude\u00a0\u00bb) est une tradition intellectuelle qui a domin\u00e9 les\u00a0<a title=\"Universit\u00e9 m\u00e9di\u00e9vale\" href=\"https:\/\/fr.wikipedia.org\/wiki\/Universit%C3%A9_m%C3%A9di%C3%A9vale\">universit\u00e9s m\u00e9di\u00e9vales<\/a>\u00a0entre le\u00a0<abbr class=\"abbr\" title=\"12\u1d49 si\u00e8cle\"><span class=\"romain\">XII<\/span><sup>e<\/sup><\/abbr>\u00a0et le\u00a0<abbr class=\"abbr\" title=\"17\u1d49 si\u00e8cle\"><span class=\"romain\">XVII<\/span><sup>e<\/sup><\/abbr>\u00a0si\u00e8cle. Caract\u00e9ris\u00e9e par son effort de syst\u00e9matisation des connaissances existantes et sa pratique du raisonnement\u00a0<a title=\"Dialectique\" href=\"https:\/\/fr.wikipedia.org\/wiki\/Dialectique\">dialectique<\/a>, elle vise \u00e0 synth\u00e9tiser la\u00a0<a title=\"Sciences grecques\" href=\"https:\/\/fr.wikipedia.org\/wiki\/Sciences_grecques\">pens\u00e9e scientifique grecque<\/a>\u00a0(particuli\u00e8rement l&rsquo;enseignement d&rsquo;<a title=\"Aristote\" href=\"https:\/\/fr.wikipedia.org\/wiki\/Aristote\">Aristote<\/a>\u00a0et des\u00a0<a title=\"\u00c9cole p\u00e9ripat\u00e9ticienne\" href=\"https:\/\/fr.wikipedia.org\/wiki\/%C3%89cole_p%C3%A9ripat%C3%A9ticienne\">p\u00e9ripat\u00e9ticiens<\/a>) avec la\u00a0<a title=\"Th\u00e9ologie chr\u00e9tienne\" href=\"https:\/\/fr.wikipedia.org\/wiki\/Th%C3%A9ologie_chr%C3%A9tienne\">th\u00e9ologie chr\u00e9tienne<\/a>\u00a0h\u00e9rit\u00e9e des\u00a0<a title=\"P\u00e8res de l'\u00c9glise\" href=\"https:\/\/fr.wikipedia.org\/wiki\/P%C3%A8res_de_l%27%C3%89glise\">P\u00e8res de l&rsquo;\u00c9glise<\/a>\u00a0et d&rsquo;<a title=\"Anselme de Cantorb\u00e9ry\" href=\"https:\/\/fr.wikipedia.org\/wiki\/Anselme_de_Cantorb%C3%A9ry\">Anselme<\/a>.<\/p>\n<p style=\"text-align: justify;\">Parmi les \u00e9rudits scolastiques importants figurent\u00a0<a title=\"Pierre Ab\u00e9lard\" href=\"https:\/\/fr.wikipedia.org\/wiki\/Pierre_Ab%C3%A9lard\">Pierre Ab\u00e9lard<\/a>,\u00a0<a title=\"Albert le Grand\" href=\"https:\/\/fr.wikipedia.org\/wiki\/Albert_le_Grand\">Albert le Grand<\/a>, ses \u00e9l\u00e8ves\u00a0<a title=\"Henri de Gand\" href=\"https:\/\/fr.wikipedia.org\/wiki\/Henri_de_Gand\">Henri de Gand<\/a>\u00a0et\u00a0<a title=\"Thomas d'Aquin\" href=\"https:\/\/fr.wikipedia.org\/wiki\/Thomas_d%27Aquin\">Thomas d&rsquo;Aquin<\/a>,\u00a0<a title=\"Siger de Brabant\" href=\"https:\/\/fr.wikipedia.org\/wiki\/Siger_de_Brabant\">Siger de Brabant<\/a>,\u00a0<a title=\"Jean Duns Scot\" href=\"https:\/\/fr.wikipedia.org\/wiki\/Jean_Duns_Scot\">Jean Duns Scot<\/a>\u00a0et son \u00e9l\u00e8ve\u00a0<a title=\"Guillaume d'Ockham\" href=\"https:\/\/fr.wikipedia.org\/wiki\/Guillaume_d%27Ockham\">Guillaume d&rsquo;Ockham<\/a>. La scolastique a pour foyer principal l&rsquo;<a title=\"Ancienne universit\u00e9 de Paris\" href=\"https:\/\/fr.wikipedia.org\/wiki\/Ancienne_universit%C3%A9_de_Paris\">universit\u00e9 de Paris<\/a>, consid\u00e9r\u00e9e comme son berceau historique, avant de se d\u00e9velopper \u00e0 l&rsquo;<a title=\"Universit\u00e9 d'Oxford\" href=\"https:\/\/fr.wikipedia.org\/wiki\/Universit%C3%A9_d%27Oxford\">universit\u00e9 d&rsquo;Oxford<\/a>\u00a0aux\u00a0<abbr class=\"abbr\" title=\"13\u1d49 si\u00e8cle\"><span class=\"romain\">XIII<\/span><sup>e<\/sup><\/abbr>\u00a0et\u00a0<abbr class=\"abbr\" title=\"14\u1d49 si\u00e8cle\"><span class=\"romain\">XIV<\/span><sup>e<\/sup><\/abbr>\u00a0si\u00e8cles puis \u00e0 l&rsquo;<a title=\"Universit\u00e9 de Salamanque\" href=\"https:\/\/fr.wikipedia.org\/wiki\/Universit%C3%A9_de_Salamanque\">universit\u00e9 de Salamanque<\/a>, devenue un centre majeur de la scolastique avec\u00a0<a title=\"Francisco Su\u00e1rez\" href=\"https:\/\/fr.wikipedia.org\/wiki\/Francisco_Su%C3%A1rez\">Francisco Su\u00e1rez<\/a>.<\/p>\n<p style=\"text-align: justify;\">Les principaux sujets d&rsquo;enqu\u00eate de la scolastique \u00e9taient les questions philosophiques et th\u00e9ologiques. De ce fait, on peut la consid\u00e9rer comme un moment de la\u00a0<a title=\"Philosophie m\u00e9di\u00e9vale\" href=\"https:\/\/fr.wikipedia.org\/wiki\/Philosophie_m%C3%A9di%C3%A9vale\">philosophie m\u00e9di\u00e9vale<\/a>\u00a0autant que de la\u00a0<a title=\"Th\u00e9ologie chr\u00e9tienne\" href=\"https:\/\/fr.wikipedia.org\/wiki\/Th%C3%A9ologie_chr%C3%A9tienne\">th\u00e9ologie chr\u00e9tienne<\/a>. Bien qu&rsquo;avec l&rsquo;<a title=\"R\u00e9volution scientifique\" href=\"https:\/\/fr.wikipedia.org\/wiki\/R%C3%A9volution_scientifique\">\u00e9mergence de la science moderne<\/a>\u00a0et de la\u00a0<a title=\"M\u00e9thode exp\u00e9rimentale\" href=\"https:\/\/fr.wikipedia.org\/wiki\/M%C3%A9thode_exp%C3%A9rimentale\">m\u00e9thode exp\u00e9rimentale<\/a>, la scolastique ait \u00e9t\u00e9 critiqu\u00e9e pour son incapacit\u00e9 \u00e0 s&rsquo;adapter aux nouvelles d\u00e9couvertes, l&rsquo;accent qu&rsquo;elle mettait sur le d\u00e9bat et la rigueur de l&rsquo;analyse a eu un impact durable sur la pratique philosophique et la discussion savante.<\/p>\n<ul>\n<li><a title=\"Anselme de Cantorb\u00e9ry\" href=\"https:\/\/fr.wikipedia.org\/wiki\/Anselme_de_Cantorb%C3%A9ry\">Anselme de Cantorb\u00e9ry<\/a><\/li>\n<li><a title=\"Pierre Ab\u00e9lard\" href=\"https:\/\/fr.wikipedia.org\/wiki\/Pierre_Ab%C3%A9lard\">Pierre Ab\u00e9lard<\/a><\/li>\n<li><a title=\"Albert le Grand\" href=\"https:\/\/fr.wikipedia.org\/wiki\/Albert_le_Grand\">Albert le Grand<\/a><\/li>\n<li><a title=\"Bonaventure de Bagnoregio\" href=\"https:\/\/fr.wikipedia.org\/wiki\/Bonaventure_de_Bagnoregio\">Bonaventure de Bagnoregio<\/a><\/li>\n<li><a title=\"Ma\u00eetre Eckhart\" href=\"https:\/\/fr.wikipedia.org\/wiki\/Ma%C3%AEtre_Eckhart\">Ma\u00eetre Eckhart<\/a><\/li>\n<li><a title=\"Thomas d'Aquin\" href=\"https:\/\/fr.wikipedia.org\/wiki\/Thomas_d%27Aquin\">Thomas d&rsquo;Aquin<\/a><\/li>\n<li><a title=\"Pierre de Jean Olivi\" href=\"https:\/\/fr.wikipedia.org\/wiki\/Pierre_de_Jean_Olivi\">Pierre de Jean Olivi<\/a><\/li>\n<li><a title=\"Gonzalve d'Espagne\" href=\"https:\/\/fr.wikipedia.org\/wiki\/Gonzalve_d%27Espagne\">Gonzalve d&rsquo;Espagne<\/a><\/li>\n<li><a title=\"Jean Duns Scot\" href=\"https:\/\/fr.wikipedia.org\/wiki\/Jean_Duns_Scot\">Jean Duns Scot<\/a><\/li>\n<li><a title=\"Guillaume d'Ockham\" href=\"https:\/\/fr.wikipedia.org\/wiki\/Guillaume_d%27Ockham\">Guillaume d&rsquo;Ockham<\/a><\/li>\n<li><a title=\"Francisco Su\u00e1rez\" href=\"https:\/\/fr.wikipedia.org\/wiki\/Francisco_Su%C3%A1rez\">Francisco Su\u00e1rez<\/a><\/li>\n<\/ul>\n<blockquote class=\"wp-embedded-content\" data-secret=\"DqnQTm3QgJ\"><p><a href=\"https:\/\/oraziopuglisi.art\/index.php\/pour-aller-plus-loin\/\">Pour aller plus loin<\/a><\/p><\/blockquote>\n<p><iframe loading=\"lazy\" class=\"wp-embedded-content\" sandbox=\"allow-scripts\" security=\"restricted\" style=\"position: absolute; visibility: hidden;\" title=\"\u00ab\u00a0Pour aller plus loin\u00a0\u00bb &#8212; Orazio Puglisi\" src=\"https:\/\/oraziopuglisi.art\/index.php\/pour-aller-plus-loin\/embed\/#?secret=XqtwFvqhQi#?secret=DqnQTm3QgJ\" data-secret=\"DqnQTm3QgJ\" width=\"600\" height=\"338\" frameborder=\"0\" marginwidth=\"0\" marginheight=\"0\" scrolling=\"no\"><\/iframe><\/p>\n<p>&nbsp;<\/p>\n","protected":false},"excerpt":{"rendered":"<p>La\u00a0scolastique\u00a0(du\u00a0latin\u00a0schola, \u00ab\u00a0\u00e9cole\u00a0\u00bb, issu lui-m\u00eame du grec\u00a0\u03c3\u03c7\u03bf\u03bb\u03ae\u00a0\/\u00a0skhol\u00ea, \u00ab\u00a0repos, temps libre, loisir consacr\u00e9 \u00e0 l&rsquo;\u00e9tude\u00a0\u00bb) est une tradition intellectuelle qui a domin\u00e9 les\u00a0universit\u00e9s m\u00e9di\u00e9vales\u00a0entre le\u00a0XIIe\u00a0et le\u00a0XVIIe\u00a0si\u00e8cle. Caract\u00e9ris\u00e9e par son effort de syst\u00e9matisation des connaissances existantes et sa pratique du raisonnement\u00a0dialectique, elle vise \u00e0 synth\u00e9tiser la\u00a0pens\u00e9e scientifique grecque\u00a0(particuli\u00e8rement l&rsquo;enseignement d&rsquo;Aristote\u00a0et des\u00a0p\u00e9ripat\u00e9ticiens) avec la\u00a0th\u00e9ologie chr\u00e9tienne\u00a0h\u00e9rit\u00e9e des\u00a0P\u00e8res de l&rsquo;\u00c9glise\u00a0et d&rsquo;Anselme. [&hellip;]<\/p>\n","protected":false},"author":1,"featured_media":0,"parent":0,"menu_order":0,"comment_status":"closed","ping_status":"closed","template":"","meta":{"footnotes":""},"class_list":["post-22269","page","type-page","status-publish","hentry"],"_links":{"self":[{"href":"https:\/\/oraziopuglisi.art\/index.php\/wp-json\/wp\/v2\/pages\/22269","targetHints":{"allow":["GET"]}}],"collection":[{"href":"https:\/\/oraziopuglisi.art\/index.php\/wp-json\/wp\/v2\/pages"}],"about":[{"href":"https:\/\/oraziopuglisi.art\/index.php\/wp-json\/wp\/v2\/types\/page"}],"author":[{"embeddable":true,"href":"https:\/\/oraziopuglisi.art\/index.php\/wp-json\/wp\/v2\/users\/1"}],"replies":[{"embeddable":true,"href":"https:\/\/oraziopuglisi.art\/index.php\/wp-json\/wp\/v2\/comments?post=22269"}],"version-history":[{"count":8,"href":"https:\/\/oraziopuglisi.art\/index.php\/wp-json\/wp\/v2\/pages\/22269\/revisions"}],"predecessor-version":[{"id":22284,"href":"https:\/\/oraziopuglisi.art\/index.php\/wp-json\/wp\/v2\/pages\/22269\/revisions\/22284"}],"wp:attachment":[{"href":"https:\/\/oraziopuglisi.art\/index.php\/wp-json\/wp\/v2\/media?parent=22269"}],"curies":[{"name":"wp","href":"https:\/\/api.w.org\/{rel}","templated":true}]}}