{"id":22093,"date":"2026-02-01T22:47:10","date_gmt":"2026-02-01T21:47:10","guid":{"rendered":"https:\/\/oraziopuglisi.art\/?page_id=22093"},"modified":"2026-02-01T22:47:10","modified_gmt":"2026-02-01T21:47:10","slug":"haft-tappeh","status":"publish","type":"page","link":"https:\/\/oraziopuglisi.art\/index.php\/haft-tappeh\/","title":{"rendered":"Haft-Tappeh"},"content":{"rendered":"<p style=\"text-align: justify;\"><b>Haft-Tappeh<\/b>\u00a0(ou\u00a0<b>Haft-Tepe<\/b>, en\u00a0<a title=\"Persan\" href=\"https:\/\/fr.wikipedia.org\/wiki\/Persan\">persan<\/a>\u00a0: \u0647\u0641\u062a \u062a\u067e\u0647, \u00ab\u00a0les sept collines\u00a0\u00bb) est un site arch\u00e9ologique situ\u00e9 dans la province du\u00a0<a title=\"Khouzistan\" href=\"https:\/\/fr.wikipedia.org\/wiki\/Khouzistan\">Khouzistan<\/a>, dans le Sud-Ouest de l&rsquo;<a title=\"Iran\" href=\"https:\/\/fr.wikipedia.org\/wiki\/Iran\">Iran<\/a>, d\u00e9couvert en\u00a0<a title=\"1908\" href=\"https:\/\/fr.wikipedia.org\/wiki\/1908\">1908<\/a>\u00a0et dont les fouilles sont toujours men\u00e9es. Il est identifi\u00e9 \u00e0 la ville antique de Kabnak, une des principales villes de l&rsquo;<a title=\"\u00c9lam\" href=\"https:\/\/fr.wikipedia.org\/wiki\/%C3%89lam\">\u00c9lam<\/a>\u00a0antique. La ville de Kabnak devient un important centre politique, sous le r\u00e8gne du roi\u00a0<a title=\"\u00c9lam\" href=\"https:\/\/fr.wikipedia.org\/wiki\/%C3%89lam\">\u00e9lamite<\/a>\u00a0<a title=\"Tepti-Ahar\" href=\"https:\/\/fr.wikipedia.org\/wiki\/Tepti-Ahar\">Tepti-Ahar<\/a>\u00a0(?\/v.-1400), dernier roi de la dynastie\u00a0<a class=\"new\" title=\"Kidinuides (page inexistante)\" href=\"https:\/\/fr.wikipedia.org\/w\/index.php?title=Kidinuides&amp;action=edit&amp;redlink=1\">Kidinuide<\/a>, mais Kabnak existait d\u00e9j\u00e0 avant cette p\u00e9riode.<\/p>\n<p style=\"text-align: justify;\">Tepti-Ahar l\u2019a consid\u00e9rablement agrandi et en a peut-\u00eatre fait sa capitale. On a du mal \u00e0 identifier le territoire sur lequel s\u2019\u00e9tendait le pouvoir des rois de la dynastie Kidinuide\u00a0: soit la r\u00e9gion de Kabnak, soit la\u00a0<a title=\"Susiane\" href=\"https:\/\/fr.wikipedia.org\/wiki\/Susiane\">Susiane<\/a>, ou encore tout l\u2019<a title=\"\u00c9lam\" href=\"https:\/\/fr.wikipedia.org\/wiki\/%C3%89lam\">\u00c9lam<\/a>. Les textes semblent indiquer un \u00e9tat de fragmentation politique dans le pays \u00e9lamite, avec notamment un autre royaume autour de\u00a0<a class=\"new\" title=\"Huhnur (page inexistante)\" href=\"https:\/\/fr.wikipedia.org\/w\/index.php?title=Huhnur&amp;action=edit&amp;redlink=1\">Huhnur<\/a>\u00a0qui aurait, dans ce cas, \u00e9t\u00e9 un rival de Kabnak. La chute de\u00a0<a title=\"Tepti-Ahar\" href=\"https:\/\/fr.wikipedia.org\/wiki\/Tepti-Ahar\">Tepti-Ahar<\/a>\u00a0est caus\u00e9e par une guerre avec le roi de\u00a0<a title=\"Babylone\" href=\"https:\/\/fr.wikipedia.org\/wiki\/Babylone\">Babylone<\/a>,\u00a0<a title=\"Kurigalzu Ier\" href=\"https:\/\/fr.wikipedia.org\/wiki\/Kurigalzu_Ier\"><span class=\"nowrap\">Kurigalzu\u00a0<abbr class=\"abbr\" title=\"premier\"><span class=\"romain\">I<\/span><sup>er<\/sup><\/abbr><\/span><\/a>\u00a0(ou Karizalzu,\u00a0<a class=\"mw-redirect\" title=\"1401 av. J.-C.\" href=\"https:\/\/fr.wikipedia.org\/wiki\/1401_av._J.-C.\">1401<\/a>&#8211;<time class=\"nowrap\" datetime=\"U-1387\" data-sort-value=\"U-1387\">1388\u00a0<abbr class=\"abbr\" title=\"avant J\u00e9sus-Christ\">av. J.-C.<\/abbr><\/time>\u00a0ou\u00a0<a title=\"1390 av. J.-C.\" href=\"https:\/\/fr.wikipedia.org\/wiki\/1390_av._J.-C.\">1390<\/a>-?), qui prend Kabnak et toute la\u00a0<a title=\"Susiane\" href=\"https:\/\/fr.wikipedia.org\/wiki\/Susiane\">Susiane<\/a>, pla\u00e7ant\u00a0<a class=\"new\" title=\"Ige-Halki (page inexistante)\" href=\"https:\/\/fr.wikipedia.org\/w\/index.php?title=Ige-Halki&amp;action=edit&amp;redlink=1\">Ige-Halki<\/a>\u00a0sur le tr\u00f4ne \u00e9lamite, instaurant ainsi une nouvelle dynastie dans ce royaume.\u00a0<span class=\"need_ref\" title=\"Ce passage devrait pr\u00e9ciser la personne ou l'organisation qui fait cette affirmation.\">Quelques sp\u00e9cialistes<\/span><sup class=\"need_ref_tag\"><a title=\"Aide:Qui\" href=\"https:\/\/fr.wikipedia.org\/wiki\/Aide:Qui\">[Qui\u00a0?]<\/a><\/sup>\u00a0avancent que Tepti-Ahar aurait \u00e9t\u00e9 enterr\u00e9 dans la ville.<\/p>\n<p style=\"text-align: justify;\">Apr\u00e8s sa mort, le centre du pouvoir retourne dans l\u2019ancienne capitale\u00a0<a title=\"Suse (Iran)\" href=\"https:\/\/fr.wikipedia.org\/wiki\/Suse_(Iran)\">Suse<\/a>. Quelques si\u00e8cles plus tard, une autre ville a \u00e9t\u00e9 construite \u00e0 proximit\u00e9,\u00a0<a class=\"mw-redirect\" title=\"D\u00fbr-Untash\" href=\"https:\/\/fr.wikipedia.org\/wiki\/D%C3%BBr-Untash\">D\u00fbr-Untash<\/a>\u00a0(ou\u00a0<a title=\"Chogha Zanbil\" href=\"https:\/\/fr.wikipedia.org\/wiki\/Chogha_Zanbil\">Chogha Zanbil<\/a>). Les excavations de Haft-Tappeh ont r\u00e9v\u00e9l\u00e9 un palais et un grand temple fond\u00e9 par\u00a0<a title=\"Tepti-Ahar\" href=\"https:\/\/fr.wikipedia.org\/wiki\/Tepti-Ahar\">Tepti-Ahar<\/a>\u00a0o\u00f9 le dieu\u00a0<a class=\"new\" title=\"Kirwashir (page inexistante)\" href=\"https:\/\/fr.wikipedia.org\/w\/index.php?title=Kirwashir&amp;action=edit&amp;redlink=1\">Kirwashir<\/a>\u00a0\u00e9tait ador\u00e9. C&rsquo;\u00e9tait peut-\u00eatre le dieu tut\u00e9laire de la cit\u00e9 car il n&rsquo;est pas attest\u00e9 ailleurs ni pour d&rsquo;autres p\u00e9riodes. Sous le temple fun\u00e9raire on a retrouv\u00e9 un complexe fun\u00e9raire souterrain destin\u00e9 au roi et \u00e0 sa\u00a0<a title=\"Famille\" href=\"https:\/\/fr.wikipedia.org\/wiki\/Famille\">famille<\/a>. Des ossements ont \u00e9t\u00e9 d\u00e9couverts dans la tombe, mais il n\u2019est pas certain qu\u2019ils appartiennent \u00e0 un membre de la famille royale. Une autre grande structure retrouv\u00e9e sur le site \u00e9tait peut-\u00eatre les bases d&rsquo;une\u00a0<a class=\"mw-redirect\" title=\"Ziggourat\" href=\"https:\/\/fr.wikipedia.org\/wiki\/Ziggourat\">ziggourat<\/a>\u00a0avec des cours et une suite de magasins.<\/p>\n<p style=\"text-align: justify;\">Le temple \u00e9tait d\u00e9cor\u00e9 de plaques de\u00a0<a title=\"Bronze\" href=\"https:\/\/fr.wikipedia.org\/wiki\/Bronze\">bronze<\/a>\u00a0et de peintures murales. L\u2019<a title=\"Arch\u00e9ologie\" href=\"https:\/\/fr.wikipedia.org\/wiki\/Arch%C3%A9ologie\">arch\u00e9ologie<\/a>\u00a0t\u00e9moigne d&rsquo;importantes influences\u00a0<a title=\"M\u00e9sopotamie\" href=\"https:\/\/fr.wikipedia.org\/wiki\/M%C3%A9sopotamie\">m\u00e9sopotamiennes<\/a>\u00a0et\u00a0<a title=\"Hourrites\" href=\"https:\/\/fr.wikipedia.org\/wiki\/Hourrites\">hourrites<\/a>. Des tablettes avec des textes administratifs appartenant au r\u00e8gne de\u00a0<a title=\"Tepti-Ahar\" href=\"https:\/\/fr.wikipedia.org\/wiki\/Tepti-Ahar\">Tepti-Ahar<\/a>\u00a0et\u00a0<a class=\"new\" title=\"Inshushinak-Zunkir-Nappipir (page inexistante)\" href=\"https:\/\/fr.wikipedia.org\/w\/index.php?title=Inshushinak-Zunkir-Nappipir&amp;action=edit&amp;redlink=1\">Inshushinak-Zunkir-Nappipir<\/a>\u00a0(v.-1445) ont \u00e9galement \u00e9t\u00e9 retrouv\u00e9es sur les lieux. R\u00e9cemment, certaines statuettes d&rsquo;argile de\u00a0<a class=\"new\" title=\"D\u00e9esse de la f\u00e9condit\u00e9 (page inexistante)\" href=\"https:\/\/fr.wikipedia.org\/w\/index.php?title=D%C3%A9esse_de_la_f%C3%A9condit%C3%A9&amp;action=edit&amp;redlink=1\">d\u00e9esses de la f\u00e9condit\u00e9<\/a>\u00a0ont \u00e9t\u00e9 d\u00e9couvertes sur le site.<\/p>\n<p style=\"text-align: justify;\">Haft-Tappeh a d&rsquo;abord \u00e9t\u00e9 fouill\u00e9e par l&rsquo;arch\u00e9ologue fran\u00e7ais\u00a0<a title=\"Jacques de Morgan\" href=\"https:\/\/fr.wikipedia.org\/wiki\/Jacques_de_Morgan\">Jacques de Morgan<\/a>\u00a0en\u00a0<a title=\"1908\" href=\"https:\/\/fr.wikipedia.org\/wiki\/1908\">1908<\/a>. Entre\u00a0<a title=\"1965\" href=\"https:\/\/fr.wikipedia.org\/wiki\/1965\">1965<\/a>\u00a0et\u00a0<a title=\"1978\" href=\"https:\/\/fr.wikipedia.org\/wiki\/1978\">1978<\/a>, une mission dirig\u00e9e par l\u2019arch\u00e9ologue\u00a0<a title=\"Iran\" href=\"https:\/\/fr.wikipedia.org\/wiki\/Iran\">iranien<\/a>\u00a0<a class=\"new\" title=\"Negahban (page inexistante)\" href=\"https:\/\/fr.wikipedia.org\/w\/index.php?title=Negahban&amp;action=edit&amp;redlink=1\">Negahban<\/a>\u00a0fouille \u00e0 nouveau le site, suivie depuis\u00a0<a title=\"2003\" href=\"https:\/\/fr.wikipedia.org\/wiki\/2003\">2003<\/a>\u00a0par une \u00e9quipe germano-iranienne, dirig\u00e9e par\u00a0<a class=\"new\" title=\"Behzad Mofidi (page inexistante)\" href=\"https:\/\/fr.wikipedia.org\/w\/index.php?title=Behzad_Mofidi&amp;action=edit&amp;redlink=1\">Behzad Mofidi<\/a>.<\/p>\n<div class=\"mw-heading mw-heading2\" style=\"text-align: justify;\">\n<h2 id=\"Liens_externes\">Liens externes<\/h2>\n<\/div>\n<ul>\n<li style=\"text-align: justify;\"><abbr class=\"abbr indicateur-langue\" title=\"Langue : anglais\">(en)<\/abbr>\u00a0<span class=\"ouvrage\">\u00ab\u00a0<a class=\"external text\" href=\"http:\/\/www.livius.org\/ha-hd\/haft_tepe\/haft_tepe.html\" rel=\"nofollow\"><cite>Haft Tepe<\/cite><\/a><small class=\"cachelinks\">\u00a0[<a title=\"archive sur Wikiwix\" href=\"https:\/\/archive.wikiwix.com\/cache\/?url=http%3A%2F%2Fwww.livius.org%2Fha-hd%2Fhaft_tepe%2Fhaft_tepe.html\">archive<\/a>]<\/small>\u00a0\u00bb, sur\u00a0<span class=\"italique\">Livius<\/span><\/span><\/li>\n<\/ul>\n","protected":false},"excerpt":{"rendered":"<p>Haft-Tappeh\u00a0(ou\u00a0Haft-Tepe, en\u00a0persan\u00a0: \u0647\u0641\u062a \u062a\u067e\u0647, \u00ab\u00a0les sept collines\u00a0\u00bb) est un site arch\u00e9ologique situ\u00e9 dans la province du\u00a0Khouzistan, dans le Sud-Ouest de l&rsquo;Iran, d\u00e9couvert en\u00a01908\u00a0et dont les fouilles sont toujours men\u00e9es. Il est identifi\u00e9 \u00e0 la ville antique de Kabnak, une des principales villes de l&rsquo;\u00c9lam\u00a0antique. La ville de Kabnak devient un important centre politique, sous le [&hellip;]<\/p>\n","protected":false},"author":1,"featured_media":0,"parent":0,"menu_order":0,"comment_status":"closed","ping_status":"closed","template":"","meta":{"footnotes":""},"class_list":["post-22093","page","type-page","status-publish","hentry"],"_links":{"self":[{"href":"https:\/\/oraziopuglisi.art\/index.php\/wp-json\/wp\/v2\/pages\/22093","targetHints":{"allow":["GET"]}}],"collection":[{"href":"https:\/\/oraziopuglisi.art\/index.php\/wp-json\/wp\/v2\/pages"}],"about":[{"href":"https:\/\/oraziopuglisi.art\/index.php\/wp-json\/wp\/v2\/types\/page"}],"author":[{"embeddable":true,"href":"https:\/\/oraziopuglisi.art\/index.php\/wp-json\/wp\/v2\/users\/1"}],"replies":[{"embeddable":true,"href":"https:\/\/oraziopuglisi.art\/index.php\/wp-json\/wp\/v2\/comments?post=22093"}],"version-history":[{"count":1,"href":"https:\/\/oraziopuglisi.art\/index.php\/wp-json\/wp\/v2\/pages\/22093\/revisions"}],"predecessor-version":[{"id":22094,"href":"https:\/\/oraziopuglisi.art\/index.php\/wp-json\/wp\/v2\/pages\/22093\/revisions\/22094"}],"wp:attachment":[{"href":"https:\/\/oraziopuglisi.art\/index.php\/wp-json\/wp\/v2\/media?parent=22093"}],"curies":[{"name":"wp","href":"https:\/\/api.w.org\/{rel}","templated":true}]}}