{"id":22090,"date":"2026-02-01T22:45:27","date_gmt":"2026-02-01T21:45:27","guid":{"rendered":"https:\/\/oraziopuglisi.art\/?page_id=22090"},"modified":"2026-02-01T22:45:38","modified_gmt":"2026-02-01T21:45:38","slug":"chogha-zanbil","status":"publish","type":"page","link":"https:\/\/oraziopuglisi.art\/index.php\/chogha-zanbil\/","title":{"rendered":"Chogha Zanbil"},"content":{"rendered":"<p style=\"text-align: justify;\"><b>Chogha Zanbil<\/b>\u00a0(ou Tchogha Zanbil, (en\u00a0<a title=\"Persan\" href=\"https:\/\/fr.wikipedia.org\/wiki\/Persan\">persan<\/a>\u00a0:\u00a0<span class=\"lang-fa\" dir=\"rtl\" lang=\"fa\">\u0686\u063a\u0627\u0632\u0646\u0628\u06cc\u0644<\/span>)) est un complexe\u00a0<a title=\"\u00c9lam\" href=\"https:\/\/fr.wikipedia.org\/wiki\/%C3%89lam\">\u00e9lamite<\/a>\u00a0dans la province du\u00a0<a title=\"Khouzistan\" href=\"https:\/\/fr.wikipedia.org\/wiki\/Khouzistan\">Khouzistan<\/a>\u00a0en\u00a0<a title=\"Iran\" href=\"https:\/\/fr.wikipedia.org\/wiki\/Iran\">Iran<\/a>.<\/p>\n<p style=\"text-align: justify;\">Bien avant l&rsquo;arriv\u00e9e des\u00a0<a class=\"mw-redirect\" title=\"Perses\" href=\"https:\/\/fr.wikipedia.org\/wiki\/Perses\">Perses<\/a>, les \u00c9lamites (2400 \u00e0 539 av. J.-C.) cr\u00e9\u00e8rent dans le sud-ouest de l&rsquo;Iran l&rsquo;une des premi\u00e8res civilisations du monde. Au\u00a0<a title=\"XIIIe si\u00e8cle av. J.-C.\" href=\"https:\/\/fr.wikipedia.org\/wiki\/XIIIe_si%C3%A8cle_av._J.-C.\"><abbr class=\"abbr\" title=\"13\u1d49 si\u00e8cle\"><span class=\"romain\">XIII<\/span><sup>e<\/sup><\/abbr>\u00a0si\u00e8cle\u00a0<abbr class=\"abbr nowrap\" title=\"avant J\u00e9sus-Christ\">av. J.-C.<\/abbr><\/a>, \u00e0 l&rsquo;apog\u00e9e de leur pouvoir, la\u00a0<a class=\"mw-redirect\" title=\"Ziggourat\" href=\"https:\/\/fr.wikipedia.org\/wiki\/Ziggourat\">ziggourat<\/a>\u00a0massive de la ville de Dur Untash dominait le royaume. Partiellement restaur\u00e9e, elle est une des plus grandes ziggourats du monde. L&rsquo;influence culturelle des \u00c9lamites continua \u00e0 se faire sentir apr\u00e8s leur absorption par la\u00a0<a title=\"Empire perse\" href=\"https:\/\/fr.wikipedia.org\/wiki\/Empire_perse\">Perse<\/a>.<\/p>\n<p style=\"text-align: justify;\">On trouve \u00e0 Chogha Zanbil une des seules ziggourats dont les ruines aient \u00e9t\u00e9 pr\u00e9serv\u00e9es jusqu&rsquo;\u00e0 aujourd&rsquo;hui en dehors de la\u00a0<a title=\"M\u00e9sopotamie\" href=\"https:\/\/fr.wikipedia.org\/wiki\/M%C3%A9sopotamie\">M\u00e9sopotamie<\/a>\u00a0(l&rsquo;autre \u00e9tant\u00a0<a title=\"Sialk\" href=\"https:\/\/fr.wikipedia.org\/wiki\/Sialk\">Sialk<\/a>). C&rsquo;est d&rsquo;ailleurs sans doute la mieux conserv\u00e9e de toutes. Le site se situe \u00e0 approximativement 45 km au sud de\u00a0<a class=\"mw-redirect\" title=\"Suse (\u00c9lam)\" href=\"https:\/\/fr.wikipedia.org\/wiki\/Suse_(%C3%89lam)\">Suse<\/a>\u00a0et \u00e0 230 km au nord d&rsquo;<a title=\"Abadan\" href=\"https:\/\/fr.wikipedia.org\/wiki\/Abadan\">Abadan<\/a>\u00a0en passant par\u00a0<a title=\"Ahvaz\" href=\"https:\/\/fr.wikipedia.org\/wiki\/Ahvaz\">Ahvaz<\/a>, qui est \u00e0 60 km.<\/p>\n<figure class=\"mw-default-size mw-halign-left\" style=\"text-align: justify;\"><a class=\"mw-file-description\" href=\"https:\/\/commons.wikimedia.org\/wiki\/File:Iran_bastan_-_13.jpg?uselang=fr\"><img loading=\"lazy\" decoding=\"async\" class=\"mw-file-element\" src=\"https:\/\/upload.wikimedia.org\/wikipedia\/commons\/thumb\/1\/13\/Iran_bastan_-_13.jpg\/250px-Iran_bastan_-_13.jpg\" srcset=\"\/\/upload.wikimedia.org\/wikipedia\/commons\/thumb\/1\/13\/Iran_bastan_-_13.jpg\/500px-Iran_bastan_-_13.jpg 1.5x\" width=\"250\" height=\"384\" data-file-width=\"559\" data-file-height=\"859\" \/><\/a><figcaption>Figurine en\u00a0<a title=\"Kaolin\" href=\"https:\/\/fr.wikipedia.org\/wiki\/Kaolin\">kaolin<\/a>\u00a0repr\u00e9sentant une t\u00eate humaine, fin du II<sup>e<\/sup>\u00a0mill\u00e9naire av. J.-C.<\/figcaption><\/figure>\n<p style=\"text-align: justify;\">C&rsquo;\u00e9tait un centre religieux du royaume\u00a0<a title=\"\u00c9lamite\" href=\"https:\/\/fr.wikipedia.org\/wiki\/%C3%89lamite\">\u00e9lamite<\/a>, fond\u00e9 par le roi\u00a0<a title=\"Untash-Napirisha\" href=\"https:\/\/fr.wikipedia.org\/wiki\/Untash-Napirisha\">Untash-Napirisha<\/a>\u00a0(1345-1305 avant J.-C.)<sup id=\"cite_ref-1\" class=\"reference\"><a href=\"https:\/\/fr.wikipedia.org\/wiki\/Chogha_Zanbil#cite_note-1\"><span class=\"cite-bracket\">[<\/span>1<span class=\"cite-bracket\">]<\/span><\/a><\/sup>\u00a0sur la route entre\u00a0<a title=\"Anshan (\u00c9lam)\" href=\"https:\/\/fr.wikipedia.org\/wiki\/Anshan_(%C3%89lam)\">Anshan<\/a>\u00a0et\u00a0<a class=\"mw-redirect\" title=\"Suse (\u00c9lam)\" href=\"https:\/\/fr.wikipedia.org\/wiki\/Suse_(%C3%89lam)\">Suse<\/a>, dont il a re\u00e7u le nom,\u00a0<i>Dur-Untash-Napirisha<\/i>\u00a0(la \u00ab\u00a0forteresse d&rsquo;Untash-Napirisha\u00a0\u00bb).<\/p>\n<p style=\"text-align: justify;\">En\u00a0<a title=\"1979\" href=\"https:\/\/fr.wikipedia.org\/wiki\/1979\">1979<\/a>, Tchoga Zanbil est devenu le premier site iranien \u00e0 \u00eatre inscrit au\u00a0<a title=\"Patrimoine mondial\" href=\"https:\/\/fr.wikipedia.org\/wiki\/Patrimoine_mondial\">Patrimoine mondial<\/a>\u00a0de l&rsquo;<a title=\"Organisation des Nations unies pour l'\u00e9ducation, la science et la culture\" href=\"https:\/\/fr.wikipedia.org\/wiki\/Organisation_des_Nations_unies_pour_l%27%C3%A9ducation,_la_science_et_la_culture\">UNESCO<\/a>.<\/p>\n<div class=\"mw-heading mw-heading2\" style=\"text-align: justify;\">\n<h2 id=\"Plan_g\u00e9n\u00e9ral\"><span id=\"Plan_g.C3.A9n.C3.A9ral\"><\/span>Plan g\u00e9n\u00e9ral<\/h2>\n<\/div>\n<p style=\"text-align: justify;\">Untash-Napirisha engage des travaux ambitieux. La ville est organis\u00e9e autour de trois enceintes. La premi\u00e8re, de forme ovo\u00efde, a une longueur de 4 kilom\u00e8tres et englobe toute la ville sur une surface de 100 hectares environ. Elle est perc\u00e9e de sept portes (chiffre magique dans la religion). Au nord-est se trouve le quartier royal, auquel on acc\u00e8de par la porte principale de la cit\u00e9. Au centre se trouve le quartier sacr\u00e9, prot\u00e9g\u00e9 par une enceinte de 460 m\u00e8tres sur 420. Une troisi\u00e8me enceinte (190 x 170 m) s&rsquo;y trouve, comprenant la ziggurat qui domine le paysage de la cit\u00e9. Au nord de la ville, \u00e0 l&rsquo;ext\u00e9rieur des murs, est construit un r\u00e9servoir qui redistribue l&rsquo;eau dans toute la ville. Il est aliment\u00e9 par un canal de plus de 50 km, construit pour l&rsquo;occasion, du fait de l&rsquo;isolement de la ville.<\/p>\n<p style=\"text-align: justify;\">Le reste de la premi\u00e8re enceinte n&rsquo;a jamais \u00e9t\u00e9 peupl\u00e9. Cette absence de construction serait due au fait qu&rsquo;il ne s&rsquo;agissait pas d&rsquo;une cit\u00e9 destin\u00e9e \u00e0 \u00eatre habit\u00e9e, mais plut\u00f4t d&rsquo;un centre religieux pens\u00e9 comme un lieu de rassemblement de tous les \u00c9lamites, puisque s&rsquo;y trouvaient des temples d\u00e9di\u00e9s aux principales divinit\u00e9s des diff\u00e9rentes r\u00e9gions du royaume\u00a0:\u00a0<a title=\"Inshushinak\" href=\"https:\/\/fr.wikipedia.org\/wiki\/Inshushinak\">Inshushinak<\/a>\u00a0de Suse, la r\u00e9gion de Dur-Untash, mais aussi\u00a0<a title=\"Napirisha\" href=\"https:\/\/fr.wikipedia.org\/wiki\/Napirisha\">Napirisha<\/a>\u00a0le grand dieu du pays d&rsquo;Anshan,\u00a0<a title=\"Kiririsha\" href=\"https:\/\/fr.wikipedia.org\/wiki\/Kiririsha\">Kiririsha<\/a>\u00a0de Liyan, etc. Il s&rsquo;agirait donc d&rsquo;une tentative de donner une coh\u00e9sion \u00e0 l&rsquo;\u00c9lam en cr\u00e9ant un lieu de culte f\u00e9d\u00e9rant un panth\u00e9on \u00e9lamite constitu\u00e9 pour l&rsquo;occasion dans une vis\u00e9e politique, alors qu&rsquo;habituellement chaque r\u00e9gion dispose d&rsquo;une forte individualit\u00e9 culturelle.<\/p>\n<p style=\"text-align: justify;\">La ville elle-m\u00eame a \u00e9t\u00e9 rapidement abandonn\u00e9e, peut-\u00eatre \u00e0 cause de l\u2019extinction rapide de la dynastie d\u2019Untash-Napirisha qui entra\u00eene la chute de son projet unificateur. Le plus grand nombre des \u0153uvres d\u2019art r\u00e9alis\u00e9es pour Dur-Untash ont \u00e9t\u00e9 rapport\u00e9es \u00e0 Suse o\u00f9 elles seront retrouv\u00e9es lors des fouilles. La ziggourat servira cependant encore plusieurs si\u00e8cles, jusqu\u2019\u00e0 sa destruction par les\u00a0<a title=\"Assyriens\" href=\"https:\/\/fr.wikipedia.org\/wiki\/Assyriens\">Assyriens<\/a>.<\/p>\n<div class=\"mw-heading mw-heading2\" style=\"text-align: justify;\">\n<h2 id=\"Le_quartier_sacr\u00e9_et_la_ziggurat\"><span id=\"Le_quartier_sacr.C3.A9_et_la_ziggurat\"><\/span>Le quartier sacr\u00e9 et la ziggurat<\/h2>\n<\/div>\n<p style=\"text-align: justify;\">La cit\u00e9 sainte centrale est vou\u00e9e au dieu national de Suse\u00a0<a title=\"Inshushinak\" href=\"https:\/\/fr.wikipedia.org\/wiki\/Inshushinak\">Inshushinak<\/a>. D\u2019autres dieux y trouvent leur place (<a title=\"Napirisha\" href=\"https:\/\/fr.wikipedia.org\/wiki\/Napirisha\">Napirisha<\/a>, Ishme-Karab,\u00a0<a title=\"Kiririsha\" href=\"https:\/\/fr.wikipedia.org\/wiki\/Kiririsha\">Kiririsha<\/a>). Le monument le plus imposant est une superbe\u00a0<a title=\"Ziggurat\" href=\"https:\/\/fr.wikipedia.org\/wiki\/Ziggurat\">ziggurat<\/a>. Elle est b\u00e2tie \u00e0 l&rsquo;ancien emplacement d&rsquo;un temple d\u00e9j\u00e0 consacr\u00e9e \u00e0 Inshushinak, qui avait pour dimensions\u00a0<span class=\"need_ref\" title=\"Ce passage n\u00e9cessite une r\u00e9f\u00e9rence.\">105 x 8 m<\/span><sup class=\"need_ref_tag\"><a title=\"Aide:R\u00e9f\u00e9rence n\u00e9cessaire\" href=\"https:\/\/fr.wikipedia.org\/wiki\/Aide:R%C3%A9f%C3%A9rence_n%C3%A9cessaire\">[r\u00e9f.\u00a0n\u00e9cessaire]<\/a><\/sup>. Les mat\u00e9riaux de base employ\u00e9s pour la construction de la ziggurat sont la brique crue, pour le noyau, et la brique cuite, plus solide, pour l&rsquo;ext\u00e9rieur. Lors des travaux, le temple est sur\u00e9lev\u00e9 et surmont\u00e9 de quatre \u00e9tages. Pour la construction de la tour, les b\u00e2tisseurs ont d&rsquo;abord d\u00e9limit\u00e9 le pourtour de l&rsquo;\u00e9difice avec un solide mur, avant de remplir l&rsquo;espace autour du noyau de briques crues, dans un premier temps, avant de b\u00e2tir les \u00e9tages sup\u00e9rieurs en suivant les escaliers, toujours autour d&rsquo;un noyau principal. Une fois achev\u00e9e, la ziggurat a une base carr\u00e9e de 105 m\u00e8tres de c\u00f4t\u00e9 (comme le temple originel), et une hauteur estim\u00e9e \u00e0 55 m\u00e8tres environ (les ruines en mesurent encore 25 aujourd&rsquo;hui). On gravit l&rsquo;\u00e9difice gr\u00e2ce \u00e0 quatre escaliers situ\u00e9s de chaque c\u00f4t\u00e9 de la tour, menant au premier \u00e9tage, puis d&rsquo;autres escaliers permettaient de monter les autres \u00e9tages, en faisant emprunter un parcours circulaire. Ces escaliers int\u00e9rieurs sont une particularit\u00e9 de l&rsquo;\u00e9difice. Cette ziggurat est alors consacr\u00e9e \u00e0 Inshushinak, mais aussi \u00e0 Napirisha, dieu du pays d&rsquo;Anshan, assurant ainsi l&rsquo;union symbolique des deux entit\u00e9s constituant l&rsquo;\u00c9lam, le bas pays de Suse et le haut pays d&rsquo;Anshan.<\/p>\n<div class=\"mw-heading mw-heading2\" style=\"text-align: justify;\">\n<h2 id=\"Le_secteur_palatial\">Le secteur palatial<\/h2>\n<\/div>\n<p style=\"text-align: justify;\">Le quartier royal \u00e9difi\u00e9 au sud-est de la cit\u00e9 sainte comprend un ensemble de trois palais, organis\u00e9s autour de grandes cours, et compos\u00e9s de nombreuses chambres reli\u00e9s par des cours int\u00e9rieures. Des tombes royales, construites sous l\u2019un des palais dont la vocation semble avoir \u00e9t\u00e9 uniquement fun\u00e9raire, ont \u00e9t\u00e9 retrouv\u00e9es avec les restes de corps incin\u00e9r\u00e9s selon une pratique proche de celle des\u00a0<a title=\"Hittites\" href=\"https:\/\/fr.wikipedia.org\/wiki\/Hittites\">Hittites<\/a>\u00a0ou des\u00a0<a title=\"Hourrites\" href=\"https:\/\/fr.wikipedia.org\/wiki\/Hourrites\">Hourrites<\/a>, mais qui n\u2019est pas ancr\u00e9e dans la tradition \u00e9lamite. Cette dynastie pourrait avoir des origines \u00e9trang\u00e8res et a peut-\u00eatre m\u00eame \u00e9t\u00e9 en rapport avec des groupes primitivement indo-europ\u00e9ens. Un temple de\u00a0<a title=\"Nusku\" href=\"https:\/\/fr.wikipedia.org\/wiki\/Nusku\">Nusku<\/a>, divinit\u00e9 m\u00e9sopotamienne du feu, a \u00e9t\u00e9 d\u00e9gag\u00e9 \u00e0 proximit\u00e9 des palais. C\u2019est un fait assez \u00e9tonnant, la M\u00e9sopotamie n\u2019ayant pas particuli\u00e8rement honor\u00e9 ce dieu, et si sa pr\u00e9sence en \u00c9lam \u00e9voque l\u2019importance de ce culte en\u00a0<a title=\"Iran\" href=\"https:\/\/fr.wikipedia.org\/wiki\/Iran\">Iran<\/a>, on peut se demander s\u2019il ne faut pas y voir les premi\u00e8res traces d\u2019une empreinte perse.<\/p>\n<div class=\"mw-heading mw-heading2\" style=\"text-align: justify;\">\n<h2 id=\"Notes_et_r\u00e9f\u00e9rences\"><span id=\"Notes_et_r.C3.A9f.C3.A9rences\"><\/span>Notes et r\u00e9f\u00e9rences<\/h2>\n<\/div>\n<div class=\"mw-references-wrap\" style=\"text-align: justify;\">\n<ol class=\"references\">\n<li id=\"cite_note-1\"><span class=\"reference-text\">Dominique Charpin Directeur d&rsquo;\u00e9tudes \u00e0 l&rsquo;EPHE, Sorbonne (section des Sciences historiques et philologiques):\u00a0<a class=\"external text\" href=\"https:\/\/www.clio.fr\/BIBLIOTHEQUE\/l_elam_et_les_elamites.asp\" rel=\"nofollow\">L&rsquo;Elam et les \u00c9lamites<\/a><small class=\"cachelinks\">\u00a0[<a title=\"archive sur Wikiwix\" href=\"https:\/\/archive.wikiwix.com\/cache\/?url=https%3A%2F%2Fwww.clio.fr%2FBIBLIOTHEQUE%2Fl_elam_et_les_elamites.asp\">archive<\/a>]<\/small><\/span><\/li>\n<\/ol>\n<\/div>\n<div class=\"mw-heading mw-heading2\" style=\"text-align: justify;\">\n<h2 id=\"Bibliographie\">Bibliographie<\/h2>\n<\/div>\n<ul style=\"text-align: justify;\">\n<li><span id=\"Potts\" class=\"ouvrage\"><abbr class=\"abbr indicateur-langue\" title=\"Langue : anglais\">(en)<\/abbr>\u00a0Daniel T.\u00a0<span class=\"nom_auteur\">Potts<\/span>,\u00a0<cite class=\"italique\" lang=\"en\">The Archaeology of Elam: Formation and Transformation of an Ancient Iranian State<\/cite>, Cambridge, Cambridge University Press,\u00a0<abbr class=\"abbr\" title=\"collection\">coll.<\/abbr>\u00a0\u00ab\u00a0Cambridge World Archaeology\u00a0\u00bb,\u00a0<time>1999<\/time><\/span><\/li>\n<li><span id=\"Carter\" class=\"ouvrage\"><span id=\"Elizabeth_Carter\" class=\"ouvrage\"><abbr class=\"abbr indicateur-langue\" title=\"Langue : anglais\">(en)<\/abbr>\u00a0Elizabeth Carter,\u00a0<cite lang=\"en\">\u00ab\u00a0Chogha Zanbil\u00a0\u00bb<\/cite>, dans\u00a0<cite class=\"italique\" lang=\"en\"><a title=\"Encyclop\u00e6dia Iranica\" href=\"https:\/\/fr.wikipedia.org\/wiki\/Encyclop%C3%A6dia_Iranica\">Encyclop\u00e6dia Iranica<\/a><\/cite>\u00a0<small>(<a class=\"external text\" href=\"http:\/\/www.iranicaonline.org\/articles\/coga-zanbil\" rel=\"nofollow\">lire en ligne<\/a><small class=\"cachelinks\">\u00a0[<a title=\"archive sur Wikiwix\" href=\"https:\/\/archive.wikiwix.com\/cache\/?url=http%3A%2F%2Fwww.iranicaonline.org%2Farticles%2Fcoga-zanbil\">archive<\/a>]<\/small>)<\/small><\/span><\/span><\/li>\n<li><span id=\"Carlson2021\" class=\"ouvrage\"><span id=\"Evan_Carlson2021\" class=\"ouvrage\"><abbr class=\"abbr indicateur-langue\" title=\"Langue : anglais\">(en)<\/abbr>\u00a0Evan\u00a0<span class=\"nom_auteur\">Carlson<\/span>,\u00a0<cite lang=\"en\">\u00ab\u00a0Al Untash-Napirisha (Chogha Zanbil)\u00a0\u00bb<\/cite>, dans\u00a0<cite class=\"italique\" lang=\"en\">The Encyclopedia of Ancient History<\/cite>, John Wiley &amp; Sons, Ltd,\u00a0<time>2021<\/time>, 1\u20138\u00a0<abbr class=\"abbr\" title=\"pages\">p.<\/abbr>\u00a0<small>(<a title=\"International Standard Book Number\" href=\"https:\/\/fr.wikipedia.org\/wiki\/International_Standard_Book_Number\">ISBN<\/a>\u00a0<a title=\"Sp\u00e9cial:Ouvrages de r\u00e9f\u00e9rence\/978-1-119-39991-9\" href=\"https:\/\/fr.wikipedia.org\/wiki\/Sp%C3%A9cial:Ouvrages_de_r%C3%A9f%C3%A9rence\/978-1-119-39991-9\"><span class=\"nowrap\">978-1-119-39991-9<\/span><\/a>,\u00a0<a title=\"Digital Object Identifier\" href=\"https:\/\/fr.wikipedia.org\/wiki\/Digital_Object_Identifier\">DOI<\/a>\u00a0<span class=\"plainlinks noarchive nowrap\"><a class=\"external text\" href=\"https:\/\/dx.doi.org\/10.1002\/9781119399919.eahaa00254\" rel=\"nofollow\">10.1002\/9781119399919.eahaa00254<\/a><\/span>,\u00a0<a class=\"external text\" href=\"https:\/\/onlinelibrary.wiley.com\/doi\/abs\/10.1002\/9781119399919.eahaa00254\" rel=\"nofollow\">lire en ligne<\/a><small class=\"cachelinks\">\u00a0[<a title=\"archive sur Wikiwix\" href=\"https:\/\/archive.wikiwix.com\/cache\/?url=https%3A%2F%2Fonlinelibrary.wiley.com%2Fdoi%2Fabs%2F10.1002%2F9781119399919.eahaa00254\">archive<\/a>]<\/small>)<\/small><\/span><\/span><\/li>\n<\/ul>\n<div class=\"mw-heading mw-heading2\" style=\"text-align: justify;\">\n<h2 id=\"Voir_aussi\">Voir aussi<\/h2>\n<\/div>\n<ul>\n<li style=\"text-align: justify;\"><a title=\"Art \u00e9lamite\" href=\"https:\/\/fr.wikipedia.org\/wiki\/Art_%C3%A9lamite\">Art \u00e9lamite<\/a><\/li>\n<li style=\"text-align: justify;\"><a title=\"Architecture iranienne\" href=\"https:\/\/fr.wikipedia.org\/wiki\/Architecture_iranienne\">Architecture iranienne<\/a><\/li>\n<\/ul>\n","protected":false},"excerpt":{"rendered":"<p>Chogha Zanbil\u00a0(ou Tchogha Zanbil, (en\u00a0persan\u00a0:\u00a0\u0686\u063a\u0627\u0632\u0646\u0628\u06cc\u0644)) est un complexe\u00a0\u00e9lamite\u00a0dans la province du\u00a0Khouzistan\u00a0en\u00a0Iran. Bien avant l&rsquo;arriv\u00e9e des\u00a0Perses, les \u00c9lamites (2400 \u00e0 539 av. J.-C.) cr\u00e9\u00e8rent dans le sud-ouest de l&rsquo;Iran l&rsquo;une des premi\u00e8res civilisations du monde. Au\u00a0XIIIe\u00a0si\u00e8cle\u00a0av. J.-C., \u00e0 l&rsquo;apog\u00e9e de leur pouvoir, la\u00a0ziggourat\u00a0massive de la ville de Dur Untash dominait le royaume. Partiellement restaur\u00e9e, elle est [&hellip;]<\/p>\n","protected":false},"author":1,"featured_media":0,"parent":0,"menu_order":0,"comment_status":"closed","ping_status":"closed","template":"","meta":{"footnotes":""},"class_list":["post-22090","page","type-page","status-publish","hentry"],"_links":{"self":[{"href":"https:\/\/oraziopuglisi.art\/index.php\/wp-json\/wp\/v2\/pages\/22090","targetHints":{"allow":["GET"]}}],"collection":[{"href":"https:\/\/oraziopuglisi.art\/index.php\/wp-json\/wp\/v2\/pages"}],"about":[{"href":"https:\/\/oraziopuglisi.art\/index.php\/wp-json\/wp\/v2\/types\/page"}],"author":[{"embeddable":true,"href":"https:\/\/oraziopuglisi.art\/index.php\/wp-json\/wp\/v2\/users\/1"}],"replies":[{"embeddable":true,"href":"https:\/\/oraziopuglisi.art\/index.php\/wp-json\/wp\/v2\/comments?post=22090"}],"version-history":[{"count":1,"href":"https:\/\/oraziopuglisi.art\/index.php\/wp-json\/wp\/v2\/pages\/22090\/revisions"}],"predecessor-version":[{"id":22091,"href":"https:\/\/oraziopuglisi.art\/index.php\/wp-json\/wp\/v2\/pages\/22090\/revisions\/22091"}],"wp:attachment":[{"href":"https:\/\/oraziopuglisi.art\/index.php\/wp-json\/wp\/v2\/media?parent=22090"}],"curies":[{"name":"wp","href":"https:\/\/api.w.org\/{rel}","templated":true}]}}