{"id":22086,"date":"2026-02-01T21:45:53","date_gmt":"2026-02-01T20:45:53","guid":{"rendered":"https:\/\/oraziopuglisi.art\/?page_id=22086"},"modified":"2026-02-01T21:45:53","modified_gmt":"2026-02-01T20:45:53","slug":"konar-sandal","status":"publish","type":"page","link":"https:\/\/oraziopuglisi.art\/index.php\/konar-sandal\/","title":{"rendered":"Konar Sandal"},"content":{"rendered":"<p style=\"text-align: justify;\"><b>Konar Sandal<\/b>\u00a0est un site arch\u00e9ologique situ\u00e9 au sud de l&rsquo;<a title=\"Iran\" href=\"https:\/\/fr.wikipedia.org\/wiki\/Iran\">Iran<\/a>, dans le\u00a0<a title=\"Kerman\" href=\"https:\/\/fr.wikipedia.org\/wiki\/Kerman\">Kerman<\/a>, dans la vall\u00e9e du\u00a0<a title=\"Halil Roud\" href=\"https:\/\/fr.wikipedia.org\/wiki\/Halil_Roud\">Halil Roud<\/a>, pr\u00e8s de la ville de\u00a0<a title=\"Djiroft\" href=\"https:\/\/fr.wikipedia.org\/wiki\/Djiroft\">Djiroft<\/a>. Il a \u00e9t\u00e9 d\u00e9couvert en 2001, \u00e0 la suite de\u00a0<a title=\"Fouille clandestine\" href=\"https:\/\/fr.wikipedia.org\/wiki\/Fouille_clandestine\">fouilles clandestines<\/a>\u00a0qui ont eu lieu dans des cimeti\u00e8res de l&rsquo;<a title=\"\u00c2ge du bronze\" href=\"https:\/\/fr.wikipedia.org\/wiki\/%C3%82ge_du_bronze\">\u00e2ge du bronze<\/a>\u00a0situ\u00e9s \u00e0 proximit\u00e9. Le site de Konar Sandal fait depuis cette date l&rsquo;objet de fouilles r\u00e9guli\u00e8res, par une \u00e9quipe arch\u00e9ologique iranienne dirig\u00e9e par Youssef Madjidzadeh, et s&rsquo;est r\u00e9v\u00e9l\u00e9 \u00eatre le centre le plus important de ce que l&rsquo;on peut appeler la\u00a0<a title=\"Civilisation de Jiroft\" href=\"https:\/\/fr.wikipedia.org\/wiki\/Civilisation_de_Jiroft\">civilisation de Jiroft<\/a>.<\/p>\n<div class=\"mw-heading mw-heading2\" style=\"text-align: justify;\">\n<h2 id=\"Les_deux_tertres_de_Konar_Sandal\">Les deux tertres de Konar Sandal<\/h2>\n<\/div>\n<p style=\"text-align: justify;\">Apr\u00e8s plusieurs ann\u00e9es de s\u00e9cheresse, la crue du fleuve Halil au d\u00e9but de 2001 a provoqu\u00e9 de grosses inondations qui ont \u00e9rod\u00e9 la vall\u00e9e environnante et fait affleurer les vestiges d&rsquo;une \u00e9nigmatique culture tomb\u00e9e dans l&rsquo;oubli.<\/p>\n<p style=\"text-align: justify;\">Les fouilles officielles commencent en f\u00e9vrier 2003 \u00e0 quelque 28 km de l&rsquo;actuel village de Jiroft.<\/p>\n<p style=\"text-align: justify;\">Deux tertres, distants d&rsquo;un peu moins de 2 km l&rsquo;un de l&rsquo;autre, dominent la vall\u00e9e, parcourue par un cours d&rsquo;eau. Ce site est le plus vaste des nombreux sites antiques rep\u00e9r\u00e9s dans la r\u00e9gion de Jiroft (comme\u00a0<a title=\"Tepe Yahya\" href=\"https:\/\/fr.wikipedia.org\/wiki\/Tepe_Yahya\">Tepe Yahya<\/a>, connu depuis plus longtemps), correspondant au III\u00e8 mill\u00e9naire av. J.C. Les prospections entam\u00e9es des nombreuses couches arch\u00e9ologiques permettent de penser que ces deux tertres abritent les vestiges d&rsquo;un temple et d&rsquo;une citadelle fortifi\u00e9e<sup id=\"cite_ref-1\" class=\"reference\"><a href=\"https:\/\/fr.wikipedia.org\/wiki\/Konar_Sandal#cite_note-1\"><span class=\"cite-bracket\">[<\/span>1<span class=\"cite-bracket\">]<\/span><\/a><\/sup>.<\/p>\n<p style=\"text-align: justify;\">La d\u00e9couverte de\u00a0<a title=\"Tablette d'argile\" href=\"https:\/\/fr.wikipedia.org\/wiki\/Tablette_d%27argile\">tablettes d&rsquo;argile<\/a>\u00a0portant deux types de graphie semble t\u00e9moigner d&rsquo;une civilisation qui pratiquait l&rsquo;\u00e9criture. L&rsquo;une d&rsquo;elles rappelle l&rsquo;<a title=\"\u00c9lamite lin\u00e9aire\" href=\"https:\/\/fr.wikipedia.org\/wiki\/%C3%89lamite_lin%C3%A9aire\">\u00e9lamite lin\u00e9aire<\/a>, en usage dans le pays d&rsquo;\u00c9lam voisin de la M\u00e9sopotamie, d&rsquo;apr\u00e8s l&rsquo;\u00e9quipe arch\u00e9ologique iranienne. Trois autres ont une graphie encore inconnue<sup id=\"cite_ref-2\" class=\"reference\"><a href=\"https:\/\/fr.wikipedia.org\/wiki\/Konar_Sandal#cite_note-2\"><span class=\"cite-bracket\">[<\/span>2<span class=\"cite-bracket\">]<\/span><\/a><\/sup>.<\/p>\n<p style=\"text-align: justify;\">Du fait du grand nombre de vases en chlorite trouv\u00e9 dans les tombes voisines, on estime que Konar Sandal devait \u00eatre le principal centre de production de ces objets, que l&rsquo;on retrouve sur tout le Plateau iranien, et jusqu&rsquo;en\u00a0<a title=\"M\u00e9sopotamie\" href=\"https:\/\/fr.wikipedia.org\/wiki\/M%C3%A9sopotamie\">M\u00e9sopotamie<\/a>, dans la\u00a0<a title=\"Civilisation de la vall\u00e9e de l'Indus\" href=\"https:\/\/fr.wikipedia.org\/wiki\/Civilisation_de_la_vall%C3%A9e_de_l%27Indus\">vall\u00e9e de l&rsquo;Indus<\/a>\u00a0et autour du\u00a0<a title=\"Golfe Persique\" href=\"https:\/\/fr.wikipedia.org\/wiki\/Golfe_Persique\">Golfe Persique<\/a>.<\/p>\n<p style=\"text-align: justify;\">En 2021, les arch\u00e9ologues iraniens travaillent \u00e0 l&rsquo;\u00e9ventuelle inscription du site sur la liste du\u00a0<a title=\"Patrimoine mondial\" href=\"https:\/\/fr.wikipedia.org\/wiki\/Patrimoine_mondial\">patrimoine mondial de l&rsquo;UNESCO<\/a><sup id=\"cite_ref-3\" class=\"reference\"><a href=\"https:\/\/fr.wikipedia.org\/wiki\/Konar_Sandal#cite_note-3\"><span class=\"cite-bracket\">[<\/span>3<span class=\"cite-bracket\">]<\/span><\/a><\/sup>.<\/p>\n<div class=\"mw-heading mw-heading2\" style=\"text-align: justify;\">\n<h2 id=\"Notes_et_r\u00e9f\u00e9rences\"><span id=\"Notes_et_r.C3.A9f.C3.A9rences\"><\/span>Notes et r\u00e9f\u00e9rences<\/h2>\n<\/div>\n<div class=\"references-small decimal\" style=\"text-align: justify;\">\n<div class=\"mw-references-wrap\">\n<ol class=\"references\">\n<li id=\"cite_note-1\"><span class=\"reference-text\">Antonio Ratti. La culture de Jiroft, myst\u00e9rieuse civilisation de l&rsquo;\u00e2ge du Bronze. National Geographic, 1er mars 2021.\u00a0<a class=\"external text\" href=\"https:\/\/www.nationalgeographic.fr\/histoire-civilisations\/la-culture-de-jiroft-mysterieuse-civilisation-de-lage-du-bronze\" rel=\"nofollow\">Lire en ligne<\/a><small class=\"cachelinks\">\u00a0[<a title=\"archive sur Wikiwix\" href=\"https:\/\/archive.wikiwix.com\/cache\/?url=https%3A%2F%2Fwww.nationalgeographic.fr%2Fhistoire-civilisations%2Fla-culture-de-jiroft-mysterieuse-civilisation-de-lage-du-bronze\">archive<\/a>]<\/small><\/span><\/li>\n<li id=\"cite_note-2\"><span class=\"reference-text\"><span id=\"Ratti2021\" class=\"ouvrage\"><span id=\"Antonio_Ratti2021\" class=\"ouvrage\">Antonio Ratti, \u00ab\u00a0<cite>Jiroft<\/cite>\u00a0\u00bb,\u00a0<i>Histoire &amp; civilisations<\/i>,\u200e\u00a0<time class=\"nowrap\" datetime=\"2021-10\" data-sort-value=\"2021-10\">octobre 2021<\/time>,\u00a0<abbr class=\"abbr\" title=\"page\">p.<\/abbr>\u00a080<\/span><\/span><\/span><\/li>\n<li id=\"cite_note-3\"><span class=\"reference-text\">Bronze Age Konar-Sandal getting ready for UNESCO status. Teheran Times, 22 mai 2021.\u00a0<a class=\"external text\" href=\"https:\/\/www.tehrantimes.com\/news\/461216\/Bronze-Age-Konar-Sandal-getting-ready-for-UNESCO-status\" rel=\"nofollow\">Lire en ligne<\/a><small class=\"cachelinks\">\u00a0[<a title=\"archive sur Wikiwix\" href=\"https:\/\/archive.wikiwix.com\/cache\/?url=https%3A%2F%2Fwww.tehrantimes.com%2Fnews%2F461216%2FBronze-Age-Konar-Sandal-getting-ready-for-UNESCO-status\">archive<\/a>]<\/small><\/span><\/li>\n<\/ol>\n<\/div>\n<\/div>\n<div class=\"mw-heading mw-heading2\" style=\"text-align: justify;\">\n<h2 id=\"Annexes\">Annexes<\/h2>\n<\/div>\n<div class=\"mw-heading mw-heading3\" style=\"text-align: justify;\">\n<h3 id=\"Articles_connexes\">Articles connexes<\/h3>\n<\/div>\n<ul style=\"text-align: justify;\">\n<li><a title=\"Civilisation de Jiroft\" href=\"https:\/\/fr.wikipedia.org\/wiki\/Civilisation_de_Jiroft\">Civilisation de Jiroft<\/a><\/li>\n<li><a title=\"Tepe Yahya\" href=\"https:\/\/fr.wikipedia.org\/wiki\/Tepe_Yahya\">Tepe Yahya<\/a><\/li>\n<\/ul>\n<div class=\"mw-heading mw-heading3\" style=\"text-align: justify;\">\n<h3 id=\"Liens_externes\">Liens externes<\/h3>\n<\/div>\n<ul style=\"text-align: justify;\">\n<li><a title=\"Aratta\" href=\"https:\/\/fr.wikipedia.org\/wiki\/Aratta\">Aratta<\/a>, \u00e0 l&rsquo;aube des civilisations,\u00a0<span class=\"ouvrage\"><span class=\"noarchive\">\u00ab\u00a0<a class=\"external text\" href=\"http:\/\/www.arte.tv\/fr\/aventure-humaine\/Aratta\/Revue-de-presse\/1095560,CmC=1094572.html\" rel=\"nofollow\"><cite>Arte<\/cite><\/a>\u00a0\u00bb<sup class=\"plainlinks\">(<a class=\"external text\" href=\"https:\/\/web.archive.org\/web\/*\/http:\/\/www.arte.tv\/fr\/aventure-humaine\/Aratta\/Revue-de-presse\/1095560,CmC=1094572.html\" rel=\"nofollow\">Archive.org<\/a>\u00a0\u2022\u00a0<a class=\"external text\" href=\"https:\/\/archive.wikiwix.com\/cache\/?url=http:\/\/www.arte.tv\/fr\/aventure-humaine\/Aratta\/Revue-de-presse\/1095560,CmC=1094572.html\" rel=\"nofollow\">Wikiwix<\/a>\u00a0\u2022\u00a0<a class=\"external text\" href=\"https:\/\/archive.is\/http:\/\/www.arte.tv\/fr\/aventure-humaine\/Aratta\/Revue-de-presse\/1095560,CmC=1094572.html\" rel=\"nofollow\">Archive.is<\/a>\u00a0\u2022\u00a0<a class=\"external text\" href=\"https:\/\/webcache.googleusercontent.com\/search?hl=fr&amp;q=cache:http:\/\/www.arte.tv\/fr\/aventure-humaine\/Aratta\/Revue-de-presse\/1095560,CmC=1094572.html\" rel=\"nofollow\">Google<\/a>\u00a0\u2022\u00a0<a title=\"Projet:Correction des liens externes\" href=\"https:\/\/fr.wikipedia.org\/wiki\/Projet:Correction_des_liens_externes#J'ai_trouv%C3%A9_un_lien_mort,_que_faire_?\">Que faire\u00a0?<\/a>)<\/sup><\/span><\/span>,\u00a0<time class=\"nowrap\" datetime=\"2006-01-28\" data-sort-value=\"2006-01-28\">28 janvier 2006<\/time>\u00a0[Film sur\u00a0<a class=\"external text\" href=\"https:\/\/www.dailymotion.com\/video\/x61543_aratta-a-l-aube-des-civilisations-1_tech\" rel=\"nofollow\">Dailymotion<\/a><small class=\"cachelinks\">\u00a0[<a title=\"archive sur Wikiwix\" href=\"https:\/\/archive.wikiwix.com\/cache\/?url=https%3A%2F%2Fwww.dailymotion.com%2Fvideo%2Fx61543_aratta-a-l-aube-des-civilisations-1_tech\">archive<\/a>]<\/small>.<\/li>\n<li><abbr class=\"abbr indicateur-langue\" title=\"Langue : anglais\">(en)<\/abbr>\u00a0<span id=\"Covington\" class=\"ouvrage\"><span id=\"Richard_Covington\" class=\"ouvrage\">Richard Covington, \u00ab\u00a0<a class=\"external text\" href=\"http:\/\/www.saudiaramcoworld.com\/issue\/200405\/what.was.jiroft..htm\" rel=\"nofollow\"><cite>What was Jiroft<\/cite><\/a><small class=\"cachelinks\">\u00a0[<a title=\"archive sur Wikiwix\" href=\"https:\/\/archive.wikiwix.com\/cache\/?url=http%3A%2F%2Fwww.saudiaramcoworld.com%2Fissue%2F200405%2Fwhat.was.jiroft..htm\">archive<\/a>]<\/small>\u00a0\u00bb, sur\u00a0<span class=\"italique\">Saudi Aramco World<\/span><\/span><\/span><\/li>\n<\/ul>\n<div class=\"mw-heading mw-heading3\" style=\"text-align: justify;\">\n<h3 id=\"Bibliographie\">Bibliographie<\/h3>\n<\/div>\n<ul>\n<li style=\"text-align: justify;\">St\u00e9phane Foucart, En Iran, un autre berceau de la civilisation,\u00a0<i>Le Monde 2<\/i>, n\u00b0 203 (<time class=\"nowrap\" datetime=\"2008-01-05\" data-sort-value=\"2008-01-05\">5 janvier 2008<\/time>).<\/li>\n<li style=\"text-align: justify;\">Jiroft,\u00a0<i><a class=\"mw-redirect\" title=\"Les Dossiers d'arch\u00e9ologie\" href=\"https:\/\/fr.wikipedia.org\/wiki\/Les_Dossiers_d%27arch%C3%A9ologie\">Les Dossiers d&rsquo;arch\u00e9ologie<\/a><\/i>, n\u00b0 287 (<time class=\"nowrap\" datetime=\"2003-10\" data-sort-value=\"2003-10\">octobre 2003<\/time>).<\/li>\n<li style=\"text-align: justify;\"><abbr class=\"abbr indicateur-langue\" title=\"Langue : anglais\">(en)<\/abbr>\u00a0Youssef Madjidzadeh,\u00a0<i>Jiroft, the Earliest Oriental Civilization<\/i>, Minist\u00e8re de la Culture et de l&rsquo;Orientation islamique, Organisme de recherche pour le patrimoine culturel et le tourisme (2003).<\/li>\n<\/ul>\n","protected":false},"excerpt":{"rendered":"<p>Konar Sandal\u00a0est un site arch\u00e9ologique situ\u00e9 au sud de l&rsquo;Iran, dans le\u00a0Kerman, dans la vall\u00e9e du\u00a0Halil Roud, pr\u00e8s de la ville de\u00a0Djiroft. Il a \u00e9t\u00e9 d\u00e9couvert en 2001, \u00e0 la suite de\u00a0fouilles clandestines\u00a0qui ont eu lieu dans des cimeti\u00e8res de l&rsquo;\u00e2ge du bronze\u00a0situ\u00e9s \u00e0 proximit\u00e9. Le site de Konar Sandal fait depuis cette date l&rsquo;objet [&hellip;]<\/p>\n","protected":false},"author":1,"featured_media":0,"parent":0,"menu_order":0,"comment_status":"closed","ping_status":"closed","template":"","meta":{"footnotes":""},"class_list":["post-22086","page","type-page","status-publish","hentry"],"_links":{"self":[{"href":"https:\/\/oraziopuglisi.art\/index.php\/wp-json\/wp\/v2\/pages\/22086","targetHints":{"allow":["GET"]}}],"collection":[{"href":"https:\/\/oraziopuglisi.art\/index.php\/wp-json\/wp\/v2\/pages"}],"about":[{"href":"https:\/\/oraziopuglisi.art\/index.php\/wp-json\/wp\/v2\/types\/page"}],"author":[{"embeddable":true,"href":"https:\/\/oraziopuglisi.art\/index.php\/wp-json\/wp\/v2\/users\/1"}],"replies":[{"embeddable":true,"href":"https:\/\/oraziopuglisi.art\/index.php\/wp-json\/wp\/v2\/comments?post=22086"}],"version-history":[{"count":1,"href":"https:\/\/oraziopuglisi.art\/index.php\/wp-json\/wp\/v2\/pages\/22086\/revisions"}],"predecessor-version":[{"id":22087,"href":"https:\/\/oraziopuglisi.art\/index.php\/wp-json\/wp\/v2\/pages\/22086\/revisions\/22087"}],"wp:attachment":[{"href":"https:\/\/oraziopuglisi.art\/index.php\/wp-json\/wp\/v2\/media?parent=22086"}],"curies":[{"name":"wp","href":"https:\/\/api.w.org\/{rel}","templated":true}]}}