{"id":22057,"date":"2026-02-01T20:42:01","date_gmt":"2026-02-01T19:42:01","guid":{"rendered":"https:\/\/oraziopuglisi.art\/?page_id=22057"},"modified":"2026-02-01T23:09:09","modified_gmt":"2026-02-01T22:09:09","slug":"antiquite","status":"publish","type":"page","link":"https:\/\/oraziopuglisi.art\/index.php\/antiquite\/","title":{"rendered":"Antiquit\u00e9"},"content":{"rendered":"<p style=\"text-align: justify;\">L&rsquo;Iran entre dans l&rsquo;histoire avec le royaume\u00a0<a title=\"\u00c9lam\" href=\"https:\/\/fr.wikipedia.org\/wiki\/%C3%89lam\">\u00e9lamite<\/a>, successeur de la p\u00e9riode proto-\u00e9lamite (dont l&rsquo;\u00e9criture n&rsquo;est toujours pas comprise), qui atteste d&rsquo;une tr\u00e8s grande long\u00e9vit\u00e9, puisque c&rsquo;est une puissance notable de la fin du\u00a0<abbr class=\"abbr\" title=\"Troisi\u00e8me\">III<sup>e<\/sup><\/abbr>\u00a0mill\u00e9naire, jusqu&rsquo;au milieu du\u00a0<abbr class=\"abbr\" title=\"premier\">I<sup>er<\/sup><\/abbr>\u00a0mill\u00e9naire, quand son h\u00e9ritage est repris par l&rsquo;Empire perse naissant. Le royaume \u00e9lamite est centr\u00e9 sur les villes d&rsquo;Anshan (Tell-e Malyan) dans le Fars, en pays proprement \u00e9lamite, et Suse, qui est \u00e0 la jonction entre les zones \u00e9lamite et m\u00e9sopotamienne, et sert de lien entre les deux. Ses souverains ont laiss\u00e9 des inscriptions dans les langues m\u00e9sopotamiennes (sum\u00e9rien et akkadien, \u00e9crits cun\u00e9iformes), mais ils ont aussi adapt\u00e9 l&rsquo;\u00e9criture cun\u00e9iforme \u00e0 leur langue d\u00e8s le\u00a0<abbr class=\"abbr\" title=\"24\u1d49 si\u00e8cle\"><span class=\"romain\">XXIV<\/span><sup>e<\/sup><\/abbr>\u00a0si\u00e8cle\u00a0<abbr class=\"abbr nowrap\" title=\"avant J\u00e9sus-Christ\">av. J.-C.<\/abbr>\u00a0au moins. L&rsquo;apog\u00e9e de ce royaume est le\u00a0<abbr class=\"abbr\" title=\"2\u1d49 mill\u00e9naire\">II<sup>e<\/sup><\/abbr>\u00a0mill\u00e9naire\u00a0<abbr class=\"abbr nowrap\" title=\"avant J\u00e9sus-Christ\">av. J.-C.<\/abbr>, notamment aux\u00a0<abbr class=\"abbr\" title=\"18\u1d49 si\u00e8cle\"><span class=\"romain\">XVIII<\/span><sup>e<\/sup><\/abbr>\u00a0et\u00a0<abbr class=\"abbr\" title=\"12\u1d49 si\u00e8cle\"><span class=\"romain\">XII<\/span><sup>e<\/sup><\/abbr>\u00a0si\u00e8cles\u00a0<abbr class=\"abbr nowrap\" title=\"avant J\u00e9sus-Christ\">av. J.-C.<\/abbr>, quand certains de ses rois r\u00e9ussissent \u00e0 dominer temporairement la M\u00e9sopotamie (nominalement ou effectivement)<sup id=\"cite_ref-6\" class=\"reference\"><a href=\"https:\/\/fr.wikipedia.org\/wiki\/Histoire_de_l%27Iran#cite_note-6\"><span class=\"cite-bracket\">[<\/span>6<span class=\"cite-bracket\">]<\/span><\/a><\/sup>. D&rsquo;autres royaumes iraniens sont connus par les sources m\u00e9sopotamiennes, en plus d&rsquo;Aratta mentionn\u00e9e plus haut\u00a0:\u00a0<a title=\"Awan\" href=\"https:\/\/fr.wikipedia.org\/wiki\/Awan\">Awan<\/a>,\u00a0<a title=\"Simashki\" href=\"https:\/\/fr.wikipedia.org\/wiki\/Simashki\">Simashki<\/a>, et\u00a0<a title=\"Zabshali\" href=\"https:\/\/fr.wikipedia.org\/wiki\/Zabshali\">Zabshali<\/a><sup id=\"cite_ref-7\" class=\"reference\"><a href=\"https:\/\/fr.wikipedia.org\/wiki\/Histoire_de_l%27Iran#cite_note-7\"><span class=\"cite-bracket\">[<\/span>7<span class=\"cite-bracket\">]<\/span><\/a><\/sup>, li\u00e9s \u00e0 l&rsquo;\u00c9lam,\u00a0<a title=\"Hamazi\" href=\"https:\/\/fr.wikipedia.org\/wiki\/Hamazi\">Hamazi<\/a>\u00a0dans le Zagros occidental et\u00a0<a title=\"Marhashi\" href=\"https:\/\/fr.wikipedia.org\/wiki\/Marhashi\">Marhashi<\/a>, situ\u00e9 plus \u00e0 l&rsquo;est.<\/p>\n<p style=\"text-align: justify;\">C&rsquo;est au cours du\u00a0<abbr class=\"abbr\" title=\"2\u1d49 mill\u00e9naire\">II<sup>e<\/sup><\/abbr>\u00a0mill\u00e9naire\u00a0<abbr class=\"abbr nowrap\" title=\"avant J\u00e9sus-Christ\">av. J.-C.<\/abbr>\u00a0(la date pr\u00e9cise est encore d\u00e9battue) qu&rsquo;arrivent sur le plateau iranien divers peuples, provenant d&rsquo;Asie centrale. Ces peuples iraniens parlaient une vari\u00e9t\u00e9 de dialectes du\u00a0<a title=\"Vieux perse\" href=\"https:\/\/fr.wikipedia.org\/wiki\/Vieux_perse\">vieux-perse<\/a>, une des\u00a0<a title=\"Langues iraniennes\" href=\"https:\/\/fr.wikipedia.org\/wiki\/Langues_iraniennes\">langues iraniennes<\/a>\u00a0appartenant \u00e0 la famille des\u00a0<a title=\"Langues indo-europ\u00e9ennes\" href=\"https:\/\/fr.wikipedia.org\/wiki\/Langues_indo-europ%C3%A9ennes\">langues indo-europ\u00e9ennes<\/a>, apparent\u00e9es \u00e0 l&rsquo;<a title=\"Avestique\" href=\"https:\/\/fr.wikipedia.org\/wiki\/Avestique\">avestique<\/a>\u00a0et au\u00a0<a title=\"Sanskrit\" href=\"https:\/\/fr.wikipedia.org\/wiki\/Sanskrit\">sanskrit<\/a>\u00a0<a title=\"Veda\" href=\"https:\/\/fr.wikipedia.org\/wiki\/Veda\">v\u00e9dique<\/a>.<\/p>\n<p style=\"text-align: justify;\">Au milieu du\u00a0<abbr class=\"abbr\" title=\"7\u1d49 si\u00e8cle\"><span class=\"romain\">VII<\/span><sup>e<\/sup><\/abbr>\u00a0si\u00e8cle\u00a0<abbr class=\"abbr nowrap\" title=\"avant J\u00e9sus-Christ\">av. J.-C.<\/abbr>, un groupe de tribus iraniennes identifi\u00e9es comme les\u00a0<a title=\"M\u00e8des\" href=\"https:\/\/fr.wikipedia.org\/wiki\/M%C3%A8des\">M\u00e8des<\/a>, \u00e9tablis au nord et au nord-ouest de l&rsquo;Iran, se lib\u00e8re du joug assyrien et \u00e9tablit son pouvoir sur la r\u00e9gion. \u00c0 la fin de ce m\u00eame si\u00e8cle, les M\u00e8des, alli\u00e9s aux Babyloniens, se lib\u00e8rent d\u00e9finitivement du pouvoir assyrien en prenant\u00a0<a title=\"Ninive\" href=\"https:\/\/fr.wikipedia.org\/wiki\/Ninive\">Ninive<\/a>\u00a0en\u00a0<a title=\"Ann\u00e9es 610 av. J.-C.\" href=\"https:\/\/fr.wikipedia.org\/wiki\/Ann%C3%A9es_610_av._J.-C.\">612 av. J.-C.<\/a><sup id=\"cite_ref-8\" class=\"reference\"><a href=\"https:\/\/fr.wikipedia.org\/wiki\/Histoire_de_l%27Iran#cite_note-8\"><span class=\"cite-bracket\">[<\/span>8<span class=\"cite-bracket\">]<\/span><\/a><\/sup>. C&rsquo;est \u00e0 la m\u00eame p\u00e9riode qu&rsquo;apparaissent les premi\u00e8res sources mentionnant le\u00a0<a title=\"Persan\" href=\"https:\/\/fr.wikipedia.org\/wiki\/Persan\">Perse<\/a>\u00a0<a title=\"Cyrus Ier\" href=\"https:\/\/fr.wikipedia.org\/wiki\/Cyrus_Ier\">Cyrus\u00a0<abbr class=\"abbr\" title=\"premier\">I<sup>er<\/sup><\/abbr><\/a>, roi d&rsquo;<a title=\"Anshan (\u00c9lam)\" href=\"https:\/\/fr.wikipedia.org\/wiki\/Anshan_(%C3%89lam)\">Anshan<\/a>, petit-fils d&rsquo;<a title=\"Ach\u00e9m\u00e9n\u00e8s\" href=\"https:\/\/fr.wikipedia.org\/wiki\/Ach%C3%A9m%C3%A9n%C3%A8s\">Ach\u00e9m\u00e9n\u00e8s<\/a>, fondateur de la dynastie des\u00a0<a title=\"Ach\u00e9m\u00e9nides\" href=\"https:\/\/fr.wikipedia.org\/wiki\/Ach%C3%A9m%C3%A9nides\">Ach\u00e9m\u00e9nides<\/a>.<\/p>\n<p style=\"text-align: justify;\">C&rsquo;est donc un autre peuple iranien, les Perses, install\u00e9 \u00e0 la fin du\u00a0<a title=\"IIe mill\u00e9naire av. J.-C.\" href=\"https:\/\/fr.wikipedia.org\/wiki\/IIe_mill%C3%A9naire_av._J.-C.\"><abbr class=\"abbr\" title=\"2\u1d49 mill\u00e9naire\">II<sup>e<\/sup><\/abbr>\u00a0mill\u00e9naire\u00a0<abbr class=\"abbr nowrap\" title=\"avant J\u00e9sus-Christ\">av. J.-C.<\/abbr><\/a>\u00a0dans le territoire du Pars (autour de l&rsquo;actuelle\u00a0<a title=\"Chiraz\" href=\"https:\/\/fr.wikipedia.org\/wiki\/Chiraz\">Shiraz<\/a>), qui donne naissance au premier vrai empire iranien en\u00a0<a title=\"Ann\u00e9es 550 av. J.-C.\" href=\"https:\/\/fr.wikipedia.org\/wiki\/Ann%C3%A9es_550_av._J.-C.\">559 av. J.-C.<\/a>, celui des Ach\u00e9m\u00e9nides.<\/p>\n<p>&nbsp;<\/p>\n<blockquote class=\"wp-embedded-content\" data-secret=\"zZzZmPlSEm\"><p><a href=\"https:\/\/oraziopuglisi.art\/index.php\/chogha-zanbil\/\">Chogha Zanbil<\/a><\/p><\/blockquote>\n<p><iframe loading=\"lazy\" class=\"wp-embedded-content\" sandbox=\"allow-scripts\" security=\"restricted\" style=\"position: absolute; visibility: hidden;\" title=\"\u00ab\u00a0Chogha Zanbil\u00a0\u00bb &#8212; Orazio Puglisi\" src=\"https:\/\/oraziopuglisi.art\/index.php\/chogha-zanbil\/embed\/#?secret=VkxxmQbQvc#?secret=zZzZmPlSEm\" data-secret=\"zZzZmPlSEm\" width=\"600\" height=\"338\" frameborder=\"0\" marginwidth=\"0\" marginheight=\"0\" scrolling=\"no\"><\/iframe><\/p>\n<p>&nbsp;<\/p>\n<blockquote class=\"wp-embedded-content\" data-secret=\"gLSiv7cyqk\"><p><a href=\"https:\/\/oraziopuglisi.art\/index.php\/haft-tappeh\/\">Haft-Tappeh<\/a><\/p><\/blockquote>\n<p><iframe loading=\"lazy\" class=\"wp-embedded-content\" sandbox=\"allow-scripts\" security=\"restricted\" style=\"position: absolute; visibility: hidden;\" title=\"\u00ab\u00a0Haft-Tappeh\u00a0\u00bb &#8212; Orazio Puglisi\" src=\"https:\/\/oraziopuglisi.art\/index.php\/haft-tappeh\/embed\/#?secret=K4JSbbXvPr#?secret=gLSiv7cyqk\" data-secret=\"gLSiv7cyqk\" width=\"600\" height=\"338\" frameborder=\"0\" marginwidth=\"0\" marginheight=\"0\" scrolling=\"no\"><\/iframe><\/p>\n<p>&nbsp;<\/p>\n<blockquote class=\"wp-embedded-content\" data-secret=\"W8Ab3dBNVu\"><p><a href=\"https:\/\/oraziopuglisi.art\/index.php\/lorestan\/\">Lorestan<\/a><\/p><\/blockquote>\n<p><iframe loading=\"lazy\" class=\"wp-embedded-content\" sandbox=\"allow-scripts\" security=\"restricted\" style=\"position: absolute; visibility: hidden;\" title=\"\u00ab\u00a0Lorestan\u00a0\u00bb &#8212; Orazio Puglisi\" src=\"https:\/\/oraziopuglisi.art\/index.php\/lorestan\/embed\/#?secret=PkNJ0hKgN4#?secret=W8Ab3dBNVu\" data-secret=\"W8Ab3dBNVu\" width=\"600\" height=\"338\" frameborder=\"0\" marginwidth=\"0\" marginheight=\"0\" scrolling=\"no\"><\/iframe><\/p>\n<p>&nbsp;<\/p>\n<blockquote class=\"wp-embedded-content\" data-secret=\"qgRHChPJV1\"><p><a href=\"https:\/\/oraziopuglisi.art\/index.php\/empire-achemenide-de-680-a-330\/\">Empire ach\u00e9m\u00e9nide (de -680 \u00e0 -330)<\/a><\/p><\/blockquote>\n<p><iframe loading=\"lazy\" class=\"wp-embedded-content\" sandbox=\"allow-scripts\" security=\"restricted\" style=\"position: absolute; visibility: hidden;\" title=\"\u00ab\u00a0Empire ach\u00e9m\u00e9nide (de -680 \u00e0 -330)\u00a0\u00bb &#8212; Orazio Puglisi\" src=\"https:\/\/oraziopuglisi.art\/index.php\/empire-achemenide-de-680-a-330\/embed\/#?secret=ct7IHVdmQM#?secret=qgRHChPJV1\" data-secret=\"qgRHChPJV1\" width=\"600\" height=\"338\" frameborder=\"0\" marginwidth=\"0\" marginheight=\"0\" scrolling=\"no\"><\/iframe><\/p>\n<p>&nbsp;<\/p>\n<p>&nbsp;<\/p>\n","protected":false},"excerpt":{"rendered":"<p>L&rsquo;Iran entre dans l&rsquo;histoire avec le royaume\u00a0\u00e9lamite, successeur de la p\u00e9riode proto-\u00e9lamite (dont l&rsquo;\u00e9criture n&rsquo;est toujours pas comprise), qui atteste d&rsquo;une tr\u00e8s grande long\u00e9vit\u00e9, puisque c&rsquo;est une puissance notable de la fin du\u00a0IIIe\u00a0mill\u00e9naire, jusqu&rsquo;au milieu du\u00a0Ier\u00a0mill\u00e9naire, quand son h\u00e9ritage est repris par l&rsquo;Empire perse naissant. Le royaume \u00e9lamite est centr\u00e9 sur les villes d&rsquo;Anshan (Tell-e [&hellip;]<\/p>\n","protected":false},"author":1,"featured_media":0,"parent":0,"menu_order":0,"comment_status":"closed","ping_status":"closed","template":"","meta":{"footnotes":""},"class_list":["post-22057","page","type-page","status-publish","hentry"],"_links":{"self":[{"href":"https:\/\/oraziopuglisi.art\/index.php\/wp-json\/wp\/v2\/pages\/22057","targetHints":{"allow":["GET"]}}],"collection":[{"href":"https:\/\/oraziopuglisi.art\/index.php\/wp-json\/wp\/v2\/pages"}],"about":[{"href":"https:\/\/oraziopuglisi.art\/index.php\/wp-json\/wp\/v2\/types\/page"}],"author":[{"embeddable":true,"href":"https:\/\/oraziopuglisi.art\/index.php\/wp-json\/wp\/v2\/users\/1"}],"replies":[{"embeddable":true,"href":"https:\/\/oraziopuglisi.art\/index.php\/wp-json\/wp\/v2\/comments?post=22057"}],"version-history":[{"count":6,"href":"https:\/\/oraziopuglisi.art\/index.php\/wp-json\/wp\/v2\/pages\/22057\/revisions"}],"predecessor-version":[{"id":22106,"href":"https:\/\/oraziopuglisi.art\/index.php\/wp-json\/wp\/v2\/pages\/22057\/revisions\/22106"}],"wp:attachment":[{"href":"https:\/\/oraziopuglisi.art\/index.php\/wp-json\/wp\/v2\/media?parent=22057"}],"curies":[{"name":"wp","href":"https:\/\/api.w.org\/{rel}","templated":true}]}}