{"id":22054,"date":"2026-02-01T20:40:39","date_gmt":"2026-02-01T19:40:39","guid":{"rendered":"https:\/\/oraziopuglisi.art\/?page_id=22054"},"modified":"2026-02-01T22:41:13","modified_gmt":"2026-02-01T21:41:13","slug":"protohistoire","status":"publish","type":"page","link":"https:\/\/oraziopuglisi.art\/index.php\/protohistoire\/","title":{"rendered":"Protohistoire"},"content":{"rendered":"<p style=\"text-align: justify;\">L&rsquo;<a title=\"\u00c2ge du cuivre\" href=\"https:\/\/fr.wikipedia.org\/wiki\/%C3%82ge_du_cuivre\">\u00c2ge du cuivre<\/a>, caract\u00e9ris\u00e9 par l&rsquo;apparition d&rsquo;\u00e9l\u00e9ments de cuivre et de c\u00e9ramiques peintes en\u00a0<a title=\"Susiane\" href=\"https:\/\/fr.wikipedia.org\/wiki\/Susiane\">Susiane<\/a>\u00a0(Sud-ouest de l&rsquo;Iran, sur le territoire de l&rsquo;actuel\u00a0<a title=\"Khouzistan\" href=\"https:\/\/fr.wikipedia.org\/wiki\/Khouzistan\">Khouzistan<\/a>) et \u00e0\u00a0<a title=\"Sialk\" href=\"https:\/\/fr.wikipedia.org\/wiki\/Sialk\">Sialk<\/a>\u00a0(centre de l&rsquo;Iran), s&rsquo;\u00e9tend en Iran tout au long du\u00a0<abbr class=\"abbr\" title=\"4\u1d49 mill\u00e9naire\">IV<sup>e<\/sup><\/abbr>\u00a0mill\u00e9naire\u00a0<abbr class=\"abbr nowrap\" title=\"avant J\u00e9sus-Christ\">av. J.-C.<\/abbr>, comme le montrent des restes arch\u00e9ologiques parmi lesquels on trouve des c\u00e9ramiques ayant des formes animales ou abstraites de grande qualit\u00e9\u00a0; certaines de ces pi\u00e8ces avaient apparemment un usage rituel. Les routes commerciales s&rsquo;\u00e9tendent \u00e0 cette \u00e9poque et des installations urbaines commencent \u00e0 surgir, dans un processus r\u00e9gional qui se d\u00e9roule entre l&rsquo;<a title=\"Anatolie\" href=\"https:\/\/fr.wikipedia.org\/wiki\/Anatolie\">Anatolie<\/a>, la\u00a0<a title=\"M\u00e9sopotamie\" href=\"https:\/\/fr.wikipedia.org\/wiki\/M%C3%A9sopotamie\">M\u00e9sopotamie<\/a>, le\u00a0<a class=\"mw-redirect\" title=\"Complexe arch\u00e9ologique bactro-margien\" href=\"https:\/\/fr.wikipedia.org\/wiki\/Complexe_arch%C3%A9ologique_bactro-margien\">Complexe arch\u00e9ologique bactro-margien<\/a>\u00a0et la\u00a0<a title=\"Civilisation de la vall\u00e9e de l'Indus\" href=\"https:\/\/fr.wikipedia.org\/wiki\/Civilisation_de_la_vall%C3%A9e_de_l%27Indus\">civilisation de la vall\u00e9e de l&rsquo;Indus<\/a>.<\/p>\n<p style=\"text-align: justify;\">Les arch\u00e9ologues commencent \u00e0 peine \u00e0 conna\u00eetre les origines des civilisations install\u00e9es sur cette terre comme la\u00a0<a title=\"Civilisation de Jiroft\" href=\"https:\/\/fr.wikipedia.org\/wiki\/Civilisation_de_Jiroft\">civilisation de Jiroft<\/a>\u00a0datant d&rsquo;il y a 5\u00a0000\u00a0ans. Elle est voisine de la\u00a0<a title=\"Civilisation proto-\u00e9lamite\" href=\"https:\/\/fr.wikipedia.org\/wiki\/Civilisation_proto-%C3%A9lamite\">civilisation proto-\u00e9lamite<\/a>, centr\u00e9e sur\u00a0<a title=\"Anshan (\u00c9lam)\" href=\"https:\/\/fr.wikipedia.org\/wiki\/Anshan_(%C3%89lam)\">Anshan<\/a>\u00a0(Tell-e Malyan), actuellement dans le\u00a0<a title=\"Province du Fars\" href=\"https:\/\/fr.wikipedia.org\/wiki\/Province_du_Fars\">Fars<\/a>, dont l&rsquo;\u00e9criture particuli\u00e8re (peut-\u00eatre attribuable en fait \u00e0 la civilisation de Jiroft) est attest\u00e9e \u00e0\u00a0<a title=\"Tepe Yahya\" href=\"https:\/\/fr.wikipedia.org\/wiki\/Tepe_Yahya\">Tepe Yahya<\/a>\u00a0dans le Fars<sup id=\"cite_ref-5\" class=\"reference\"><a href=\"https:\/\/fr.wikipedia.org\/wiki\/Histoire_de_l%27Iran#cite_note-5\"><span class=\"cite-bracket\">[<\/span>5<span class=\"cite-bracket\">]<\/span><\/a><\/sup>, Tepe\u00a0<a title=\"Sialk\" href=\"https:\/\/fr.wikipedia.org\/wiki\/Sialk\">Sialk<\/a>, Tepe Ozbaki (pr\u00e8s de T\u00e9h\u00e9ran), et m\u00eame \u00e0\u00a0<a title=\"Shahr-e Sokhteh\" href=\"https:\/\/fr.wikipedia.org\/wiki\/Shahr-e_Sokhteh\">Shahr-e Sokhteh<\/a>\u00a0dans le S\u00e9istan.<\/p>\n<p style=\"text-align: justify;\">Les\u00a0<a title=\"Sumer\" href=\"https:\/\/fr.wikipedia.org\/wiki\/Sumer\">Sum\u00e9riens<\/a>\u00a0sont aussi oppos\u00e9s au royaume d&rsquo;<a title=\"Aratta\" href=\"https:\/\/fr.wikipedia.org\/wiki\/Aratta\">Aratta<\/a>, qui appara\u00eet dans plusieurs l\u00e9gendes mettant en sc\u00e8ne les rois d&rsquo;Uruk, pr\u00e9figurant les conflits des p\u00e9riodes historiques entre l&rsquo;<a title=\"\u00c9lam\" href=\"https:\/\/fr.wikipedia.org\/wiki\/%C3%89lam\">\u00c9lam<\/a>\u00a0et les royaumes m\u00e9sopotamiens.<\/p>\n<p>&nbsp;<\/p>\n<blockquote class=\"wp-embedded-content\" data-secret=\"ZrYoC3YzOc\"><p><a href=\"https:\/\/oraziopuglisi.art\/index.php\/civilisation-de-jiroft\/\">Civilisation de Jiroft<\/a><\/p><\/blockquote>\n<p><iframe loading=\"lazy\" class=\"wp-embedded-content\" sandbox=\"allow-scripts\" security=\"restricted\" style=\"position: absolute; visibility: hidden;\" title=\"\u00ab\u00a0Civilisation de Jiroft\u00a0\u00bb &#8212; Orazio Puglisi\" src=\"https:\/\/oraziopuglisi.art\/index.php\/civilisation-de-jiroft\/embed\/#?secret=zhu65fxHTK#?secret=ZrYoC3YzOc\" data-secret=\"ZrYoC3YzOc\" width=\"600\" height=\"338\" frameborder=\"0\" marginwidth=\"0\" marginheight=\"0\" scrolling=\"no\"><\/iframe><\/p>\n<blockquote class=\"wp-embedded-content\" data-secret=\"aj2eCuwGnV\"><p><a href=\"https:\/\/oraziopuglisi.art\/index.php\/konar-sandal\/\">Konar Sandal<\/a><\/p><\/blockquote>\n<p><iframe loading=\"lazy\" class=\"wp-embedded-content\" sandbox=\"allow-scripts\" security=\"restricted\" style=\"position: absolute; visibility: hidden;\" title=\"\u00ab\u00a0Konar Sandal\u00a0\u00bb &#8212; Orazio Puglisi\" src=\"https:\/\/oraziopuglisi.art\/index.php\/konar-sandal\/embed\/#?secret=wSiCuEQ2Nz#?secret=aj2eCuwGnV\" data-secret=\"aj2eCuwGnV\" width=\"600\" height=\"338\" frameborder=\"0\" marginwidth=\"0\" marginheight=\"0\" scrolling=\"no\"><\/iframe><\/p>\n","protected":false},"excerpt":{"rendered":"<p>L&rsquo;\u00c2ge du cuivre, caract\u00e9ris\u00e9 par l&rsquo;apparition d&rsquo;\u00e9l\u00e9ments de cuivre et de c\u00e9ramiques peintes en\u00a0Susiane\u00a0(Sud-ouest de l&rsquo;Iran, sur le territoire de l&rsquo;actuel\u00a0Khouzistan) et \u00e0\u00a0Sialk\u00a0(centre de l&rsquo;Iran), s&rsquo;\u00e9tend en Iran tout au long du\u00a0IVe\u00a0mill\u00e9naire\u00a0av. J.-C., comme le montrent des restes arch\u00e9ologiques parmi lesquels on trouve des c\u00e9ramiques ayant des formes animales ou abstraites de grande qualit\u00e9\u00a0; certaines [&hellip;]<\/p>\n","protected":false},"author":1,"featured_media":0,"parent":0,"menu_order":0,"comment_status":"closed","ping_status":"closed","template":"","meta":{"footnotes":""},"class_list":["post-22054","page","type-page","status-publish","hentry"],"_links":{"self":[{"href":"https:\/\/oraziopuglisi.art\/index.php\/wp-json\/wp\/v2\/pages\/22054","targetHints":{"allow":["GET"]}}],"collection":[{"href":"https:\/\/oraziopuglisi.art\/index.php\/wp-json\/wp\/v2\/pages"}],"about":[{"href":"https:\/\/oraziopuglisi.art\/index.php\/wp-json\/wp\/v2\/types\/page"}],"author":[{"embeddable":true,"href":"https:\/\/oraziopuglisi.art\/index.php\/wp-json\/wp\/v2\/users\/1"}],"replies":[{"embeddable":true,"href":"https:\/\/oraziopuglisi.art\/index.php\/wp-json\/wp\/v2\/comments?post=22054"}],"version-history":[{"count":5,"href":"https:\/\/oraziopuglisi.art\/index.php\/wp-json\/wp\/v2\/pages\/22054\/revisions"}],"predecessor-version":[{"id":22088,"href":"https:\/\/oraziopuglisi.art\/index.php\/wp-json\/wp\/v2\/pages\/22054\/revisions\/22088"}],"wp:attachment":[{"href":"https:\/\/oraziopuglisi.art\/index.php\/wp-json\/wp\/v2\/media?parent=22054"}],"curies":[{"name":"wp","href":"https:\/\/api.w.org\/{rel}","templated":true}]}}