{"id":22047,"date":"2026-02-01T20:34:31","date_gmt":"2026-02-01T19:34:31","guid":{"rendered":"https:\/\/oraziopuglisi.art\/?page_id=22047"},"modified":"2026-02-01T22:57:09","modified_gmt":"2026-02-01T21:57:09","slug":"histoire-de-liran","status":"publish","type":"page","link":"https:\/\/oraziopuglisi.art\/index.php\/histoire-de-liran\/","title":{"rendered":"Histoire de l&rsquo;Iran"},"content":{"rendered":"<p><span style=\"font-size: 10px;\"><strong>Image mise en avant :<\/strong> <a href=\"https:\/\/fr.wikipedia.org\/wiki\/Darius_Ier\">Darius 1er\u00a0<\/a><\/span><\/p>\n<table class=\"infobox_v2 infobox infobox--frwiki noarchive\">\n<tbody>\n<tr>\n<th colspan=\"2\"><a title=\"Grand roi\" href=\"https:\/\/fr.wikipedia.org\/wiki\/Grand_roi\">Grand roi<\/a>\u00a0<a title=\"Ach\u00e9m\u00e9nides\" href=\"https:\/\/fr.wikipedia.org\/wiki\/Ach%C3%A9m%C3%A9nides\">ach\u00e9m\u00e9nide<\/a><\/th>\n<\/tr>\n<tr>\n<td colspan=\"2\"><b><time class=\"nowrap date-lien\" datetime=\"U-0520\" data-sort-value=\"U-0520\"><a class=\"mw-redirect\" title=\"521 av. J.-C.\" href=\"https:\/\/fr.wikipedia.org\/wiki\/521_av._J.-C.\">521\u00a0<abbr class=\"abbr\" title=\"avant J\u00e9sus-Christ\">av. J.-C.<\/abbr><\/a><\/time>\u00a0\u2013\u00a0<time class=\"nowrap date-lien\" datetime=\"U-0485\" data-sort-value=\"U-0485\"><a title=\"486 av. J.-C.\" href=\"https:\/\/fr.wikipedia.org\/wiki\/486_av._J.-C.\">486\u00a0<abbr class=\"abbr\" title=\"avant J\u00e9sus-Christ\">av. J.-C.<\/abbr><\/a><\/time><br \/>\n<small>(<span class=\"datasortkey\" data-sort-value=\"&amp;0000000000012814\">35\u00a0ans<\/span>)<\/small><\/b><\/td>\n<\/tr>\n<tr>\n<th scope=\"row\">Pr\u00e9d\u00e9cesseur<\/th>\n<td><a title=\"Cambyse II\" href=\"https:\/\/fr.wikipedia.org\/wiki\/Cambyse_II\">Cambyse\u00a0<abbr class=\"abbr\" title=\"2\"><span class=\"romain\">II<\/span><\/abbr><\/a>\u00a0et\u00a0<a title=\"Bardiya\" href=\"https:\/\/fr.wikipedia.org\/wiki\/Bardiya\">Bardiya<\/a><\/td>\n<\/tr>\n<tr>\n<th scope=\"row\">Successeur<\/th>\n<td><a title=\"Xerx\u00e8s Ier\" href=\"https:\/\/fr.wikipedia.org\/wiki\/Xerx%C3%A8s_Ier\">Xerx\u00e8s\u00a0<abbr class=\"abbr\" title=\"premier\"><span class=\"romain\">I<\/span><sup>er<\/sup><\/abbr><\/a><\/td>\n<\/tr>\n<tr>\n<th colspan=\"2\"><a title=\"Pharaon\" href=\"https:\/\/fr.wikipedia.org\/wiki\/Pharaon\">Pharaon<\/a>\u00a0d&rsquo;<a title=\"\u00c9gypte antique\" href=\"https:\/\/fr.wikipedia.org\/wiki\/%C3%89gypte_antique\">\u00c9gypte<\/a><\/th>\n<\/tr>\n<tr>\n<td colspan=\"2\"><b><time class=\"nowrap date-lien\" datetime=\"U-0520\" data-sort-value=\"U-0520\"><a class=\"mw-redirect\" title=\"521 av. J.-C.\" href=\"https:\/\/fr.wikipedia.org\/wiki\/521_av._J.-C.\">521\u00a0<abbr class=\"abbr\" title=\"avant J\u00e9sus-Christ\">av. J.-C.<\/abbr><\/a><\/time>\u00a0\u2013\u00a0<time class=\"nowrap date-lien\" datetime=\"U-0485\" data-sort-value=\"U-0485\"><a title=\"486 av. J.-C.\" href=\"https:\/\/fr.wikipedia.org\/wiki\/486_av._J.-C.\">486\u00a0<abbr class=\"abbr\" title=\"avant J\u00e9sus-Christ\">av. J.-C.<\/abbr><\/a><\/time><br \/>\n<small>(<span class=\"datasortkey\" data-sort-value=\"&amp;0000000000012814\">35\u00a0ans<\/span>)<\/small><\/b><\/td>\n<\/tr>\n<tr>\n<th scope=\"row\">Monarque<\/th>\n<td>Setoutr\u00ea<\/td>\n<\/tr>\n<tr>\n<th scope=\"row\">Pr\u00e9d\u00e9cesseur<\/th>\n<td><a title=\"Cambyse II\" href=\"https:\/\/fr.wikipedia.org\/wiki\/Cambyse_II\">Cambyse\u00a0<abbr class=\"abbr\" title=\"2\"><span class=\"romain\">II<\/span><\/abbr><\/a><\/td>\n<\/tr>\n<tr>\n<th scope=\"row\">Successeur<\/th>\n<td><a title=\"Xerx\u00e8s Ier\" href=\"https:\/\/fr.wikipedia.org\/wiki\/Xerx%C3%A8s_Ier\">Xerx\u00e8s\u00a0<abbr class=\"abbr\" title=\"premier\"><span class=\"romain\">I<\/span><sup>er<\/sup><\/abbr><\/a><\/td>\n<\/tr>\n<tr>\n<th colspan=\"2\">Biographie<\/th>\n<\/tr>\n<tr>\n<th scope=\"row\"><span class=\"nowrap\">Dynastie<\/span><\/th>\n<td><a title=\"Ach\u00e9m\u00e9nides\" href=\"https:\/\/fr.wikipedia.org\/wiki\/Ach%C3%A9m%C3%A9nides\">Ach\u00e9m\u00e9nides<\/a>,<br \/>\n<a title=\"XXVIIe dynastie \u00e9gyptienne\" href=\"https:\/\/fr.wikipedia.org\/wiki\/XXVIIe_dynastie_%C3%A9gyptienne\"><abbr class=\"abbr\" title=\"Vingt-septi\u00e8me\">XXVII<sup>e<\/sup><\/abbr>\u00a0dynastie<\/a>\u00a0(premi\u00e8re domination perse)<\/td>\n<\/tr>\n<tr>\n<th scope=\"row\"><span class=\"nowrap\">Date de naissance<\/span><\/th>\n<td><span class=\"nowrap\"><abbr class=\"abbr\" title=\"vers\">v.<\/abbr>\u00a0<time class=\"nowrap date-lien bday\" datetime=\"U-0549\" data-sort-value=\"U-0549\"><a class=\"mw-redirect\" title=\"550 av. J.-C.\" href=\"https:\/\/fr.wikipedia.org\/wiki\/550_av._J.-C.\">550\u00a0<abbr class=\"abbr\" title=\"avant J\u00e9sus-Christ\">av. J.-C.<\/abbr><\/a><\/time><\/span><\/td>\n<\/tr>\n<tr>\n<th scope=\"row\"><span class=\"nowrap\">Date de d\u00e9c\u00e8s<\/span><\/th>\n<td><time class=\"nowrap date-lien dday\" datetime=\"U-0485\" data-sort-value=\"U-0485\"><a title=\"486 av. J.-C.\" href=\"https:\/\/fr.wikipedia.org\/wiki\/486_av._J.-C.\">486\u00a0<abbr class=\"abbr\" title=\"avant J\u00e9sus-Christ\">av. J.-C.<\/abbr><\/a><\/time><\/td>\n<\/tr>\n<tr>\n<th scope=\"row\">P\u00e8re<\/th>\n<td><a title=\"Hystaspe (p\u00e8re de Darius Ier)\" href=\"https:\/\/fr.wikipedia.org\/wiki\/Hystaspe_(p%C3%A8re_de_Darius_Ier)\">Hystasp\u00e8s<\/a><\/td>\n<\/tr>\n<tr>\n<th scope=\"row\">Conjoint<\/th>\n<td><a title=\"Atossa\" href=\"https:\/\/fr.wikipedia.org\/wiki\/Atossa\">Atossa<\/a><br \/>\n<a title=\"Artyston\u00e8\" href=\"https:\/\/fr.wikipedia.org\/wiki\/Artyston%C3%A8\">Artyston\u00e8<\/a><br \/>\n<a class=\"new\" title=\"Parmys (page inexistante)\" href=\"https:\/\/fr.wikipedia.org\/w\/index.php?title=Parmys&amp;action=edit&amp;redlink=1\">Parmys<\/a><br \/>\n<a class=\"new\" title=\"Phaidim\u00e8 (page inexistante)\" href=\"https:\/\/fr.wikipedia.org\/w\/index.php?title=Phaidim%C3%A8&amp;action=edit&amp;redlink=1\">Phaidim\u00e8<\/a><br \/>\n<a class=\"new\" title=\"Phratagoun\u00e8 (page inexistante)\" href=\"https:\/\/fr.wikipedia.org\/w\/index.php?title=Phratagoun%C3%A8&amp;action=edit&amp;redlink=1\">Phratagoun\u00e8<\/a><br \/>\nune fille de\u00a0<a title=\"Gobryas (fils de Darius Ier)\" href=\"https:\/\/fr.wikipedia.org\/wiki\/Gobryas_(fils_de_Darius_Ier)\">Gobryas<\/a><\/td>\n<\/tr>\n<tr>\n<th scope=\"row\">Enfants<\/th>\n<td>\u2642\u00a0<a title=\"Xerx\u00e8s Ier\" href=\"https:\/\/fr.wikipedia.org\/wiki\/Xerx%C3%A8s_Ier\">Xerx\u00e8s\u00a0<abbr class=\"abbr\" title=\"premier\"><span class=\"romain\">I<\/span><sup>er<\/sup><\/abbr><\/a><br \/>\n\u2642\u00a0<a title=\"Ach\u00e9m\u00e9n\u00e8s (satrape)\" href=\"https:\/\/fr.wikipedia.org\/wiki\/Ach%C3%A9m%C3%A9n%C3%A8s_(satrape)\">Ach\u00e9m\u00e9n\u00e8s<\/a><br \/>\n\u2642\u00a0<a title=\"Hystasp\u00e8s\" href=\"https:\/\/fr.wikipedia.org\/wiki\/Hystasp%C3%A8s\">Hystasp\u00e8s<\/a><br \/>\n\u2642\u00a0<a title=\"Masist\u00e8s\" href=\"https:\/\/fr.wikipedia.org\/wiki\/Masist%C3%A8s\">Masist\u00e8s<\/a><br \/>\n\u2642\u00a0<a title=\"Gobryas (fils de Darius Ier)\" href=\"https:\/\/fr.wikipedia.org\/wiki\/Gobryas_(fils_de_Darius_Ier)\">Gobryas<\/a><br \/>\n\u2640\u00a0<a title=\"Artazostre\" href=\"https:\/\/fr.wikipedia.org\/wiki\/Artazostre\">Artazostre<\/a><br \/>\n\u2642\u00a0<a title=\"Abrocom\u00e8s\" href=\"https:\/\/fr.wikipedia.org\/wiki\/Abrocom%C3%A8s\">Abrocom\u00e8s<\/a><br \/>\n\u2642\u00a0<a title=\"Hyp\u00e9rant\u00e8s\" href=\"https:\/\/fr.wikipedia.org\/wiki\/Hyp%C3%A9rant%C3%A8s\">Hyp\u00e9rant\u00e8s<\/a><br \/>\n\u2642\u00a0<a title=\"Ariabign\u00e8s\" href=\"https:\/\/fr.wikipedia.org\/wiki\/Ariabign%C3%A8s\">Ariabign\u00e8s<\/a><br \/>\n\u2642\u00a0<a title=\"Arsam\u00e8s (fils de Darius Ier)\" href=\"https:\/\/fr.wikipedia.org\/wiki\/Arsam%C3%A8s_(fils_de_Darius_Ier)\">Arsam\u00e8s<\/a><br \/>\n\u2642\u00a0<a title=\"Ariomardos\" href=\"https:\/\/fr.wikipedia.org\/wiki\/Ariomardos\">Ariomardos<\/a><br \/>\n\u2642\u00a0<a title=\"Artobarzan\u00e8s\" href=\"https:\/\/fr.wikipedia.org\/wiki\/Artobarzan%C3%A8s\">Artobarzan\u00e8s<\/a><\/td>\n<\/tr>\n<\/tbody>\n<\/table>\n<p>&nbsp;<\/p>\n<p style=\"text-align: justify;\">L\u2019<b>histoire de l&rsquo;<a title=\"Iran\" href=\"https:\/\/fr.wikipedia.org\/wiki\/Iran\">Iran<\/a><\/b>\u00a0(ou\u00a0<b>Perse<\/b>) couvre des milliers d&rsquo;ann\u00e9es, depuis les cultures antiques du plateau iranien, comme l&rsquo;ancienne\u00a0<a title=\"Civilisation de Jiroft\" href=\"https:\/\/fr.wikipedia.org\/wiki\/Civilisation_de_Jiroft\">civilisation de Jiroft<\/a>\u00a0dans la province du Kerman et de\u00a0<a title=\"Shahr-e Sokhteh\" href=\"https:\/\/fr.wikipedia.org\/wiki\/Shahr-e_Sokhteh\">Shahr-e Sokhteh<\/a>\u00a0(\u00ab\u00a0la cit\u00e9 br\u00fbl\u00e9e\u00a0\u00bb) dans la province de Sistan-et-Baloutchistan. Ces cultures sont suivies par le royaume d&rsquo;<a title=\"\u00c9lam\" href=\"https:\/\/fr.wikipedia.org\/wiki\/%C3%89lam\">\u00c9lam<\/a>, entre les actuelles provinces du Khuzistan et du Fars, par la civilisation de Lorestan et par la floraison de celle de\u00a0<a title=\"Marlik\" href=\"https:\/\/fr.wikipedia.org\/wiki\/Marlik\">Marlik<\/a>\u00a0dans la province du Gilan. Viennent encore les Mann\u00e9ens, \u00e0 l&rsquo;origine install\u00e9s au sud du lac d&rsquo;Orumieh, pr\u00e8s de l&rsquo;actuelle ville de\u00a0<a title=\"Piranchahr\" href=\"https:\/\/fr.wikipedia.org\/wiki\/Piranchahr\">Piranshahr<\/a>\u00a0dans la province du Kordestan, qui se sont r\u00e9pandus dans l&rsquo;ensemble des provinces d&rsquo;Azarbaijan, puis les peuples\u00a0<a title=\"M\u00e8des\" href=\"https:\/\/fr.wikipedia.org\/wiki\/M%C3%A8des\">m\u00e8des<\/a>\u00a0et\u00a0<a title=\"Persans\" href=\"https:\/\/fr.wikipedia.org\/wiki\/Persans\">perses<\/a>\u00a0qui fondent l&#8217;empire\u00a0<a title=\"Ach\u00e9m\u00e9nides\" href=\"https:\/\/fr.wikipedia.org\/wiki\/Ach%C3%A9m%C3%A9nides\">ach\u00e9m\u00e9nide<\/a>. Enfin arrivent les\u00a0<a title=\"Parthie\" href=\"https:\/\/fr.wikipedia.org\/wiki\/Parthie\">Parthes<\/a>, les\u00a0<a title=\"Sassanides\" href=\"https:\/\/fr.wikipedia.org\/wiki\/Sassanides\">Sassanides<\/a>\u00a0et jusqu&rsquo;\u00e0 l&rsquo;actuelle\u00a0<a title=\"Iran\" href=\"https:\/\/fr.wikipedia.org\/wiki\/Iran\">r\u00e9publique islamique d&rsquo;Iran<\/a>.<\/p>\n<p>&nbsp;<\/p>\n<p><iframe loading=\"lazy\" title=\"Que se passe-t-il exactement en Iran? | avec Morgan Lotz\" width=\"600\" height=\"338\" src=\"https:\/\/www.youtube.com\/embed\/v-dQhsJ2zzs?feature=oembed\" frameborder=\"0\" allow=\"accelerometer; autoplay; clipboard-write; encrypted-media; gyroscope; picture-in-picture; web-share\" referrerpolicy=\"strict-origin-when-cross-origin\" allowfullscreen><\/iframe><\/p>\n<p>&nbsp;<\/p>\n<p>&nbsp;<\/p>\n<blockquote class=\"wp-embedded-content\" data-secret=\"iUHmYA28jU\"><p><a href=\"https:\/\/oraziopuglisi.art\/index.php\/prehistoire\/\">Pr\u00e9histoire<\/a><\/p><\/blockquote>\n<p><iframe loading=\"lazy\" class=\"wp-embedded-content\" sandbox=\"allow-scripts\" security=\"restricted\" style=\"position: absolute; visibility: hidden;\" title=\"\u00ab\u00a0Pr\u00e9histoire\u00a0\u00bb &#8212; Orazio Puglisi\" src=\"https:\/\/oraziopuglisi.art\/index.php\/prehistoire\/embed\/#?secret=WDMSvWIzTs#?secret=iUHmYA28jU\" data-secret=\"iUHmYA28jU\" width=\"600\" height=\"338\" frameborder=\"0\" marginwidth=\"0\" marginheight=\"0\" scrolling=\"no\"><\/iframe><\/p>\n<blockquote class=\"wp-embedded-content\" data-secret=\"USHDIPMVpx\"><p><a href=\"https:\/\/oraziopuglisi.art\/index.php\/protohistoire\/\">Protohistoire<\/a><\/p><\/blockquote>\n<p><iframe loading=\"lazy\" class=\"wp-embedded-content\" sandbox=\"allow-scripts\" security=\"restricted\" style=\"position: absolute; visibility: hidden;\" title=\"\u00ab\u00a0Protohistoire\u00a0\u00bb &#8212; Orazio Puglisi\" src=\"https:\/\/oraziopuglisi.art\/index.php\/protohistoire\/embed\/#?secret=oHNi56Ibu2#?secret=USHDIPMVpx\" data-secret=\"USHDIPMVpx\" width=\"600\" height=\"338\" frameborder=\"0\" marginwidth=\"0\" marginheight=\"0\" scrolling=\"no\"><\/iframe><\/p>\n<blockquote class=\"wp-embedded-content\" data-secret=\"m10luRS3Bx\"><p><a href=\"https:\/\/oraziopuglisi.art\/index.php\/antiquite\/\">Antiquit\u00e9<\/a><\/p><\/blockquote>\n<p><iframe loading=\"lazy\" class=\"wp-embedded-content\" sandbox=\"allow-scripts\" security=\"restricted\" style=\"position: absolute; visibility: hidden;\" title=\"\u00ab\u00a0Antiquit\u00e9\u00a0\u00bb &#8212; Orazio Puglisi\" src=\"https:\/\/oraziopuglisi.art\/index.php\/antiquite\/embed\/#?secret=zFQEZ71laP#?secret=m10luRS3Bx\" data-secret=\"m10luRS3Bx\" width=\"600\" height=\"338\" frameborder=\"0\" marginwidth=\"0\" marginheight=\"0\" scrolling=\"no\"><\/iframe><\/p>\n<blockquote class=\"wp-embedded-content\" data-secret=\"gcaZ9E0g9v\"><p><a href=\"https:\/\/oraziopuglisi.art\/index.php\/perse-medievale\/\">Perse M\u00e9di\u00e9vale<\/a><\/p><\/blockquote>\n<p><iframe loading=\"lazy\" class=\"wp-embedded-content\" sandbox=\"allow-scripts\" security=\"restricted\" style=\"position: absolute; visibility: hidden;\" title=\"\u00ab\u00a0Perse M\u00e9di\u00e9vale\u00a0\u00bb &#8212; Orazio Puglisi\" src=\"https:\/\/oraziopuglisi.art\/index.php\/perse-medievale\/embed\/#?secret=ETZA5Q5Dud#?secret=gcaZ9E0g9v\" data-secret=\"gcaZ9E0g9v\" width=\"600\" height=\"338\" frameborder=\"0\" marginwidth=\"0\" marginheight=\"0\" scrolling=\"no\"><\/iframe><\/p>\n<blockquote class=\"wp-embedded-content\" data-secret=\"bBkNSN8zmh\"><p><a href=\"https:\/\/oraziopuglisi.art\/index.php\/la-periode-moderne-en-iran\/\">La p\u00e9riode moderne en Iran<\/a><\/p><\/blockquote>\n<p><iframe loading=\"lazy\" class=\"wp-embedded-content\" sandbox=\"allow-scripts\" security=\"restricted\" style=\"position: absolute; visibility: hidden;\" title=\"\u00ab\u00a0La p\u00e9riode moderne en Iran\u00a0\u00bb &#8212; Orazio Puglisi\" src=\"https:\/\/oraziopuglisi.art\/index.php\/la-periode-moderne-en-iran\/embed\/#?secret=EPc23xTTTT#?secret=bBkNSN8zmh\" data-secret=\"bBkNSN8zmh\" width=\"600\" height=\"338\" frameborder=\"0\" marginwidth=\"0\" marginheight=\"0\" scrolling=\"no\"><\/iframe><\/p>\n<blockquote class=\"wp-embedded-content\" data-secret=\"t0nDumbyIx\"><p><a href=\"https:\/\/oraziopuglisi.art\/index.php\/periode-contemporaine\/\">P\u00e9riode Contemporaine<\/a><\/p><\/blockquote>\n<p><iframe loading=\"lazy\" class=\"wp-embedded-content\" sandbox=\"allow-scripts\" security=\"restricted\" style=\"position: absolute; visibility: hidden;\" title=\"\u00ab\u00a0P\u00e9riode Contemporaine\u00a0\u00bb &#8212; Orazio Puglisi\" src=\"https:\/\/oraziopuglisi.art\/index.php\/periode-contemporaine\/embed\/#?secret=hUBmbK5bDP#?secret=t0nDumbyIx\" data-secret=\"t0nDumbyIx\" width=\"600\" height=\"338\" frameborder=\"0\" marginwidth=\"0\" marginheight=\"0\" scrolling=\"no\"><\/iframe><\/p>\n<blockquote class=\"wp-embedded-content\" data-secret=\"F3rhJG5jAX\"><p><a href=\"https:\/\/oraziopuglisi.art\/index.php\/la-republique-islamique-diran-1979-present\/\">La r\u00e9publique islamique d&rsquo;Iran (1979-pr\u00e9sent)<\/a><\/p><\/blockquote>\n<p><iframe loading=\"lazy\" class=\"wp-embedded-content\" sandbox=\"allow-scripts\" security=\"restricted\" style=\"position: absolute; visibility: hidden;\" title=\"\u00ab\u00a0La r\u00e9publique islamique d&rsquo;Iran (1979-pr\u00e9sent)\u00a0\u00bb &#8212; Orazio Puglisi\" src=\"https:\/\/oraziopuglisi.art\/index.php\/la-republique-islamique-diran-1979-present\/embed\/#?secret=UvVb88KHD7#?secret=F3rhJG5jAX\" data-secret=\"F3rhJG5jAX\" width=\"600\" height=\"338\" frameborder=\"0\" marginwidth=\"0\" marginheight=\"0\" scrolling=\"no\"><\/iframe><\/p>\n<blockquote class=\"wp-embedded-content\" data-secret=\"xjFNGhL0i4\"><p><a href=\"https:\/\/oraziopuglisi.art\/index.php\/notes-et-references\/\">Notes et R\u00e9f\u00e9rences<\/a><\/p><\/blockquote>\n<p><iframe loading=\"lazy\" class=\"wp-embedded-content\" sandbox=\"allow-scripts\" security=\"restricted\" style=\"position: absolute; visibility: hidden;\" title=\"\u00ab\u00a0Notes et R\u00e9f\u00e9rences\u00a0\u00bb &#8212; Orazio Puglisi\" src=\"https:\/\/oraziopuglisi.art\/index.php\/notes-et-references\/embed\/#?secret=algumktiCv#?secret=xjFNGhL0i4\" data-secret=\"xjFNGhL0i4\" width=\"600\" height=\"338\" frameborder=\"0\" marginwidth=\"0\" marginheight=\"0\" scrolling=\"no\"><\/iframe><\/p>\n<p>&nbsp;<\/p>\n","protected":false},"excerpt":{"rendered":"<p>Image mise en avant : Darius 1er\u00a0 Grand roi\u00a0ach\u00e9m\u00e9nide 521\u00a0av. J.-C.\u00a0\u2013\u00a0486\u00a0av. J.-C. (35\u00a0ans) Pr\u00e9d\u00e9cesseur Cambyse\u00a0II\u00a0et\u00a0Bardiya Successeur Xerx\u00e8s\u00a0Ier Pharaon\u00a0d&rsquo;\u00c9gypte 521\u00a0av. J.-C.\u00a0\u2013\u00a0486\u00a0av. J.-C. (35\u00a0ans) Monarque Setoutr\u00ea Pr\u00e9d\u00e9cesseur Cambyse\u00a0II Successeur Xerx\u00e8s\u00a0Ier Biographie Dynastie Ach\u00e9m\u00e9nides, XXVIIe\u00a0dynastie\u00a0(premi\u00e8re domination perse) Date de naissance v.\u00a0550\u00a0av. J.-C. Date de d\u00e9c\u00e8s 486\u00a0av. J.-C. P\u00e8re Hystasp\u00e8s Conjoint Atossa Artyston\u00e8 Parmys Phaidim\u00e8 Phratagoun\u00e8 une fille de\u00a0Gobryas [&hellip;]<\/p>\n","protected":false},"author":1,"featured_media":22099,"parent":0,"menu_order":0,"comment_status":"closed","ping_status":"closed","template":"","meta":{"footnotes":""},"class_list":["post-22047","page","type-page","status-publish","has-post-thumbnail","hentry"],"_links":{"self":[{"href":"https:\/\/oraziopuglisi.art\/index.php\/wp-json\/wp\/v2\/pages\/22047","targetHints":{"allow":["GET"]}}],"collection":[{"href":"https:\/\/oraziopuglisi.art\/index.php\/wp-json\/wp\/v2\/pages"}],"about":[{"href":"https:\/\/oraziopuglisi.art\/index.php\/wp-json\/wp\/v2\/types\/page"}],"author":[{"embeddable":true,"href":"https:\/\/oraziopuglisi.art\/index.php\/wp-json\/wp\/v2\/users\/1"}],"replies":[{"embeddable":true,"href":"https:\/\/oraziopuglisi.art\/index.php\/wp-json\/wp\/v2\/comments?post=22047"}],"version-history":[{"count":13,"href":"https:\/\/oraziopuglisi.art\/index.php\/wp-json\/wp\/v2\/pages\/22047\/revisions"}],"predecessor-version":[{"id":22101,"href":"https:\/\/oraziopuglisi.art\/index.php\/wp-json\/wp\/v2\/pages\/22047\/revisions\/22101"}],"wp:featuredmedia":[{"embeddable":true,"href":"https:\/\/oraziopuglisi.art\/index.php\/wp-json\/wp\/v2\/media\/22099"}],"wp:attachment":[{"href":"https:\/\/oraziopuglisi.art\/index.php\/wp-json\/wp\/v2\/media?parent=22047"}],"curies":[{"name":"wp","href":"https:\/\/api.w.org\/{rel}","templated":true}]}}