{"id":21965,"date":"2026-01-31T16:12:13","date_gmt":"2026-01-31T15:12:13","guid":{"rendered":"https:\/\/oraziopuglisi.art\/?page_id=21965"},"modified":"2026-01-31T16:45:25","modified_gmt":"2026-01-31T15:45:25","slug":"laffaire-alsthom","status":"publish","type":"page","link":"https:\/\/oraziopuglisi.art\/index.php\/laffaire-alsthom\/","title":{"rendered":"L&rsquo;affaire Alsthom"},"content":{"rendered":"<p style=\"text-align: center;\"><a href=\"https:\/\/www.mediapart.fr\/journal\/france\/dossier\/dossier-laffaire-alstom\">Le dossier m\u00e9diapart<\/a><\/p>\n<p><iframe loading=\"lazy\" title=\"Alstom : la France vendue \u00e0 la d\u00e9coupe ? Fr\u00e9d\u00e9ric Pierucci [EN DIRECT]\" width=\"600\" height=\"338\" src=\"https:\/\/www.youtube.com\/embed\/dejeVuL9-7c?feature=oembed\" frameborder=\"0\" allow=\"accelerometer; autoplay; clipboard-write; encrypted-media; gyroscope; picture-in-picture; web-share\" referrerpolicy=\"strict-origin-when-cross-origin\" allowfullscreen><\/iframe><\/p>\n<p>&nbsp;<\/p>\n<p><iframe loading=\"lazy\" title=\"Marleix : ses R\u00c9V\u00c9LATIONS sur Alstom, avant sa DISPARITION | Archive exclusive | OFF\" width=\"600\" height=\"338\" src=\"https:\/\/www.youtube.com\/embed\/oaJbRNDwRqw?feature=oembed\" frameborder=\"0\" allow=\"accelerometer; autoplay; clipboard-write; encrypted-media; gyroscope; picture-in-picture; web-share\" referrerpolicy=\"strict-origin-when-cross-origin\" allowfullscreen><\/iframe><\/p>\n<p><iframe loading=\"lazy\" title=\"Fr\u00e9d\u00e9ric Pierucci ex-cadre d&#039;Alstom et Matthieu Aron, journaliste, au micro de L\u00e9a Salam\u00e9\" width=\"600\" height=\"338\" src=\"https:\/\/www.youtube.com\/embed\/AArLalrmMxE?feature=oembed\" frameborder=\"0\" allow=\"accelerometer; autoplay; clipboard-write; encrypted-media; gyroscope; picture-in-picture; web-share\" referrerpolicy=\"strict-origin-when-cross-origin\" allowfullscreen><\/iframe><\/p>\n<p><iframe loading=\"lazy\" title=\"Fr\u00e9d\u00e9ric Pierucci &amp; Olivier Marleix - &quot; L&#039;affaire Alstom est une trahison de Macron !&quot;\" width=\"600\" height=\"338\" src=\"https:\/\/www.youtube.com\/embed\/1rxC8bN6hEE?feature=oembed\" frameborder=\"0\" allow=\"accelerometer; autoplay; clipboard-write; encrypted-media; gyroscope; picture-in-picture; web-share\" referrerpolicy=\"strict-origin-when-cross-origin\" allowfullscreen><\/iframe><\/p>\n<p><iframe loading=\"lazy\" title=\"Fr\u00e9d\u00e9ric Pierucci sur l&#039;affaire Alstom :&quot;J&#039;\u00e9tais un otage \u00e9conomique !&quot;\" width=\"600\" height=\"338\" src=\"https:\/\/www.youtube.com\/embed\/af2LkiIES5c?feature=oembed\" frameborder=\"0\" allow=\"accelerometer; autoplay; clipboard-write; encrypted-media; gyroscope; picture-in-picture; web-share\" referrerpolicy=\"strict-origin-when-cross-origin\" allowfullscreen><\/iframe><\/p>\n<p><iframe loading=\"lazy\" title=\"Les zones d\u2019ombre de l\u2019affaire Alstom et Fr\u00e9d\u00e9ric Pierucci, ex-cadre sup\u00e9rieur chez Alstom\" width=\"600\" height=\"338\" src=\"https:\/\/www.youtube.com\/embed\/sR7WihdWKug?feature=oembed\" frameborder=\"0\" allow=\"accelerometer; autoplay; clipboard-write; encrypted-media; gyroscope; picture-in-picture; web-share\" referrerpolicy=\"strict-origin-when-cross-origin\" allowfullscreen><\/iframe><\/p>\n","protected":false},"excerpt":{"rendered":"<p>Le dossier m\u00e9diapart &nbsp;<\/p>\n","protected":false},"author":1,"featured_media":21976,"parent":0,"menu_order":0,"comment_status":"closed","ping_status":"closed","template":"","meta":{"footnotes":""},"class_list":["post-21965","page","type-page","status-publish","has-post-thumbnail","hentry"],"_links":{"self":[{"href":"https:\/\/oraziopuglisi.art\/index.php\/wp-json\/wp\/v2\/pages\/21965","targetHints":{"allow":["GET"]}}],"collection":[{"href":"https:\/\/oraziopuglisi.art\/index.php\/wp-json\/wp\/v2\/pages"}],"about":[{"href":"https:\/\/oraziopuglisi.art\/index.php\/wp-json\/wp\/v2\/types\/page"}],"author":[{"embeddable":true,"href":"https:\/\/oraziopuglisi.art\/index.php\/wp-json\/wp\/v2\/users\/1"}],"replies":[{"embeddable":true,"href":"https:\/\/oraziopuglisi.art\/index.php\/wp-json\/wp\/v2\/comments?post=21965"}],"version-history":[{"count":9,"href":"https:\/\/oraziopuglisi.art\/index.php\/wp-json\/wp\/v2\/pages\/21965\/revisions"}],"predecessor-version":[{"id":21974,"href":"https:\/\/oraziopuglisi.art\/index.php\/wp-json\/wp\/v2\/pages\/21965\/revisions\/21974"}],"wp:featuredmedia":[{"embeddable":true,"href":"https:\/\/oraziopuglisi.art\/index.php\/wp-json\/wp\/v2\/media\/21976"}],"wp:attachment":[{"href":"https:\/\/oraziopuglisi.art\/index.php\/wp-json\/wp\/v2\/media?parent=21965"}],"curies":[{"name":"wp","href":"https:\/\/api.w.org\/{rel}","templated":true}]}}