{"id":21740,"date":"2026-01-02T21:11:19","date_gmt":"2026-01-02T20:11:19","guid":{"rendered":"https:\/\/oraziopuglisi.art\/?page_id=21740"},"modified":"2026-01-02T21:13:50","modified_gmt":"2026-01-02T20:13:50","slug":"andre-bermond","status":"publish","type":"page","link":"https:\/\/oraziopuglisi.art\/index.php\/andre-bermond\/","title":{"rendered":"Andr\u00e9 Bermond"},"content":{"rendered":"<p style=\"text-align: justify;\">Andr\u00e9 BERMOND est un artiste n\u00e9 en 1903 et mort en 1983. Ses \u0153uvres sont pass\u00e9es en vente aux ench\u00e8res publiques \u00e0 69 reprises, majoritairement dans la cat\u00e9gorie Estampe-Multiple. La vente la plus ancienne r\u00e9pertori\u00e9e sur notre site concerne l&rsquo;oeuvre\u00a0<a href=\"https:\/\/fr.artprice.com\/artiste\/102011\/andre-bermond\/estampe-multiple\/254820\/casino-municipal-bandol\"><i>\u00abCasino Municipal, Bandol\u00bb<\/i><\/a>\u00a0pr\u00e9sent\u00e9e en 1993 chez Boisgirard (Estampe-Multiple) et la plus r\u00e9cente concerne l&rsquo;oeuvre\u00a0<a href=\"https:\/\/fr.artprice.com\/artiste\/102011\/andre-bermond\/estampe-multiple\/40488114\/le-casino-municipal-bandol\"><i>Le Casino Municipal, Bandol<\/i><\/a>\u00a0pr\u00e9sent\u00e9e en 2025 (Estampe-Multiple).<\/p>\n<p>&nbsp;<\/p>\n<p>&nbsp;<\/p>\n","protected":false},"excerpt":{"rendered":"<p>Andr\u00e9 BERMOND est un artiste n\u00e9 en 1903 et mort en 1983. Ses \u0153uvres sont pass\u00e9es en vente aux ench\u00e8res publiques \u00e0 69 reprises, majoritairement dans la cat\u00e9gorie Estampe-Multiple. La vente la plus ancienne r\u00e9pertori\u00e9e sur notre site concerne l&rsquo;oeuvre\u00a0\u00abCasino Municipal, Bandol\u00bb\u00a0pr\u00e9sent\u00e9e en 1993 chez Boisgirard (Estampe-Multiple) et la plus r\u00e9cente concerne l&rsquo;oeuvre\u00a0Le Casino Municipal, [&hellip;]<\/p>\n","protected":false},"author":1,"featured_media":0,"parent":0,"menu_order":0,"comment_status":"closed","ping_status":"closed","template":"","meta":{"footnotes":""},"class_list":["post-21740","page","type-page","status-publish","hentry"],"_links":{"self":[{"href":"https:\/\/oraziopuglisi.art\/index.php\/wp-json\/wp\/v2\/pages\/21740","targetHints":{"allow":["GET"]}}],"collection":[{"href":"https:\/\/oraziopuglisi.art\/index.php\/wp-json\/wp\/v2\/pages"}],"about":[{"href":"https:\/\/oraziopuglisi.art\/index.php\/wp-json\/wp\/v2\/types\/page"}],"author":[{"embeddable":true,"href":"https:\/\/oraziopuglisi.art\/index.php\/wp-json\/wp\/v2\/users\/1"}],"replies":[{"embeddable":true,"href":"https:\/\/oraziopuglisi.art\/index.php\/wp-json\/wp\/v2\/comments?post=21740"}],"version-history":[{"count":4,"href":"https:\/\/oraziopuglisi.art\/index.php\/wp-json\/wp\/v2\/pages\/21740\/revisions"}],"predecessor-version":[{"id":21744,"href":"https:\/\/oraziopuglisi.art\/index.php\/wp-json\/wp\/v2\/pages\/21740\/revisions\/21744"}],"wp:attachment":[{"href":"https:\/\/oraziopuglisi.art\/index.php\/wp-json\/wp\/v2\/media?parent=21740"}],"curies":[{"name":"wp","href":"https:\/\/api.w.org\/{rel}","templated":true}]}}