{"id":21714,"date":"2026-01-02T20:30:24","date_gmt":"2026-01-02T19:30:24","guid":{"rendered":"https:\/\/oraziopuglisi.art\/?page_id=21714"},"modified":"2026-01-02T20:32:35","modified_gmt":"2026-01-02T19:32:35","slug":"secession-houtsoule","status":"publish","type":"page","link":"https:\/\/oraziopuglisi.art\/index.php\/secession-houtsoule\/","title":{"rendered":"S\u00e9cession Houtsoule"},"content":{"rendered":"<p style=\"text-align: center;\"><a href=\"https:\/\/fr.wikipedia.org\/wiki\/S%C3%A9cession_houtsoule\">La S\u00e9cession Houtsoule<\/a><\/p>\n<p style=\"text-align: justify;\">\u00a0<\/p>\n<div class=\"vector-page-toolbar vector-feature-custom-font-size-clientpref--excluded\" style=\"text-align: justify;\">\n<div class=\"vector-page-toolbar-container\">\n<div id=\"left-navigation\">\n<nav aria-label=\"Espaces de noms\">\n<div id=\"p-associated-pages\" class=\"vector-menu vector-menu-tabs mw-portlet mw-portlet-associated-pages\">\u00a0<\/div>\n<\/nav>\n<\/div>\n<div id=\"right-navigation\" class=\"vector-collapsible\">\n<nav class=\"vector-page-tools-landmark\" aria-label=\"Outils de la page\">\n<div id=\"vector-page-tools-dropdown\" class=\"vector-dropdown vector-page-tools-dropdown\">\n<div class=\"vector-dropdown-content\">\n<div id=\"vector-page-tools-unpinned-container\" class=\"vector-unpinned-container\">\n<div id=\"vector-page-tools\" class=\"vector-page-tools vector-pinnable-element\">\n<div id=\"p-tb\" class=\"vector-menu mw-portlet mw-portlet-tb\">\u00a0<\/div>\n<div id=\"p-coll-print_export\" class=\"vector-menu mw-portlet mw-portlet-coll-print_export\">\n<div class=\"vector-menu-content\">\n<form>\n<div class=\"cdx-radio\">La <b>S\u00e9cession houtsoule<\/b>, \u00e9galement appel\u00e9e\u00a0<b>style des\u00a0<a title=\"Carpates\" href=\"https:\/\/fr.wikipedia.org\/wiki\/Carpates\">Carpates<\/a><\/b>\u00a0ou\u00a0<b>style de la\u00a0<a title=\"Galicie\" href=\"https:\/\/fr.wikipedia.org\/wiki\/Galicie\">Galicie<\/a>\u00a0orientale<\/b>, est un\u00a0<a title=\"Style architectural\" href=\"https:\/\/fr.wikipedia.org\/wiki\/Style_architectural\">style architectural<\/a>\u00a0qui s&rsquo;est d\u00e9velopp\u00e9 en\u00a0<a title=\"Galicie\" href=\"https:\/\/fr.wikipedia.org\/wiki\/Galicie\">Galicie<\/a>\u00a0orientale, surtout \u00e0\u00a0<a title=\"Lviv\" href=\"https:\/\/fr.wikipedia.org\/wiki\/Lviv\">Lviv<\/a>, \u00e0 partir de la fin du\u00a0<a title=\"XIXe si\u00e8cle\" href=\"https:\/\/fr.wikipedia.org\/wiki\/XIXe_si%C3%A8cle\"><abbr class=\"abbr\" title=\"19\u1d49 si\u00e8cle\"><span class=\"romain\">XIX<\/span><sup>e<\/sup><\/abbr>\u00a0si\u00e8cle<\/a>.<\/div>\n<\/form>\n<\/div>\n<\/div>\n<\/div>\n<\/div>\n<\/div>\n<\/div>\n<\/nav>\n<\/div>\n<\/div>\n<\/div>\n<div id=\"bodyContent\" class=\"vector-body ve-init-mw-desktopArticleTarget-targetContainer\" aria-labelledby=\"firstHeading\" data-mw-ve-target-container=\"\">\n<div id=\"mw-content-text\" class=\"mw-body-content\">\n<div class=\"mw-content-ltr mw-parser-output\" dir=\"ltr\" lang=\"fr\">\n<div class=\"mw-heading mw-heading2\" style=\"text-align: justify;\">\n<h2 id=\"Histoire\">Histoire<\/h2>\n<\/div>\n<p style=\"text-align: justify;\">Le style de la \u00ab\u00a0S\u00e9cession houtsoule\u00a0\u00bb r\u00e9sulte de la premi\u00e8re tentative d&rsquo;un style national ukrainien, qui \u00e9merge \u00e0 la fin du\u00a0<abbr class=\"abbr\" title=\"Dix-neuvi\u00e8me\">XIX<sup>e<\/sup><\/abbr>\u00a0et au d\u00e9but du\u00a0<abbr class=\"abbr\" title=\"Vingti\u00e8me\">XX<sup>e<\/sup><\/abbr>\u00a0si\u00e8cle. Le style est bas\u00e9 sur l&rsquo;architecture populaire locale, mais incorpore des \u00e9l\u00e9ments d&rsquo;autres styles\u00a0<a class=\"mw-redirect\" title=\"Sezession\" href=\"https:\/\/fr.wikipedia.org\/wiki\/Sezession\">r\u00e9gionaux de la S\u00e9cession<\/a>. Plus pr\u00e9cis\u00e9ment, la\u00a0<a title=\"S\u00e9cession viennoise\" href=\"https:\/\/fr.wikipedia.org\/wiki\/S%C3%A9cession_viennoise\">S\u00e9cession de Vienne<\/a>\u00a0associ\u00e9e \u00e0 l&rsquo;architecture populaire des\u00a0<a title=\"Houtsoules\" href=\"https:\/\/fr.wikipedia.org\/wiki\/Houtsoules\">montagnards Houtsoules<\/a>\u00a0forme la base de la S\u00e9cession houtsoule. Le repr\u00e9sentant le plus \u00e9minent des architectes de la S\u00e9cession houtsoule est\u00a0<a title=\"Ivan Levynskyi\" href=\"https:\/\/fr.wikipedia.org\/wiki\/Ivan_Levynskyi\">Ivan Levynskyi<\/a>, qui dirige un cabinet de plusieurs autres architectes, dont Tadeusz Obmi\u0144ski, Oleksandr Lushpynskyi et Lev Levynskyi<sup id=\"cite_ref-Galicia_1-0\" class=\"reference\"><a href=\"https:\/\/fr.wikipedia.org\/wiki\/S%C3%A9cession_houtsoule#cite_note-Galicia-1\"><span class=\"cite-bracket\">[<\/span>1<span class=\"cite-bracket\">]<\/span><\/a><\/sup>.<\/p>\n<div class=\"mw-heading mw-heading2\" style=\"text-align: justify;\">\n<h2 id=\"Caract\u00e9ristiques\"><span id=\"Caract.C3.A9ristiques\"><\/span>Caract\u00e9ristiques<\/h2>\n<\/div>\n<p style=\"text-align: justify;\">Le style de la s\u00e9cession houtsoule se manifeste par de grands\u00a0<a title=\"Toit\" href=\"https:\/\/fr.wikipedia.org\/wiki\/Toit\">toits<\/a>\u00a0en pente aux contours \u00e9labor\u00e9s. Les b\u00e2timents sont souvent surmont\u00e9s de tours semblables aux\u00a0<a title=\"Clocher\" href=\"https:\/\/fr.wikipedia.org\/wiki\/Clocher\">clochers<\/a>\u00a0des\u00a0<a title=\"\u00c9glise (\u00e9difice)\" href=\"https:\/\/fr.wikipedia.org\/wiki\/%C3%89glise_(%C3%A9difice)\">\u00e9glises<\/a>\u00a0houtsoules. La gamme de couleurs et de d\u00e9corations de l&rsquo;utilisation des m\u00e9taux et de la\u00a0<a title=\"C\u00e9ramique\" href=\"https:\/\/fr.wikipedia.org\/wiki\/C%C3%A9ramique\">c\u00e9ramique<\/a>\u00a0dans les aspects d\u00e9coratifs des b\u00e2timents est \u00e9galement tir\u00e9e de l&rsquo;architecture populaire houtsoule. Les formes des fen\u00eatres, des\u00a0<a title=\"Auvent\" href=\"https:\/\/fr.wikipedia.org\/wiki\/Auvent\">auvents<\/a>\u00a0et des portes ont une grande souplesse, incarnant les formes expressives de ce mouvement architectural<sup id=\"cite_ref-Galicia_1-1\" class=\"reference\"><a href=\"https:\/\/fr.wikipedia.org\/wiki\/S%C3%A9cession_houtsoule#cite_note-Galicia-1\"><span class=\"cite-bracket\">[<\/span>1<span class=\"cite-bracket\">]<\/span><\/a><\/sup>.<\/p>\n<div class=\"mw-heading mw-heading2\" style=\"text-align: justify;\">\n<h2 id=\"Exemples\">Exemples<\/h2>\n<\/div>\n<div class=\"mw-heading mw-heading3\" style=\"text-align: justify;\">\n<h3 id=\"Premi\u00e8re_polyclinique_municipale\"><span id=\"Premi.C3.A8re_polyclinique_municipale\"><\/span>Premi\u00e8re polyclinique municipale<\/h3>\n<\/div>\n<figure class=\"mw-default-size\" style=\"text-align: justify;\"><a class=\"mw-file-description\" href=\"https:\/\/commons.wikimedia.org\/wiki\/File:Lviv_Dnister_Levynskyj.jpg?uselang=fr\"><img loading=\"lazy\" decoding=\"async\" class=\"mw-file-element\" src=\"https:\/\/upload.wikimedia.org\/wikipedia\/commons\/thumb\/e\/ec\/Lviv_Dnister_Levynskyj.jpg\/250px-Lviv_Dnister_Levynskyj.jpg\" srcset=\"\/\/upload.wikimedia.org\/wikipedia\/commons\/e\/ec\/Lviv_Dnister_Levynskyj.jpg 1.5x\" width=\"250\" height=\"188\" data-file-width=\"333\" data-file-height=\"250\" \/><\/a><figcaption>Premi\u00e8re polyclinique municipale, 1906.<\/figcaption><\/figure>\n<p style=\"text-align: justify;\">La premi\u00e8re polyclinique municipale est un b\u00e2timent de quatre \u00e9tages construit en 1906. Le b\u00e2timent est con\u00e7u par les architectes\u00a0<a title=\"Ivan Levynskyi\" href=\"https:\/\/fr.wikipedia.org\/wiki\/Ivan_Levynskyi\">Ivan Levynskyi<\/a>\u00a0et Tadeusz Obmi\u0144ski. Il est aujourd&rsquo;hui inscrit comme monument architectural. C&rsquo;\u00e9tait anciennement le b\u00e2timent de la compagnie d&rsquo;assurance Dnister\u00a0; il joue un r\u00f4le important dans la communaut\u00e9 culturelle ukrainienne dans les ann\u00e9es qui suivent sa construction. Dans les ann\u00e9es 1950, le b\u00e2timent est repens\u00e9, perdant presque tout l&rsquo;int\u00e9rieur d&rsquo;origine. Il a accueilli un comit\u00e9 r\u00e9gional du Parti communiste ainsi que plusieurs autres \u00e9quipements et magasins communautaires \u00e0 l&rsquo;\u00e9poque de la\u00a0<a title=\"Guerre froide\" href=\"https:\/\/fr.wikipedia.org\/wiki\/Guerre_froide\">guerre froide<\/a>. Il abrite actuellement une\u00a0<a title=\"Clinique\" href=\"https:\/\/fr.wikipedia.org\/wiki\/Clinique\">clinique<\/a>, un gymnase, une\u00a0<a title=\"Pharmacie\" href=\"https:\/\/fr.wikipedia.org\/wiki\/Pharmacie\">pharmacie<\/a>\u00a0et un atelier de\u00a0<a title=\"Reliure\" href=\"https:\/\/fr.wikipedia.org\/wiki\/Reliure\">reliure<\/a><sup id=\"cite_ref-LI_2-0\" class=\"reference\"><a href=\"https:\/\/fr.wikipedia.org\/wiki\/S%C3%A9cession_houtsoule#cite_note-LI-2\"><span class=\"cite-bracket\">[<\/span>2<span class=\"cite-bracket\">]<\/span><\/a><\/sup>.<\/p>\n<div class=\"mw-heading mw-heading3\" style=\"text-align: justify;\">\n<h3 id=\"Bourse_des_diacres_de_la_cath\u00e9drale_Sainte-Youra\"><span id=\"Bourse_des_diacres_de_la_cath.C3.A9drale_Sainte-Youra\"><\/span>Bourse des diacres de la cath\u00e9drale Sainte-Youra<\/h3>\n<\/div>\n<p style=\"text-align: justify;\">La bourse des diacres de la\u00a0<a title=\"Cath\u00e9drale\" href=\"https:\/\/fr.wikipedia.org\/wiki\/Cath%C3%A9drale\">cath\u00e9drale<\/a>\u00a0Saint-Youra est con\u00e7ue par Tadeusz Obmi\u0144ski, et achev\u00e9e en 1904 . Les d\u00e9corations de la fa\u00e7ade, en particulier sous les fen\u00eatres et le toit, sont inspir\u00e9es par la\u00a0<a title=\"Broderie\" href=\"https:\/\/fr.wikipedia.org\/wiki\/Broderie\">broderie<\/a>\u00a0traditionnelle ukrainienne. Les couleurs des carreaux d\u00e9coratifs du b\u00e2timent sont le marron, le jaune, le vert et le blanc, rappelant \u00e9galement les couleurs traditionnelles de l&rsquo;art populaire houtsoule<sup id=\"cite_ref-Galicia_1-2\" class=\"reference\"><a href=\"https:\/\/fr.wikipedia.org\/wiki\/S%C3%A9cession_houtsoule#cite_note-Galicia-1\"><span class=\"cite-bracket\">[<\/span>1<span class=\"cite-bracket\">]<\/span><\/a><\/sup>.<\/p>\n<div class=\"mw-heading mw-heading3\" style=\"text-align: justify;\">\n<h3 id=\"Clinique_Solecki\">Clinique Solecki<\/h3>\n<\/div>\n<figure class=\"mw-default-size\" style=\"text-align: justify;\"><a class=\"mw-file-description\" href=\"https:\/\/commons.wikimedia.org\/wiki\/File:%D0%9A%D0%BB%D1%96%D0%BD%D1%96%D0%BA%D0%B0_%D0%A1%D0%BE%D0%BB%D0%B5%D1%86%D1%8C%D0%BA%D0%BE%D0%B3%D0%BE.jpg?uselang=fr\"><img loading=\"lazy\" decoding=\"async\" class=\"mw-file-element\" src=\"https:\/\/upload.wikimedia.org\/wikipedia\/commons\/thumb\/8\/8d\/%D0%9A%D0%BB%D1%96%D0%BD%D1%96%D0%BA%D0%B0_%D0%A1%D0%BE%D0%BB%D0%B5%D1%86%D1%8C%D0%BA%D0%BE%D0%B3%D0%BE.jpg\/250px-%D0%9A%D0%BB%D1%96%D0%BD%D1%96%D0%BA%D0%B0_%D0%A1%D0%BE%D0%BB%D0%B5%D1%86%D1%8C%D0%BA%D0%BE%D0%B3%D0%BE.jpg\" srcset=\"\/\/upload.wikimedia.org\/wikipedia\/commons\/thumb\/8\/8d\/%D0%9A%D0%BB%D1%96%D0%BD%D1%96%D0%BA%D0%B0_%D0%A1%D0%BE%D0%BB%D0%B5%D1%86%D1%8C%D0%BA%D0%BE%D0%B3%D0%BE.jpg\/500px-%D0%9A%D0%BB%D1%96%D0%BD%D1%96%D0%BA%D0%B0_%D0%A1%D0%BE%D0%BB%D0%B5%D1%86%D1%8C%D0%BA%D0%BE%D0%B3%D0%BE.jpg 1.5x\" width=\"250\" height=\"194\" data-file-width=\"600\" data-file-height=\"466\" \/><\/a><figcaption>Clinique Solecki, 1908.<\/figcaption><\/figure>\n<p style=\"text-align: justify;\">La clinique Solecki est con\u00e7ue par Oleksandr Lushpynskyi, et termin\u00e9e en 1908. Le b\u00e2timent appartenait \u00e0 Kazimierez Solecki, dont il tire son nom, jusqu&rsquo;\u00e0 la\u00a0<a title=\"Premi\u00e8re Guerre mondiale\" href=\"https:\/\/fr.wikipedia.org\/wiki\/Premi%C3%A8re_Guerre_mondiale\">Premi\u00e8re Guerre mondiale<\/a>. Il a \u00e9t\u00e9 construit pour \u00eatre un\u00a0<a title=\"Sanatorium\" href=\"https:\/\/fr.wikipedia.org\/wiki\/Sanatorium\">sanatorium<\/a>\u00a0pour la\u00a0<a title=\"Mouvement international de la Croix-Rouge et du Croissant-Rouge\" href=\"https:\/\/fr.wikipedia.org\/wiki\/Mouvement_international_de_la_Croix-Rouge_et_du_Croissant-Rouge\">Croix-Rouge<\/a>\u00a0. Alors que le b\u00e2timent est construit dans le\u00a0<a title=\"Art nouveau\" href=\"https:\/\/fr.wikipedia.org\/wiki\/Art_nouveau\">style Art Nouveau<\/a>, il a cependant incorpor\u00e9 des motifs de la S\u00e9cession houtsoule<sup id=\"cite_ref-Galicia_1-3\" class=\"reference\"><a href=\"https:\/\/fr.wikipedia.org\/wiki\/S%C3%A9cession_houtsoule#cite_note-Galicia-1\"><span class=\"cite-bracket\">[<\/span>1<span class=\"cite-bracket\">]<\/span><\/a><\/sup>.<\/p>\n<div class=\"mw-heading mw-heading3\" style=\"text-align: justify;\">\n<h3 id=\"Dortoir_de_la_maison_acad\u00e9mique\"><span id=\"Dortoir_de_la_maison_acad.C3.A9mique\"><\/span>Dortoir de la maison acad\u00e9mique<\/h3>\n<\/div>\n<p style=\"text-align: justify;\">Le dortoir de la\u00a0<a title=\"Maison acad\u00e9mique\" href=\"https:\/\/fr.wikipedia.org\/wiki\/Maison_acad%C3%A9mique\">maison acad\u00e9mique<\/a>\u00a0est un projet conjoint entre plusieurs architectes de la\u00a0<a title=\"Ivan Levynskyi\" href=\"https:\/\/fr.wikipedia.org\/wiki\/Ivan_Levynskyi\">soci\u00e9t\u00e9 Levynskyi<\/a>. Il est achev\u00e9 en 1906. Ce b\u00e2timent associe l&rsquo;ornementation du style Houtsoule avec les \u00e9l\u00e9ments sous-jacents du\u00a0<a title=\"Style Zakopane\" href=\"https:\/\/fr.wikipedia.org\/wiki\/Style_Zakopane\">style Zakopene<\/a>. Le b\u00e2timent sert de\u00a0<a class=\"mw-redirect\" title=\"Centre universitaire\" href=\"https:\/\/fr.wikipedia.org\/wiki\/Centre_universitaire\">centre universitaire<\/a>\u00a0pour les \u00e9tudiants de Lviv<sup id=\"cite_ref-Galicia_1-4\" class=\"reference\"><a href=\"https:\/\/fr.wikipedia.org\/wiki\/S%C3%A9cession_houtsoule#cite_note-Galicia-1\"><span class=\"cite-bracket\">[<\/span>1<span class=\"cite-bracket\">]<\/span><\/a><\/sup>.<\/p>\n<div class=\"mw-heading mw-heading3\" style=\"text-align: justify;\">\n<h3 id=\"Bourse_de_l'Institut_national_de_la_maison\"><span id=\"Bourse_de_l.27Institut_national_de_la_maison\"><\/span>Bourse de l&rsquo;Institut national de la maison<\/h3>\n<\/div>\n<p style=\"text-align: justify;\">La bourse de l&rsquo;Institut national de la maison \u00e9tait un autre projet de l&rsquo;entreprise de Levynskyi. Achev\u00e9 en 1907, il sert de\u00a0<a title=\"Dortoir\" href=\"https:\/\/fr.wikipedia.org\/wiki\/Dortoir\">dortoir<\/a>\u00a0pour les gar\u00e7ons de l&rsquo;Institut national de la maison. Le b\u00e2timent pouvait accueillir plus de 200 \u00e9tudiants<sup id=\"cite_ref-Galicia_1-5\" class=\"reference\"><a href=\"https:\/\/fr.wikipedia.org\/wiki\/S%C3%A9cession_houtsoule#cite_note-Galicia-1\"><span class=\"cite-bracket\">[<\/span>1<span class=\"cite-bracket\">]<\/span><\/a><\/sup>.<\/p>\n<div class=\"mw-heading mw-heading2\" style=\"text-align: justify;\">\n<h2 id=\"R\u00e9f\u00e9rences\"><span id=\"R.C3.A9f.C3.A9rences\"><\/span>R\u00e9f\u00e9rences<\/h2>\n<\/div>\n<div class=\"references-small decimal\" style=\"text-align: justify;\">\n<div class=\"mw-references-wrap\">\n<ol class=\"references\">\n<li id=\"cite_note-Galicia-1\"><span class=\"reference-text\"><span id=\"GregoryKovalska2017\" class=\"ouvrage\"><span id=\"Shambrovosky_GregoryAreta_Kovalska2017\" class=\"ouvrage\">Shambrovosky\u00a0<span class=\"nom_auteur\">Gregory<\/span>\u00a0et Areta\u00a0<span class=\"nom_auteur\">Kovalska<\/span>, \u00ab\u00a0<a class=\"external text\" href=\"https:\/\/forgottengalicia.com\/the-hutsul-secession-in-lviv-combining-folk-architecture-with-art-nouveau\/\" rel=\"nofollow\"><cite>The Hutsul Secession in Lviv: Combining Folk Architecture with Art Nouveau<\/cite><\/a><small class=\"cachelinks\">\u00a0[<a title=\"archive sur Wikiwix\" href=\"https:\/\/archive.wikiwix.com\/cache\/?url=https%3A%2F%2Fforgottengalicia.com%2Fthe-hutsul-secession-in-lviv-combining-folk-architecture-with-art-nouveau%2F\">archive<\/a>]<\/small>\u00a0\u00bb, sur\u00a0<span class=\"italique\">Forgotten Galicia<\/span>,\u00a0<time class=\"nowrap\" datetime=\"2017-08-27\" data-sort-value=\"2017-08-27\">27 ao\u00fbt 2017<\/time>\u00a0<small>(consult\u00e9 le\u00a0<time class=\"nowrap\" datetime=\"2021-03-02\" data-sort-value=\"2021-03-02\">2 mars 2021<\/time>)<\/small><\/span><\/span><\/span><\/li>\n<li id=\"cite_note-LI-2\"><span class=\"reference-text\"><span id=\"Tytko\" class=\"ouvrage\"><span id=\"Olha_Tytko\" class=\"ouvrage\">Olha\u00a0<span class=\"nom_auteur\">Tytko<\/span>, \u00ab\u00a0<a class=\"external text\" href=\"https:\/\/lia.lvivcenter.org\/en\/objects\/ruska-20\/\" rel=\"nofollow\"><cite>Vul. Ruska, 20 \u2013 First Municipal Polyclinic (former Dnister Insurance Company Building)<\/cite><\/a><small class=\"cachelinks\">\u00a0[<a title=\"archive sur Wikiwix\" href=\"https:\/\/archive.wikiwix.com\/cache\/?url=https%3A%2F%2Flia.lvivcenter.org%2Fen%2Fobjects%2Fruska-20%2F\">archive<\/a>]<\/small>\u00a0\u00bb, sur\u00a0<span class=\"italique\">Lviv Interactive<\/span>\u00a0<small>(consult\u00e9 le\u00a0<time class=\"nowrap\" datetime=\"2021-03-02\" data-sort-value=\"2021-03-02\">2 mars 2021<\/time>)<\/small><\/span><\/span><\/span><\/li>\n<\/ol>\n<\/div>\n<\/div>\n<div style=\"text-align: justify;\"><abbr class=\"abbr indicateur-langue\" title=\"Langue : anglais\">(en)<\/abbr>\u00a0Cet article est partiellement ou en totalit\u00e9 issu de l\u2019article de Wikip\u00e9dia en anglais intitul\u00e9\u00a0<span class=\"plainlinks\">\u00ab\u00a0<a class=\"external text\" href=\"https:\/\/en.wikipedia.org\/wiki\/Hutsul_Secession?oldid=1009843941\">Hutsul Secession<\/a>\u00a0\u00bb\u00a0<small>(<a class=\"external text\" href=\"https:\/\/en.wikipedia.org\/wiki\/Hutsul_Secession?action=history\">voir la liste des auteurs<\/a>)<\/small><\/span>.<\/div>\n<div class=\"mw-heading mw-heading2\" style=\"text-align: justify;\">\n<h2 id=\"Voir_aussi\">Voir aussi<\/h2>\n<\/div>\n<div class=\"mw-heading mw-heading3\" style=\"text-align: justify;\">\n<h3 id=\"Articles_connexes\">Articles connexes<\/h3>\n<\/div>\n<ul>\n<li style=\"text-align: justify;\"><a title=\"Ivan Levynskyi\" href=\"https:\/\/fr.wikipedia.org\/wiki\/Ivan_Levynskyi\">Ivan Levynskyi<\/a><\/li>\n<li style=\"text-align: justify;\"><a title=\"Lviv\" href=\"https:\/\/fr.wikipedia.org\/wiki\/Lviv\">Lviv<\/a><\/li>\n<li style=\"text-align: justify;\"><a title=\"Houtsoules\" href=\"https:\/\/fr.wikipedia.org\/wiki\/Houtsoules\">Houtsoules<\/a><\/li>\n<li style=\"text-align: justify;\"><a title=\"Art ukrainien\" href=\"https:\/\/fr.wikipedia.org\/wiki\/Art_ukrainien\">Art ukrainien<\/a><\/li>\n<\/ul>\n<\/div>\n<\/div>\n<\/div>\n","protected":false},"excerpt":{"rendered":"<p>La S\u00e9cession Houtsoule \u00a0 \u00a0 \u00a0 La S\u00e9cession houtsoule, \u00e9galement appel\u00e9e\u00a0style des\u00a0Carpates\u00a0ou\u00a0style de la\u00a0Galicie\u00a0orientale, est un\u00a0style architectural\u00a0qui s&rsquo;est d\u00e9velopp\u00e9 en\u00a0Galicie\u00a0orientale, surtout \u00e0\u00a0Lviv, \u00e0 partir de la fin du\u00a0XIXe\u00a0si\u00e8cle. Histoire Le style de la \u00ab\u00a0S\u00e9cession houtsoule\u00a0\u00bb r\u00e9sulte de la premi\u00e8re tentative d&rsquo;un style national ukrainien, qui \u00e9merge \u00e0 la fin du\u00a0XIXe\u00a0et au d\u00e9but du\u00a0XXe\u00a0si\u00e8cle. Le style [&hellip;]<\/p>\n","protected":false},"author":1,"featured_media":0,"parent":0,"menu_order":0,"comment_status":"closed","ping_status":"closed","template":"","meta":{"footnotes":""},"class_list":["post-21714","page","type-page","status-publish","hentry"],"_links":{"self":[{"href":"https:\/\/oraziopuglisi.art\/index.php\/wp-json\/wp\/v2\/pages\/21714","targetHints":{"allow":["GET"]}}],"collection":[{"href":"https:\/\/oraziopuglisi.art\/index.php\/wp-json\/wp\/v2\/pages"}],"about":[{"href":"https:\/\/oraziopuglisi.art\/index.php\/wp-json\/wp\/v2\/types\/page"}],"author":[{"embeddable":true,"href":"https:\/\/oraziopuglisi.art\/index.php\/wp-json\/wp\/v2\/users\/1"}],"replies":[{"embeddable":true,"href":"https:\/\/oraziopuglisi.art\/index.php\/wp-json\/wp\/v2\/comments?post=21714"}],"version-history":[{"count":4,"href":"https:\/\/oraziopuglisi.art\/index.php\/wp-json\/wp\/v2\/pages\/21714\/revisions"}],"predecessor-version":[{"id":21718,"href":"https:\/\/oraziopuglisi.art\/index.php\/wp-json\/wp\/v2\/pages\/21714\/revisions\/21718"}],"wp:attachment":[{"href":"https:\/\/oraziopuglisi.art\/index.php\/wp-json\/wp\/v2\/media?parent=21714"}],"curies":[{"name":"wp","href":"https:\/\/api.w.org\/{rel}","templated":true}]}}