{"id":21345,"date":"2026-01-01T18:58:46","date_gmt":"2026-01-01T17:58:46","guid":{"rendered":"https:\/\/oraziopuglisi.art\/?page_id=21345"},"modified":"2026-01-01T19:11:09","modified_gmt":"2026-01-01T18:11:09","slug":"noel-2025-chez-vincent","status":"publish","type":"page","link":"https:\/\/oraziopuglisi.art\/index.php\/noel-2025-chez-vincent\/","title":{"rendered":"Noel 2025 Chez Vincent"},"content":{"rendered":"<p>Nous avions pass\u00e9 le 24 au soir chez Vincent aussi, avec Marie Daniel Vincent et moi m\u00eame !!<\/p>\n<p>&nbsp;<\/p>\n<p>Le 25 vers 13h se sont ajout\u00e9s Nico Alicia sa Maman V\u00e9ronique et son Jean Claude (Compagnon de V\u00e9ronique).<\/p>\n<p>&nbsp;<\/p>\n<div style=\"width: 480px;\" class=\"wp-video\"><video class=\"wp-video-shortcode\" id=\"video-21345-1\" width=\"480\" height=\"864\" preload=\"metadata\" controls=\"controls\"><source type=\"video\/mp4\" src=\"http:\/\/oraziopuglisi.art\/wp-content\/uploads\/2026\/01\/WhatsApp-Video-2025-12-25-at-15.58.45.mp4?_=1\" \/><a href=\"http:\/\/oraziopuglisi.art\/wp-content\/uploads\/2026\/01\/WhatsApp-Video-2025-12-25-at-15.58.45.mp4\">http:\/\/oraziopuglisi.art\/wp-content\/uploads\/2026\/01\/WhatsApp-Video-2025-12-25-at-15.58.45.mp4<\/a><\/video><\/div>\n","protected":false},"excerpt":{"rendered":"<p>Nous avions pass\u00e9 le 24 au soir chez Vincent aussi, avec Marie Daniel Vincent et moi m\u00eame !! &nbsp; Le 25 vers 13h se sont ajout\u00e9s Nico Alicia sa Maman V\u00e9ronique et son Jean Claude (Compagnon de V\u00e9ronique). &nbsp;<\/p>\n","protected":false},"author":1,"featured_media":21351,"parent":0,"menu_order":0,"comment_status":"closed","ping_status":"closed","template":"","meta":{"footnotes":""},"class_list":["post-21345","page","type-page","status-publish","has-post-thumbnail","hentry"],"_links":{"self":[{"href":"https:\/\/oraziopuglisi.art\/index.php\/wp-json\/wp\/v2\/pages\/21345","targetHints":{"allow":["GET"]}}],"collection":[{"href":"https:\/\/oraziopuglisi.art\/index.php\/wp-json\/wp\/v2\/pages"}],"about":[{"href":"https:\/\/oraziopuglisi.art\/index.php\/wp-json\/wp\/v2\/types\/page"}],"author":[{"embeddable":true,"href":"https:\/\/oraziopuglisi.art\/index.php\/wp-json\/wp\/v2\/users\/1"}],"replies":[{"embeddable":true,"href":"https:\/\/oraziopuglisi.art\/index.php\/wp-json\/wp\/v2\/comments?post=21345"}],"version-history":[{"count":3,"href":"https:\/\/oraziopuglisi.art\/index.php\/wp-json\/wp\/v2\/pages\/21345\/revisions"}],"predecessor-version":[{"id":21349,"href":"https:\/\/oraziopuglisi.art\/index.php\/wp-json\/wp\/v2\/pages\/21345\/revisions\/21349"}],"wp:featuredmedia":[{"embeddable":true,"href":"https:\/\/oraziopuglisi.art\/index.php\/wp-json\/wp\/v2\/media\/21351"}],"wp:attachment":[{"href":"https:\/\/oraziopuglisi.art\/index.php\/wp-json\/wp\/v2\/media?parent=21345"}],"curies":[{"name":"wp","href":"https:\/\/api.w.org\/{rel}","templated":true}]}}