{"id":20935,"date":"2025-12-22T17:37:34","date_gmt":"2025-12-22T16:37:34","guid":{"rendered":"https:\/\/oraziopuglisi.art\/?page_id=20935"},"modified":"2025-12-22T18:01:36","modified_gmt":"2025-12-22T17:01:36","slug":"pina-angie-thomas-colombie-decembre-2025","status":"publish","type":"page","link":"https:\/\/oraziopuglisi.art\/index.php\/pina-angie-thomas-colombie-decembre-2025\/","title":{"rendered":"Pina Angie Thomas Colombie D\u00e9cembre 2025"},"content":{"rendered":"<p style=\"text-align: center;\"><strong>13 D\u00e9cembre 2025<\/strong><\/p>\n<p>&nbsp;<\/p>\n<p><img loading=\"lazy\" decoding=\"async\" class=\"alignnone size-full wp-image-20940\" src=\"http:\/\/oraziopuglisi.art\/wp-content\/uploads\/2025\/12\/Petit-dej-Colombien-13-decembre-2025.jpeg\" alt=\"\" width=\"1536\" height=\"2048\" srcset=\"https:\/\/oraziopuglisi.art\/wp-content\/uploads\/2025\/12\/Petit-dej-Colombien-13-decembre-2025.jpeg 1536w, https:\/\/oraziopuglisi.art\/wp-content\/uploads\/2025\/12\/Petit-dej-Colombien-13-decembre-2025-225x300.jpeg 225w, https:\/\/oraziopuglisi.art\/wp-content\/uploads\/2025\/12\/Petit-dej-Colombien-13-decembre-2025-768x1024.jpeg 768w, https:\/\/oraziopuglisi.art\/wp-content\/uploads\/2025\/12\/Petit-dej-Colombien-13-decembre-2025-1152x1536.jpeg 1152w, https:\/\/oraziopuglisi.art\/wp-content\/uploads\/2025\/12\/Petit-dej-Colombien-13-decembre-2025-1240x1653.jpeg 1240w, https:\/\/oraziopuglisi.art\/wp-content\/uploads\/2025\/12\/Petit-dej-Colombien-13-decembre-2025-508x677.jpeg 508w\" sizes=\"auto, (max-width: 1536px) 100vw, 1536px\" \/><\/p>\n<p>&nbsp;<\/p>\n<p style=\"text-align: justify;\">[21:44, 13\/12\/2025]<\/p>\n<p style=\"text-align: justify;\"><strong>Thomas<\/strong>: Une id\u00e9e d un petit dej colombien. Le truc vert : talmal = riz viande cuit dans feuilles de bananier : c est bon<\/p>\n<p style=\"text-align: center;\"><strong>14 D\u00e9cembre 2025<\/strong><\/p>\n<p>&nbsp;<\/p>\n<p><strong>Cricri<\/strong>: Ouah les yeux coquins de notre cher Thomas!<br \/>\nEt la f\u00eate continue ! Amusez vous bien !! Mille gros bisous de Maam Soleil \u2600\ufe0f Cricri<\/p>\n<p>[11:53, 14\/12\/2025]\u00a0+33 6 22 31 35 58:<\/p>\n<p>Continuez. \u00e0 vous r\u00e9galer. Je pense que maman se remplit de toutes ces belles choses. Je vois des palmiers avez vous chang\u00e9 d&rsquo;endroit ou \u00eatrs vous toujours \u00e0 Bogota<\/p>\n<p>&nbsp;<\/p>\n<p>[20:42, 14\/12\/2025]<\/p>\n<p><strong>Thomas :<\/strong> Bjour 14h30<br \/>\nNous sommes encore a Bogota<br \/>\nPour vous donner une id\u00e9e de la disproportion :<br \/>\nBogota :1.776 km2<br \/>\nEnviron 8 millions habitants <br \/>\n2640 m altitude<br \/>\nParis : seulement 105 km2<br \/>\n2 millions habitants<br \/>\nC est une ville sans metro, ni tram<br \/>\nIl y a un bus particulier qui ressemble a un tram avec voie r\u00e9serv\u00e9e \u00ab\u00a0Transmillenium\u00a0\u00bb qui traverse la ville<br \/>\nTr\u00e8s peu d autoroute en Colombie<br \/>\nBogoto est travers\u00e9e par plusieurs voies rapides qui sont en fait des autoroutes en pleine ville : pleines de gros poids lourds, voitures et moto donc plut\u00f4t dangereux <br \/>\nDes feux rouges mais presque pas de passages pi\u00e9tons donc c est plut\u00f4t des ponts qui enjambent les voies rapides<br \/>\nOn se deplace tjours en taxi Uber<br \/>\n45 mn l autre jour : 6.69 euros<br \/>\nTjours embouteillages monstres<br \/>\nLes motos tres nombreuses ne roulent pas sur trottoirs<\/p>\n","protected":false},"excerpt":{"rendered":"<p>13 D\u00e9cembre 2025 &nbsp; &nbsp; [21:44, 13\/12\/2025] Thomas: Une id\u00e9e d un petit dej colombien. Le truc vert : talmal = riz viande cuit dans feuilles de bananier : c est bon 14 D\u00e9cembre 2025 &nbsp; Cricri: Ouah les yeux coquins de notre cher Thomas! Et la f\u00eate continue ! Amusez vous bien !! Mille [&hellip;]<\/p>\n","protected":false},"author":1,"featured_media":0,"parent":0,"menu_order":0,"comment_status":"closed","ping_status":"closed","template":"","meta":{"footnotes":""},"class_list":["post-20935","page","type-page","status-publish","hentry"],"_links":{"self":[{"href":"https:\/\/oraziopuglisi.art\/index.php\/wp-json\/wp\/v2\/pages\/20935","targetHints":{"allow":["GET"]}}],"collection":[{"href":"https:\/\/oraziopuglisi.art\/index.php\/wp-json\/wp\/v2\/pages"}],"about":[{"href":"https:\/\/oraziopuglisi.art\/index.php\/wp-json\/wp\/v2\/types\/page"}],"author":[{"embeddable":true,"href":"https:\/\/oraziopuglisi.art\/index.php\/wp-json\/wp\/v2\/users\/1"}],"replies":[{"embeddable":true,"href":"https:\/\/oraziopuglisi.art\/index.php\/wp-json\/wp\/v2\/comments?post=20935"}],"version-history":[{"count":5,"href":"https:\/\/oraziopuglisi.art\/index.php\/wp-json\/wp\/v2\/pages\/20935\/revisions"}],"predecessor-version":[{"id":20943,"href":"https:\/\/oraziopuglisi.art\/index.php\/wp-json\/wp\/v2\/pages\/20935\/revisions\/20943"}],"wp:attachment":[{"href":"https:\/\/oraziopuglisi.art\/index.php\/wp-json\/wp\/v2\/media?parent=20935"}],"curies":[{"name":"wp","href":"https:\/\/api.w.org\/{rel}","templated":true}]}}