{"id":20851,"date":"2025-12-13T22:26:18","date_gmt":"2025-12-13T21:26:18","guid":{"rendered":"https:\/\/oraziopuglisi.art\/?page_id=20851"},"modified":"2025-12-13T22:54:36","modified_gmt":"2025-12-13T21:54:36","slug":"abraham-et-johannes-van-der-neer","status":"publish","type":"page","link":"https:\/\/oraziopuglisi.art\/index.php\/abraham-et-johannes-van-der-neer\/","title":{"rendered":"Abraham et Johannes Van der Neer"},"content":{"rendered":"<p>&nbsp;<\/p>\n<p><span style=\"font-size: 10px;\"><strong>Image mise en avant:<\/strong> Voyageurs dans les sous bois 1650 !<\/span><\/p>\n<p style=\"text-align: center;\"><a href=\"https:\/\/fr.wikipedia.org\/wiki\/Eglon_van_der_Neer\">Eglon von der Neer<\/a> eu deux enfants<\/p>\n<p><img loading=\"lazy\" decoding=\"async\" class=\"size-full wp-image-20830 aligncenter\" src=\"http:\/\/oraziopuglisi.art\/wp-content\/uploads\/2025\/12\/Neer_Eglon_van_der_-_Self-portrait_-_1696.jpg\" alt=\"\" width=\"295\" height=\"384\" srcset=\"https:\/\/oraziopuglisi.art\/wp-content\/uploads\/2025\/12\/Neer_Eglon_van_der_-_Self-portrait_-_1696.jpg 295w, https:\/\/oraziopuglisi.art\/wp-content\/uploads\/2025\/12\/Neer_Eglon_van_der_-_Self-portrait_-_1696-230x300.jpg 230w\" sizes=\"auto, (max-width: 295px) 100vw, 295px\" \/><\/p>\n<p style=\"text-align: center;\"><strong>Abraham Van der Neer<\/strong> \/ Peintre<\/p>\n<p style=\"text-align: center;\"><strong>Johannes Van der Neer<\/strong> \/ Sculpteur<\/p>\n<p>&nbsp;<\/p>\n<p style=\"text-align: justify;\">Eglon van der Neer (ou Eglon Hendrick van der Neer) \u00e9tait un peintre n\u00e9erlandais du XVIIe si\u00e8cle, fils de <strong>Dirk van der Neer<\/strong>, \u00e9galement peintre. Eglon est surtout connu pour ses portraits et ses sc\u00e8nes de genre. Il a eu une carri\u00e8re prosp\u00e8re et a travaill\u00e9 dans la ville d\u2019Amsterdam, mais peu d\u2019informations d\u00e9taill\u00e9es sont disponibles sur sa vie personnelle, y compris sur ses enfants.<\/p>\n<h3><strong>Les enfants d&rsquo;Eglon van der Neer<\/strong><\/h3>\n<p style=\"text-align: justify;\">D&rsquo;apr\u00e8s les archives et les recherches disponibles, il semble que <strong>Eglon van der Neer ait eu plusieurs enfants<\/strong>, mais les d\u00e9tails sur leurs vies sont relativement peu document\u00e9s. Il est souvent mentionn\u00e9 qu&rsquo;il avait au moins deux enfants, dont l&rsquo;un est probablement son fils, <strong>Jan van der Neer<\/strong>.<\/p>\n<ol>\n<li>\n<p><strong>Jan van der Neer<\/strong><\/p>\n<ul>\n<li>\n<p style=\"text-align: justify;\"><strong>Carri\u00e8re<\/strong> : Jan van der Neer est souvent mentionn\u00e9 comme \u00e9tant le fils d&rsquo;Eglon, bien que les informations exactes soient assez rares. On sait qu&rsquo;il a poursuivi une carri\u00e8re artistique comme son p\u00e8re et son grand-p\u00e8re.<\/p>\n<\/li>\n<li>\n<p style=\"text-align: justify;\"><strong>Travail<\/strong> : Comme son p\u00e8re, Jan a \u00e9t\u00e9 actif \u00e0 Amsterdam et a peint des portraits ainsi que des sc\u00e8nes de genre. Cependant, son \u0153uvre n&rsquo;a pas la m\u00eame notori\u00e9t\u00e9 que celle de son p\u00e8re, Eglon, ni celle de son grand-p\u00e8re, Abraham van der Neer.<\/p>\n<\/li>\n<\/ul>\n<\/li>\n<li>\n<p><strong>Autres enfants<\/strong><\/p>\n<ul>\n<li>\n<p style=\"text-align: justify;\">Les archives ne fournissent pas de d\u00e9tails pr\u00e9cis sur les autres enfants d&rsquo;Eglon van der Neer. Il est possible qu&rsquo;il ait eu d&rsquo;autres enfants, mais ceux-ci n&rsquo;ont pas laiss\u00e9 de traces majeures dans l&rsquo;histoire de l&rsquo;art.<\/p>\n<\/li>\n<\/ul>\n<\/li>\n<\/ol>\n<h3><strong>Contexte familial et h\u00e9ritage artistique<\/strong><\/h3>\n<ul>\n<li>\n<p style=\"text-align: justify;\"><strong>La dynastie Van der Neer<\/strong> : Eglon faisait partie de la famille Van der Neer, qui comptait plusieurs artistes. Son p\u00e8re, <strong>Abraham van der Neer<\/strong>, \u00e9tait un peintre reconnu pour ses paysages et ses sc\u00e8nes de cr\u00e9puscule et de nuit. Eglon, quant \u00e0 lui, s&rsquo;est principalement sp\u00e9cialis\u00e9 dans les portraits et les sc\u00e8nes de genre. Son \u0153uvre est marqu\u00e9e par une grande ma\u00eetrise technique et une capacit\u00e9 \u00e0 rendre l\u2019atmosph\u00e8re dans ses portraits.<\/p>\n<\/li>\n<li>\n<p style=\"text-align: justify;\"><strong>Transmission du m\u00e9tier<\/strong> : La famille Van der Neer semble avoir \u00e9t\u00e9 assez influente dans le monde de l&rsquo;art hollandais du XVIIe si\u00e8cle. Eglon, en tant que figure importante de l\u2019\u00e9poque, a probablement transmis son savoir-faire \u00e0 ses enfants, bien que l&rsquo;on ne sache pas dans quelle mesure ils ont suivi ses pas de mani\u00e8re aussi marquante.<\/p>\n<\/li>\n<\/ul>\n<h3>Conclusion<\/h3>\n<p style=\"text-align: justify;\">Les enfants d&rsquo;Eglon van der Neer, dont <strong>Jan van der Neer<\/strong> est le plus connu, semblent avoir \u00e9t\u00e9 moins remarqu\u00e9s dans l\u2019histoire de l\u2019art, par rapport \u00e0 leur p\u00e8re ou \u00e0 leur grand-p\u00e8re. Cependant, la tradition artistique familiale a continu\u00e9 \u00e0 travers eux. Les informations pr\u00e9cises sur leur vie sont cependant limit\u00e9es, ce qui t\u00e9moigne en partie de la difficult\u00e9 d&rsquo;acc\u00e8s aux archives et documents de l&rsquo;\u00e9poque.<\/p>\n","protected":false},"excerpt":{"rendered":"<p>&nbsp; Image mise en avant: Voyageurs dans les sous bois 1650 ! Eglon von der Neer eu deux enfants Abraham Van der Neer \/ Peintre Johannes Van der Neer \/ Sculpteur &nbsp; Eglon van der Neer (ou Eglon Hendrick van der Neer) \u00e9tait un peintre n\u00e9erlandais du XVIIe si\u00e8cle, fils de Dirk van der Neer, [&hellip;]<\/p>\n","protected":false},"author":1,"featured_media":20863,"parent":0,"menu_order":0,"comment_status":"closed","ping_status":"closed","template":"","meta":{"footnotes":""},"class_list":["post-20851","page","type-page","status-publish","has-post-thumbnail","hentry"],"_links":{"self":[{"href":"https:\/\/oraziopuglisi.art\/index.php\/wp-json\/wp\/v2\/pages\/20851","targetHints":{"allow":["GET"]}}],"collection":[{"href":"https:\/\/oraziopuglisi.art\/index.php\/wp-json\/wp\/v2\/pages"}],"about":[{"href":"https:\/\/oraziopuglisi.art\/index.php\/wp-json\/wp\/v2\/types\/page"}],"author":[{"embeddable":true,"href":"https:\/\/oraziopuglisi.art\/index.php\/wp-json\/wp\/v2\/users\/1"}],"replies":[{"embeddable":true,"href":"https:\/\/oraziopuglisi.art\/index.php\/wp-json\/wp\/v2\/comments?post=20851"}],"version-history":[{"count":7,"href":"https:\/\/oraziopuglisi.art\/index.php\/wp-json\/wp\/v2\/pages\/20851\/revisions"}],"predecessor-version":[{"id":20866,"href":"https:\/\/oraziopuglisi.art\/index.php\/wp-json\/wp\/v2\/pages\/20851\/revisions\/20866"}],"wp:featuredmedia":[{"embeddable":true,"href":"https:\/\/oraziopuglisi.art\/index.php\/wp-json\/wp\/v2\/media\/20863"}],"wp:attachment":[{"href":"https:\/\/oraziopuglisi.art\/index.php\/wp-json\/wp\/v2\/media?parent=20851"}],"curies":[{"name":"wp","href":"https:\/\/api.w.org\/{rel}","templated":true}]}}