{"id":20786,"date":"2025-12-13T14:07:07","date_gmt":"2025-12-13T13:07:07","guid":{"rendered":"https:\/\/oraziopuglisi.art\/?page_id=20786"},"modified":"2025-12-14T22:14:37","modified_gmt":"2025-12-14T21:14:37","slug":"quirijn-van-brekelenkam","status":"publish","type":"page","link":"https:\/\/oraziopuglisi.art\/index.php\/quirijn-van-brekelenkam\/","title":{"rendered":"Quirijn van Brekelenkam"},"content":{"rendered":"<p><span style=\"font-size: 10px;\"><strong>Image mise en avant :<\/strong> Vieil homme \u00e9crivant\u00a0<\/span><\/p>\n<p>&nbsp;<\/p>\n<p style=\"text-align: center;\"><a href=\"https:\/\/fr.wikipedia.org\/wiki\/Quirijn_van_Brekelenkam\">Quirjin Van Brekelenkam<\/a><\/p>\n<p style=\"text-align: justify;\"><b>Quirijn van Brekelenkam<\/b>\u00a0ou\u00a0<b>Quiringh Gerritsz van Brekelenkam<\/b>\u00a0(apr\u00e8s 1622,\u00a0<a title=\"Zwammerdam\" href=\"https:\/\/fr.wikipedia.org\/wiki\/Zwammerdam\">Zwammerdam<\/a>\u00a0&#8211; apr\u00e8s 1669,\u00a0<a title=\"Leyde\" href=\"https:\/\/fr.wikipedia.org\/wiki\/Leyde\">Leyde<\/a>)<sup id=\"cite_ref-1\" class=\"reference\"><a href=\"https:\/\/fr.wikipedia.org\/wiki\/Quirijn_van_Brekelenkam#cite_note-1\"><span class=\"cite-bracket\">[<\/span>1<span class=\"cite-bracket\">]<\/span><\/a><\/sup>est un\u00a0<a title=\"Artiste peintre\" href=\"https:\/\/fr.wikipedia.org\/wiki\/Artiste_peintre\">peintre<\/a>\u00a0<a title=\"Pays-Bas\" href=\"https:\/\/fr.wikipedia.org\/wiki\/Pays-Bas\">n\u00e9erlandais<\/a>\u00a0du\u00a0<a title=\"Si\u00e8cle d'or n\u00e9erlandais\" href=\"https:\/\/fr.wikipedia.org\/wiki\/Si%C3%A8cle_d%27or_n%C3%A9erlandais\">si\u00e8cle d&rsquo;or<\/a>. Il est connu pour ses peintures de sc\u00e8nes de genre, sc\u00e8nes d&rsquo;int\u00e9rieur et de portraits.<\/p>\n<p><iframe loading=\"lazy\" title=\"Quirijn Van Brekelenkam (1622\/29-1669\/79) -A collection of paintings by Q. V Brekelenkam(Fixed shot)\" width=\"600\" height=\"338\" src=\"https:\/\/www.youtube.com\/embed\/mbov4Nb4LLo?feature=oembed\" frameborder=\"0\" allow=\"accelerometer; autoplay; clipboard-write; encrypted-media; gyroscope; picture-in-picture; web-share\" referrerpolicy=\"strict-origin-when-cross-origin\" allowfullscreen><\/iframe><\/p>\n<p><img loading=\"lazy\" decoding=\"async\" class=\"size-full wp-image-20927 aligncenter\" src=\"http:\/\/oraziopuglisi.art\/wp-content\/uploads\/2025\/12\/Quiringh_Gerritsz_van_Brekelenkam_-_Old_Man_Writing_-_MeisterDrucke-1518623.jpg\" alt=\"\" width=\"400\" height=\"495\" srcset=\"https:\/\/oraziopuglisi.art\/wp-content\/uploads\/2025\/12\/Quiringh_Gerritsz_van_Brekelenkam_-_Old_Man_Writing_-_MeisterDrucke-1518623.jpg 400w, https:\/\/oraziopuglisi.art\/wp-content\/uploads\/2025\/12\/Quiringh_Gerritsz_van_Brekelenkam_-_Old_Man_Writing_-_MeisterDrucke-1518623-242x300.jpg 242w\" sizes=\"auto, (max-width: 400px) 100vw, 400px\" \/><\/p>\n<div class=\"mw-heading mw-heading2\" style=\"text-align: justify;\">\n<h2>\u00a0<\/h2>\n<h2>\u00a0<\/h2>\n<h2 id=\"Biographie\" style=\"text-align: center;\">Biographie<\/h2>\n<\/div>\n<p style=\"text-align: justify;\">Quirijn van Brekelenkam est n\u00e9 apr\u00e8s 1622 \u00e0\u00a0<a title=\"Zwammerdam\" href=\"https:\/\/fr.wikipedia.org\/wiki\/Zwammerdam\">Zwammerdam<\/a>\u00a0aux\u00a0<a title=\"Pays-Bas\" href=\"https:\/\/fr.wikipedia.org\/wiki\/Pays-Bas\">Pays-Bas<\/a>.<\/p>\n<p style=\"text-align: justify;\">Il \u00e9tudie probablement la peinture \u00e0\u00a0<a title=\"Leyde\" href=\"https:\/\/fr.wikipedia.org\/wiki\/Leyde\">Leyde<\/a>\u00a0aupr\u00e8s de\u00a0<a title=\"G\u00e9rard Dou\" href=\"https:\/\/fr.wikipedia.org\/wiki\/G%C3%A9rard_Dou\">G\u00e9rard Dou<\/a><sup id=\"cite_ref-2\" class=\"reference\"><a href=\"https:\/\/fr.wikipedia.org\/wiki\/Quirijn_van_Brekelenkam#cite_note-2\"><span class=\"cite-bracket\">[<\/span>2<span class=\"cite-bracket\">]<\/span><\/a><\/sup>. Il est un des fondateurs de la\u00a0<a class=\"mw-redirect\" title=\"Corporations de m\u00e9tiers artistiques (Pays-Bas)\" href=\"https:\/\/fr.wikipedia.org\/wiki\/Corporations_de_m%C3%A9tiers_artistiques_(Pays-Bas)\">Guilde de Saint-Luc<\/a>\u00a0de\u00a0<a title=\"Leyde\" href=\"https:\/\/fr.wikipedia.org\/wiki\/Leyde\">Leyde<\/a>\u00a0en 1648. Comme beaucoup de peintres, il exerce une deuxi\u00e8me profession pour subvenir \u00e0 ses besoins, que les revenus tir\u00e9s de la peinture n&rsquo;arrivent \u00e0 satisfaire que partiellement. Il obtient une licence de vente de bi\u00e8re et d&rsquo;alcool vers 1656. Il fait partie des\u00a0<i><a title=\"Fijnschilders\" href=\"https:\/\/fr.wikipedia.org\/wiki\/Fijnschilders\">fijnschilders<\/a><\/i>, des \u00ab\u00a0<i>peintres pr\u00e9cieux<\/i>\u00a0\u00bb caract\u00e9ristiques de l&rsquo;\u00e9cole de peinture de\u00a0<a title=\"Leyde\" href=\"https:\/\/fr.wikipedia.org\/wiki\/Leyde\">Leyde<\/a>.<\/p>\n<p style=\"text-align: justify;\">Quirijn van Brekelenkam affectionne le th\u00e8me de l&rsquo;atelier du tailleur. Treize versions de ce th\u00e8me sont r\u00e9pertori\u00e9es dans les collections. Dans ces tableaux, la position du ma\u00eetre et des apprentis, \u00e9clair\u00e9s par la gauche, est sensiblement toujours la m\u00eame.<\/p>\n<p style=\"text-align: justify;\">Il meurt apr\u00e8s 1669 \u00e0\u00a0<a title=\"Leyde\" href=\"https:\/\/fr.wikipedia.org\/wiki\/Leyde\">Leyde<\/a>.<\/p>\n<p>&nbsp;<\/p>\n<p><iframe loading=\"lazy\" title=\"Quirijn Van Brekelenkam (1622\/29-1669\/79) - A Dutch Baroque genre painter.\" width=\"600\" height=\"338\" src=\"https:\/\/www.youtube.com\/embed\/2vpIX9ChMaE?feature=oembed\" frameborder=\"0\" allow=\"accelerometer; autoplay; clipboard-write; encrypted-media; gyroscope; picture-in-picture; web-share\" referrerpolicy=\"strict-origin-when-cross-origin\" allowfullscreen><\/iframe><\/p>\n<div class=\"mw-heading mw-heading2\" style=\"text-align: justify;\">\n<h2 id=\"\u0152uvres\"><span id=\".C5.92uvres\"><\/span>\u0152uvres<\/h2>\n<\/div>\n<ul style=\"text-align: justify;\">\n<li><i>Le lecteur<\/i><sup id=\"cite_ref-3\" class=\"reference\"><a href=\"https:\/\/fr.wikipedia.org\/wiki\/Quirijn_van_Brekelenkam#cite_note-3\"><span class=\"cite-bracket\">[<\/span>3<span class=\"cite-bracket\">]<\/span><\/a><\/sup>,<a class=\"mw-redirect\" title=\"Rijksmuseum\" href=\"https:\/\/fr.wikipedia.org\/wiki\/Rijksmuseum\">Rijksmuseum<\/a>,\u00a0<a title=\"Amsterdam\" href=\"https:\/\/fr.wikipedia.org\/wiki\/Amsterdam\">Amsterdam<\/a><\/li>\n<li><i>La femme du poissonnier<\/i><sup id=\"cite_ref-4\" class=\"reference\"><a href=\"https:\/\/fr.wikipedia.org\/wiki\/Quirijn_van_Brekelenkam#cite_note-4\"><span class=\"cite-bracket\">[<\/span>4<span class=\"cite-bracket\">]<\/span><\/a><\/sup>, Rijksmuseum, Amsterdam<\/li>\n<li><i>Int\u00e9rieur avec deux hommes pr\u00e8s du foyer<\/i><sup id=\"cite_ref-5\" class=\"reference\"><a href=\"https:\/\/fr.wikipedia.org\/wiki\/Quirijn_van_Brekelenkam#cite_note-5\"><span class=\"cite-bracket\">[<\/span>5<span class=\"cite-bracket\">]<\/span><\/a><\/sup>, Rijksmuseum, Amsterdam<\/li>\n<li><i>Une m\u00e8re qui pr\u00e9sente du porridge \u00e0 son enfant<\/i><sup id=\"cite_ref-6\" class=\"reference\"><a href=\"https:\/\/fr.wikipedia.org\/wiki\/Quirijn_van_Brekelenkam#cite_note-6\"><span class=\"cite-bracket\">[<\/span>6<span class=\"cite-bracket\">]<\/span><\/a><\/sup>, Rijksmuseum, Amsterdam<\/li>\n<li><i>Une discussion confidentielle<\/i><sup id=\"cite_ref-7\" class=\"reference\"><a href=\"https:\/\/fr.wikipedia.org\/wiki\/Quirijn_van_Brekelenkam#cite_note-7\"><span class=\"cite-bracket\">[<\/span>7<span class=\"cite-bracket\">]<\/span><\/a><\/sup>, Rijksmuseum, Amsterdam<\/li>\n<li><i>L&rsquo;atelier du tailleur<\/i><sup id=\"cite_ref-8\" class=\"reference\"><a href=\"https:\/\/fr.wikipedia.org\/wiki\/Quirijn_van_Brekelenkam#cite_note-8\"><span class=\"cite-bracket\">[<\/span>8<span class=\"cite-bracket\">]<\/span><\/a><\/sup>, Rijksmuseum, Amsterdam<\/li>\n<li><i>Le paiement du fermage<\/i><sup id=\"cite_ref-9\" class=\"reference\"><a href=\"https:\/\/fr.wikipedia.org\/wiki\/Quirijn_van_Brekelenkam#cite_note-9\"><span class=\"cite-bracket\">[<\/span>9<span class=\"cite-bracket\">]<\/span><\/a><\/sup>, Rijksmuseum, Amsterdam<\/li>\n<li><i>Le pi\u00e8ge \u00e0 souris<\/i><sup id=\"cite_ref-10\" class=\"reference\"><a href=\"https:\/\/fr.wikipedia.org\/wiki\/Quirijn_van_Brekelenkam#cite_note-10\"><span class=\"cite-bracket\">[<\/span>10<span class=\"cite-bracket\">]<\/span><\/a><\/sup>, Rijksmuseum, Amsterdam<\/li>\n<li><i>Int\u00e9rieur de l&rsquo;atelier d&rsquo;un tailleur<\/i>,\u00a0<a title=\"Mus\u00e9e des beaux-arts de Montr\u00e9al\" href=\"https:\/\/fr.wikipedia.org\/wiki\/Mus%C3%A9e_des_beaux-arts_de_Montr%C3%A9al\">Mus\u00e9e des beaux-arts de Montr\u00e9al<\/a><\/li>\n<li><i>Sc\u00e8ne de famille<\/i><sup id=\"cite_ref-11\" class=\"reference\"><a href=\"https:\/\/fr.wikipedia.org\/wiki\/Quirijn_van_Brekelenkam#cite_note-11\"><span class=\"cite-bracket\">[<\/span>11<span class=\"cite-bracket\">]<\/span><\/a><\/sup>, huile sur panneau, 46\u00a0\u00d7\u00a063\u00a0<abbr class=\"abbr\" title=\"centim\u00e8tre\">cm<\/abbr>, Collection de la baronne Adolph Bentinck, n\u00e9e Thyssen-Bornemisza, pr\u00eat\u00e9e au Kunstmuseum der Stadt\u00a0<a title=\"D\u00fcsseldorf\" href=\"https:\/\/fr.wikipedia.org\/wiki\/D%C3%BCsseldorf\">D\u00fcsseldorf<\/a><sup id=\"cite_ref-12\" class=\"reference\"><a href=\"https:\/\/fr.wikipedia.org\/wiki\/Quirijn_van_Brekelenkam#cite_note-12\"><span class=\"cite-bracket\">[<\/span>12<span class=\"cite-bracket\">]<\/span><\/a><\/sup><\/li>\n<\/ul>\n<div class=\"mw-heading mw-heading2\" style=\"text-align: justify;\">\n<h2 id=\"Notes_et_r\u00e9f\u00e9rences\"><span id=\"Notes_et_r.C3.A9f.C3.A9rences\"><\/span>Notes et r\u00e9f\u00e9rences<\/h2>\n<\/div>\n<div class=\"references-small decimal\">\n<div class=\"mw-references-wrap mw-references-columns\">\n<ol class=\"references\">\n<li id=\"cite_note-1\" style=\"text-align: justify;\"><span class=\"reference-text\"><span class=\"ouvrage\">\u00ab\u00a0<a class=\"external text\" href=\"https:\/\/rkd.nl\/nl\/explore\/artists\/12321\" rel=\"nofollow\"><cite>Biographie de Quirijn van Brekelenkam sur le site web n\u00e9erlandais RKD<\/cite><\/a><small class=\"cachelinks\">\u00a0[<a title=\"archive sur Wikiwix\" href=\"https:\/\/archive.wikiwix.com\/cache\/?url=https%3A%2F%2Frkd.nl%2Fnl%2Fexplore%2Fartists%2F12321\">archive<\/a>]<\/small>\u00a0\u00bb<\/span><\/span><\/li>\n<li id=\"cite_note-2\" style=\"text-align: justify;\"><span class=\"reference-text\"><a class=\"external text\" href=\"http:\/\/www.rijksmuseum.nl\/aria\/aria_artists\/00017398?lang=en\" rel=\"nofollow\">Biographie de Quirijn van Brekelenkam sur le site web n\u00e9erlandais du Rijksmuseum<\/a><small class=\"cachelinks\">\u00a0[<a title=\"archive sur Wikiwix\" href=\"https:\/\/archive.wikiwix.com\/cache\/?url=http%3A%2F%2Fwww.rijksmuseum.nl%2Faria%2Faria_artists%2F00017398%3Flang%3Den\">archive<\/a>]<\/small><\/span><\/li>\n<li id=\"cite_note-3\" style=\"text-align: justify;\"><span class=\"reference-text\"><a class=\"external text\" href=\"http:\/\/www.rijksmuseum.nl\/collectie\/zoeken\/asset.jsp?id=SK-A-673&amp;lang=en\" rel=\"nofollow\">\u0152uvres de Quirijn van Brekelenkam au Rijksmuseum \u00e0 Amsterdam<\/a><small class=\"cachelinks\">\u00a0[<a title=\"archive sur Wikiwix\" href=\"https:\/\/archive.wikiwix.com\/cache\/?url=http%3A%2F%2Fwww.rijksmuseum.nl%2Fcollectie%2Fzoeken%2Fasset.jsp%3Fid%3DSK-A-673%26lang%3Den\">archive<\/a>]<\/small><\/span><\/li>\n<li id=\"cite_note-4\" style=\"text-align: justify;\"><span class=\"reference-text\"><a class=\"external text\" href=\"http:\/\/www.rijksmuseum.nl\/collectie\/zoeken\/asset.jsp?id=SK-C-178&amp;lang=en\" rel=\"nofollow\">\u0152uvres de Quirijn van Brekelenkam au Rijksmuseum \u00e0 Amsterdam<\/a><small class=\"cachelinks\">\u00a0[<a title=\"archive sur Wikiwix\" href=\"https:\/\/archive.wikiwix.com\/cache\/?url=http%3A%2F%2Fwww.rijksmuseum.nl%2Fcollectie%2Fzoeken%2Fasset.jsp%3Fid%3DSK-C-178%26lang%3Den\">archive<\/a>]<\/small><\/span><\/li>\n<li id=\"cite_note-5\" style=\"text-align: justify;\"><span class=\"reference-text\"><a class=\"external text\" href=\"http:\/\/www.rijksmuseum.nl\/collectie\/zoeken\/asset.jsp?id=SK-A-61&amp;lang=en\" rel=\"nofollow\">\u0152uvres de Quirijn van Brekelenkam au Rijksmuseum \u00e0 Amsterdam<\/a><small class=\"cachelinks\">\u00a0[<a title=\"archive sur Wikiwix\" href=\"https:\/\/archive.wikiwix.com\/cache\/?url=http%3A%2F%2Fwww.rijksmuseum.nl%2Fcollectie%2Fzoeken%2Fasset.jsp%3Fid%3DSK-A-61%26lang%3Den\">archive<\/a>]<\/small><\/span><\/li>\n<li id=\"cite_note-6\" style=\"text-align: justify;\"><span class=\"reference-text\"><a class=\"external text\" href=\"http:\/\/www.rijksmuseum.nl\/collectie\/zoeken\/asset.jsp?id=SK-C-113&amp;lang=en\" rel=\"nofollow\">\u0152uvres de Quirijn van Brekelenkam au Rijksmuseum \u00e0 Amsterdam<\/a><small class=\"cachelinks\">\u00a0[<a title=\"archive sur Wikiwix\" href=\"https:\/\/archive.wikiwix.com\/cache\/?url=http%3A%2F%2Fwww.rijksmuseum.nl%2Fcollectie%2Fzoeken%2Fasset.jsp%3Fid%3DSK-C-113%26lang%3Den\">archive<\/a>]<\/small><\/span><\/li>\n<li id=\"cite_note-7\" style=\"text-align: justify;\"><span class=\"reference-text\"><a class=\"external text\" href=\"http:\/\/www.rijksmuseum.nl\/collectie\/zoeken\/asset.jsp?id=SK-A-685&amp;lang=en\" rel=\"nofollow\">\u0152uvres de Quirijn van Brekelenkam au Rijksmuseum \u00e0 Amsterdam<\/a><small class=\"cachelinks\">\u00a0[<a title=\"archive sur Wikiwix\" href=\"https:\/\/archive.wikiwix.com\/cache\/?url=http%3A%2F%2Fwww.rijksmuseum.nl%2Fcollectie%2Fzoeken%2Fasset.jsp%3Fid%3DSK-A-685%26lang%3Den\">archive<\/a>]<\/small><\/span><\/li>\n<li id=\"cite_note-8\" style=\"text-align: justify;\"><span class=\"reference-text\"><a class=\"external text\" href=\"http:\/\/www.rijksmuseum.nl\/collectie\/zoeken\/asset.jsp?id=SK-C-112&amp;lang=en\" rel=\"nofollow\">\u0152uvres de Quirijn van Brekelenkam au Rijksmuseum \u00e0 Amsterdam<\/a><small class=\"cachelinks\">\u00a0[<a title=\"archive sur Wikiwix\" href=\"https:\/\/archive.wikiwix.com\/cache\/?url=http%3A%2F%2Fwww.rijksmuseum.nl%2Fcollectie%2Fzoeken%2Fasset.jsp%3Fid%3DSK-C-112%26lang%3Den\">archive<\/a>]<\/small><\/span><\/li>\n<li id=\"cite_note-9\" style=\"text-align: justify;\"><span class=\"reference-text\"><a class=\"external text\" href=\"http:\/\/www.rijksmuseum.nl\/collectie\/zoeken\/asset.jsp?id=SK-A-2698&amp;lang=en\" rel=\"nofollow\">\u0152uvres de Quirijn van Brekelenkam au Rijksmuseum \u00e0 Amsterdam<\/a><small class=\"cachelinks\">\u00a0[<a title=\"archive sur Wikiwix\" href=\"https:\/\/archive.wikiwix.com\/cache\/?url=http%3A%2F%2Fwww.rijksmuseum.nl%2Fcollectie%2Fzoeken%2Fasset.jsp%3Fid%3DSK-A-2698%26lang%3Den\">archive<\/a>]<\/small><\/span><\/li>\n<li id=\"cite_note-10\" style=\"text-align: justify;\"><span class=\"reference-text\"><a class=\"external text\" href=\"http:\/\/www.rijksmuseum.nl\/collectie\/zoeken\/asset.jsp?id=SK-A-62&amp;lang=en\" rel=\"nofollow\">\u0152uvres de Quirijn van Brekelenkam au Rijksmuseum \u00e0 Amsterdam<\/a><small class=\"cachelinks\">\u00a0[<a title=\"archive sur Wikiwix\" href=\"https:\/\/archive.wikiwix.com\/cache\/?url=http%3A%2F%2Fwww.rijksmuseum.nl%2Fcollectie%2Fzoeken%2Fasset.jsp%3Fid%3DSK-A-62%26lang%3Den\">archive<\/a>]<\/small><\/span><\/li>\n<li id=\"cite_note-11\" style=\"text-align: justify;\"><span class=\"reference-text\"><span id=\"Daulte1987\" class=\"ouvrage\"><span id=\"Fran\u00e7ois_Daulte1987\" class=\"ouvrage\">Fran\u00e7ois\u00a0<span class=\"nom_auteur\">Daulte<\/span>,\u00a0<cite class=\"italique\">La Collection Bentinck-Thyssen aux Mus\u00e9es de l\u2019Etat du Grand-Duch\u00e9 de Luxembourg<\/cite>, Biblioth\u00e8que des Arts, Lausanne,\u00a0<time>1987<\/time>,\u00a0<abbr class=\"abbr\" title=\"page\">p.<\/abbr>\u00a030<\/span><\/span><\/span><\/li>\n<li id=\"cite_note-12\" style=\"text-align: justify;\"><span class=\"reference-text\"><a class=\"external text\" href=\"http:\/\/www.dbnl.org\/tekst\/jong076totl01_01\/jong076totl01_01_0010.php\" rel=\"nofollow\">Famille, Coll. Bentinck-Thyssen<\/a><small class=\"cachelinks\">\u00a0[<a title=\"archive sur Wikiwix\" href=\"https:\/\/archive.wikiwix.com\/cache\/?url=http%3A%2F%2Fwww.dbnl.org%2Ftekst%2Fjong076totl01_01%2Fjong076totl01_01_0010.php\">archive<\/a>]<\/small>.<\/span><\/li>\n<\/ol>\n<\/div>\n<\/div>\n","protected":false},"excerpt":{"rendered":"<p>Image mise en avant : Vieil homme \u00e9crivant\u00a0 &nbsp; Quirjin Van Brekelenkam Quirijn van Brekelenkam\u00a0ou\u00a0Quiringh Gerritsz van Brekelenkam\u00a0(apr\u00e8s 1622,\u00a0Zwammerdam\u00a0&#8211; apr\u00e8s 1669,\u00a0Leyde)[1]est un\u00a0peintre\u00a0n\u00e9erlandais\u00a0du\u00a0si\u00e8cle d&rsquo;or. Il est connu pour ses peintures de sc\u00e8nes de genre, sc\u00e8nes d&rsquo;int\u00e9rieur et de portraits. \u00a0 \u00a0 Biographie Quirijn van Brekelenkam est n\u00e9 apr\u00e8s 1622 \u00e0\u00a0Zwammerdam\u00a0aux\u00a0Pays-Bas. Il \u00e9tudie probablement la peinture \u00e0\u00a0Leyde\u00a0aupr\u00e8s [&hellip;]<\/p>\n","protected":false},"author":1,"featured_media":20927,"parent":0,"menu_order":0,"comment_status":"closed","ping_status":"closed","template":"","meta":{"footnotes":""},"class_list":["post-20786","page","type-page","status-publish","has-post-thumbnail","hentry"],"_links":{"self":[{"href":"https:\/\/oraziopuglisi.art\/index.php\/wp-json\/wp\/v2\/pages\/20786","targetHints":{"allow":["GET"]}}],"collection":[{"href":"https:\/\/oraziopuglisi.art\/index.php\/wp-json\/wp\/v2\/pages"}],"about":[{"href":"https:\/\/oraziopuglisi.art\/index.php\/wp-json\/wp\/v2\/types\/page"}],"author":[{"embeddable":true,"href":"https:\/\/oraziopuglisi.art\/index.php\/wp-json\/wp\/v2\/users\/1"}],"replies":[{"embeddable":true,"href":"https:\/\/oraziopuglisi.art\/index.php\/wp-json\/wp\/v2\/comments?post=20786"}],"version-history":[{"count":10,"href":"https:\/\/oraziopuglisi.art\/index.php\/wp-json\/wp\/v2\/pages\/20786\/revisions"}],"predecessor-version":[{"id":20932,"href":"https:\/\/oraziopuglisi.art\/index.php\/wp-json\/wp\/v2\/pages\/20786\/revisions\/20932"}],"wp:featuredmedia":[{"embeddable":true,"href":"https:\/\/oraziopuglisi.art\/index.php\/wp-json\/wp\/v2\/media\/20927"}],"wp:attachment":[{"href":"https:\/\/oraziopuglisi.art\/index.php\/wp-json\/wp\/v2\/media?parent=20786"}],"curies":[{"name":"wp","href":"https:\/\/api.w.org\/{rel}","templated":true}]}}