{"id":20784,"date":"2025-12-13T14:06:27","date_gmt":"2025-12-13T13:06:27","guid":{"rendered":"https:\/\/oraziopuglisi.art\/?page_id=20784"},"modified":"2025-12-14T22:00:14","modified_gmt":"2025-12-14T21:00:14","slug":"adriaen-van-der-werff","status":"publish","type":"page","link":"https:\/\/oraziopuglisi.art\/index.php\/adriaen-van-der-werff\/","title":{"rendered":"Adriaen van der Werff"},"content":{"rendered":"<p><span style=\"font-size: 10px;\"><strong>Image mise en avant :<\/strong> <i>Autoportrait<\/i> (1699) <\/span><span style=\"font-size: 10px;\"><a class=\"mw-redirect\" title=\"Rijksmuseum\" href=\"https:\/\/fr.wikipedia.org\/wiki\/Rijksmuseum\">Rijksmuseum<\/a><\/span><\/p>\n<p>&nbsp;<\/p>\n<p style=\"text-align: center;\"><a href=\"https:\/\/fr.wikipedia.org\/wiki\/Adriaen_van_der_Werff\">Adriaen Van der Werff<\/a><\/p>\n<p>&nbsp;<\/p>\n<div class=\"vector-page-toolbar vector-feature-custom-font-size-clientpref--excluded\">\n<div class=\"vector-page-toolbar-container\">\n<div id=\"left-navigation\">\n<nav aria-label=\"Espaces de noms\">\n<div id=\"p-associated-pages\" class=\"vector-menu vector-menu-tabs mw-portlet mw-portlet-associated-pages\">\u00a0<\/div>\n<\/nav>\n<\/div>\n<div id=\"right-navigation\" class=\"vector-collapsible\">\n<nav class=\"vector-page-tools-landmark\" aria-label=\"Outils de la page\">\n<div id=\"vector-page-tools-dropdown\" class=\"vector-dropdown vector-page-tools-dropdown\">\n<div class=\"vector-dropdown-content\">\n<div id=\"vector-page-tools-unpinned-container\" class=\"vector-unpinned-container\">\n<div id=\"vector-page-tools\" class=\"vector-page-tools vector-pinnable-element\">\n<div id=\"p-tb\" class=\"vector-menu mw-portlet mw-portlet-tb\">\n<div class=\"vector-menu-content\">\n<form>\n<div class=\"cdx-radio\">\u00a0<\/div>\n<\/form>\n<\/div>\n<\/div>\n<\/div>\n<\/div>\n<\/div>\n<\/div>\n<\/nav>\n<\/div>\n<\/div>\n<\/div>\n<div id=\"bodyContent\" class=\"vector-body ve-init-mw-desktopArticleTarget-targetContainer\" aria-labelledby=\"firstHeading\" data-mw-ve-target-container=\"\">\n<div id=\"mw-content-text\" class=\"mw-body-content\">\n<div class=\"mw-content-ltr mw-parser-output\" dir=\"ltr\" lang=\"fr\">\n<div class=\"infobox_v3 infobox infobox--frwiki noarchive large\">\n<div>\n<div class=\"images\"><span class=\"mw-default-size\"><a class=\"mw-file-description\" href=\"https:\/\/commons.wikimedia.org\/wiki\/File:Adriaen_van_der_Werff-_Self_portrait.jpg?uselang=fr\"><img loading=\"lazy\" decoding=\"async\" class=\"mw-file-element aligncenter\" src=\"https:\/\/upload.wikimedia.org\/wikipedia\/commons\/thumb\/b\/bf\/Adriaen_van_der_Werff-_Self_portrait.jpg\/250px-Adriaen_van_der_Werff-_Self_portrait.jpg\" srcset=\"\/\/upload.wikimedia.org\/wikipedia\/commons\/thumb\/b\/bf\/Adriaen_van_der_Werff-_Self_portrait.jpg\/500px-Adriaen_van_der_Werff-_Self_portrait.jpg 1.5x\" width=\"465\" height=\"573\" data-file-width=\"779\" data-file-height=\"960\" \/><\/a><\/span><\/div>\n<div class=\"legend\"><center><i>Autoportrait<\/i>\u00a0(1699)<br \/>\n<a class=\"mw-redirect\" title=\"Rijksmuseum\" href=\"https:\/\/fr.wikipedia.org\/wiki\/Rijksmuseum\">Rijksmuseum<\/a><\/center><\/div>\n<\/div>\n<table>\n<tbody>\n<tr class=\"\">\n<th scope=\"row\">Naissance<\/th>\n<td class=\"\">\n<div><span class=\"wd_p569\"><time class=\"nowrap date-lien\" datetime=\"1659-01-21\" data-sort-value=\"1659-01-21\"><a title=\"21 janvier\" href=\"https:\/\/fr.wikipedia.org\/wiki\/21_janvier\">21 janvier<\/a><a title=\"1659\" href=\"https:\/\/fr.wikipedia.org\/wiki\/1659\">1659<\/a><\/time><\/span><br \/>\n<span class=\"wd_p19\"><a title=\"Rotterdam\" href=\"https:\/\/fr.wikipedia.org\/wiki\/Rotterdam\">Rotterdam<\/a><\/span><\/div>\n<\/td>\n<\/tr>\n<tr class=\"\">\n<th scope=\"row\">D\u00e9c\u00e8s<\/th>\n<td class=\"\">\n<div><span class=\"wd_p570\"><time class=\"nowrap date-lien\" datetime=\"1722-11-12\" data-sort-value=\"1722-11-12\"><a title=\"12 novembre\" href=\"https:\/\/fr.wikipedia.org\/wiki\/12_novembre\">12 novembre<\/a><a title=\"1722\" href=\"https:\/\/fr.wikipedia.org\/wiki\/1722\">1722<\/a><\/time><\/span>\u00a0(\u00e0 63\u00a0ans)<br \/>\n<span class=\"wd_p20\"><a title=\"Rotterdam\" href=\"https:\/\/fr.wikipedia.org\/wiki\/Rotterdam\">Rotterdam<\/a><\/span><\/div>\n<\/td>\n<\/tr>\n<tr class=\"\">\n<th scope=\"row\">P\u00e9riode d&rsquo;activit\u00e9<\/th>\n<td class=\"\">\n<div><span class=\"wd_p1317\"><time class=\"date-lien\" datetime=\"1710\" data-sort-value=\"1710\"><a title=\"1710\" href=\"https:\/\/fr.wikipedia.org\/wiki\/1710\">1710<\/a><\/time><\/span><\/div>\n<\/td>\n<\/tr>\n<tr class=\"\">\n<th scope=\"row\">Activit\u00e9s<\/th>\n<td class=\"\">\n<div><span class=\"wd_p106\"><a title=\"Artiste peintre\" href=\"https:\/\/fr.wikipedia.org\/wiki\/Artiste_peintre\">Peintre<\/a>,\u00a0<a title=\"Chalcographie\" href=\"https:\/\/fr.wikipedia.org\/wiki\/Chalcographie\">graveur sur cuivre<\/a>,\u00a0<a title=\"Sculpteur\" href=\"https:\/\/fr.wikipedia.org\/wiki\/Sculpteur\">sculpteur<\/a>,\u00a0<a title=\"Architecte\" href=\"https:\/\/fr.wikipedia.org\/wiki\/Architecte\">architecte<\/a>,\u00a0<a title=\"Arts visuels\" href=\"https:\/\/fr.wikipedia.org\/wiki\/Arts_visuels\">artiste visuel<\/a><\/span><\/div>\n<\/td>\n<\/tr>\n<tr class=\"\">\n<th scope=\"row\">Lieux de travail<\/th>\n<td class=\"\">\n<div><span class=\"wd_p937\"><a title=\"Rotterdam\" href=\"https:\/\/fr.wikipedia.org\/wiki\/Rotterdam\">Rotterdam<\/a><small>(<time class=\"date-lien\" datetime=\"1676\" data-sort-value=\"1676\"><a title=\"1676\" href=\"https:\/\/fr.wikipedia.org\/wiki\/1676\">1676<\/a><\/time>&#8211;<wbr \/><time class=\"date-lien\" datetime=\"1696\" data-sort-value=\"1696\"><a title=\"1696\" href=\"https:\/\/fr.wikipedia.org\/wiki\/1696\">1696<\/a><\/time>)<\/small>,\u00a0<a title=\"D\u00fcsseldorf\" href=\"https:\/\/fr.wikipedia.org\/wiki\/D%C3%BCsseldorf\">D\u00fcsseldorf<\/a><small>(<time class=\"date-lien\" datetime=\"1696\" data-sort-value=\"1696\"><a title=\"1696\" href=\"https:\/\/fr.wikipedia.org\/wiki\/1696\">1696<\/a><\/time>&#8211;<wbr \/><time class=\"date-lien\" datetime=\"1719\" data-sort-value=\"1719\"><a title=\"1719\" href=\"https:\/\/fr.wikipedia.org\/wiki\/1719\">1719<\/a><\/time>)<\/small>,\u00a0<a title=\"Rotterdam\" href=\"https:\/\/fr.wikipedia.org\/wiki\/Rotterdam\">Rotterdam<\/a><small>(<time class=\"date-lien\" datetime=\"1719\" data-sort-value=\"1719\"><a title=\"1719\" href=\"https:\/\/fr.wikipedia.org\/wiki\/1719\">1719<\/a><\/time>&#8211;<wbr \/><time class=\"date-lien\" datetime=\"1722\" data-sort-value=\"1722\"><a title=\"1722\" href=\"https:\/\/fr.wikipedia.org\/wiki\/1722\">1722<\/a><\/time>)<\/small><\/span><\/div>\n<\/td>\n<\/tr>\n<tr class=\"\">\n<th scope=\"row\">Mouvement<\/th>\n<td class=\"\">\n<div><span class=\"wd_p135\"><a title=\"Baroque\" href=\"https:\/\/fr.wikipedia.org\/wiki\/Baroque\">Baroque<\/a><\/span><\/div>\n<\/td>\n<\/tr>\n<tr class=\"\">\n<th scope=\"row\">Fratrie<\/th>\n<td class=\"\">\n<div><span class=\"wd_p3373\"><a title=\"Pieter van der Werff\" href=\"https:\/\/fr.wikipedia.org\/wiki\/Pieter_van_der_Werff\">Pieter van der Werff<\/a><\/span><\/div>\n<\/td>\n<\/tr>\n<tr class=\"\">\n<th scope=\"row\">Conjoint<\/th>\n<td class=\"\">\n<div><span class=\"wd_p26\">Margaretha Rees\u00a0<small>(<a class=\"extiw\" title=\"d:Q134698300\" href=\"https:\/\/www.wikidata.org\/wiki\/Q134698300\"><span class=\"indicateur-langue\" title=\"Voir l'\u00e9l\u00e9ment Wikidata correspondant\">d<\/span><\/a>)<\/small><\/span><\/div>\n<\/td>\n<\/tr>\n<tr class=\"\">\n<th scope=\"row\">Enfant<\/th>\n<td class=\"\">\n<div><span class=\"wd_p40\">Maria van der Werff\u00a0<small>(<a class=\"extiw\" title=\"d:Q131725120\" href=\"https:\/\/www.wikidata.org\/wiki\/Q131725120\"><span class=\"indicateur-langue\" title=\"Voir l'\u00e9l\u00e9ment Wikidata correspondant\">d<\/span><\/a>)<\/small><\/span><\/div>\n<\/td>\n<\/tr>\n<\/tbody>\n<\/table>\n<p class=\"navbar noprint bordered navigation-not-searchable\"><span class=\"plainlinks\"><a class=\"external text\" href=\"https:\/\/fr.wikipedia.org\/w\/index.php?title=Adriaen_van_der_Werff&amp;veaction=edit&amp;section=0\">modifier<\/a>\u00a0&#8211;\u00a0<a class=\"external text\" href=\"https:\/\/fr.wikipedia.org\/w\/index.php?title=Adriaen_van_der_Werff&amp;action=edit&amp;section=0\">modifier le code<\/a>\u00a0&#8211;\u00a0<a class=\"extiw\" title=\"d:Q368053\" href=\"https:\/\/www.wikidata.org\/wiki\/Q368053\">modifier Wikidata<\/a><\/span><\/p>\n<\/div>\n<p style=\"text-align: justify;\"><b>Adriaen van der Werff<\/b>, n\u00e9 le\u00a0<time class=\"nowrap bday\" datetime=\"1659-01-21\" data-sort-value=\"1659-01-21\">21 janvier 1659<\/time>\u00a0\u00e0\u00a0<a title=\"Kralingen-Crooswijk\" href=\"https:\/\/fr.wikipedia.org\/wiki\/Kralingen-Crooswijk\">Kralingen<\/a>\u00a0et mort le\u00a0<time class=\"nowrap dday\" datetime=\"1722-11-12\" data-sort-value=\"1722-11-12\">12 novembre 1722<\/time>\u00a0\u00e0\u00a0<a title=\"Rotterdam\" href=\"https:\/\/fr.wikipedia.org\/wiki\/Rotterdam\">Rotterdam<\/a>, est un\u00a0<a title=\"Artiste peintre\" href=\"https:\/\/fr.wikipedia.org\/wiki\/Artiste_peintre\">peintre<\/a>,\u00a0<a title=\"Sculpteur\" href=\"https:\/\/fr.wikipedia.org\/wiki\/Sculpteur\">sculpteur<\/a>\u00a0et\u00a0<a title=\"Architecte\" href=\"https:\/\/fr.wikipedia.org\/wiki\/Architecte\">architecte<\/a>\u00a0<a title=\"N\u00e9erlandais\" href=\"https:\/\/fr.wikipedia.org\/wiki\/N%C3%A9erlandais\">n\u00e9erlandais<\/a>\u00a0qui peint, le plus souvent en petite dimension, des sc\u00e8nes historiques, des sc\u00e8nes de la vie priv\u00e9e et des\u00a0<a class=\"mw-redirect\" title=\"Portraits\" href=\"https:\/\/fr.wikipedia.org\/wiki\/Portraits\">portraits<\/a>.<\/p>\n<\/div>\n<\/div>\n<\/div>\n<p>&nbsp;<\/p>\n<p><iframe loading=\"lazy\" title=\"The Complete Works of Adriaen Van Der Werff\" width=\"600\" height=\"450\" src=\"https:\/\/www.youtube.com\/embed\/1rsbWNijx8M?feature=oembed\" frameborder=\"0\" allow=\"accelerometer; autoplay; clipboard-write; encrypted-media; gyroscope; picture-in-picture; web-share\" referrerpolicy=\"strict-origin-when-cross-origin\" allowfullscreen><\/iframe><\/p>\n<p>&nbsp;<\/p>\n<p><iframe loading=\"lazy\" title=\"Pieter van der Werff\" width=\"600\" height=\"338\" src=\"https:\/\/www.youtube.com\/embed\/txdnRqmkHzM?feature=oembed\" frameborder=\"0\" allow=\"accelerometer; autoplay; clipboard-write; encrypted-media; gyroscope; picture-in-picture; web-share\" referrerpolicy=\"strict-origin-when-cross-origin\" allowfullscreen><\/iframe><\/p>\n<p>&nbsp;<\/p>\n<p><iframe loading=\"lazy\" title=\"The Forgotten Dutch Baroque Genius: Adriaen van der Werff in 3 1\/2 Minutes\" width=\"600\" height=\"338\" src=\"https:\/\/www.youtube.com\/embed\/PoYZhEICD4E?feature=oembed\" frameborder=\"0\" allow=\"accelerometer; autoplay; clipboard-write; encrypted-media; gyroscope; picture-in-picture; web-share\" referrerpolicy=\"strict-origin-when-cross-origin\" allowfullscreen><\/iframe><\/p>\n<div id=\"bodyContent\" class=\"vector-body ve-init-mw-desktopArticleTarget-targetContainer\" aria-labelledby=\"firstHeading\" data-mw-ve-target-container=\"\">\n<div id=\"mw-content-text\" class=\"mw-body-content\">\n<div class=\"mw-content-ltr mw-parser-output\" dir=\"ltr\" lang=\"fr\">\n<div class=\"mw-heading mw-heading2\">\n<h2 id=\"Biographie\">Biographie<\/h2>\n<\/div>\n<p>Fils d&rsquo;un meunier, il \u00e9tudie aupr\u00e8s du portraitiste Cornelis Picolet vers 1668-1670 et aupr\u00e8s d&rsquo;<a title=\"Eglon van der Neer\" href=\"https:\/\/fr.wikipedia.org\/wiki\/Eglon_van_der_Neer\">Eglon van der Neer<\/a>\u00a0de 1671 \u00e0 1676.<\/p>\n<p style=\"text-align: justify;\">Il devient un ma\u00eetre ind\u00e9pendant \u00e0 Rotterdam en 1676 et produit de petits portraits et des sc\u00e8nes de genre d&rsquo;un style tr\u00e8s fini, \u00e9voquant des artistes comme\u00a0<a title=\"G\u00e9rard Dou\" href=\"https:\/\/fr.wikipedia.org\/wiki\/G%C3%A9rard_Dou\">Dou<\/a>,\u00a0<a title=\"Gabriel Metsu\" href=\"https:\/\/fr.wikipedia.org\/wiki\/Gabriel_Metsu\">Metsu<\/a>,\u00a0<a title=\"Frans van Mieris l'Ancien\" href=\"https:\/\/fr.wikipedia.org\/wiki\/Frans_van_Mieris_l%27Ancien\">Frans van Mieris<\/a>\u00a0ou\u00a0<a title=\"Gerard ter Borch\" href=\"https:\/\/fr.wikipedia.org\/wiki\/Gerard_ter_Borch\">Ter Borch<\/a>. Comme Eglon van der Neer, il se concentre sur d&rsquo;\u00e9l\u00e9gants costumes et de riches int\u00e9rieurs qu&rsquo;il embellit souvent de sculptures classiques. Par son mariage en 1687, il peut acc\u00e9der aux collections et gravures de Nicolaes Anthonis Flick, tuteur de sa femme. Cela a approfondi ses connaissances des classiques, de l&rsquo;art de la Renaissance et des baroques fran\u00e7ais et italiens. Flick l&rsquo;a introduit aupr\u00e8s d&rsquo;autres collectionneurs tels que Jan Dix, et aupr\u00e8s de l&rsquo;\u00e9rudit Philip de Flines, cofondateur en 1669 avec\u00a0<a title=\"G\u00e9rard de Lairesse\" href=\"https:\/\/fr.wikipedia.org\/wiki\/G%C3%A9rard_de_Lairesse\">G\u00e9rard de Lairesse<\/a>, de la soci\u00e9t\u00e9 classique litt\u00e9raire,\u00a0<i><a class=\"mw-redirect\" title=\"Nil volentibus arduum\" href=\"https:\/\/fr.wikipedia.org\/wiki\/Nil_volentibus_arduum\">Nil Volentibus Arduum<\/a><\/i>. C&rsquo;est \u00e0 cette \u00e9poque que Van der Werff adopte les sujets mythologiques classiques pour lesquels il est connu.<\/p>\n<p style=\"text-align: justify;\">En 1691 ou en 1695 il devient doyen de la\u00a0<a title=\"Guilde de Saint-Luc\" href=\"https:\/\/fr.wikipedia.org\/wiki\/Guilde_de_Saint-Luc\">Guilde de Saint-Luc<\/a>\u00a0de Rotterdam. En 1696, son travail attire l&rsquo;attention de\u00a0<a title=\"Jean-Guillaume de Neubourg-Wittelsbach\" href=\"https:\/\/fr.wikipedia.org\/wiki\/Jean-Guillaume_de_Neubourg-Wittelsbach\">Jean-Guillaume de Neubourg-Wittelsbach<\/a>,\u00a0<a title=\"Liste des comtes palatins du Rhin\" href=\"https:\/\/fr.wikipedia.org\/wiki\/Liste_des_comtes_palatins_du_Rhin\">Electeur Palatin<\/a>\u00a0qui ach\u00e8te son\u00a0<i>Enfants jouant devant une statue d&rsquo;Hercule<\/i>\u00a0et lui commande un\u00a0<i><a title=\"Jugement de Salomon\" href=\"https:\/\/fr.wikipedia.org\/wiki\/Jugement_de_Salomon\">Jugement de Salomon<\/a><\/i>\u00a0et un\u00a0<i>autoportrait<\/i>\u00a0qui se trouve aux\u00a0<a class=\"mw-redirect\" title=\"Mus\u00e9e des Offices\" href=\"https:\/\/fr.wikipedia.org\/wiki\/Mus%C3%A9e_des_Offices\">Offices<\/a>.<\/p>\n<\/div>\n<div class=\"mw-content-ltr mw-parser-output\" dir=\"ltr\" lang=\"fr\">\n<figure class=\"mw-default-size mw-halign-left\"><a class=\"mw-file-description\" href=\"https:\/\/commons.wikimedia.org\/wiki\/File:Adriaen_van_der_Werff_004.jpg?uselang=fr\"><img loading=\"lazy\" decoding=\"async\" class=\"mw-file-element aligncenter\" src=\"https:\/\/upload.wikimedia.org\/wikipedia\/commons\/thumb\/3\/37\/Adriaen_van_der_Werff_004.jpg\/250px-Adriaen_van_der_Werff_004.jpg\" srcset=\"\/\/upload.wikimedia.org\/wikipedia\/commons\/thumb\/3\/37\/Adriaen_van_der_Werff_004.jpg\/500px-Adriaen_van_der_Werff_004.jpg 1.5x\" width=\"546\" height=\"817\" data-file-width=\"850\" data-file-height=\"1271\" \/><\/a><figcaption><center><i>Flora<\/i><br \/>\n<a title=\"Ch\u00e2teau Wilhelmsh\u00f6he\" href=\"https:\/\/fr.wikipedia.org\/wiki\/Ch%C3%A2teau_Wilhelmsh%C3%B6he\">Ch\u00e2teau Wilhelmsh\u00f6he<\/a><\/center><\/figcaption><\/figure>\n<p style=\"text-align: justify;\">Il obtient en 1703 la fonction de peintre de cours \u00e0\u00a0<a title=\"D\u00fcsseldorf\" href=\"https:\/\/fr.wikipedia.org\/wiki\/D%C3%BCsseldorf\">D\u00fcsseldorf<\/a>, r\u00e9sidence de l&rsquo;<a title=\"Prince-\u00e9lecteur\" href=\"https:\/\/fr.wikipedia.org\/wiki\/Prince-%C3%A9lecteur\">\u00e9lecteur palatin<\/a>, qui lui donne une pension, et l&rsquo;anoblit. \u00c0 partir de cette p\u00e9riode il r\u00e9alisa surtout des sujets religieux, peints avec son style toujours aussi m\u00e9ticuleux.<\/p>\n<p style=\"text-align: justify;\">Apr\u00e8s la mort de l&rsquo;Electeur palatin, en 1716, il fut internationalement admir\u00e9 comme le plus important peintre hollandais de l&rsquo;\u00e9poque et ses tableaux atteignirent de son vivant, des prix \u00e9lev\u00e9s<sup id=\"cite_ref-Wallace_1-0\" class=\"reference\"><a href=\"https:\/\/fr.wikipedia.org\/wiki\/Adriaen_van_der_Werff#cite_note-Wallace-1\"><span class=\"cite-bracket\">[<\/span>1<span class=\"cite-bracket\">]<\/span><\/a><\/sup>. Mais au\u00a0<abbr class=\"abbr\" title=\"19\u1d49 si\u00e8cle\"><span class=\"romain\">XIX<\/span><sup>e<\/sup><\/abbr>\u00a0si\u00e8cle on l&rsquo;accusa d&rsquo;avoir trahi la tradition naturaliste hollandaise.<\/p>\n<p style=\"text-align: justify;\">Son fr\u00e8re,\u00a0<a title=\"Pieter van der Werff\" href=\"https:\/\/fr.wikipedia.org\/wiki\/Pieter_van_der_Werff\">Pieter van der Werff<\/a>\u00a0(1661\u20131722), est son principal \u00e9l\u00e8ve et assistant.<\/p>\n<\/div>\n<\/div>\n<\/div>\n<p>&nbsp;<\/p>\n<p>&nbsp;<\/p>\n<p><iframe loading=\"lazy\" title=\"Der HERZOG im Museum\u2026 \u201etrifft\u201c Hofk\u00fcnstler Adriaen van der Werff, Folge 17\" width=\"600\" height=\"338\" src=\"https:\/\/www.youtube.com\/embed\/dAB6MaJPDnA?feature=oembed\" frameborder=\"0\" allow=\"accelerometer; autoplay; clipboard-write; encrypted-media; gyroscope; picture-in-picture; web-share\" referrerpolicy=\"strict-origin-when-cross-origin\" allowfullscreen><\/iframe><\/p>\n<div id=\"bodyContent\" class=\"vector-body ve-init-mw-desktopArticleTarget-targetContainer\" aria-labelledby=\"firstHeading\" data-mw-ve-target-container=\"\">\n<div id=\"mw-content-text\" class=\"mw-body-content\">\n<div class=\"mw-content-ltr mw-parser-output\" dir=\"ltr\" lang=\"fr\">\n<div class=\"mw-heading mw-heading2\">\n<h2>\u00a0<\/h2>\n<h2>\u00a0<\/h2>\n<h2 id=\"\u0152uvres\" style=\"text-align: center;\">\u0152uvres<\/h2>\n<\/div>\n<p style=\"text-align: justify;\">Il est l&rsquo;auteur du tableau\u00a0<i>Adam et Eve devant le corps d&rsquo;Abel<\/i>\u00a0(mus\u00e9e de Turin), peinture qui fut grav\u00e9e vers 1776 par\u00a0<a title=\"Carlo Antonio Porporati\" href=\"https:\/\/fr.wikipedia.org\/wiki\/Carlo_Antonio_Porporati\">Carlo Antonio Porporati<\/a>\u00a0et d\u00e9dicac\u00e9 \u00e0 Marie-Jos\u00e9phine de Savoie (1753-1810), \u00e9pouse de\u00a0<a title=\"Louis XVIII\" href=\"https:\/\/fr.wikipedia.org\/wiki\/Louis_XVIII\">Louis XVIII<\/a>.<\/p>\n<p style=\"text-align: justify;\">.\u00a0<i>L&rsquo;incr\u00e9dulit\u00e9 de Saint-Thomas, (1710),<\/i>\u00a0Milwaukee Art Museum.<\/p>\n<ul style=\"text-align: justify;\">\n<li><i>Bergers et berg\u00e8res<\/i>\u00a0(1696), huile sur toile, 47\u00a0\u00d7\u00a038\u00a0<abbr class=\"abbr\" title=\"centim\u00e8tre\">cm<\/abbr>,\u00a0<a title=\"Wallace Collection (mus\u00e9e)\" href=\"https:\/\/fr.wikipedia.org\/wiki\/Wallace_Collection_(mus%C3%A9e)\">Wallace Collection<\/a>, Londres<sup id=\"cite_ref-Wallace_1-1\" class=\"reference\"><a href=\"https:\/\/fr.wikipedia.org\/wiki\/Adriaen_van_der_Werff#cite_note-Wallace-1\"><span class=\"cite-bracket\">[<\/span>1<span class=\"cite-bracket\">]<\/span><\/a><\/sup><\/li>\n<li><i>Autoportrait avec le portrait de son \u00e9pouse Margaretha van Rees et de sa fille Maria<\/i>\u00a0(1699), huile sur toile, 81\u00a0\u00d7\u00a065\u00a0<abbr class=\"abbr\" title=\"centim\u00e8tre\">cm<\/abbr>,\u00a0<a class=\"mw-redirect\" title=\"Rijksmuseum\" href=\"https:\/\/fr.wikipedia.org\/wiki\/Rijksmuseum\">Rijksmuseum<\/a>, Amsterdam<sup id=\"cite_ref-2\" class=\"reference\"><a href=\"https:\/\/fr.wikipedia.org\/wiki\/Adriaen_van_der_Werff#cite_note-2\"><span class=\"cite-bracket\">[<\/span>2<span class=\"cite-bracket\">]<\/span><\/a><\/sup><\/li>\n<li><i>Adoration des bergers<\/i>\u00a0(1703), huile sur bois, 53\u00a0\u00d7\u00a036\u00a0<abbr class=\"abbr\" title=\"centim\u00e8tre\">cm<\/abbr>,\u00a0<a class=\"mw-redirect\" title=\"Mus\u00e9e des Offices\" href=\"https:\/\/fr.wikipedia.org\/wiki\/Mus%C3%A9e_des_Offices\">Mus\u00e9e des Offices<\/a>, Florence<sup id=\"cite_ref-3\" class=\"reference\"><a href=\"https:\/\/fr.wikipedia.org\/wiki\/Adriaen_van_der_Werff#cite_note-3\"><span class=\"cite-bracket\">[<\/span>3<span class=\"cite-bracket\">]<\/span><\/a><\/sup><\/li>\n<li><i>Venus et Cupidon<\/i>\u00a0(1716), huile sur ch\u00eane, 45\u00a0\u00d7\u00a033\u00a0<abbr class=\"abbr\" title=\"centim\u00e8tre\">cm<\/abbr>,\u00a0<a title=\"Wallace Collection (mus\u00e9e)\" href=\"https:\/\/fr.wikipedia.org\/wiki\/Wallace_Collection_(mus%C3%A9e)\">Wallace Collection<\/a>, Londres<sup id=\"cite_ref-Wallace_1-2\" class=\"reference\"><a href=\"https:\/\/fr.wikipedia.org\/wiki\/Adriaen_van_der_Werff#cite_note-Wallace-1\"><span class=\"cite-bracket\">[<\/span>1<span class=\"cite-bracket\">]<\/span><\/a><\/sup><\/li>\n<li><i>Flora et putti jetant des fleurs<\/i>\u00a0(ensemble d\u00e9coratif), huile sur toile, 284\u00a0\u00d7\u00a0189\u00a0<abbr class=\"abbr\" title=\"centim\u00e8tre\">cm<\/abbr>,\u00a0<a title=\"Ch\u00e2teau Wilhelmsh\u00f6he\" href=\"https:\/\/fr.wikipedia.org\/wiki\/Ch%C3%A2teau_Wilhelmsh%C3%B6he\">Ch\u00e2teau Wilhelmsh\u00f6he<\/a>, Cassel<sup id=\"cite_ref-4\" class=\"reference\"><a href=\"https:\/\/fr.wikipedia.org\/wiki\/Adriaen_van_der_Werff#cite_note-4\"><span class=\"cite-bracket\">[<\/span>4<span class=\"cite-bracket\">]<\/span><\/a><\/sup><\/li>\n<\/ul>\n<div class=\"mw-heading mw-heading2\" style=\"text-align: justify;\">\n<h2>\u00a0<\/h2>\n<h2 id=\"Notes\">Notes<\/h2>\n<\/div>\n<div class=\"references-small decimal\">\n<div class=\"mw-references-wrap\">\n<ol class=\"references\">\n<li id=\"cite_note-Wallace-1\" style=\"text-align: justify;\"><span class=\"reference-text\"><span id=\"Duffy_&amp;_Jo_Hedley2004\" class=\"ouvrage\"><span id=\"Stephen_Duffy_&amp;_Jo_Hedley2004\" class=\"ouvrage\"><abbr class=\"abbr indicateur-langue\" title=\"Langue : anglais\">(en)<\/abbr>\u00a0Stephen\u00a0<span class=\"nom_auteur\">Duffy &amp; Jo Hedley<\/span>,\u00a0<cite class=\"italique\" lang=\"en\">The Wallace Collection\u2019s Pictures\u00a0: A complete catalogue<\/cite>, Unicorn Press and Lindsay Fine art,\u00a0<time>2004<\/time>, 400\u00a0<abbr class=\"abbr\" title=\"pages\">p.<\/abbr><small>(<a title=\"International Standard Book Number\" href=\"https:\/\/fr.wikipedia.org\/wiki\/International_Standard_Book_Number\">ISBN<\/a><a title=\"Sp\u00e9cial:Ouvrages de r\u00e9f\u00e9rence\/0 906290 38 4\" href=\"https:\/\/fr.wikipedia.org\/wiki\/Sp%C3%A9cial:Ouvrages_de_r%C3%A9f%C3%A9rence\/0_906290_38_4\"><span class=\"nowrap\">0 906290 38 4<\/span><\/a>)<\/small>,\u00a0<abbr class=\"abbr\" title=\"pages\">p.<\/abbr><span class=\"nowrap\">483-484<\/span><\/span><\/span><\/span><\/li>\n<li id=\"cite_note-2\" style=\"text-align: justify;\"><span class=\"reference-text\"><a class=\"external text\" href=\"https:\/\/www.rijksmuseum.nl\/en\/collection\/SK-A-465\" rel=\"nofollow\">Autoportrait, Rijksmuseum<\/a><small class=\"cachelinks\">\u00a0[<a title=\"archive sur Wikiwix\" href=\"https:\/\/archive.wikiwix.com\/cache\/?url=https%3A%2F%2Fwww.rijksmuseum.nl%2Fen%2Fcollection%2FSK-A-465\">archive<\/a>]<\/small><\/span><\/li>\n<li id=\"cite_note-3\" style=\"text-align: justify;\"><span class=\"reference-text\"><span id=\"Gregori2000\" class=\"ouvrage\"><span id=\"Mina_Gregori2000\" class=\"ouvrage\">Mina\u00a0<span class=\"nom_auteur\">Gregori<\/span>,\u00a0<cite class=\"italique\">Le Mus\u00e9e des Offices et le Palais Pitti\u00a0: La Peinture \u00e0 Florence<\/cite>, Editions Place des Victoires,\u00a0<time>2000<\/time><small>(<a title=\"International Standard Book Number\" href=\"https:\/\/fr.wikipedia.org\/wiki\/International_Standard_Book_Number\">ISBN<\/a><a title=\"Sp\u00e9cial:Ouvrages de r\u00e9f\u00e9rence\/2-84459-006-3\" href=\"https:\/\/fr.wikipedia.org\/wiki\/Sp%C3%A9cial:Ouvrages_de_r%C3%A9f%C3%A9rence\/2-84459-006-3\"><span class=\"nowrap\">2-84459-006-3<\/span><\/a>)<\/small>,\u00a0<abbr class=\"abbr\" title=\"page\">p.<\/abbr>\u00a0548<\/span><\/span><\/span><\/li>\n<li id=\"cite_note-4\" style=\"text-align: justify;\"><span class=\"reference-text\"><a class=\"external text\" href=\"https:\/\/rkd.nl\/en\/explore\/images\/record?filters%5Bkunstenaar%5D=Werff%2C+Adriaen+van+der&amp;filters%5Bplaats_collectie_verblijfplaats%5D%5B0%5D=Kassel+%28Hessen%29&amp;query=&amp;start=3\" rel=\"nofollow\">Flora, Cassel<\/a><small class=\"cachelinks\">\u00a0[<a title=\"archive sur Wikiwix\" href=\"https:\/\/archive.wikiwix.com\/cache\/?url=https%3A%2F%2Frkd.nl%2Fen%2Fexplore%2Fimages%2Frecord%3Ffilters%255Bkunstenaar%255D%3DWerff%252C%2BAdriaen%2Bvan%2Bder%26filters%255Bplaats_collectie_verblijfplaats%255D%255B0%255D%3DKassel%2B%2528Hessen%2529%26query%3D%26start%3D3\">archive<\/a>]<\/small><\/span><\/li>\n<\/ol>\n<\/div>\n<\/div>\n<\/div>\n<\/div>\n<\/div>\n","protected":false},"excerpt":{"rendered":"<p>Image mise en avant : Autoportrait (1699) Rijksmuseum &nbsp; Adriaen Van der Werff &nbsp; \u00a0 \u00a0 Autoportrait\u00a0(1699) Rijksmuseum Naissance 21 janvier1659 Rotterdam D\u00e9c\u00e8s 12 novembre1722\u00a0(\u00e0 63\u00a0ans) Rotterdam P\u00e9riode d&rsquo;activit\u00e9 1710 Activit\u00e9s Peintre,\u00a0graveur sur cuivre,\u00a0sculpteur,\u00a0architecte,\u00a0artiste visuel Lieux de travail Rotterdam(1676&#8211;1696),\u00a0D\u00fcsseldorf(1696&#8211;1719),\u00a0Rotterdam(1719&#8211;1722) Mouvement Baroque Fratrie Pieter van der Werff Conjoint Margaretha Rees\u00a0(d) Enfant Maria van der Werff\u00a0(d) modifier\u00a0&#8211;\u00a0modifier [&hellip;]<\/p>\n","protected":false},"author":1,"featured_media":20910,"parent":0,"menu_order":0,"comment_status":"closed","ping_status":"closed","template":"","meta":{"footnotes":""},"class_list":["post-20784","page","type-page","status-publish","has-post-thumbnail","hentry"],"_links":{"self":[{"href":"https:\/\/oraziopuglisi.art\/index.php\/wp-json\/wp\/v2\/pages\/20784","targetHints":{"allow":["GET"]}}],"collection":[{"href":"https:\/\/oraziopuglisi.art\/index.php\/wp-json\/wp\/v2\/pages"}],"about":[{"href":"https:\/\/oraziopuglisi.art\/index.php\/wp-json\/wp\/v2\/types\/page"}],"author":[{"embeddable":true,"href":"https:\/\/oraziopuglisi.art\/index.php\/wp-json\/wp\/v2\/users\/1"}],"replies":[{"embeddable":true,"href":"https:\/\/oraziopuglisi.art\/index.php\/wp-json\/wp\/v2\/comments?post=20784"}],"version-history":[{"count":15,"href":"https:\/\/oraziopuglisi.art\/index.php\/wp-json\/wp\/v2\/pages\/20784\/revisions"}],"predecessor-version":[{"id":20921,"href":"https:\/\/oraziopuglisi.art\/index.php\/wp-json\/wp\/v2\/pages\/20784\/revisions\/20921"}],"wp:featuredmedia":[{"embeddable":true,"href":"https:\/\/oraziopuglisi.art\/index.php\/wp-json\/wp\/v2\/media\/20910"}],"wp:attachment":[{"href":"https:\/\/oraziopuglisi.art\/index.php\/wp-json\/wp\/v2\/media?parent=20784"}],"curies":[{"name":"wp","href":"https:\/\/api.w.org\/{rel}","templated":true}]}}