{"id":20782,"date":"2025-12-13T14:05:42","date_gmt":"2025-12-13T13:05:42","guid":{"rendered":"https:\/\/oraziopuglisi.art\/?page_id=20782"},"modified":"2025-12-14T21:44:30","modified_gmt":"2025-12-14T20:44:30","slug":"ary-de-vois","status":"publish","type":"page","link":"https:\/\/oraziopuglisi.art\/index.php\/ary-de-vois\/","title":{"rendered":"Ary de Vois"},"content":{"rendered":"<p><span style=\"font-size: 10px;\"><strong>Image mise en avant :<\/strong> Self Portrait of Ary de Vois (1632\/1635-1680) oil on copper 17 x 13,3 cm signed t.r.: A.D.Vois f. 1647 &#8211; 1680<\/span><\/p>\n<p>&nbsp;<\/p>\n<p style=\"text-align: center;\"><a href=\"https:\/\/fr.wikipedia.org\/wiki\/Ary_de_Vois\">Ary de Vois<\/a><\/p>\n<p style=\"text-align: justify;\"><b>Ary de Vois<\/b>\u00a0ou\u00a0<b>Arie de Vois<\/b>\u00a0(1632-1635 &#8211; juillet 1680<sup id=\"cite_ref-1\" class=\"reference\"><a href=\"https:\/\/fr.wikipedia.org\/wiki\/Ary_de_Vois#cite_note-1\"><span class=\"cite-bracket\">[<\/span>1<span class=\"cite-bracket\">]<\/span><\/a><\/sup>) est un peintre du\u00a0<a title=\"Si\u00e8cle d'or n\u00e9erlandais\" href=\"https:\/\/fr.wikipedia.org\/wiki\/Si%C3%A8cle_d%27or_n%C3%A9erlandais\">Si\u00e8cle d&rsquo;or n\u00e9erlandais<\/a>.<\/p>\n<p>&nbsp;<\/p>\n<p>&nbsp;<\/p>\n<p><img loading=\"lazy\" decoding=\"async\" class=\"alignnone size-full wp-image-20904\" src=\"http:\/\/oraziopuglisi.art\/wp-content\/uploads\/2025\/12\/Portrait-de-lartiste-a-la-montre.png\" alt=\"\" width=\"582\" height=\"750\" srcset=\"https:\/\/oraziopuglisi.art\/wp-content\/uploads\/2025\/12\/Portrait-de-lartiste-a-la-montre.png 582w, https:\/\/oraziopuglisi.art\/wp-content\/uploads\/2025\/12\/Portrait-de-lartiste-a-la-montre-233x300.png 233w, https:\/\/oraziopuglisi.art\/wp-content\/uploads\/2025\/12\/Portrait-de-lartiste-a-la-montre-508x655.png 508w\" sizes=\"auto, (max-width: 582px) 100vw, 582px\" \/><span style=\"font-size: 10px; font-family: 'book antiqua', palatino, serif;\">Portrait of the artist, half-length, holding a fob watch<\/span><\/p>\n<div class=\"mw-heading mw-heading2\" style=\"text-align: justify;\">\n<h2 id=\"Biographie\">Biographie<\/h2>\n<\/div>\n<p style=\"text-align: justify;\">Ary de Vois est n\u00e9 et mort \u00e0\u00a0<a title=\"Leyde\" href=\"https:\/\/fr.wikipedia.org\/wiki\/Leyde\">Leyde<\/a>. Il est le fils d&rsquo;Alewijn de Vois d&rsquo;<a title=\"Utrecht\" href=\"https:\/\/fr.wikipedia.org\/wiki\/Utrecht\">Utrecht<\/a>,\u00a0<a title=\"Organiste\" href=\"https:\/\/fr.wikipedia.org\/wiki\/Organiste\">organiste<\/a>\u00a0\u00e0 l&rsquo;<a title=\"\u00c9glise Saint-Pierre de Leyde\" href=\"https:\/\/fr.wikipedia.org\/wiki\/%C3%89glise_Saint-Pierre_de_Leyde\">\u00e9glise Saint-Pierre de Leyde<\/a>\u00a0en 1635. Il est l&rsquo;\u00e9l\u00e8ve \u00e0\u00a0<a title=\"Utrecht\" href=\"https:\/\/fr.wikipedia.org\/wiki\/Utrecht\">Utrecht<\/a>\u00a0de\u00a0<a title=\"Nicolaus Kn\u00fcpfer\" href=\"https:\/\/fr.wikipedia.org\/wiki\/Nicolaus_Kn%C3%BCpfer\">Nicolaus Kn\u00fcpfer<\/a>, qui a \u00e9galement enseign\u00e9 \u00e0\u00a0<a title=\"Jan Steen\" href=\"https:\/\/fr.wikipedia.org\/wiki\/Jan_Steen\">Jan Steen<\/a>. Il retourne ensuite \u00e0 Leyde pour \u00e9tudier avec\u00a0<a title=\"Abraham van den Tempel\" href=\"https:\/\/fr.wikipedia.org\/wiki\/Abraham_van_den_Tempel\">Abraham van den Tempel<\/a>, qui y a v\u00e9cu entre 1648 et 1660. De Vois rejoint la\u00a0<a title=\"Guilde de Saint-Luc\" href=\"https:\/\/fr.wikipedia.org\/wiki\/Guilde_de_Saint-Luc\">Guilde de Saint-Luc<\/a>\u00a0de Leyde le 16 octobre 1653, et paye ses cotisations jusqu&rsquo;en 1677. Il en est doyen en 1662-64, chef de brigade en 1664-65 et doyen de nouveau de 1667-68. Il \u00e9pouse Maria van der Vecht le 5 f\u00e9vrier 1656.<\/p>\n<p style=\"text-align: justify;\">Selon Houbraken, son mariage provoque une baisse dans sa production, surtout quand il d\u00e9m\u00e9nage \u00e0\u00a0<a title=\"Warmond\" href=\"https:\/\/fr.wikipedia.org\/wiki\/Warmond\">Warmond<\/a>, o\u00f9 il commence \u00e0 p\u00eacher comme passe-temps. Il doit retourner \u00e0 Leyde afin de maintenir sa production<sup id=\"cite_ref-2\" class=\"reference\"><a href=\"https:\/\/fr.wikipedia.org\/wiki\/Ary_de_Vois#cite_note-2\"><span class=\"cite-bracket\">[<\/span>2<span class=\"cite-bracket\">]<\/span><\/a><\/sup>.<\/p>\n<div class=\"mw-heading mw-heading2\" style=\"text-align: justify;\">\n<h2 id=\"Style\">Style<\/h2>\n<\/div>\n<p style=\"text-align: justify;\">Ary de Vois fait partie des\u00a0<a title=\"Fijnschilders\" href=\"https:\/\/fr.wikipedia.org\/wiki\/Fijnschilders\">fijnschilders<\/a>, est\u00a0<a class=\"mw-redirect\" title=\"Portraitiste\" href=\"https:\/\/fr.wikipedia.org\/wiki\/Portraitiste\">portraitiste<\/a>\u00a0et\u00a0<a class=\"mw-redirect\" title=\"Peintre d'histoire\" href=\"https:\/\/fr.wikipedia.org\/wiki\/Peintre_d%27histoire\">peintre d&rsquo;histoire<\/a><sup id=\"cite_ref-3\" class=\"reference\"><a href=\"https:\/\/fr.wikipedia.org\/wiki\/Ary_de_Vois#cite_note-3\"><span class=\"cite-bracket\">[<\/span>3<span class=\"cite-bracket\">]<\/span><\/a><\/sup>.<\/p>\n<div class=\"mw-heading mw-heading2\" style=\"text-align: justify;\">\n<h2 id=\"Galerie\" style=\"text-align: center;\">Galerie<\/h2>\n<\/div>\n<ul class=\"gallery mw-gallery-traditional\" style=\"text-align: justify;\">\n<li class=\"gallerybox\">\n<div class=\"thumb\"><a class=\"mw-file-description\" title=\"Portrait de l'\u00e9crivain Adriaan van Beverland avec une femme l\u00e9g\u00e8re, c. 1680.\" href=\"https:\/\/commons.wikimedia.org\/wiki\/File:Ary_de_Vois_-_Adriaan_van_Beverland.jpg?uselang=fr\"><img loading=\"lazy\" decoding=\"async\" class=\"mw-file-element aligncenter\" src=\"https:\/\/upload.wikimedia.org\/wikipedia\/commons\/thumb\/6\/62\/Ary_de_Vois_-_Adriaan_van_Beverland.jpg\/120px-Ary_de_Vois_-_Adriaan_van_Beverland.jpg\" srcset=\"\/\/upload.wikimedia.org\/wikipedia\/commons\/thumb\/6\/62\/Ary_de_Vois_-_Adriaan_van_Beverland.jpg\/250px-Ary_de_Vois_-_Adriaan_van_Beverland.jpg 1.5x\" alt=\"Portrait de l'\u00e9crivain Adriaan van Beverland avec une femme l\u00e9g\u00e8re, c. 1680.\" width=\"396\" height=\"507\" data-file-width=\"747\" data-file-height=\"960\" \/><\/a><\/div>\n<div class=\"gallerytext\">Portrait de l&rsquo;\u00e9crivain Adriaan van Beverland\u00a0<i>avec une femme l\u00e9g\u00e8re<\/i>, c. 1680.<\/div>\n<\/li>\n<li class=\"gallerybox\">\n<div class=\"thumb\"><a class=\"mw-file-description\" title=\"Didon et \u00c9n\u00e9e \u00e0 la chasse.\" href=\"https:\/\/commons.wikimedia.org\/wiki\/File:A._de_Vois_-_Dido_en_Aeneas_aan_het_jagen_-_B_1250_-_Museum_De_Lakenhal.jpg?uselang=fr\"><img loading=\"lazy\" decoding=\"async\" class=\"mw-file-element aligncenter\" src=\"https:\/\/upload.wikimedia.org\/wikipedia\/commons\/thumb\/4\/42\/A._de_Vois_-_Dido_en_Aeneas_aan_het_jagen_-_B_1250_-_Museum_De_Lakenhal.jpg\/120px-A._de_Vois_-_Dido_en_Aeneas_aan_het_jagen_-_B_1250_-_Museum_De_Lakenhal.jpg\" srcset=\"\/\/upload.wikimedia.org\/wikipedia\/commons\/thumb\/4\/42\/A._de_Vois_-_Dido_en_Aeneas_aan_het_jagen_-_B_1250_-_Museum_De_Lakenhal.jpg\/250px-A._de_Vois_-_Dido_en_Aeneas_aan_het_jagen_-_B_1250_-_Museum_De_Lakenhal.jpg 1.5x\" alt=\"Didon et \u00c9n\u00e9e \u00e0 la chasse.\" width=\"411\" height=\"308\" data-file-width=\"1772\" data-file-height=\"1325\" \/><\/a><\/div>\n<div class=\"gallerytext\" style=\"text-align: center;\">Didon et \u00c9n\u00e9e \u00e0 la chasse.<\/div>\n<\/li>\n<li class=\"gallerybox\">\n<div class=\"thumb\"><a class=\"mw-file-description\" title=\"Autoportrait en chasseur, c. 1660.\" href=\"https:\/\/commons.wikimedia.org\/wiki\/File:Selfportrait_as_hunter,_by_Arie_de_Vois.jpg?uselang=fr\"><img loading=\"lazy\" decoding=\"async\" class=\"mw-file-element aligncenter\" src=\"https:\/\/upload.wikimedia.org\/wikipedia\/commons\/thumb\/2\/28\/Selfportrait_as_hunter%2C_by_Arie_de_Vois.jpg\/120px-Selfportrait_as_hunter%2C_by_Arie_de_Vois.jpg\" srcset=\"\/\/upload.wikimedia.org\/wikipedia\/commons\/thumb\/2\/28\/Selfportrait_as_hunter%2C_by_Arie_de_Vois.jpg\/250px-Selfportrait_as_hunter%2C_by_Arie_de_Vois.jpg 1.5x\" alt=\"Autoportrait en chasseur, c. 1660.\" width=\"309\" height=\"407\" data-file-width=\"4541\" data-file-height=\"6000\" \/><\/a><\/div>\n<div class=\"gallerytext\" style=\"text-align: center;\">Autoportrait en chasseur, c. 1660.<\/div>\n<\/li>\n<li class=\"gallerybox\">\n<div class=\"thumb\"><a class=\"mw-file-description\" title=\"Jeune femme au perroquet, entre 1660 et 1680.\" href=\"https:\/\/commons.wikimedia.org\/wiki\/File:Een_jonge_vrouw_met_een_papegaai_Rijksmuseum_SK-A-458.jpeg?uselang=fr\"><img loading=\"lazy\" decoding=\"async\" class=\"mw-file-element aligncenter\" src=\"https:\/\/upload.wikimedia.org\/wikipedia\/commons\/thumb\/5\/58\/Een_jonge_vrouw_met_een_papegaai_Rijksmuseum_SK-A-458.jpeg\/120px-Een_jonge_vrouw_met_een_papegaai_Rijksmuseum_SK-A-458.jpeg\" srcset=\"\/\/upload.wikimedia.org\/wikipedia\/commons\/thumb\/5\/58\/Een_jonge_vrouw_met_een_papegaai_Rijksmuseum_SK-A-458.jpeg\/250px-Een_jonge_vrouw_met_een_papegaai_Rijksmuseum_SK-A-458.jpeg 1.5x\" alt=\"Jeune femme au perroquet, entre 1660 et 1680.\" width=\"381\" height=\"476\" data-file-width=\"4788\" data-file-height=\"5972\" \/><\/a><\/div>\n<div class=\"gallerytext\" style=\"text-align: center;\">Jeune femme au perroquet, entre 1660 et 1680.<\/div>\n<\/li>\n<\/ul>\n<div class=\"mw-heading mw-heading2\" style=\"text-align: justify;\">\n<h2 id=\"Notes_et_r\u00e9f\u00e9rences\"><span id=\"Notes_et_r.C3.A9f.C3.A9rences\"><\/span>Notes et r\u00e9f\u00e9rences<\/h2>\n<\/div>\n<div class=\"references-small decimal\">\n<div class=\"mw-references-wrap\">\n<ol class=\"references\">\n<li id=\"cite_note-1\" style=\"text-align: justify;\"><span class=\"reference-text\"><a class=\"external text\" href=\"https:\/\/rkd.nl\/en\/explore\/artists\/81636\" rel=\"nofollow\">Vois, Ary de<\/a><small class=\"cachelinks\">\u00a0[<a title=\"archive sur Wikiwix\" href=\"https:\/\/archive.wikiwix.com\/cache\/?url=https%3A%2F%2Frkd.nl%2Fen%2Fexplore%2Fartists%2F81636\">archive<\/a>]<\/small>\u00a0at the\u00a0<a title=\"Rijksbureau voor Kunsthistorische Documentatie\" href=\"https:\/\/fr.wikipedia.org\/wiki\/Rijksbureau_voor_Kunsthistorische_Documentatie\">RKD<\/a>\u00a0databases<\/span><\/li>\n<li id=\"cite_note-2\" style=\"text-align: justify;\"><span class=\"reference-text\"><a class=\"external text\" href=\"http:\/\/www.dbnl.org\/tekst\/houb005groo01_01\/houb005groo01_01_0357.htm\" rel=\"nofollow\">Ary de Vois biography<\/a><small class=\"cachelinks\">\u00a0[<a title=\"archive sur Wikiwix\" href=\"https:\/\/archive.wikiwix.com\/cache\/?url=http%3A%2F%2Fwww.dbnl.org%2Ftekst%2Fhoub005groo01_01%2Fhoub005groo01_01_0357.htm\">archive<\/a>]<\/small>\u00a0in\u00a0<i>De groote schouburgh der Nederlantsche konstschilders en schilderessen<\/i>\u00a0(1718) by\u00a0<a title=\"Arnold Houbraken\" href=\"https:\/\/fr.wikipedia.org\/wiki\/Arnold_Houbraken\">Arnold Houbraken<\/a>, courtesy of the\u00a0<a class=\"mw-redirect\" title=\"Digital library for Dutch literature\" href=\"https:\/\/fr.wikipedia.org\/wiki\/Digital_library_for_Dutch_literature\">Digital library for Dutch literature<\/a><\/span><\/li>\n<li id=\"cite_note-3\" style=\"text-align: justify;\"><span class=\"reference-text\">B\u00e9n\u00e9dicte Bonnet Saint-Georges,\u00a0<a class=\"external text\" href=\"https:\/\/www.latribunedelart.com\/les-dernieres-acquisitions-du-toledo-museum-of-art-1-peintures-du-xviie-siecle\" rel=\"nofollow\">R\u00e9centes acquisitions du Toledo Museum of Art (1)\u00a0: XVIIe si\u00e8cle<\/a><small class=\"cachelinks\">\u00a0[<a title=\"archive sur Wikiwix\" href=\"https:\/\/archive.wikiwix.com\/cache\/?url=https%3A%2F%2Fwww.latribunedelart.com%2Fles-dernieres-acquisitions-du-toledo-museum-of-art-1-peintures-du-xviie-siecle\">archive<\/a>]<\/small>,\u00a0<i>La tribune de l&rsquo;art<\/i>\u00a0(27 mars 2020).<\/span><\/li>\n<\/ol>\n<\/div>\n<\/div>\n","protected":false},"excerpt":{"rendered":"<p>Image mise en avant : Self Portrait of Ary de Vois (1632\/1635-1680) oil on copper 17 x 13,3 cm signed t.r.: A.D.Vois f. 1647 &#8211; 1680 &nbsp; Ary de Vois Ary de Vois\u00a0ou\u00a0Arie de Vois\u00a0(1632-1635 &#8211; juillet 1680[1]) est un peintre du\u00a0Si\u00e8cle d&rsquo;or n\u00e9erlandais. &nbsp; &nbsp; Portrait of the artist, half-length, holding a fob watch [&hellip;]<\/p>\n","protected":false},"author":1,"featured_media":20901,"parent":0,"menu_order":0,"comment_status":"closed","ping_status":"closed","template":"","meta":{"footnotes":""},"class_list":["post-20782","page","type-page","status-publish","has-post-thumbnail","hentry"],"_links":{"self":[{"href":"https:\/\/oraziopuglisi.art\/index.php\/wp-json\/wp\/v2\/pages\/20782","targetHints":{"allow":["GET"]}}],"collection":[{"href":"https:\/\/oraziopuglisi.art\/index.php\/wp-json\/wp\/v2\/pages"}],"about":[{"href":"https:\/\/oraziopuglisi.art\/index.php\/wp-json\/wp\/v2\/types\/page"}],"author":[{"embeddable":true,"href":"https:\/\/oraziopuglisi.art\/index.php\/wp-json\/wp\/v2\/users\/1"}],"replies":[{"embeddable":true,"href":"https:\/\/oraziopuglisi.art\/index.php\/wp-json\/wp\/v2\/comments?post=20782"}],"version-history":[{"count":8,"href":"https:\/\/oraziopuglisi.art\/index.php\/wp-json\/wp\/v2\/pages\/20782\/revisions"}],"predecessor-version":[{"id":20906,"href":"https:\/\/oraziopuglisi.art\/index.php\/wp-json\/wp\/v2\/pages\/20782\/revisions\/20906"}],"wp:featuredmedia":[{"embeddable":true,"href":"https:\/\/oraziopuglisi.art\/index.php\/wp-json\/wp\/v2\/media\/20901"}],"wp:attachment":[{"href":"https:\/\/oraziopuglisi.art\/index.php\/wp-json\/wp\/v2\/media?parent=20782"}],"curies":[{"name":"wp","href":"https:\/\/api.w.org\/{rel}","templated":true}]}}