{"id":20780,"date":"2025-12-13T14:04:55","date_gmt":"2025-12-13T13:04:55","guid":{"rendered":"https:\/\/oraziopuglisi.art\/?page_id=20780"},"modified":"2025-12-13T23:29:45","modified_gmt":"2025-12-13T22:29:45","slug":"pieter-van-slingelandt","status":"publish","type":"page","link":"https:\/\/oraziopuglisi.art\/index.php\/pieter-van-slingelandt\/","title":{"rendered":"Pieter van Slingelandt"},"content":{"rendered":"<p><span style=\"font-size: 10px;\"><strong>Image mise en avant :<\/strong> <i>Autoportrait dans un encadrement ovale<\/i>, Pieter Cornelis van Slingelandt<\/span><\/p>\n<p>&nbsp;<\/p>\n<p style=\"text-align: center;\"><a href=\"https:\/\/fr.wikipedia.org\/wiki\/Pieter_Cornelisz_van_Slingelandt\">Pieter Van Slingelandt<\/a><\/p>\n<p><img loading=\"lazy\" decoding=\"async\" class=\"size-full wp-image-20892 aligncenter\" src=\"http:\/\/oraziopuglisi.art\/wp-content\/uploads\/2025\/12\/Slingelandt_Pieter_Cornelis_van_-_himself_-_17th_century.jpg\" alt=\"\" width=\"386\" height=\"512\" srcset=\"https:\/\/oraziopuglisi.art\/wp-content\/uploads\/2025\/12\/Slingelandt_Pieter_Cornelis_van_-_himself_-_17th_century.jpg 386w, https:\/\/oraziopuglisi.art\/wp-content\/uploads\/2025\/12\/Slingelandt_Pieter_Cornelis_van_-_himself_-_17th_century-226x300.jpg 226w\" sizes=\"auto, (max-width: 386px) 100vw, 386px\" \/><\/p>\n<p>&nbsp;<\/p>\n<p style=\"text-align: justify;\"><b>Pieter Cornelisz. van Slingelandt<\/b>\u00a0(<time class=\"nowrap\" datetime=\"1640-10-20\" data-sort-value=\"1640-10-20\">20 octobre 1640<\/time>,\u00a0<a title=\"Leyde\" href=\"https:\/\/fr.wikipedia.org\/wiki\/Leyde\">Leyde<\/a>\u00a0\u2013\u00a0<time class=\"nowrap\" datetime=\"1691-11-07\" data-sort-value=\"1691-11-07\">7 novembre 1691<\/time>,\u00a0<a title=\"Leyde\" href=\"https:\/\/fr.wikipedia.org\/wiki\/Leyde\">Leyde<\/a>) est un\u00a0<a title=\"Artiste peintre\" href=\"https:\/\/fr.wikipedia.org\/wiki\/Artiste_peintre\">peintre<\/a>\u00a0<a title=\"Pays-Bas\" href=\"https:\/\/fr.wikipedia.org\/wiki\/Pays-Bas\">n\u00e9erlandais<\/a>\u00a0du\u00a0<a title=\"Si\u00e8cle d'or n\u00e9erlandais\" href=\"https:\/\/fr.wikipedia.org\/wiki\/Si%C3%A8cle_d%27or_n%C3%A9erlandais\">si\u00e8cle d&rsquo;or<\/a>. Il est connu pour ses\u00a0<a title=\"Artiste peintre\" href=\"https:\/\/fr.wikipedia.org\/wiki\/Artiste_peintre\">peintures<\/a>\u00a0de\u00a0<a title=\"Portrait\" href=\"https:\/\/fr.wikipedia.org\/wiki\/Portrait\">portraits<\/a>.<\/p>\n<p>&nbsp;<\/p>\n<p><iframe loading=\"lazy\" title=\"Breakfast of a Young Man By Pieter Cornelisz van Slingelandt - The State Hermitage Museum\" width=\"600\" height=\"338\" src=\"https:\/\/www.youtube.com\/embed\/Ih4sf9p3E50?feature=oembed\" frameborder=\"0\" allow=\"accelerometer; autoplay; clipboard-write; encrypted-media; gyroscope; picture-in-picture; web-share\" referrerpolicy=\"strict-origin-when-cross-origin\" allowfullscreen><\/iframe><\/p>\n<div class=\"mw-heading mw-heading2\" style=\"text-align: justify;\">\n<h2 id=\"Biographie\">Biographie<\/h2>\n<\/div>\n<p style=\"text-align: justify;\">Pieter Cornelisz. van Slingelandt est n\u00e9 le\u00a0<time class=\"nowrap\" datetime=\"1640-10-20\" data-sort-value=\"1640-10-20\">20 octobre 1640<\/time>\u00a0\u00e0\u00a0<a title=\"Leyde\" href=\"https:\/\/fr.wikipedia.org\/wiki\/Leyde\">Leyde<\/a>\u00a0aux\u00a0<a title=\"Pays-Bas\" href=\"https:\/\/fr.wikipedia.org\/wiki\/Pays-Bas\">Pays-Bas<\/a>. Il \u00e9tudie la peinture aupr\u00e8s du peintre\u00a0<a title=\"G\u00e9rard Dou\" href=\"https:\/\/fr.wikipedia.org\/wiki\/G%C3%A9rard_Dou\">G\u00e9rard Dou<\/a>, \u00e9galement originaire de\u00a0<a title=\"Leyde\" href=\"https:\/\/fr.wikipedia.org\/wiki\/Leyde\">Leyde<\/a>. Il est connu pour \u00eatre un peintre tr\u00e8s m\u00e9ticuleux et \u00e0 la recherche de la perfection. Il lui arrive pour certains de ses portraits de passer plusieurs mois sur leur ouvrage. Il meurt en 1691 \u00e0\u00a0<a title=\"Leyde\" href=\"https:\/\/fr.wikipedia.org\/wiki\/Leyde\">Leyde<\/a>\u00a0aux\u00a0<a title=\"Pays-Bas\" href=\"https:\/\/fr.wikipedia.org\/wiki\/Pays-Bas\">Pays-Bas<\/a>.<\/p>\n<div class=\"mw-heading mw-heading2\" style=\"text-align: justify;\">\n<h2 id=\"\u0152uvres\"><span id=\".C5.92uvres\"><\/span>\u0152uvres<\/h2>\n<\/div>\n<ul style=\"text-align: justify;\">\n<li><i>Portrait d&rsquo;un homme et d&rsquo;une femme avec deux motifs de frise d&rsquo;ornement, un motif de coquille et un motif illustrant le triomphe d&rsquo;Amphitrite<\/i><sup id=\"cite_ref-1\" class=\"reference\"><a href=\"https:\/\/fr.wikipedia.org\/wiki\/Pieter_Cornelisz_van_Slingelandt#cite_note-1\"><span class=\"cite-bracket\">[<\/span>1<span class=\"cite-bracket\">]<\/span><\/a><\/sup>,\u00a0<a title=\"Rijksmuseum Amsterdam\" href=\"https:\/\/fr.wikipedia.org\/wiki\/Rijksmuseum_Amsterdam\">Rijksmuseum Amsterdam<\/a>.<\/li>\n<li><i>Portrait d&rsquo;un homme avec une montre<\/i><sup id=\"cite_ref-2\" class=\"reference\"><a href=\"https:\/\/fr.wikipedia.org\/wiki\/Pieter_Cornelisz_van_Slingelandt#cite_note-2\"><span class=\"cite-bracket\">[<\/span>2<span class=\"cite-bracket\">]<\/span><\/a><\/sup>, Rijksmuseum Amsterdam.<\/li>\n<li><i>L&rsquo;enfant \u00e0 la souris<\/i>, tableau interpr\u00e9t\u00e9 en gravure par\u00a0<a title=\"Heinrich Guttenberg\" href=\"https:\/\/fr.wikipedia.org\/wiki\/Heinrich_Guttenberg\">Heinrich Guttenberg<\/a>\u00a0pour la\u00a0<i>Galerie des peintres flamands, hollandais et allemands<\/i>\u00a0de\u00a0<a class=\"mw-redirect\" title=\"Jean-Baptiste Pierre Le Brun\" href=\"https:\/\/fr.wikipedia.org\/wiki\/Jean-Baptiste_Pierre_Le_Brun\">Jean-Baptiste Pierre Le Brun<\/a>\u00a0(Paris &#8211; Amsterdam, 3 volumes, 1792-1796).<\/li>\n<li><i>Femme avec cistre<\/i><sup id=\"cite_ref-3\" class=\"reference\"><a href=\"https:\/\/fr.wikipedia.org\/wiki\/Pieter_Cornelisz_van_Slingelandt#cite_note-3\"><span class=\"cite-bracket\">[<\/span>3<span class=\"cite-bracket\">]<\/span><\/a><\/sup>, Useum.<\/li>\n<\/ul>\n<div class=\"mw-heading mw-heading2\" style=\"text-align: justify;\">\n<h2 id=\"Notes_et_r\u00e9f\u00e9rences\"><span id=\"Notes_et_r.C3.A9f.C3.A9rences\"><\/span>Notes et r\u00e9f\u00e9rences<\/h2>\n<\/div>\n<div class=\"references-small decimal\">\n<div class=\"mw-references-wrap\">\n<ol class=\"references\">\n<li id=\"cite_note-1\" style=\"text-align: justify;\"><span class=\"reference-text\"><a class=\"external text\" href=\"http:\/\/www.rijksmuseum.nl\/collectie\/zoeken\/asset.jsp?id=SK-A-1983&amp;lang=en\" rel=\"nofollow\">\u0152uvre de Pieter Cornelisz. van Slingelandt au Rijksmuseum<\/a><small class=\"cachelinks\">\u00a0[<a title=\"archive sur Wikiwix\" href=\"https:\/\/archive.wikiwix.com\/cache\/?url=http%3A%2F%2Fwww.rijksmuseum.nl%2Fcollectie%2Fzoeken%2Fasset.jsp%3Fid%3DSK-A-1983%26lang%3Den\">archive<\/a>]<\/small><\/span><\/li>\n<li id=\"cite_note-2\" style=\"text-align: justify;\"><span class=\"reference-text\"><a class=\"external text\" href=\"http:\/\/www.rijksmuseum.nl\/collectie\/zoeken\/asset.jsp?id=SK-A-377&amp;lang=en\" rel=\"nofollow\">\u0152uvre de Pieter Cornelisz. van Slingelandt au Rijksmuseum<\/a><small class=\"cachelinks\">\u00a0[<a title=\"archive sur Wikiwix\" href=\"https:\/\/archive.wikiwix.com\/cache\/?url=http%3A%2F%2Fwww.rijksmuseum.nl%2Fcollectie%2Fzoeken%2Fasset.jsp%3Fid%3DSK-A-377%26lang%3Den\">archive<\/a>]<\/small><\/span><\/li>\n<li id=\"cite_note-3\" style=\"text-align: justify;\"><span class=\"reference-text\"><a class=\"external autonumber\" href=\"https:\/\/useum.org\/artwork\/Woman-with-Cittern-Pieter-Cornelisz-van-Slingelandt-1677\" rel=\"nofollow\">[1]<\/a><small class=\"cachelinks\">\u00a0[<a title=\"archive sur Wikiwix\" href=\"https:\/\/archive.wikiwix.com\/cache\/?url=https%3A%2F%2Fuseum.org%2Fartwork%2FWoman-with-Cittern-Pieter-Cornelisz-van-Slingelandt-1677\">archive<\/a>]<\/small><\/span><\/li>\n<\/ol>\n<\/div>\n<\/div>\n","protected":false},"excerpt":{"rendered":"<p>Image mise en avant : Autoportrait dans un encadrement ovale, Pieter Cornelis van Slingelandt &nbsp; Pieter Van Slingelandt &nbsp; Pieter Cornelisz. van Slingelandt\u00a0(20 octobre 1640,\u00a0Leyde\u00a0\u2013\u00a07 novembre 1691,\u00a0Leyde) est un\u00a0peintre\u00a0n\u00e9erlandais\u00a0du\u00a0si\u00e8cle d&rsquo;or. Il est connu pour ses\u00a0peintures\u00a0de\u00a0portraits. &nbsp; Biographie Pieter Cornelisz. van Slingelandt est n\u00e9 le\u00a020 octobre 1640\u00a0\u00e0\u00a0Leyde\u00a0aux\u00a0Pays-Bas. Il \u00e9tudie la peinture aupr\u00e8s du peintre\u00a0G\u00e9rard Dou, \u00e9galement [&hellip;]<\/p>\n","protected":false},"author":1,"featured_media":20892,"parent":0,"menu_order":0,"comment_status":"closed","ping_status":"closed","template":"","meta":{"footnotes":""},"class_list":["post-20780","page","type-page","status-publish","has-post-thumbnail","hentry"],"_links":{"self":[{"href":"https:\/\/oraziopuglisi.art\/index.php\/wp-json\/wp\/v2\/pages\/20780","targetHints":{"allow":["GET"]}}],"collection":[{"href":"https:\/\/oraziopuglisi.art\/index.php\/wp-json\/wp\/v2\/pages"}],"about":[{"href":"https:\/\/oraziopuglisi.art\/index.php\/wp-json\/wp\/v2\/types\/page"}],"author":[{"embeddable":true,"href":"https:\/\/oraziopuglisi.art\/index.php\/wp-json\/wp\/v2\/users\/1"}],"replies":[{"embeddable":true,"href":"https:\/\/oraziopuglisi.art\/index.php\/wp-json\/wp\/v2\/comments?post=20780"}],"version-history":[{"count":8,"href":"https:\/\/oraziopuglisi.art\/index.php\/wp-json\/wp\/v2\/pages\/20780\/revisions"}],"predecessor-version":[{"id":20896,"href":"https:\/\/oraziopuglisi.art\/index.php\/wp-json\/wp\/v2\/pages\/20780\/revisions\/20896"}],"wp:featuredmedia":[{"embeddable":true,"href":"https:\/\/oraziopuglisi.art\/index.php\/wp-json\/wp\/v2\/media\/20892"}],"wp:attachment":[{"href":"https:\/\/oraziopuglisi.art\/index.php\/wp-json\/wp\/v2\/media?parent=20780"}],"curies":[{"name":"wp","href":"https:\/\/api.w.org\/{rel}","templated":true}]}}