{"id":20772,"date":"2025-12-13T14:00:43","date_gmt":"2025-12-13T13:00:43","guid":{"rendered":"https:\/\/oraziopuglisi.art\/?page_id=20772"},"modified":"2025-12-13T20:39:22","modified_gmt":"2025-12-13T19:39:22","slug":"eglon-van-der-neer","status":"publish","type":"page","link":"https:\/\/oraziopuglisi.art\/index.php\/eglon-van-der-neer\/","title":{"rendered":"Eglon van der Neer\u00a0"},"content":{"rendered":"<p><span style=\"font-size: 10px;\"><strong>Image mise en avant :<\/strong> <i>Autoportrait<\/i>, 1696,\u00a0<a class=\"mw-redirect\" title=\"Mus\u00e9e des Offices\" href=\"https:\/\/fr.wikipedia.org\/wiki\/Mus%C3%A9e_des_Offices\">mus\u00e9e des Offices !<\/a><sup id=\"cite_ref-1\" class=\"reference\"><\/sup><\/span><\/p>\n<p style=\"text-align: center;\"><a href=\"https:\/\/fr.wikipedia.org\/wiki\/Eglon_van_der_Neer\">Eglon Van der Neer<\/a><\/p>\n<p style=\"text-align: justify;\"><b>Eglon van der Neer<\/b>\u00a0(1635\/36<sup id=\"cite_ref-2\" class=\"reference\"><a href=\"https:\/\/fr.wikipedia.org\/wiki\/Eglon_van_der_Neer#cite_note-2\"><span class=\"cite-bracket\">[<\/span>2<span class=\"cite-bracket\">]<\/span><\/a><\/sup>,\u00a0<a title=\"Amsterdam\" href=\"https:\/\/fr.wikipedia.org\/wiki\/Amsterdam\">Amsterdam<\/a>\u00a0&#8211;\u00a0<time class=\"nowrap dday\" datetime=\"1703-05-03\" data-sort-value=\"1703-05-03\">3 mai 1703<\/time>,\u00a0<a title=\"D\u00fcsseldorf\" href=\"https:\/\/fr.wikipedia.org\/wiki\/D%C3%BCsseldorf\">D\u00fcsseldorf<\/a>) est un peintre du\u00a0<a title=\"Si\u00e8cle d'or n\u00e9erlandais\" href=\"https:\/\/fr.wikipedia.org\/wiki\/Si%C3%A8cle_d%27or_n%C3%A9erlandais\">si\u00e8cle d&rsquo;or n\u00e9erlandais<\/a>, fils du peintre\u00a0<a title=\"Aernout van der Neer\" href=\"https:\/\/fr.wikipedia.org\/wiki\/Aernout_van_der_Neer\">Aernout van der Neer<\/a>. D&rsquo;abord peintre de sc\u00e8nes historiques et de portraits, il s&rsquo;est tourn\u00e9 ensuite vers la peinture de paysage.<\/p>\n<p>&nbsp;<\/p>\n<p>&nbsp;<\/p>\n<p><img loading=\"lazy\" decoding=\"async\" class=\" wp-image-20830 aligncenter\" src=\"http:\/\/oraziopuglisi.art\/wp-content\/uploads\/2025\/12\/Neer_Eglon_van_der_-_Self-portrait_-_1696.jpg\" alt=\"\" width=\"471\" height=\"613\" srcset=\"https:\/\/oraziopuglisi.art\/wp-content\/uploads\/2025\/12\/Neer_Eglon_van_der_-_Self-portrait_-_1696.jpg 295w, https:\/\/oraziopuglisi.art\/wp-content\/uploads\/2025\/12\/Neer_Eglon_van_der_-_Self-portrait_-_1696-230x300.jpg 230w\" sizes=\"auto, (max-width: 471px) 100vw, 471px\" \/><\/p>\n<div class=\"mw-heading mw-heading2\" style=\"text-align: justify;\">\n<h2 id=\"Biographie\">Biographie<\/h2>\n<\/div>\n<p style=\"text-align: justify;\">Ayant au moins cinq fr\u00e8res et s\u0153urs plus jeunes, il a \u00e9t\u00e9 baptis\u00e9 comme eux \u00e0 la\u00a0<a title=\"Nieuwe Kerk d'Amsterdam\" href=\"https:\/\/fr.wikipedia.org\/wiki\/Nieuwe_Kerk_d%27Amsterdam\">Nieuwe Kerk<\/a>\u00a0\u00e0\u00a0<a title=\"Amsterdam\" href=\"https:\/\/fr.wikipedia.org\/wiki\/Amsterdam\">Amsterdam<\/a>, son p\u00e8re s&rsquo;\u00e9tant mari\u00e9 et install\u00e9 dans cette ville en 1629. \u00c0 Amsterdam, il a \u00e9t\u00e9 l&rsquo;\u00e9l\u00e8ve du peintre\u00a0<a title=\"Jacob van Loo\" href=\"https:\/\/fr.wikipedia.org\/wiki\/Jacob_van_Loo\">Jacob van Loo<\/a>. Apr\u00e8s un s\u00e9jour de trois ans \u00e0\u00a0<a title=\"Orange (Vaucluse)\" href=\"https:\/\/fr.wikipedia.org\/wiki\/Orange_(Vaucluse)\">Orange<\/a>, en France, \u00e0 partir de 1654 en tant que peintre pour Friedrich von Dohna (1621\u20131688), gouverneur de la\u00a0<a title=\"Principaut\u00e9 d'Orange\" href=\"https:\/\/fr.wikipedia.org\/wiki\/Principaut%C3%A9_d%27Orange\">principaut\u00e9 d&rsquo;Orange<\/a>, il retourne \u00e0 Amsterdam o\u00f9 il \u00e9pouse Maria Wagensvelt, fille d&rsquo;un riche notaire de Rotterdam, en f\u00e9vrier 1658. En 1663, il s&rsquo;\u00e9tablit \u00e0\u00a0<a title=\"Rotterdam\" href=\"https:\/\/fr.wikipedia.org\/wiki\/Rotterdam\">Rotterdam<\/a>\u00a0avec sa famille o\u00f9\u00a0<a title=\"Adriaen van der Werff\" href=\"https:\/\/fr.wikipedia.org\/wiki\/Adriaen_van_der_Werff\">Adriaen van der Werff<\/a>\u00a0devient son \u00e9l\u00e8ve. Il y reste jusqu&rsquo;\u00e0 la mort de sa femme, en 1677. En 1679, il est \u00e0\u00a0<a title=\"La Haye\" href=\"https:\/\/fr.wikipedia.org\/wiki\/La_Haye\">La Haye<\/a>\u00a0o\u00f9, en 1680, il devient membre de la\u00a0<a title=\"Confr\u00e9rie Pictura\" href=\"https:\/\/fr.wikipedia.org\/wiki\/Confr%C3%A9rie_Pictura\">Confr\u00e9rie Pictura<\/a>. Plus tard la m\u00eame ann\u00e9e, il s&rsquo;\u00e9tablit \u00e0\u00a0<a title=\"Bruxelles\" href=\"https:\/\/fr.wikipedia.org\/wiki\/Bruxelles\">Bruxelles<\/a>\u00a0et il y \u00e9pouse la peintre miniaturiste Marie Du Chastel. Elle lui donnera neuf enfants. \u00c0\u00a0<a title=\"Bruxelles\" href=\"https:\/\/fr.wikipedia.org\/wiki\/Bruxelles\">Bruxelles<\/a>, il est nomm\u00e9 peintre officiel du roi\u00a0<a class=\"mw-redirect\" title=\"Charles II d'Espagne\" href=\"https:\/\/fr.wikipedia.org\/wiki\/Charles_II_d%27Espagne\">Charles II d&rsquo;Espagne<\/a>. Mais quelques ann\u00e9es plus tard, \u00e0 la suite du bombardement de la ville par les Fran\u00e7ais, il d\u00e9cide de quitter Bruxelles. Apr\u00e8s la mort de sa seconde femme, ayant rencontr\u00e9\u00a0<a title=\"Adriana Spilberg\" href=\"https:\/\/fr.wikipedia.org\/wiki\/Adriana_Spilberg\">Adriana Spilberg<\/a>\u00a0peintre \u00e0 la cour et fille de son pr\u00e9d\u00e9cesseur Johannes Spilberg, le peintre r\u00e9cemment d\u00e9c\u00e9d\u00e9 de la cour du\u00a0<a title=\"Palatinat du Rhin\" href=\"https:\/\/fr.wikipedia.org\/wiki\/Palatinat_du_Rhin\">Palatinat<\/a>, il parvient \u00e0 se faire nommer peintre officiel de la cour du prince-\u00e9lecteur\u00a0<a title=\"Jean-Guillaume de Neubourg-Wittelsbach\" href=\"https:\/\/fr.wikipedia.org\/wiki\/Jean-Guillaume_de_Neubourg-Wittelsbach\">Jean-Guillaume de Neubourg-Wittelsbach<\/a>, \u00e0\u00a0<a title=\"D\u00fcsseldorf\" href=\"https:\/\/fr.wikipedia.org\/wiki\/D%C3%BCsseldorf\">D\u00fcsseldorf<\/a>, qui l&rsquo;avait d\u00e9j\u00e0 remarqu\u00e9 \u00e0 Bruxelles. Eglon van der Neer r\u00e9sidera \u00e0 D\u00fcsseldorf jusqu&rsquo;\u00e0 sa mort en 1703.<\/p>\n<p>&nbsp;<\/p>\n<p><iframe loading=\"lazy\" title=\"Eglon van der Neer\" width=\"600\" height=\"338\" src=\"https:\/\/www.youtube.com\/embed\/rMdUgPX-IMI?feature=oembed\" frameborder=\"0\" allow=\"accelerometer; autoplay; clipboard-write; encrypted-media; gyroscope; picture-in-picture; web-share\" referrerpolicy=\"strict-origin-when-cross-origin\" allowfullscreen><\/iframe><\/p>\n<div class=\"mw-heading mw-heading2\" style=\"text-align: justify;\">\n<h2 id=\"Style\" style=\"text-align: center;\">Style<\/h2>\n<\/div>\n<figure class=\"mw-default-size mw-halign-left\" style=\"text-align: justify;\"><a class=\"mw-file-description\" href=\"https:\/\/commons.wikimedia.org\/wiki\/File:Neer,_Eglon_van_der_-_Die_Frau_des_Kandaules_entdeckt_den_versteckten_Gyges_-_1675%E2%80%9380.jpg?uselang=fr\"><img loading=\"lazy\" decoding=\"async\" class=\"mw-file-element aligncenter\" src=\"https:\/\/upload.wikimedia.org\/wikipedia\/commons\/thumb\/5\/53\/Neer%2C_Eglon_van_der_-_Die_Frau_des_Kandaules_entdeckt_den_versteckten_Gyges_-_1675%E2%80%9380.jpg\/330px-Neer%2C_Eglon_van_der_-_Die_Frau_des_Kandaules_entdeckt_den_versteckten_Gyges_-_1675%E2%80%9380.jpg\" srcset=\"\/\/upload.wikimedia.org\/wikipedia\/commons\/thumb\/5\/53\/Neer%2C_Eglon_van_der_-_Die_Frau_des_Kandaules_entdeckt_den_versteckten_Gyges_-_1675%E2%80%9380.jpg\/500px-Neer%2C_Eglon_van_der_-_Die_Frau_des_Kandaules_entdeckt_den_versteckten_Gyges_-_1675%E2%80%9380.jpg 1.5x, \/\/upload.wikimedia.org\/wikipedia\/commons\/5\/53\/Neer%2C_Eglon_van_der_-_Die_Frau_des_Kandaules_entdeckt_den_versteckten_Gyges_-_1675%E2%80%9380.jpg 2x\" width=\"563\" height=\"460\" data-file-width=\"520\" data-file-height=\"424\" \/><\/a><\/figure>\n<p><i>La femme de\u00a0<a title=\"Candaule\" href=\"https:\/\/fr.wikipedia.org\/wiki\/Candaule\">Candaule<\/a>\u00a0d\u00e9couvre\u00a0<a title=\"Gyg\u00e8s\" href=\"https:\/\/fr.wikipedia.org\/wiki\/Gyg%C3%A8s\">Gyg\u00e8s<\/a><\/i>, 1675-1680.<\/p>\n<p style=\"text-align: justify;\">Pendant la premi\u00e8re p\u00e9riode de sa carri\u00e8re, \u00e0 Amsterdam et Rotterdam, van der Neer peint surtout des sc\u00e8nes de genre et des portraits qui montrent sa capacit\u00e9 \u00e0 utiliser une grande vari\u00e9t\u00e9 de styles diff\u00e9rents. Ses sc\u00e8nes d&rsquo;int\u00e9rieur sont marqu\u00e9es par l&rsquo;influence de peintres comme\u00a0<a title=\"Pieter de Hooch\" href=\"https:\/\/fr.wikipedia.org\/wiki\/Pieter_de_Hooch\">Pieter de Hooch<\/a>,\u00a0<a title=\"Gerard ter Borch\" href=\"https:\/\/fr.wikipedia.org\/wiki\/Gerard_ter_Borch\">Gerard ter Borch<\/a>,\u00a0<a title=\"Gabriel Metsu\" href=\"https:\/\/fr.wikipedia.org\/wiki\/Gabriel_Metsu\">Gabriel Metsu<\/a>\u00a0et\u00a0<a title=\"Frans van Mieris l'Ancien\" href=\"https:\/\/fr.wikipedia.org\/wiki\/Frans_van_Mieris_l%27Ancien\">Frans van Mieris l&rsquo;Ancien<\/a>. En revanche, il n&rsquo;a peint que tr\u00e8s peu de sc\u00e8nes bibliques et les premi\u00e8res qu&rsquo;il a r\u00e9alis\u00e9es sont tr\u00e8s similaires \u00e0 ses sc\u00e8nes de genre et figurent les personnages dans des int\u00e9rieurs contemporains de son \u00e9poque. Ensuite, \u00e0 Bruxelles et D\u00fcsseldorf, Van der Neer situe ses peintures d&rsquo;histoire dans des environnements naturels, sur fond de paysage. Dans ces \u0153uvres, il suit l&rsquo;exemple du peintre allemand\u00a0<a title=\"Adam Elsheimer\" href=\"https:\/\/fr.wikipedia.org\/wiki\/Adam_Elsheimer\">Adam Elsheimer<\/a>. Ses paysages \u00ab\u00a0purs\u00a0\u00bb, qui eux ne repr\u00e9sentent pas de personnages tir\u00e9s de sources litt\u00e9raires, montrent d&rsquo;autres influences stylistiques, en l&rsquo;occurrence celles de\u00a0<a title=\"Jan Brueghel l'Ancien\" href=\"https:\/\/fr.wikipedia.org\/wiki\/Jan_Brueghel_l%27Ancien\">Jan Brueghel l&rsquo;Ancien<\/a>\u00a0et\u00a0<a class=\"mw-redirect\" title=\"Jacques D'arthois\" href=\"https:\/\/fr.wikipedia.org\/wiki\/Jacques_D%27arthois\">Jacques D&rsquo;arthois<\/a>. La plupart des peintures de van der Neer sont de petite taille et montrent un style tr\u00e8s appliqu\u00e9 et fini. N\u00e9anmoins, lorsque la sc\u00e8ne ou la commande l&rsquo;imposait, il a aussi \u00e9t\u00e9 capable de r\u00e9aliser des tableaux de plus grand format.<\/p>\n<p>&nbsp;<\/p>\n<p><img loading=\"lazy\" decoding=\"async\" class=\"alignnone size-full wp-image-20833\" src=\"http:\/\/oraziopuglisi.art\/wp-content\/uploads\/2025\/12\/Elegant_Couple_in_an_Interior_1678_Eglon_van_der_Neer.jpg\" alt=\"\" width=\"840\" height=\"1009\" srcset=\"https:\/\/oraziopuglisi.art\/wp-content\/uploads\/2025\/12\/Elegant_Couple_in_an_Interior_1678_Eglon_van_der_Neer.jpg 840w, https:\/\/oraziopuglisi.art\/wp-content\/uploads\/2025\/12\/Elegant_Couple_in_an_Interior_1678_Eglon_van_der_Neer-250x300.jpg 250w, https:\/\/oraziopuglisi.art\/wp-content\/uploads\/2025\/12\/Elegant_Couple_in_an_Interior_1678_Eglon_van_der_Neer-768x923.jpg 768w, https:\/\/oraziopuglisi.art\/wp-content\/uploads\/2025\/12\/Elegant_Couple_in_an_Interior_1678_Eglon_van_der_Neer-508x610.jpg 508w\" sizes=\"auto, (max-width: 840px) 100vw, 840px\" \/><\/p>\n<p><span style=\"font-size: 10px;\"><em>Couple \u00e9l\u00e9gant dans un int\u00e9rieur ! 1678<\/em><\/span><\/p>\n<div class=\"mw-heading mw-heading2\" style=\"text-align: justify;\">\n<h2 id=\"Quelques_\u0153uvres\"><span id=\"Quelques_.C5.93uvres\"><\/span>Quelques \u0153uvres<\/h2>\n<\/div>\n<ul style=\"text-align: justify;\">\n<li><i>Autoportrait<\/i>,\u00a0<a title=\"1696\" href=\"https:\/\/fr.wikipedia.org\/wiki\/1696\">1696<\/a>,\u00a0<a title=\"Galerie des Offices\" href=\"https:\/\/fr.wikipedia.org\/wiki\/Galerie_des_Offices\">Galerie des Offices<\/a>\u00a0\u00e0\u00a0<a title=\"Florence\" href=\"https:\/\/fr.wikipedia.org\/wiki\/Florence\">Florence<\/a>, Italie.<\/li>\n<li><i>Patineurs<\/i>,\u00a0<a class=\"mw-redirect\" title=\"Mus\u00e9e des beaux-arts de Lyon\" href=\"https:\/\/fr.wikipedia.org\/wiki\/Mus%C3%A9e_des_beaux-arts_de_Lyon\">mus\u00e9e des beaux-arts de Lyon<\/a>, France.<\/li>\n<li><i>Mars et Venus<\/i>, huile sur bois, 69,3\u00a0\u00d7\u00a057,8\u00a0<abbr class=\"abbr\" title=\"centim\u00e8tre\">cm<\/abbr>, coll. part<sup id=\"cite_ref-3\" class=\"reference\"><a href=\"https:\/\/fr.wikipedia.org\/wiki\/Eglon_van_der_Neer#cite_note-3\"><span class=\"cite-bracket\">[<\/span>3<span class=\"cite-bracket\">]<\/span><\/a><\/sup>.<\/li>\n<li><i>La Grande Dame<\/i>, 1665, huile sur toile, 64\u00a0\u00d7\u00a055,5\u00a0<abbr class=\"abbr\" title=\"centim\u00e8tre\">cm<\/abbr>, coll. part<sup id=\"cite_ref-4\" class=\"reference\"><a href=\"https:\/\/fr.wikipedia.org\/wiki\/Eglon_van_der_Neer#cite_note-4\"><span class=\"cite-bracket\">[<\/span>4<span class=\"cite-bracket\">]<\/span><\/a><\/sup>.<\/li>\n<li><i>Femme jouant du luth dans un int\u00e9rieur<\/i>, 1675, huile sur toile, 39.4 x 33.4 cm,\u00a0<a title=\"The Leiden Collection\" href=\"https:\/\/fr.wikipedia.org\/wiki\/The_Leiden_Collection\">The Leiden Collection<\/a>,\u00a0<a title=\"New York\" href=\"https:\/\/fr.wikipedia.org\/wiki\/New_York\">New York<\/a><\/li>\n<\/ul>\n<div class=\"mw-heading mw-heading2\" style=\"text-align: justify;\">\n<h2 id=\"Notes_et_r\u00e9f\u00e9rences\"><span id=\"Notes_et_r.C3.A9f.C3.A9rences\"><\/span>Notes et r\u00e9f\u00e9rences<\/h2>\n<\/div>\n<div class=\"references-small decimal\" style=\"text-align: justify;\">\n<div class=\"mw-references-wrap\">\n<ol class=\"references\">\n<li id=\"cite_note-1\"><span class=\"reference-text\"><a class=\"mw-redirect\" title=\"Collection d'autoportraits du Mus\u00e9e des Offices\" href=\"https:\/\/fr.wikipedia.org\/wiki\/Collection_d%27autoportraits_du_Mus%C3%A9e_des_Offices\">Collection d&rsquo;autoportraits du Mus\u00e9e des Offices<\/a>,\u00a0<span id=\"Prinz1980\" class=\"ouvrage\"><span id=\"Wolfram_Prinz1980\" class=\"ouvrage\"><abbr class=\"abbr indicateur-langue\" title=\"Langue : italien\">(it)<\/abbr>\u00a0<a class=\"new\" title=\"Wolfram Prinz (page inexistante)\" href=\"https:\/\/fr.wikipedia.org\/w\/index.php?title=Wolfram_Prinz&amp;action=edit&amp;redlink=1\">Wolfram Prinz<\/a>\u00a0(et aut.),\u00a0<cite lang=\"it\">\u00ab\u00a0La collezione di autoritratti\u00a0: Catalogo generale\u00a0\u00bb<\/cite>, dans Gallerie degli Uffizi,\u00a0<cite class=\"italique\" lang=\"it\">Gli Uffizi<\/cite>, Florence, Centro Di,\u00a0<time>1980<\/time>\u00a0(<abbr class=\"abbr\" title=\"premi\u00e8re\">1<sup>re<\/sup><\/abbr>\u00a0<abbr class=\"abbr\" title=\"\u00e9dition\">\u00e9d.<\/abbr>\u00a01979), 1211\u00a0<abbr class=\"abbr\" title=\"pages\">p.<\/abbr>\u00a0<small>(<a title=\"International Standard Book Number\" href=\"https:\/\/fr.wikipedia.org\/wiki\/International_Standard_Book_Number\">ISBN<\/a>\u00a0<a title=\"Sp\u00e9cial:Ouvrages de r\u00e9f\u00e9rence\/88-7038-021-1\" href=\"https:\/\/fr.wikipedia.org\/wiki\/Sp%C3%A9cial:Ouvrages_de_r%C3%A9f%C3%A9rence\/88-7038-021-1\"><span class=\"nowrap\">88-7038-021-1<\/span><\/a>)<\/small>,\u00a0<abbr class=\"abbr\" title=\"page\">p.<\/abbr>\u00a01027<\/span><\/span>.<\/span><\/li>\n<li id=\"cite_note-2\"><span class=\"reference-text\">Liedtke, W. (2007),\u00a0<i>Dutch painting in the Metropolitan Museum of Art<\/i>, p. 512.<\/span><\/li>\n<li id=\"cite_note-3\"><span class=\"reference-text\"><span class=\"ouvrage\"><abbr class=\"abbr indicateur-langue\" title=\"Langue : anglais\">(en)<\/abbr>\u00a0\u00ab\u00a0<a class=\"external text\" href=\"https:\/\/www.mutualart.com\/Artist\/Eglon-Hendrick-van-der-Neer\/5628759D45DE92EF\/Graphs\" rel=\"nofollow\"><cite lang=\"en\">Eglon Neer | Mars und Venus auf dem Ruhebett | MutualArt<\/cite><\/a><small class=\"cachelinks\">\u00a0[<a title=\"archive sur Wikiwix\" href=\"https:\/\/archive.wikiwix.com\/cache\/?url=https%3A%2F%2Fwww.mutualart.com%2FArtist%2FEglon-Hendrick-van-der-Neer%2F5628759D45DE92EF%2FGraphs\">archive<\/a>]<\/small>\u00a0\u00bb, sur\u00a0<span class=\"italique\">www.mutualart.com<\/span>\u00a0<small>(consult\u00e9 le\u00a0<time class=\"nowrap\" datetime=\"2022-05-13\" data-sort-value=\"2022-05-13\">13 mai 2022<\/time>)<\/small><\/span><\/span><\/li>\n<li id=\"cite_note-4\"><span class=\"reference-text\"><a class=\"extiw\" title=\"c:File:La Grande Dame - Eglon Van der Neer.jpg\" href=\"https:\/\/commons.wikimedia.org\/wiki\/File:La_Grande_Dame_-_Eglon_Van_der_Neer.jpg\">Voir l&rsquo;\u0153uvre\u00a0<i>La Grande Dame<\/i><\/a>\u00a0sur\u00a0<a title=\"Wikimedia Commons\" href=\"https:\/\/fr.wikipedia.org\/wiki\/Wikimedia_Commons\">Wikimedia Commons<\/a>.<\/span><\/li>\n<\/ol>\n<\/div>\n<\/div>\n<div class=\"mw-heading mw-heading2\" style=\"text-align: justify;\">\n<h2 id=\"Annexes\">Annexes<\/h2>\n<\/div>\n<div class=\"mw-heading mw-heading3\" style=\"text-align: justify;\">\n<h3 id=\"Bibliographie\">Bibliographie<\/h3>\n<\/div>\n<ul>\n<li style=\"text-align: justify;\"><span class=\"noviewer\"><img loading=\"lazy\" decoding=\"async\" class=\"mw-file-element\" src=\"https:\/\/upload.wikimedia.org\/wikipedia\/commons\/thumb\/4\/4c\/Wikisource-logo.svg\/20px-Wikisource-logo.svg.png\" srcset=\"\/\/upload.wikimedia.org\/wikipedia\/commons\/thumb\/4\/4c\/Wikisource-logo.svg\/40px-Wikisource-logo.svg.png 2x\" alt=\"\" width=\"12\" height=\"13\" data-file-width=\"410\" data-file-height=\"430\" \/><\/span>\u00a0<span id=\"1911\" class=\"ouvrage\"><abbr class=\"abbr indicateur-langue\" title=\"Langue : anglais\">(en)<\/abbr>\u00a0<cite lang=\"en\">\u00ab\u00a0Eglon van der Neer\u00a0\u00bb<\/cite>, dans\u00a0<cite class=\"italique\" lang=\"en\"><a title=\"Encyclop\u00e6dia Britannica\" href=\"https:\/\/fr.wikipedia.org\/wiki\/Encyclop%C3%A6dia_Britannica\">Encyclop\u00e6dia Britannica<\/a>\u00a0<small class=\"noprint\">[<a title=\"R\u00e9f\u00e9rence:Encyclop\u00e6dia Britannica 1911\" href=\"https:\/\/fr.wikipedia.org\/wiki\/R%C3%A9f%C3%A9rence:Encyclop%C3%A6dia_Britannica_1911\">d\u00e9tail de l\u2019\u00e9dition<\/a>]<\/small><\/cite>,\u00a0<time>1911<\/time>\u00a0<small>(<a class=\"extiw\" title=\"s:en:1911 Encyclop\u00e6dia Britannica\/Eglon van der Neer\" href=\"https:\/\/fr.wikisource.org\/wiki\/en:1911_Encyclop%C3%A6dia_Britannica\/Eglon_van_der_Neer\">lire sur Wikisource<\/a>)<\/small><\/span>.<\/li>\n<li style=\"text-align: justify;\"><abbr class=\"abbr indicateur-langue\" title=\"Langue : n\u00e9erlandais\">(nl)<\/abbr>\u00a0P. Hecht,\u00a0<i>De Hollandse fijnschilders: Van Gerard Dou tot Adriaen van der Werff<\/i>\u00a0(catalogue d&rsquo;exposition), Amsterdam\u00a0:\u00a0<a title=\"Rijksmuseum Amsterdam\" href=\"https:\/\/fr.wikipedia.org\/wiki\/Rijksmuseum_Amsterdam\">Rijksmuseum<\/a>.<\/li>\n<li style=\"text-align: justify;\"><abbr class=\"abbr indicateur-langue\" title=\"Langue : n\u00e9erlandais\">(nl)<\/abbr>\u00a0P. Hecht, \u00ab\u00a0Een Van der Neer voor het Rijksmuseum\u00a0\u00bb,\u00a0<i>Kunstschrift<\/i>, vol. 35, 1991,\u00a0<abbr class=\"abbr\" title=\"num\u00e9ro\">n<sup>o<\/sup><\/abbr>\u00a03, p. 5-6.<\/li>\n<li style=\"text-align: justify;\"><abbr class=\"abbr indicateur-langue\" title=\"Langue : anglais\">(en)<\/abbr>\u00a0E. Schavemaker, \u00ab\u00a0Copy and paste in the Work of Eglon van der Neer: Some Thoughts on Eclecticism\u00a0\u00bb, dans E. Mai (dir.),\u00a0<i>Holland nach Rembrandt. Zur niederl\u00e4ndischen Kunst zwischen 1670 und 1750<\/i>, Cologne, 2006, p. 247-262.<\/li>\n<li style=\"text-align: justify;\"><abbr class=\"abbr indicateur-langue\" title=\"Langue : n\u00e9erlandais\">(nl)<\/abbr>\u00a0Eddy Schavemaker,\u00a0<i>Eglon Hendrik van der Neer (1635\/36-1703). Zijn leven en werk<\/i>\u00a0(th\u00e8se \u00e0 l&rsquo;Universit\u00e9 d&rsquo;Utrecht), 2009.<\/li>\n<\/ul>\n","protected":false},"excerpt":{"rendered":"<p>Image mise en avant : Autoportrait, 1696,\u00a0mus\u00e9e des Offices ! Eglon Van der Neer Eglon van der Neer\u00a0(1635\/36[2],\u00a0Amsterdam\u00a0&#8211;\u00a03 mai 1703,\u00a0D\u00fcsseldorf) est un peintre du\u00a0si\u00e8cle d&rsquo;or n\u00e9erlandais, fils du peintre\u00a0Aernout van der Neer. D&rsquo;abord peintre de sc\u00e8nes historiques et de portraits, il s&rsquo;est tourn\u00e9 ensuite vers la peinture de paysage. &nbsp; &nbsp; Biographie Ayant au moins [&hellip;]<\/p>\n","protected":false},"author":1,"featured_media":20830,"parent":0,"menu_order":0,"comment_status":"closed","ping_status":"closed","template":"","meta":{"footnotes":""},"class_list":["post-20772","page","type-page","status-publish","has-post-thumbnail","hentry"],"_links":{"self":[{"href":"https:\/\/oraziopuglisi.art\/index.php\/wp-json\/wp\/v2\/pages\/20772","targetHints":{"allow":["GET"]}}],"collection":[{"href":"https:\/\/oraziopuglisi.art\/index.php\/wp-json\/wp\/v2\/pages"}],"about":[{"href":"https:\/\/oraziopuglisi.art\/index.php\/wp-json\/wp\/v2\/types\/page"}],"author":[{"embeddable":true,"href":"https:\/\/oraziopuglisi.art\/index.php\/wp-json\/wp\/v2\/users\/1"}],"replies":[{"embeddable":true,"href":"https:\/\/oraziopuglisi.art\/index.php\/wp-json\/wp\/v2\/comments?post=20772"}],"version-history":[{"count":11,"href":"https:\/\/oraziopuglisi.art\/index.php\/wp-json\/wp\/v2\/pages\/20772\/revisions"}],"predecessor-version":[{"id":20838,"href":"https:\/\/oraziopuglisi.art\/index.php\/wp-json\/wp\/v2\/pages\/20772\/revisions\/20838"}],"wp:featuredmedia":[{"embeddable":true,"href":"https:\/\/oraziopuglisi.art\/index.php\/wp-json\/wp\/v2\/media\/20830"}],"wp:attachment":[{"href":"https:\/\/oraziopuglisi.art\/index.php\/wp-json\/wp\/v2\/media?parent=20772"}],"curies":[{"name":"wp","href":"https:\/\/api.w.org\/{rel}","templated":true}]}}