{"id":20768,"date":"2025-12-13T13:59:37","date_gmt":"2025-12-13T12:59:37","guid":{"rendered":"https:\/\/oraziopuglisi.art\/?page_id=20768"},"modified":"2025-12-13T16:17:22","modified_gmt":"2025-12-13T15:17:22","slug":"jan-van-mieris","status":"publish","type":"page","link":"https:\/\/oraziopuglisi.art\/index.php\/jan-van-mieris\/","title":{"rendered":"Jan van Mieris"},"content":{"rendered":"<p><span style=\"font-size: 10px;\">Image mise en avant : <a href=\"https:\/\/fr.wikipedia.org\/wiki\/Jan_van_Mieris\">Jan van Mieris<\/a> (1660-1690) oil on canvas 80 x 64 cm circa 1685<\/span><\/p>\n<div id=\"attachment_20805\" style=\"width: 510px\" class=\"wp-caption alignnone\"><img loading=\"lazy\" decoding=\"async\" aria-describedby=\"caption-attachment-20805\" class=\"size-full wp-image-20805\" src=\"http:\/\/oraziopuglisi.art\/wp-content\/uploads\/2025\/12\/Self_portrait_by_Jan_van_Mieris.jpg\" alt=\"\" width=\"500\" height=\"625\" srcset=\"https:\/\/oraziopuglisi.art\/wp-content\/uploads\/2025\/12\/Self_portrait_by_Jan_van_Mieris.jpg 500w, https:\/\/oraziopuglisi.art\/wp-content\/uploads\/2025\/12\/Self_portrait_by_Jan_van_Mieris-240x300.jpg 240w\" sizes=\"auto, (max-width: 500px) 100vw, 500px\" \/><p id=\"caption-attachment-20805\" class=\"wp-caption-text\">Jan van Mieris (1660-1690)<br \/>\n*oil on canvas<br \/>\n*80 x 64 cm<br \/>\n*circa 1685<\/p><\/div>\n<p style=\"text-align: justify;\"><b>Jan van Mieris<\/b>, n\u00e9 le\u00a0<time class=\"nowrap\" datetime=\"1660-06-17\" data-sort-value=\"1660-06-17\">17 juin 1660<\/time>\u00a0\u00e0\u00a0<a title=\"Leyde\" href=\"https:\/\/fr.wikipedia.org\/wiki\/Leyde\">Leyde<\/a>\u00a0et mort le\u00a0<time class=\"nowrap\" datetime=\"1690-03-17\" data-sort-value=\"1690-03-17\">17 mars 1690<\/time>\u00a0\u00e0\u00a0<a title=\"Rome\" href=\"https:\/\/fr.wikipedia.org\/wiki\/Rome\">Rome<\/a>, est un\u00a0<a title=\"Artiste peintre\" href=\"https:\/\/fr.wikipedia.org\/wiki\/Artiste_peintre\">peintre<\/a>\u00a0<a title=\"Pays-Bas\" href=\"https:\/\/fr.wikipedia.org\/wiki\/Pays-Bas\">n\u00e9erlandais<\/a>.<\/p>\n<p>&nbsp;<\/p>\n<p><iframe loading=\"lazy\" title=\"Frans van Mieris the Elder: A collection of 77 paintings (HD)\" width=\"600\" height=\"338\" src=\"https:\/\/www.youtube.com\/embed\/qtRYIGy8G2I?feature=oembed\" frameborder=\"0\" allow=\"accelerometer; autoplay; clipboard-write; encrypted-media; gyroscope; picture-in-picture; web-share\" referrerpolicy=\"strict-origin-when-cross-origin\" allowfullscreen><\/iframe><\/p>\n<div class=\"mw-heading mw-heading2\">\n<h2 id=\"Biographie\">Biographie<\/h2>\n<\/div>\n<p style=\"text-align: justify;\">Fils ain\u00e9 de\u00a0<a title=\"Frans van Mieris l'Ancien\" href=\"https:\/\/fr.wikipedia.org\/wiki\/Frans_van_Mieris_l%27Ancien\">Frans van Mieris l&rsquo;Ancien<\/a>, il \u00e9tudie la peinture avec son p\u00e8re, avant d&rsquo;\u00eatre l&rsquo;\u00e9l\u00e8ve de\u00a0<a title=\"G\u00e9rard de Lairesse\" href=\"https:\/\/fr.wikipedia.org\/wiki\/G%C3%A9rard_de_Lairesse\">G\u00e9rard de Lairesse<\/a>. Vers 1686-1687, il voyage en\u00a0<a title=\"Allemagne\" href=\"https:\/\/fr.wikipedia.org\/wiki\/Allemagne\">Allemagne<\/a>\u00a0puis \u00e0\u00a0<a title=\"Florence\" href=\"https:\/\/fr.wikipedia.org\/wiki\/Florence\">Florence<\/a>, o\u00f9 la notori\u00e9t\u00e9 de son p\u00e8re lui vaut un accueil privil\u00e9gi\u00e9 de\u00a0<a title=\"Cosme III de M\u00e9dicis\" href=\"https:\/\/fr.wikipedia.org\/wiki\/Cosme_III_de_M%C3%A9dicis\">Cosme III de M\u00e9dicis<\/a>, Grand Duc de Toscane. Il poursuit son voyage vers Rome, o\u00f9 il jouit d\u00e9j\u00e0 d&rsquo;une certaine renomm\u00e9e. De sant\u00e9 fragile depuis son plus jeune \u00e2ge, sa condition s&rsquo;aggrave et il y meurt en 1690.<\/p>\n<p>&nbsp;<\/p>\n<p><iframe loading=\"lazy\" title=\"Frans van Mieris I (1635-1681)\" width=\"600\" height=\"338\" src=\"https:\/\/www.youtube.com\/embed\/0b68tGXVwrQ?feature=oembed\" frameborder=\"0\" allow=\"accelerometer; autoplay; clipboard-write; encrypted-media; gyroscope; picture-in-picture; web-share\" referrerpolicy=\"strict-origin-when-cross-origin\" allowfullscreen><\/iframe><\/p>\n<p>&nbsp;<\/p>\n<p><iframe loading=\"lazy\" title=\"Frans van Mieris the Elder - Paintings by Frans van Mieris (I) in the Rijksmuseum, Amsterdam,.\" width=\"600\" height=\"338\" src=\"https:\/\/www.youtube.com\/embed\/zlotJXC_tJc?feature=oembed\" frameborder=\"0\" allow=\"accelerometer; autoplay; clipboard-write; encrypted-media; gyroscope; picture-in-picture; web-share\" referrerpolicy=\"strict-origin-when-cross-origin\" allowfullscreen><\/iframe><\/p>\n<p>&nbsp;<\/p>\n<p><iframe loading=\"lazy\" title=\"FRANS VAN MIERIS, THE ELDER\" width=\"600\" height=\"338\" src=\"https:\/\/www.youtube.com\/embed\/bvOEjU3ynM4?feature=oembed\" frameborder=\"0\" allow=\"accelerometer; autoplay; clipboard-write; encrypted-media; gyroscope; picture-in-picture; web-share\" referrerpolicy=\"strict-origin-when-cross-origin\" allowfullscreen><\/iframe><\/p>\n","protected":false},"excerpt":{"rendered":"<p>Image mise en avant : Jan van Mieris (1660-1690) oil on canvas 80 x 64 cm circa 1685 Jan van Mieris, n\u00e9 le\u00a017 juin 1660\u00a0\u00e0\u00a0Leyde\u00a0et mort le\u00a017 mars 1690\u00a0\u00e0\u00a0Rome, est un\u00a0peintre\u00a0n\u00e9erlandais. &nbsp; Biographie Fils ain\u00e9 de\u00a0Frans van Mieris l&rsquo;Ancien, il \u00e9tudie la peinture avec son p\u00e8re, avant d&rsquo;\u00eatre l&rsquo;\u00e9l\u00e8ve de\u00a0G\u00e9rard de Lairesse. Vers 1686-1687, il [&hellip;]<\/p>\n","protected":false},"author":1,"featured_media":20805,"parent":0,"menu_order":0,"comment_status":"closed","ping_status":"closed","template":"","meta":{"footnotes":""},"class_list":["post-20768","page","type-page","status-publish","has-post-thumbnail","hentry"],"_links":{"self":[{"href":"https:\/\/oraziopuglisi.art\/index.php\/wp-json\/wp\/v2\/pages\/20768","targetHints":{"allow":["GET"]}}],"collection":[{"href":"https:\/\/oraziopuglisi.art\/index.php\/wp-json\/wp\/v2\/pages"}],"about":[{"href":"https:\/\/oraziopuglisi.art\/index.php\/wp-json\/wp\/v2\/types\/page"}],"author":[{"embeddable":true,"href":"https:\/\/oraziopuglisi.art\/index.php\/wp-json\/wp\/v2\/users\/1"}],"replies":[{"embeddable":true,"href":"https:\/\/oraziopuglisi.art\/index.php\/wp-json\/wp\/v2\/comments?post=20768"}],"version-history":[{"count":10,"href":"https:\/\/oraziopuglisi.art\/index.php\/wp-json\/wp\/v2\/pages\/20768\/revisions"}],"predecessor-version":[{"id":20810,"href":"https:\/\/oraziopuglisi.art\/index.php\/wp-json\/wp\/v2\/pages\/20768\/revisions\/20810"}],"wp:featuredmedia":[{"embeddable":true,"href":"https:\/\/oraziopuglisi.art\/index.php\/wp-json\/wp\/v2\/media\/20805"}],"wp:attachment":[{"href":"https:\/\/oraziopuglisi.art\/index.php\/wp-json\/wp\/v2\/media?parent=20768"}],"curies":[{"name":"wp","href":"https:\/\/api.w.org\/{rel}","templated":true}]}}