{"id":20757,"date":"2025-12-13T13:08:39","date_gmt":"2025-12-13T12:08:39","guid":{"rendered":"https:\/\/oraziopuglisi.art\/?page_id=20757"},"modified":"2025-12-13T16:25:55","modified_gmt":"2025-12-13T15:25:55","slug":"ecole-des-fijnschilders","status":"publish","type":"page","link":"https:\/\/oraziopuglisi.art\/index.php\/ecole-des-fijnschilders\/","title":{"rendered":"Ecole des Fijnschilders"},"content":{"rendered":"<p><em><span style=\"font-size: 12px;\">I<\/span><span style=\"font-size: 12px;\">mage mise en avant : <\/span><span style=\"font-size: 12px;\"><a href=\"https:\/\/fr.wikipedia.org\/wiki\/G%C3%A9rard_Dou\">G\u00e9rard Dou <\/a><\/span><span style=\"font-size: 12px;\">\u00a0dentiste \u00e0 la bougie 1660<\/span><\/em><\/p>\n<p style=\"text-align: center;\"><a href=\"https:\/\/fr.wikipedia.org\/wiki\/Fijnschilders\">Ecole des Fijnschilders<\/a><\/p>\n<p style=\"text-align: justify;\"><b>Fijnschilders<\/b>, parfois traduit en fran\u00e7ais par\u00a0<i>peintres pr\u00e9cieux<\/i>, est le terme qui d\u00e9signe les artistes peintres hollandais qui, entre\u00a0<a title=\"1630\" href=\"https:\/\/fr.wikipedia.org\/wiki\/1630\">1630<\/a>\u00a0et\u00a0<a title=\"1710\" href=\"https:\/\/fr.wikipedia.org\/wiki\/1710\">1710<\/a>, s&rsquo;efforc\u00e8rent de repr\u00e9senter la r\u00e9alit\u00e9 avec le maximum de pr\u00e9cision.<\/p>\n<p>&nbsp;<\/p>\n<p><iframe loading=\"lazy\" title=\"Fijnschilder. Leiden Fijnschilders.\" width=\"600\" height=\"338\" src=\"https:\/\/www.youtube.com\/embed\/RAfUoz7xiWk?feature=oembed\" frameborder=\"0\" allow=\"accelerometer; autoplay; clipboard-write; encrypted-media; gyroscope; picture-in-picture; web-share\" referrerpolicy=\"strict-origin-when-cross-origin\" allowfullscreen><\/iframe><\/p>\n<div class=\"mw-heading mw-heading2\" style=\"text-align: justify;\">\n<h2 id=\"Description\">Description<\/h2>\n<\/div>\n<p style=\"text-align: justify;\">On utilise le terme de\u00a0<i>peintres pr\u00e9cieux de\u00a0<a title=\"Leyde\" href=\"https:\/\/fr.wikipedia.org\/wiki\/Leyde\">Leyde<\/a><\/i>\u00a0en raison du style particulier d\u00e9velopp\u00e9 par des peintres comme\u00a0<a title=\"G\u00e9rard Dou\" href=\"https:\/\/fr.wikipedia.org\/wiki\/G%C3%A9rard_Dou\">Gerrit Dou<\/a>. Celui-ci utilise une technique minutieuse dans des\u00a0<a class=\"mw-redirect\" title=\"Peinture de genre\" href=\"https:\/\/fr.wikipedia.org\/wiki\/Peinture_de_genre\">peintures de genre<\/a>\u00a0de petit format, qui repr\u00e9sentent des sc\u00e8nes de la vie quotidienne. \u00c0 cette branche des Fijnschilders se rattachent \u00e9galement\u00a0:\u00a0<a title=\"Frans van Mieris l'Ancien\" href=\"https:\/\/fr.wikipedia.org\/wiki\/Frans_van_Mieris_l%27Ancien\">Frans van Mieris l&rsquo;Ancien<\/a>,\u00a0<a title=\"Jan van Mieris\" href=\"https:\/\/fr.wikipedia.org\/wiki\/Jan_van_Mieris\">Jan van Mieris<\/a>,\u00a0<a title=\"Willem van Mieris\" href=\"https:\/\/fr.wikipedia.org\/wiki\/Willem_van_Mieris\">Willem van Mieris<\/a>,\u00a0<a title=\"Eglon van der Neer\" href=\"https:\/\/fr.wikipedia.org\/wiki\/Eglon_van_der_Neer\">Eglon van der Neer<\/a>,\u00a0<a title=\"Caspar Netscher\" href=\"https:\/\/fr.wikipedia.org\/wiki\/Caspar_Netscher\">Caspar Netscher<\/a>,\u00a0<a title=\"Godfried Schalken\" href=\"https:\/\/fr.wikipedia.org\/wiki\/Godfried_Schalken\">Godfried Schalken<\/a>,\u00a0<a class=\"mw-redirect\" title=\"Pieter van Slingelandt\" href=\"https:\/\/fr.wikipedia.org\/wiki\/Pieter_van_Slingelandt\">Pieter van Slingelandt<\/a>,\u00a0<a title=\"Ary de Vois\" href=\"https:\/\/fr.wikipedia.org\/wiki\/Ary_de_Vois\">Ary de Vois<\/a>,\u00a0<a title=\"Adriaen van der Werff\" href=\"https:\/\/fr.wikipedia.org\/wiki\/Adriaen_van_der_Werff\">Adriaen van der Werff<\/a>\u00a0ou\u00a0<a title=\"Quirijn van Brekelenkam\" href=\"https:\/\/fr.wikipedia.org\/wiki\/Quirijn_van_Brekelenkam\">Quirijn van Brekelenkam<\/a>.<\/p>\n<p style=\"text-align: justify;\">Cette \u00e9cole fut patronn\u00e9e par d&rsquo;illustres personnalit\u00e9s, parmi lesquelles la reine\u00a0<a class=\"mw-redirect\" title=\"Christine de Su\u00e8de\" href=\"https:\/\/fr.wikipedia.org\/wiki\/Christine_de_Su%C3%A8de\">Christine de Su\u00e8de<\/a>, l&rsquo;<a title=\"L\u00e9opold-Guillaume de Habsbourg\" href=\"https:\/\/fr.wikipedia.org\/wiki\/L%C3%A9opold-Guillaume_de_Habsbourg\">archiduc L\u00e9opold Guillaume<\/a>\u00a0et\u00a0<a title=\"Cosme III de M\u00e9dicis\" href=\"https:\/\/fr.wikipedia.org\/wiki\/Cosme_III_de_M%C3%A9dicis\">Cosme III de M\u00e9dicis<\/a><sup id=\"cite_ref-1\" class=\"reference\"><a href=\"https:\/\/fr.wikipedia.org\/wiki\/Fijnschilders#cite_note-1\"><span class=\"cite-bracket\">[<\/span>1<span class=\"cite-bracket\">]<\/span><\/a><\/sup>.<\/p>\n<p>&nbsp;<\/p>\n<p>&nbsp;<\/p>\n<p><iframe loading=\"lazy\" title=\"Leiden De Lakenhal   Fijnschilders\" width=\"600\" height=\"338\" src=\"https:\/\/www.youtube.com\/embed\/eAVqDPFem8E?feature=oembed\" frameborder=\"0\" allow=\"accelerometer; autoplay; clipboard-write; encrypted-media; gyroscope; picture-in-picture; web-share\" referrerpolicy=\"strict-origin-when-cross-origin\" allowfullscreen><\/iframe><\/p>\n<div class=\"mw-heading mw-heading2\" style=\"text-align: justify;\">\n<h2 id=\"Notes_et_r\u00e9f\u00e9rences\"><span id=\"Notes_et_r.C3.A9f.C3.A9rences\"><\/span>Notes et r\u00e9f\u00e9rences<\/h2>\n<\/div>\n<div class=\"references-small decimal\" style=\"text-align: justify;\">\n<div class=\"mw-references-wrap\">\n<ol class=\"references\">\n<li id=\"cite_note-1\"><span class=\"reference-text\"><span id=\"Spinelli2000\" class=\"ouvrage\"><span id=\"Riccardo_Spinelli2000\" class=\"ouvrage\">Riccardo\u00a0<span class=\"nom_auteur\">Spinelli<\/span>,\u00a0<cite>\u00ab\u00a0Biographies\u00a0\u00bb<\/cite>, dans Mina Gregori,\u00a0<cite class=\"italique\">Le Mus\u00e9e des Offices et le Palais Pitti<\/cite>, Paris, Editions Place des Victoires,\u00a0<time>2000<\/time>\u00a0<small>(<a title=\"International Standard Book Number\" href=\"https:\/\/fr.wikipedia.org\/wiki\/International_Standard_Book_Number\">ISBN<\/a>\u00a0<a title=\"Sp\u00e9cial:Ouvrages de r\u00e9f\u00e9rence\/2-84459-006-3\" href=\"https:\/\/fr.wikipedia.org\/wiki\/Sp%C3%A9cial:Ouvrages_de_r%C3%A9f%C3%A9rence\/2-84459-006-3\"><span class=\"nowrap\">2-84459-006-3<\/span><\/a>)<\/small>,\u00a0<abbr class=\"abbr\" title=\"page\">p.<\/abbr>\u00a0672<\/span><\/span><\/span><\/li>\n<\/ol>\n<\/div>\n<\/div>\n<div class=\"mw-heading mw-heading2\" style=\"text-align: justify;\">\n<h2 id=\"Annexes\">Annexes<\/h2>\n<\/div>\n<div class=\"mw-heading mw-heading3\" style=\"text-align: justify;\">\n<h3 id=\"Bibliographie\">Bibliographie<\/h3>\n<\/div>\n<ul>\n<li style=\"text-align: justify;\"><abbr class=\"abbr indicateur-langue\" title=\"Langue : anglais\">(en)<\/abbr>\u00a0Annegret Laabs,\u00a0<i>The Leiden Fijnschilders from Dresden<\/i>\u00a0(<i>Les Fijnschilders du mus\u00e9e de Dresde<\/i>),\u00a0<small>(<a title=\"International Standard Book Number\" href=\"https:\/\/fr.wikipedia.org\/wiki\/International_Standard_Book_Number\">ISBN<\/a>\u00a0<a title=\"Sp\u00e9cial:Ouvrages de r\u00e9f\u00e9rence\/9040095507\" href=\"https:\/\/fr.wikipedia.org\/wiki\/Sp%C3%A9cial:Ouvrages_de_r%C3%A9f%C3%A9rence\/9040095507\"><span class=\"nowrap\">9040095507<\/span><\/a>)<\/small><\/li>\n<li style=\"text-align: justify;\"><abbr class=\"abbr indicateur-langue\" title=\"Langue : n\u00e9erlandais\">(nl)<\/abbr>\u00a0Eric J.C. Sluijters, Marlies Enklaar, Paul Nieuwenhuizen,\u00a0<i>Leidse Fijnschilders, Van Gerard Dou tot Adriaen van der Werf<\/i>, Leyde, 1988, catalogue d&rsquo;exposition.<\/li>\n<li style=\"text-align: justify;\"><span id=\"Hecht1989\" class=\"ouvrage\"><span id=\"Peter_Hecht1989\" class=\"ouvrage\"><abbr class=\"abbr indicateur-langue\" title=\"Langue : n\u00e9erlandais\">(nl)<\/abbr>\u00a0Peter Hecht,\u00a0<cite class=\"italique\" lang=\"nl\">De Hollandse fijnschilders\u00a0: van Gerard Dou tot Adriaen van der Werff\u00a0<i>(catalogue d&rsquo;exposition au Rijksmuseum)<\/i><\/cite>, Amsterdam, Rijksmuseum,\u00a0<time>1989<\/time>, 296\u00a0<abbr class=\"abbr\" title=\"pages\">p.<\/abbr>\u00a0<small>(<a title=\"International Standard Book Number\" href=\"https:\/\/fr.wikipedia.org\/wiki\/International_Standard_Book_Number\">ISBN<\/a>\u00a0<a title=\"Sp\u00e9cial:Ouvrages de r\u00e9f\u00e9rence\/978-9061790907\" href=\"https:\/\/fr.wikipedia.org\/wiki\/Sp%C3%A9cial:Ouvrages_de_r%C3%A9f%C3%A9rence\/978-9061790907\"><span class=\"nowrap\">978-9061790907<\/span><\/a>)<\/small><\/span><\/span>.<\/li>\n<\/ul>\n<p>&nbsp;<\/p>\n<blockquote class=\"wp-embedded-content\" data-secret=\"RxAUopZD8x\"><p><a href=\"https:\/\/oraziopuglisi.art\/index.php\/frans-van-mieris-lancien\/\">Frans van Mieris l&rsquo;Ancien<\/a><\/p><\/blockquote>\n<p><iframe loading=\"lazy\" class=\"wp-embedded-content\" sandbox=\"allow-scripts\" security=\"restricted\" style=\"position: absolute; visibility: hidden;\" title=\"\u00ab\u00a0Frans van Mieris l&rsquo;Ancien\u00a0\u00bb &#8212; Orazio Puglisi\" src=\"https:\/\/oraziopuglisi.art\/index.php\/frans-van-mieris-lancien\/embed\/#?secret=0PnxpvM63u#?secret=RxAUopZD8x\" data-secret=\"RxAUopZD8x\" width=\"600\" height=\"338\" frameborder=\"0\" marginwidth=\"0\" marginheight=\"0\" scrolling=\"no\"><\/iframe><\/p>\n<p>&nbsp;<\/p>\n<blockquote class=\"wp-embedded-content\" data-secret=\"oNyQ5H1xKB\"><p><a href=\"https:\/\/oraziopuglisi.art\/index.php\/jan-van-mieris\/\">Jan van Mieris<\/a><\/p><\/blockquote>\n<p><iframe loading=\"lazy\" class=\"wp-embedded-content\" sandbox=\"allow-scripts\" security=\"restricted\" style=\"position: absolute; visibility: hidden;\" title=\"\u00ab\u00a0Jan van Mieris\u00a0\u00bb &#8212; Orazio Puglisi\" src=\"https:\/\/oraziopuglisi.art\/index.php\/jan-van-mieris\/embed\/#?secret=WqPjZmWQLt#?secret=oNyQ5H1xKB\" data-secret=\"oNyQ5H1xKB\" width=\"600\" height=\"338\" frameborder=\"0\" marginwidth=\"0\" marginheight=\"0\" scrolling=\"no\"><\/iframe><\/p>\n<p>&nbsp;<\/p>\n<blockquote class=\"wp-embedded-content\" data-secret=\"H1zigAF4Q8\"><p><a href=\"https:\/\/oraziopuglisi.art\/index.php\/willem-van-mieris\/\">Willem Van Mieris<\/a><\/p><\/blockquote>\n<p><iframe loading=\"lazy\" class=\"wp-embedded-content\" sandbox=\"allow-scripts\" security=\"restricted\" style=\"position: absolute; visibility: hidden;\" title=\"\u00ab\u00a0Willem Van Mieris\u00a0\u00bb &#8212; Orazio Puglisi\" src=\"https:\/\/oraziopuglisi.art\/index.php\/willem-van-mieris\/embed\/#?secret=cbxZeDEnPj#?secret=H1zigAF4Q8\" data-secret=\"H1zigAF4Q8\" width=\"600\" height=\"338\" frameborder=\"0\" marginwidth=\"0\" marginheight=\"0\" scrolling=\"no\"><\/iframe><\/p>\n<p>&nbsp;<\/p>\n<blockquote class=\"wp-embedded-content\" data-secret=\"4qcO9akcV2\"><p><a href=\"https:\/\/oraziopuglisi.art\/index.php\/eglon-van-der-neer\/\">Eglon van der Neer\u00a0<\/a><\/p><\/blockquote>\n<p><iframe loading=\"lazy\" class=\"wp-embedded-content\" sandbox=\"allow-scripts\" security=\"restricted\" style=\"position: absolute; visibility: hidden;\" title=\"\u00ab\u00a0Eglon van der Neer\u00a0\u00a0\u00bb &#8212; Orazio Puglisi\" src=\"https:\/\/oraziopuglisi.art\/index.php\/eglon-van-der-neer\/embed\/#?secret=U4bkg7alCj#?secret=4qcO9akcV2\" data-secret=\"4qcO9akcV2\" width=\"600\" height=\"338\" frameborder=\"0\" marginwidth=\"0\" marginheight=\"0\" scrolling=\"no\"><\/iframe><\/p>\n<p>&nbsp;<\/p>\n<blockquote class=\"wp-embedded-content\" data-secret=\"G35ElmG4NA\"><p><a href=\"https:\/\/oraziopuglisi.art\/index.php\/caspar-netscher\/\">Caspar Netscher\u00a0<\/a><\/p><\/blockquote>\n<p><iframe loading=\"lazy\" class=\"wp-embedded-content\" sandbox=\"allow-scripts\" security=\"restricted\" style=\"position: absolute; visibility: hidden;\" title=\"\u00ab\u00a0Caspar Netscher\u00a0\u00a0\u00bb &#8212; Orazio Puglisi\" src=\"https:\/\/oraziopuglisi.art\/index.php\/caspar-netscher\/embed\/#?secret=bNOwRjLxZc#?secret=G35ElmG4NA\" data-secret=\"G35ElmG4NA\" width=\"600\" height=\"338\" frameborder=\"0\" marginwidth=\"0\" marginheight=\"0\" scrolling=\"no\"><\/iframe><\/p>\n<p>&nbsp;<\/p>\n<blockquote class=\"wp-embedded-content\" data-secret=\"AmFtkUcM1X\"><p><a href=\"https:\/\/oraziopuglisi.art\/index.php\/godfried-schalken\/\">Godfried Schalken<\/a><\/p><\/blockquote>\n<p><iframe loading=\"lazy\" class=\"wp-embedded-content\" sandbox=\"allow-scripts\" security=\"restricted\" style=\"position: absolute; visibility: hidden;\" title=\"\u00ab\u00a0Godfried Schalken\u00a0\u00bb &#8212; Orazio Puglisi\" src=\"https:\/\/oraziopuglisi.art\/index.php\/godfried-schalken\/embed\/#?secret=JNAy61CFcv#?secret=AmFtkUcM1X\" data-secret=\"AmFtkUcM1X\" width=\"600\" height=\"338\" frameborder=\"0\" marginwidth=\"0\" marginheight=\"0\" scrolling=\"no\"><\/iframe><\/p>\n<p>&nbsp;<\/p>\n<p>&nbsp;<\/p>\n<blockquote class=\"wp-embedded-content\" data-secret=\"XmVgkjov3D\"><p><a href=\"https:\/\/oraziopuglisi.art\/index.php\/pieter-van-slingelandt\/\">Pieter van Slingelandt<\/a><\/p><\/blockquote>\n<p><iframe loading=\"lazy\" class=\"wp-embedded-content\" sandbox=\"allow-scripts\" security=\"restricted\" style=\"position: absolute; visibility: hidden;\" title=\"\u00ab\u00a0Pieter van Slingelandt\u00a0\u00bb &#8212; Orazio Puglisi\" src=\"https:\/\/oraziopuglisi.art\/index.php\/pieter-van-slingelandt\/embed\/#?secret=ZanJcxRAgR#?secret=XmVgkjov3D\" data-secret=\"XmVgkjov3D\" width=\"600\" height=\"338\" frameborder=\"0\" marginwidth=\"0\" marginheight=\"0\" scrolling=\"no\"><\/iframe><\/p>\n<p>&nbsp;<\/p>\n<blockquote class=\"wp-embedded-content\" data-secret=\"y0AFiEFkM9\"><p><a href=\"https:\/\/oraziopuglisi.art\/index.php\/ary-de-vois\/\">Ary de Vois<\/a><\/p><\/blockquote>\n<p><iframe loading=\"lazy\" class=\"wp-embedded-content\" sandbox=\"allow-scripts\" security=\"restricted\" style=\"position: absolute; visibility: hidden;\" title=\"\u00ab\u00a0Ary de Vois\u00a0\u00bb &#8212; Orazio Puglisi\" src=\"https:\/\/oraziopuglisi.art\/index.php\/ary-de-vois\/embed\/#?secret=sKNRTl0cHD#?secret=y0AFiEFkM9\" data-secret=\"y0AFiEFkM9\" width=\"600\" height=\"338\" frameborder=\"0\" marginwidth=\"0\" marginheight=\"0\" scrolling=\"no\"><\/iframe><\/p>\n<p>&nbsp;<\/p>\n<blockquote class=\"wp-embedded-content\" data-secret=\"ln7F3zw4Rw\"><p><a href=\"https:\/\/oraziopuglisi.art\/index.php\/adriaen-van-der-werff\/\">Adriaen van der Werff<\/a><\/p><\/blockquote>\n<p><iframe loading=\"lazy\" class=\"wp-embedded-content\" sandbox=\"allow-scripts\" security=\"restricted\" style=\"position: absolute; visibility: hidden;\" title=\"\u00ab\u00a0Adriaen van der Werff\u00a0\u00bb &#8212; Orazio Puglisi\" src=\"https:\/\/oraziopuglisi.art\/index.php\/adriaen-van-der-werff\/embed\/#?secret=kdM0wtHa4y#?secret=ln7F3zw4Rw\" data-secret=\"ln7F3zw4Rw\" width=\"600\" height=\"338\" frameborder=\"0\" marginwidth=\"0\" marginheight=\"0\" scrolling=\"no\"><\/iframe><\/p>\n<p>&nbsp;<\/p>\n<blockquote class=\"wp-embedded-content\" data-secret=\"c2wXEHgwuM\"><p><a href=\"https:\/\/oraziopuglisi.art\/index.php\/quirijn-van-brekelenkam\/\">Quirijn van Brekelenkam<\/a><\/p><\/blockquote>\n<p><iframe loading=\"lazy\" class=\"wp-embedded-content\" sandbox=\"allow-scripts\" security=\"restricted\" style=\"position: absolute; visibility: hidden;\" title=\"\u00ab\u00a0Quirijn van Brekelenkam\u00a0\u00bb &#8212; Orazio Puglisi\" src=\"https:\/\/oraziopuglisi.art\/index.php\/quirijn-van-brekelenkam\/embed\/#?secret=4dHs9UNqGH#?secret=c2wXEHgwuM\" data-secret=\"c2wXEHgwuM\" width=\"600\" height=\"338\" frameborder=\"0\" marginwidth=\"0\" marginheight=\"0\" scrolling=\"no\"><\/iframe><\/p>\n<p>&nbsp;<\/p>\n<p>&nbsp;<\/p>\n","protected":false},"excerpt":{"rendered":"<p>Image mise en avant : G\u00e9rard Dou \u00a0dentiste \u00e0 la bougie 1660 Ecole des Fijnschilders Fijnschilders, parfois traduit en fran\u00e7ais par\u00a0peintres pr\u00e9cieux, est le terme qui d\u00e9signe les artistes peintres hollandais qui, entre\u00a01630\u00a0et\u00a01710, s&rsquo;efforc\u00e8rent de repr\u00e9senter la r\u00e9alit\u00e9 avec le maximum de pr\u00e9cision. &nbsp; Description On utilise le terme de\u00a0peintres pr\u00e9cieux de\u00a0Leyde\u00a0en raison du style [&hellip;]<\/p>\n","protected":false},"author":1,"featured_media":20812,"parent":0,"menu_order":0,"comment_status":"closed","ping_status":"closed","template":"","meta":{"footnotes":""},"class_list":["post-20757","page","type-page","status-publish","has-post-thumbnail","hentry"],"_links":{"self":[{"href":"https:\/\/oraziopuglisi.art\/index.php\/wp-json\/wp\/v2\/pages\/20757","targetHints":{"allow":["GET"]}}],"collection":[{"href":"https:\/\/oraziopuglisi.art\/index.php\/wp-json\/wp\/v2\/pages"}],"about":[{"href":"https:\/\/oraziopuglisi.art\/index.php\/wp-json\/wp\/v2\/types\/page"}],"author":[{"embeddable":true,"href":"https:\/\/oraziopuglisi.art\/index.php\/wp-json\/wp\/v2\/users\/1"}],"replies":[{"embeddable":true,"href":"https:\/\/oraziopuglisi.art\/index.php\/wp-json\/wp\/v2\/comments?post=20757"}],"version-history":[{"count":18,"href":"https:\/\/oraziopuglisi.art\/index.php\/wp-json\/wp\/v2\/pages\/20757\/revisions"}],"predecessor-version":[{"id":20814,"href":"https:\/\/oraziopuglisi.art\/index.php\/wp-json\/wp\/v2\/pages\/20757\/revisions\/20814"}],"wp:featuredmedia":[{"embeddable":true,"href":"https:\/\/oraziopuglisi.art\/index.php\/wp-json\/wp\/v2\/media\/20812"}],"wp:attachment":[{"href":"https:\/\/oraziopuglisi.art\/index.php\/wp-json\/wp\/v2\/media?parent=20757"}],"curies":[{"name":"wp","href":"https:\/\/api.w.org\/{rel}","templated":true}]}}