{"id":20645,"date":"2025-11-08T22:25:04","date_gmt":"2025-11-08T21:25:04","guid":{"rendered":"https:\/\/oraziopuglisi.art\/?page_id=20645"},"modified":"2025-11-08T23:03:13","modified_gmt":"2025-11-08T22:03:13","slug":"andrea-laszlo-de-simone","status":"publish","type":"page","link":"https:\/\/oraziopuglisi.art\/index.php\/andrea-laszlo-de-simone\/","title":{"rendered":"Andrea Laszlo De Simone"},"content":{"rendered":"<p style=\"text-align: center;\"><a href=\"https:\/\/fr.wikipedia.org\/wiki\/Andrea_Laszlo_De_Simone\"><strong>Andrea Laszlo De Simone<\/strong><\/a>, une des voix de la nouvelle sc\u00e8ne italienne<\/p>\n<p>&nbsp;<\/p>\n<p><iframe loading=\"lazy\" title=\"Andrea Laszlo De Simone - Ricordo Tattile\" width=\"600\" height=\"450\" src=\"https:\/\/www.youtube.com\/embed\/yW24wHjdWr8?feature=oembed\" frameborder=\"0\" allow=\"accelerometer; autoplay; clipboard-write; encrypted-media; gyroscope; picture-in-picture; web-share\" referrerpolicy=\"strict-origin-when-cross-origin\" allowfullscreen><\/iframe><\/p>\n<p>&nbsp;<\/p>\n<p style=\"text-align: justify;\"><b>Andrea Laszlo De Simone<\/b>\u00a0est un\u00a0<a title=\"Auteur-compositeur-interpr\u00e8te\" href=\"https:\/\/fr.wikipedia.org\/wiki\/Auteur-compositeur-interpr%C3%A8te\">auteur-compositeur-interpr\u00e8te<\/a>\u00a0<a title=\"Italie\" href=\"https:\/\/fr.wikipedia.org\/wiki\/Italie\">italien<\/a>, n\u00e9 le\u00a0<time class=\"nowrap\" datetime=\"1986-02-18\" data-sort-value=\"1986-02-18\">18 f\u00e9vrier 1986<\/time>\u00a0\u00e0\u00a0<a title=\"Turin\" href=\"https:\/\/fr.wikipedia.org\/wiki\/Turin\">Turin<\/a>.<\/p>\n<div class=\"mw-heading mw-heading2\">\n<h2 id=\"Biographie\">Biographie<\/h2>\n<\/div>\n<p style=\"text-align: justify;\">Andrea Laszlo De Simone est n\u00e9 \u00e0 Turin en 1986, de parents originaires du sud de l&rsquo;Italie<sup id=\"cite_ref-LeMonde_1-0\" class=\"reference\"><a href=\"https:\/\/fr.wikipedia.org\/wiki\/Andrea_Laszlo_De_Simone#cite_note-LeMonde-1\"><span class=\"cite-bracket\">[<\/span>1<span class=\"cite-bracket\">]<\/span><\/a><\/sup>. Son deuxi\u00e8me pr\u00e9nom lui a \u00e9t\u00e9 donn\u00e9 en hommage au\u00a0<a title=\"Directeur de la photographie\" href=\"https:\/\/fr.wikipedia.org\/wiki\/Directeur_de_la_photographie\">directeur de la photographie<\/a>\u00a0<a title=\"Hongrie\" href=\"https:\/\/fr.wikipedia.org\/wiki\/Hongrie\">hongrois<\/a>\u00a0<a title=\"L\u00e1szl\u00f3 Kov\u00e1cs (chef op\u00e9rateur)\" href=\"https:\/\/fr.wikipedia.org\/wiki\/L%C3%A1szl%C3%B3_Kov%C3%A1cs_(chef_op%C3%A9rateur)\">L\u00e1szl\u00f3 Kov\u00e1cs<\/a><sup id=\"cite_ref-LeMonde_1-1\" class=\"reference\"><a href=\"https:\/\/fr.wikipedia.org\/wiki\/Andrea_Laszlo_De_Simone#cite_note-LeMonde-1\"><span class=\"cite-bracket\">[<\/span>1<span class=\"cite-bracket\">]<\/span><\/a><\/sup>.<\/p>\n<div class=\"mw-heading mw-heading2\">\n<h2 id=\"Discographie\">Discographie<\/h2>\n<\/div>\n<div class=\"mw-heading mw-heading3\">\n<h3 id=\"Albums_studio\">Albums studio<\/h3>\n<\/div>\n<ul>\n<li>2012\u00a0:\u00a0<i>Ecce homo<\/i><\/li>\n<li>2017\u00a0:\u00a0<i>Uomo Donna<\/i><\/li>\n<li>2025\u00a0:\u00a0<i><a class=\"external text\" href=\"https:\/\/www.discogs.com\/fr\/release\/35445157-Andrea-Laszlo-De-Simone-Una-Lunghissima-Ombra\" rel=\"nofollow\">Una Lunghissima Ombra<\/a><small class=\"cachelinks\">\u00a0[<a title=\"archive sur Wikiwix\" href=\"https:\/\/archive.wikiwix.com\/cache\/?url=https%3A%2F%2Fwww.discogs.com%2Ffr%2Frelease%2F35445157-Andrea-Laszlo-De-Simone-Una-Lunghissima-Ombra\">archive<\/a>]<\/small><\/i><\/li>\n<\/ul>\n<div class=\"mw-heading mw-heading3\">\n<h3 id=\"EP\">EP<\/h3>\n<\/div>\n<div class=\"mw-heading mw-heading3\">\n<h3 id=\"Nouveau_projet_artistique_:_Una_lunghissima_ombra\">Nouveau projet artistique\u00a0:\u00a0<i>Una lunghissima ombra<\/i><\/h3>\n<\/div>\n<p style=\"text-align: justify;\">Le 15 mai 2025, Andrea Laszlo De Simone a publi\u00e9 sur\u00a0<a title=\"YouTube\" href=\"https:\/\/fr.wikipedia.org\/wiki\/YouTube\">YouTube<\/a>\u00a0une \u0153uvre intitul\u00e9e\u00a0<i><a class=\"new\" title=\"Una lunghissima ombra (page inexistante)\" href=\"https:\/\/fr.wikipedia.org\/w\/index.php?title=Una_lunghissima_ombra&amp;action=edit&amp;redlink=1\">Una lunghissima ombra<\/a><\/i>. Il s&rsquo;agit d&rsquo;une vid\u00e9o de 67 minutes qu&rsquo;il a r\u00e9alis\u00e9e et film\u00e9e lui-m\u00eame, sans musique, mais accompagn\u00e9e de sous-titres po\u00e9tiques. Cette \u0153uvre est d\u00e9crite comme une r\u00e9flexion sur la vie quotidienne, m\u00ealant images de la nature, paysages urbains et bruits ambiants. Certains commentaires sugg\u00e8rent qu&rsquo;il pourrait s&rsquo;agir d&rsquo;un teaser pour un futur album, bien que cela reste \u00e0 confirmer<sup id=\"cite_ref-2\" class=\"reference\"><a href=\"https:\/\/fr.wikipedia.org\/wiki\/Andrea_Laszlo_De_Simone#cite_note-2\"><span class=\"cite-bracket\">[<\/span>2<span class=\"cite-bracket\">]<\/span><\/a><\/sup>.<\/p>\n<ul>\n<li>2019\u00a0:\u00a0<i>Immensit\u00e0<\/i><sup id=\"cite_ref-3\" class=\"reference\"><a href=\"https:\/\/fr.wikipedia.org\/wiki\/Andrea_Laszlo_De_Simone#cite_note-3\"><span class=\"cite-bracket\">[<\/span>3<span class=\"cite-bracket\">]<\/span><\/a><\/sup><\/li>\n<\/ul>\n<div class=\"mw-heading mw-heading3\">\n<h3 id=\"Bandes_originales_de_films\">Bandes originales de films<\/h3>\n<\/div>\n<ul>\n<li>2021\u00a0:\u00a0<i><a title=\"Les Promesses (film, 2021, Sthers)\" href=\"https:\/\/fr.wikipedia.org\/wiki\/Les_Promesses_(film,_2021,_Sthers)\">Les Promesses<\/a><\/i><\/li>\n<li>2023\u00a0:\u00a0<i><a title=\"Le R\u00e8gne animal\" href=\"https:\/\/fr.wikipedia.org\/wiki\/Le_R%C3%A8gne_animal\">Le R\u00e8gne animal<\/a><\/i><\/li>\n<\/ul>\n<div class=\"mw-heading mw-heading2\">\n<h2 id=\"Distinctions\">Distinctions<\/h2>\n<\/div>\n<ul>\n<li><a title=\"49e c\u00e9r\u00e9monie des C\u00e9sar\" href=\"https:\/\/fr.wikipedia.org\/wiki\/49e_c%C3%A9r%C3%A9monie_des_C%C3%A9sar\">C\u00e9sar 2024<\/a>\u00a0:\u00a0<a title=\"C\u00e9sar de la meilleure musique originale\" href=\"https:\/\/fr.wikipedia.org\/wiki\/C%C3%A9sar_de_la_meilleure_musique_originale\">Meilleure musique originale<\/a>\u00a0pour\u00a0<i><a title=\"Le R\u00e8gne animal\" href=\"https:\/\/fr.wikipedia.org\/wiki\/Le_R%C3%A8gne_animal\">Le R\u00e8gne animal<\/a><\/i><\/li>\n<\/ul>\n<div class=\"mw-heading mw-heading2\">\n<h2 id=\"Notes_et_r\u00e9f\u00e9rences\"><span id=\"Notes_et_r.C3.A9f.C3.A9rences\"><\/span>Notes et r\u00e9f\u00e9rences<\/h2>\n<\/div>\n<div class=\"references-small decimal\">\n<div class=\"mw-references-wrap\">\n<ol class=\"references\">\n<li id=\"cite_note-LeMonde-1\"><span class=\"reference-text\">Aur\u00e9liano Tonnet,\u00a0<a class=\"external text\" href=\"https:\/\/www.lemonde.fr\/culture\/article\/2021\/12\/02\/les-dons-du-chanteur-andrea-laszlo-de-simone-intime-et-cosmique_6104414_3246.html\" rel=\"nofollow\">Les dons du chanteur Andrea Laszlo de Simone, intime et cosmique<\/a><small class=\"cachelinks\">\u00a0[<a title=\"archive sur Wikiwix\" href=\"https:\/\/archive.wikiwix.com\/cache\/?url=https%3A%2F%2Fwww.lemonde.fr%2Fculture%2Farticle%2F2021%2F12%2F02%2Fles-dons-du-chanteur-andrea-laszlo-de-simone-intime-et-cosmique_6104414_3246.html\">archive<\/a>]<\/small>,\u00a0<i><a title=\"Le Monde\" href=\"https:\/\/fr.wikipedia.org\/wiki\/Le_Monde\">Le Monde<\/a><\/i>, 2 d\u00e9cembre 2021.<\/span><\/li>\n<li id=\"cite_note-2\"><span class=\"reference-text\"><span id=\"Rolling_Stone_Italia2025\" class=\"ouvrage\"><span id=\"Redazione_Rolling_Stone_Italia2025\" class=\"ouvrage\"><abbr class=\"abbr indicateur-langue\" title=\"Langue : italien\">(it)<\/abbr>\u00a0Redazione Rolling Stone Italia, \u00ab\u00a0<a class=\"external text\" href=\"https:\/\/www.rollingstone.it\/musica\/news-musica\/andrea-laszlo-de-simone-ha-pubblicato-una-lunghissima-ombra-e-non-si-sa-bene-cosa-sia\/983659\/\" rel=\"nofollow\"><cite lang=\"it\">Andrea Laszlo De Simone ha pubblicato \u00ab\u00a0Una lunghissima ombra\u00a0\u00bb e non si sa bene cosa sia<\/cite><\/a><small class=\"cachelinks\">\u00a0[<a title=\"archive sur Wikiwix\" href=\"https:\/\/archive.wikiwix.com\/cache\/?url=https%3A%2F%2Fwww.rollingstone.it%2Fmusica%2Fnews-musica%2Fandrea-laszlo-de-simone-ha-pubblicato-una-lunghissima-ombra-e-non-si-sa-bene-cosa-sia%2F983659%2F\">archive<\/a>]<\/small>\u00a0\u00bb\u00a0<span class=\"skin-invert-image\"><span title=\"Acc\u00e8s libre au document\"><img loading=\"lazy\" decoding=\"async\" class=\"mw-file-element\" src=\"https:\/\/upload.wikimedia.org\/wikipedia\/commons\/thumb\/6\/65\/Lock-green.svg\/20px-Lock-green.svg.png\" alt=\"Acc\u00e8s libre\" width=\"9\" height=\"14\" data-file-width=\"512\" data-file-height=\"813\" \/><\/span><\/span>\u00a0[HTLM], sur\u00a0<span class=\"italique\">Rolling Stone Italia<\/span>,\u00a0<time class=\"nowrap\" datetime=\"2025-05-15\" data-sort-value=\"2025-05-15\">15 mai 2025<\/time>\u00a0<small>(consult\u00e9 le\u00a0<time class=\"nowrap\" datetime=\"2025-08-14\" data-sort-value=\"2025-08-14\">14 ao\u00fbt 2025<\/time>)<\/small><\/span><\/span><\/span><\/li>\n<li id=\"cite_note-3\"><span class=\"reference-text\"><a class=\"external text\" href=\"https:\/\/www.franceinter.fr\/emissions\/pop-n-co\/pop-n-co-10-mars-2020\" rel=\"nofollow\">La pop symphonique et italienne d&rsquo;Andrea Laszlo de Simone<\/a><small class=\"cachelinks\">\u00a0[<a title=\"archive sur Wikiwix\" href=\"https:\/\/archive.wikiwix.com\/cache\/?url=https%3A%2F%2Fwww.franceinter.fr%2Femissions%2Fpop-n-co%2Fpop-n-co-10-mars-2020\">archive<\/a>]<\/small>, France Inter, Pop N&rsquo; Co, Rebecca Manzoni, 10 mars 2020<\/span><\/li>\n<\/ol>\n<\/div>\n<\/div>\n<p>&nbsp;<\/p>\n<p><iframe loading=\"lazy\" title=\"Andrea Laszlo De Simone - Un momento migliore\" width=\"600\" height=\"450\" src=\"https:\/\/www.youtube.com\/embed\/Ge0nYnrw2GA?list=PLhegAm910jre_lsS2LfnxhEFRiUWJ0GQx\" frameborder=\"0\" allow=\"accelerometer; autoplay; clipboard-write; encrypted-media; gyroscope; picture-in-picture; web-share\" referrerpolicy=\"strict-origin-when-cross-origin\" allowfullscreen><\/iframe><\/p>\n<p><iframe loading=\"lazy\" title=\"Andrea Laszlo De Simone - Uomo Donna\" width=\"600\" height=\"338\" src=\"https:\/\/www.youtube.com\/embed\/zMluA84uWrE?feature=oembed\" frameborder=\"0\" allow=\"accelerometer; autoplay; clipboard-write; encrypted-media; gyroscope; picture-in-picture; web-share\" referrerpolicy=\"strict-origin-when-cross-origin\" allowfullscreen><\/iframe><\/p>\n<p>&nbsp;<\/p>\n<p><iframe loading=\"lazy\" title=\"Andrea Laszlo De Simone - Quando\" width=\"600\" height=\"450\" src=\"https:\/\/www.youtube.com\/embed\/DkCMhT8IcUw?feature=oembed\" frameborder=\"0\" allow=\"accelerometer; autoplay; clipboard-write; encrypted-media; gyroscope; picture-in-picture; web-share\" referrerpolicy=\"strict-origin-when-cross-origin\" allowfullscreen><\/iframe><\/p>\n<p>&nbsp;<\/p>\n<p><iframe loading=\"lazy\" title=\"Andrea Laszlo De Simone \u2022 Interludio: La Realt\u00e0 \/ Live @ Poplar 2020\" width=\"600\" height=\"338\" src=\"https:\/\/www.youtube.com\/embed\/pL32t0UTyHg?feature=oembed\" frameborder=\"0\" allow=\"accelerometer; autoplay; clipboard-write; encrypted-media; gyroscope; picture-in-picture; web-share\" referrerpolicy=\"strict-origin-when-cross-origin\" allowfullscreen><\/iframe><\/p>\n<p>&nbsp;<\/p>\n<p><iframe loading=\"lazy\" title=\"Andrea Laszlo De Simone - Sogno l&#039;amore\" width=\"600\" height=\"338\" src=\"https:\/\/www.youtube.com\/embed\/OzO2B-iTnHo?feature=oembed\" frameborder=\"0\" allow=\"accelerometer; autoplay; clipboard-write; encrypted-media; gyroscope; picture-in-picture; web-share\" referrerpolicy=\"strict-origin-when-cross-origin\" allowfullscreen><\/iframe><\/p>\n<p>&nbsp;<\/p>\n","protected":false},"excerpt":{"rendered":"<p>Andrea Laszlo De Simone, une des voix de la nouvelle sc\u00e8ne italienne &nbsp; &nbsp; Andrea Laszlo De Simone\u00a0est un\u00a0auteur-compositeur-interpr\u00e8te\u00a0italien, n\u00e9 le\u00a018 f\u00e9vrier 1986\u00a0\u00e0\u00a0Turin. Biographie Andrea Laszlo De Simone est n\u00e9 \u00e0 Turin en 1986, de parents originaires du sud de l&rsquo;Italie[1]. Son deuxi\u00e8me pr\u00e9nom lui a \u00e9t\u00e9 donn\u00e9 en hommage au\u00a0directeur de la photographie\u00a0hongrois\u00a0L\u00e1szl\u00f3 Kov\u00e1cs[1]. [&hellip;]<\/p>\n","protected":false},"author":1,"featured_media":20651,"parent":0,"menu_order":0,"comment_status":"closed","ping_status":"closed","template":"","meta":{"footnotes":""},"class_list":["post-20645","page","type-page","status-publish","has-post-thumbnail","hentry"],"_links":{"self":[{"href":"https:\/\/oraziopuglisi.art\/index.php\/wp-json\/wp\/v2\/pages\/20645","targetHints":{"allow":["GET"]}}],"collection":[{"href":"https:\/\/oraziopuglisi.art\/index.php\/wp-json\/wp\/v2\/pages"}],"about":[{"href":"https:\/\/oraziopuglisi.art\/index.php\/wp-json\/wp\/v2\/types\/page"}],"author":[{"embeddable":true,"href":"https:\/\/oraziopuglisi.art\/index.php\/wp-json\/wp\/v2\/users\/1"}],"replies":[{"embeddable":true,"href":"https:\/\/oraziopuglisi.art\/index.php\/wp-json\/wp\/v2\/comments?post=20645"}],"version-history":[{"count":4,"href":"https:\/\/oraziopuglisi.art\/index.php\/wp-json\/wp\/v2\/pages\/20645\/revisions"}],"predecessor-version":[{"id":20662,"href":"https:\/\/oraziopuglisi.art\/index.php\/wp-json\/wp\/v2\/pages\/20645\/revisions\/20662"}],"wp:featuredmedia":[{"embeddable":true,"href":"https:\/\/oraziopuglisi.art\/index.php\/wp-json\/wp\/v2\/media\/20651"}],"wp:attachment":[{"href":"https:\/\/oraziopuglisi.art\/index.php\/wp-json\/wp\/v2\/media?parent=20645"}],"curies":[{"name":"wp","href":"https:\/\/api.w.org\/{rel}","templated":true}]}}