{"id":20546,"date":"2025-11-08T18:36:52","date_gmt":"2025-11-08T17:36:52","guid":{"rendered":"https:\/\/oraziopuglisi.art\/?page_id=20546"},"modified":"2025-11-08T22:10:09","modified_gmt":"2025-11-08T21:10:09","slug":"industrie-musicale","status":"publish","type":"page","link":"https:\/\/oraziopuglisi.art\/index.php\/industrie-musicale\/","title":{"rendered":"Industrie Musicale"},"content":{"rendered":"<p style=\"text-align: justify;\">Selon un rapport \u00e9conomique, l&rsquo;<a title=\"Industrie musicale\" href=\"https:\/\/fr.wikipedia.org\/wiki\/Industrie_musicale\">industrie musicale<\/a>\u00a0en\u00a0<a title=\"Italie\" href=\"https:\/\/fr.wikipedia.org\/wiki\/Italie\">Italie<\/a>\u00a0g\u00e9n\u00e8re\u00a0<span class=\"nowrap\">2,3 milliards<\/span>\u00a0d&rsquo;euros en 2004. Ce montant correspond \u00e0 la vente de CD, d&rsquo;\u00e9lectronique musicale, d&rsquo;instruments de musique et de billets pour des concerts en direct, ce qui repr\u00e9sente une croissance de 4,35\u00a0% en 2004. La vente d&rsquo;albums de musique diminue l\u00e9g\u00e8rement, mais il y a une augmentation compensatoire de la musique t\u00e9l\u00e9charg\u00e9e num\u00e9riquement contre paiement \u00e0 partir de sites approuv\u00e9s par l&rsquo;industrie. \u00c0 titre de comparaison, l&rsquo;industrie italienne du disque se classe au huiti\u00e8me rang mondial\u00a0; les\u00a0<a title=\"Italiens\" href=\"https:\/\/fr.wikipedia.org\/wiki\/Italiens\">Italiens<\/a>\u00a0poss\u00e8dent\u00a0<span class=\"nowrap\">0,7 album<\/span>\u00a0par habitant, alors que les\u00a0<a title=\"\u00c9tats-Unis\" href=\"https:\/\/fr.wikipedia.org\/wiki\/%C3%89tats-Unis\">\u00c9tats-Unis<\/a>\u00a0occupent la premi\u00e8re place avec\u00a0<span class=\"nowrap\">2,7 albums<\/span>. Le rapport fait \u00e9tat d&rsquo;une augmentation de 20\u00a0% en 2004 par rapport \u00e0 2003 des redevances pay\u00e9es pour la musique en direct et \u00e0 l&rsquo;antenne<sup id=\"cite_ref-13\" class=\"reference\"><a href=\"https:\/\/fr.wikipedia.org\/wiki\/Musique_italienne#cite_note-13\"><span class=\"cite-bracket\">[<\/span>13<span class=\"cite-bracket\">]<\/span><\/a><\/sup>.<\/p>\n","protected":false},"excerpt":{"rendered":"<p>Selon un rapport \u00e9conomique, l&rsquo;industrie musicale\u00a0en\u00a0Italie\u00a0g\u00e9n\u00e8re\u00a02,3 milliards\u00a0d&rsquo;euros en 2004. Ce montant correspond \u00e0 la vente de CD, d&rsquo;\u00e9lectronique musicale, d&rsquo;instruments de musique et de billets pour des concerts en direct, ce qui repr\u00e9sente une croissance de 4,35\u00a0% en 2004. La vente d&rsquo;albums de musique diminue l\u00e9g\u00e8rement, mais il y a une augmentation compensatoire de la [&hellip;]<\/p>\n","protected":false},"author":1,"featured_media":0,"parent":0,"menu_order":0,"comment_status":"closed","ping_status":"closed","template":"","meta":{"footnotes":""},"class_list":["post-20546","page","type-page","status-publish","hentry"],"_links":{"self":[{"href":"https:\/\/oraziopuglisi.art\/index.php\/wp-json\/wp\/v2\/pages\/20546","targetHints":{"allow":["GET"]}}],"collection":[{"href":"https:\/\/oraziopuglisi.art\/index.php\/wp-json\/wp\/v2\/pages"}],"about":[{"href":"https:\/\/oraziopuglisi.art\/index.php\/wp-json\/wp\/v2\/types\/page"}],"author":[{"embeddable":true,"href":"https:\/\/oraziopuglisi.art\/index.php\/wp-json\/wp\/v2\/users\/1"}],"replies":[{"embeddable":true,"href":"https:\/\/oraziopuglisi.art\/index.php\/wp-json\/wp\/v2\/comments?post=20546"}],"version-history":[{"count":2,"href":"https:\/\/oraziopuglisi.art\/index.php\/wp-json\/wp\/v2\/pages\/20546\/revisions"}],"predecessor-version":[{"id":20633,"href":"https:\/\/oraziopuglisi.art\/index.php\/wp-json\/wp\/v2\/pages\/20546\/revisions\/20633"}],"wp:attachment":[{"href":"https:\/\/oraziopuglisi.art\/index.php\/wp-json\/wp\/v2\/media?parent=20546"}],"curies":[{"name":"wp","href":"https:\/\/api.w.org\/{rel}","templated":true}]}}