{"id":20544,"date":"2025-11-08T18:35:07","date_gmt":"2025-11-08T17:35:07","guid":{"rendered":"https:\/\/oraziopuglisi.art\/?page_id=20544"},"modified":"2025-11-08T22:07:50","modified_gmt":"2025-11-08T21:07:50","slug":"italo-dance","status":"publish","type":"page","link":"https:\/\/oraziopuglisi.art\/index.php\/italo-dance\/","title":{"rendered":"Italo Dance"},"content":{"rendered":"<div class=\"bandeau-container bandeau-section metadata bandeau-niveau-information\" style=\"text-align: justify;\">\n<div class=\"bandeau-cell bandeau-icone-css loupe\">Article d\u00e9taill\u00e9\u00a0:\u00a0<a title=\"Italo dance\" href=\"https:\/\/fr.wikipedia.org\/wiki\/Italo_dance\">Italo dance<\/a>.<\/div>\n<\/div>\n<p style=\"text-align: justify;\">L&rsquo;<a title=\"Italo dance\" href=\"https:\/\/fr.wikipedia.org\/wiki\/Italo_dance\">Italo dance<\/a>\u00a0atteint son pic de popularit\u00e9 dans les ann\u00e9es 1990<sup id=\"cite_ref-Arena2017169_9-0\" class=\"reference\"><a href=\"https:\/\/fr.wikipedia.org\/wiki\/Musique_italienne#cite_note-Arena2017169-9\"><span class=\"cite-bracket\">[<\/span>9<span class=\"cite-bracket\">]<\/span><\/a><\/sup>. Au cours de la d\u00e9cennie, des artistes ou groupes de\u00a0<a title=\"Electronic dance music\" href=\"https:\/\/fr.wikipedia.org\/wiki\/Electronic_dance_music\">dance<\/a>\u00a0italiens comme\u00a0<a title=\"Alexia\" href=\"https:\/\/fr.wikipedia.org\/wiki\/Alexia\">Alexia<\/a>,\u00a0<a title=\"Black Box (groupe)\" href=\"https:\/\/fr.wikipedia.org\/wiki\/Black_Box_(groupe)\">Black Box<\/a>,\u00a0<a title=\"Corona (groupe)\" href=\"https:\/\/fr.wikipedia.org\/wiki\/Corona_(groupe)\">Corona<\/a>,\u00a0<a title=\"DJ Dado\" href=\"https:\/\/fr.wikipedia.org\/wiki\/DJ_Dado\">DJ Dado<\/a>,\u00a0<a title=\"Gala (chanteuse)\" href=\"https:\/\/fr.wikipedia.org\/wiki\/Gala_(chanteuse)\">Gala<\/a>,\u00a0<a title=\"Robert Miles\" href=\"https:\/\/fr.wikipedia.org\/wiki\/Robert_Miles\">Robert Miles<\/a>,\u00a0<a title=\"The Tamperer featuring Maya\" href=\"https:\/\/fr.wikipedia.org\/wiki\/The_Tamperer_featuring_Maya\">The Tamperer featuring Maya<\/a>\u00a0et\u00a0<a title=\"Whigfield\" href=\"https:\/\/fr.wikipedia.org\/wiki\/Whigfield\">Whigfield<\/a>\u00a0rencontrent le succ\u00e8s au niveau international<sup id=\"cite_ref-Paoletta_10-0\" class=\"reference\"><a href=\"https:\/\/fr.wikipedia.org\/wiki\/Musique_italienne#cite_note-Paoletta-10\"><span class=\"cite-bracket\">[<\/span>10<span class=\"cite-bracket\">]<\/span><\/a><\/sup>. Ils se font conna\u00eetre en dehors de l&rsquo;Italie, dans des pays comme la France, l&rsquo;Espagne, l&rsquo;Allemagne, le Royaume-Uni et les \u00c9tats-Unis<sup id=\"cite_ref-Paoletta_10-1\" class=\"reference\"><a href=\"https:\/\/fr.wikipedia.org\/wiki\/Musique_italienne#cite_note-Paoletta-10\"><span class=\"cite-bracket\">[<\/span>10<span class=\"cite-bracket\">]<\/span><\/a><\/sup>. Des albums tels que\u00a0<i><span class=\"lang-en\" lang=\"en\">Best of Italo Dance Vol. 14<\/span><\/i>\u00a0se classent dans les\u00a0<a title=\"Classement musical\" href=\"https:\/\/fr.wikipedia.org\/wiki\/Classement_musical\">hit-parades<\/a>\u00a0de certains pays comme la Su\u00e8de<sup id=\"cite_ref-11\" class=\"reference\"><a href=\"https:\/\/fr.wikipedia.org\/wiki\/Musique_italienne#cite_note-11\"><span class=\"cite-bracket\">[<\/span>11<span class=\"cite-bracket\">]<\/span><\/a><\/sup>. En\u00a0<time class=\"nowrap\" datetime=\"1994-11\" data-sort-value=\"1994-11\">novembre 1994<\/time>,\u00a0<a title=\"Warner Music Group\" href=\"https:\/\/fr.wikipedia.org\/wiki\/Warner_Music_Group\">WEA Italy<\/a>\u00a0lance le label IDM (<span class=\"lang-en\" lang=\"en\">Italian Dance Machine<\/span>) dans le but de populariser l&rsquo;Italo dance \u00e0 l&rsquo;\u00e9chelle mondiale<sup id=\"cite_ref-12\" class=\"reference\"><a href=\"https:\/\/fr.wikipedia.org\/wiki\/Musique_italienne#cite_note-12\"><span class=\"cite-bracket\">[<\/span>12<span class=\"cite-bracket\">]<\/span><\/a><\/sup>.<\/p>\n","protected":false},"excerpt":{"rendered":"<p>Article d\u00e9taill\u00e9\u00a0:\u00a0Italo dance. L&rsquo;Italo dance\u00a0atteint son pic de popularit\u00e9 dans les ann\u00e9es 1990[9]. Au cours de la d\u00e9cennie, des artistes ou groupes de\u00a0dance\u00a0italiens comme\u00a0Alexia,\u00a0Black Box,\u00a0Corona,\u00a0DJ Dado,\u00a0Gala,\u00a0Robert Miles,\u00a0The Tamperer featuring Maya\u00a0et\u00a0Whigfield\u00a0rencontrent le succ\u00e8s au niveau international[10]. Ils se font conna\u00eetre en dehors de l&rsquo;Italie, dans des pays comme la France, l&rsquo;Espagne, l&rsquo;Allemagne, le Royaume-Uni et les [&hellip;]<\/p>\n","protected":false},"author":1,"featured_media":0,"parent":0,"menu_order":0,"comment_status":"closed","ping_status":"closed","template":"","meta":{"footnotes":""},"class_list":["post-20544","page","type-page","status-publish","hentry"],"_links":{"self":[{"href":"https:\/\/oraziopuglisi.art\/index.php\/wp-json\/wp\/v2\/pages\/20544","targetHints":{"allow":["GET"]}}],"collection":[{"href":"https:\/\/oraziopuglisi.art\/index.php\/wp-json\/wp\/v2\/pages"}],"about":[{"href":"https:\/\/oraziopuglisi.art\/index.php\/wp-json\/wp\/v2\/types\/page"}],"author":[{"embeddable":true,"href":"https:\/\/oraziopuglisi.art\/index.php\/wp-json\/wp\/v2\/users\/1"}],"replies":[{"embeddable":true,"href":"https:\/\/oraziopuglisi.art\/index.php\/wp-json\/wp\/v2\/comments?post=20544"}],"version-history":[{"count":2,"href":"https:\/\/oraziopuglisi.art\/index.php\/wp-json\/wp\/v2\/pages\/20544\/revisions"}],"predecessor-version":[{"id":20631,"href":"https:\/\/oraziopuglisi.art\/index.php\/wp-json\/wp\/v2\/pages\/20544\/revisions\/20631"}],"wp:attachment":[{"href":"https:\/\/oraziopuglisi.art\/index.php\/wp-json\/wp\/v2\/media?parent=20544"}],"curies":[{"name":"wp","href":"https:\/\/api.w.org\/{rel}","templated":true}]}}