{"id":20542,"date":"2025-11-08T18:34:26","date_gmt":"2025-11-08T17:34:26","guid":{"rendered":"https:\/\/oraziopuglisi.art\/?page_id=20542"},"modified":"2025-11-08T22:05:39","modified_gmt":"2025-11-08T21:05:39","slug":"hip-hop-italien","status":"publish","type":"page","link":"https:\/\/oraziopuglisi.art\/index.php\/hip-hop-italien\/","title":{"rendered":"Hip Hop Italien"},"content":{"rendered":"<div class=\"bandeau-container bandeau-section metadata bandeau-niveau-information\" style=\"text-align: justify;\">\n<div class=\"bandeau-cell bandeau-icone-css loupe\">Article d\u00e9taill\u00e9\u00a0:\u00a0<a title=\"Hip-hop italien\" href=\"https:\/\/fr.wikipedia.org\/wiki\/Hip-hop_italien\">Hip-hop italien<\/a>.<\/div>\n<\/div>\n<p style=\"text-align: justify;\">Le rappeur\u00a0<a title=\"Jovanotti\" href=\"https:\/\/fr.wikipedia.org\/wiki\/Jovanotti\">Jovanotti<\/a>\u00a0(aka Lorenzo Cherubini), qui a d\u00e9couvert le rap \u00e0\u00a0<a title=\"Rome\" href=\"https:\/\/fr.wikipedia.org\/wiki\/Rome\">Rome<\/a>, en 1987, enregistre son premier album\u00a0:\u00a0<i><span class=\"lang-en\" lang=\"en\">Jovanotti for President<\/span><\/i>. Il ne peut \u00eatre question d&rsquo;un travail hip-hop, mais ses textes sont interpr\u00e9t\u00e9s en anglais dans des textes simples et l\u00e9gers qui donnent \u00e0 Jovanotti cette \u00e9tiquette d&rsquo;<span class=\"citation\">\u00ab\u00a0enfant \u00e9ternel\u00a0\u00bb<\/span>\u00a0qui marque ses premi\u00e8res productions. Avec la publication des chansons\u00a0<i><span class=\"lang-it\" lang=\"it\">La mia moto<\/span><\/i>\u00a0et de\u00a0<i><span class=\"lang-it\" lang=\"it\">Giovani Jovanotti<\/span><\/i>, il abandonne le style de ses d\u00e9buts. Quand il revient sur la sc\u00e8ne avec un album de\u00a0<a title=\"Rap\" href=\"https:\/\/fr.wikipedia.org\/wiki\/Rap\">rap<\/a>\u00a0en 1991, il fait d\u00e9j\u00e0 partie d&rsquo;un ph\u00e9nom\u00e8ne plus large.<\/p>\n","protected":false},"excerpt":{"rendered":"<p>Article d\u00e9taill\u00e9\u00a0:\u00a0Hip-hop italien. Le rappeur\u00a0Jovanotti\u00a0(aka Lorenzo Cherubini), qui a d\u00e9couvert le rap \u00e0\u00a0Rome, en 1987, enregistre son premier album\u00a0:\u00a0Jovanotti for President. Il ne peut \u00eatre question d&rsquo;un travail hip-hop, mais ses textes sont interpr\u00e9t\u00e9s en anglais dans des textes simples et l\u00e9gers qui donnent \u00e0 Jovanotti cette \u00e9tiquette d&rsquo;\u00ab\u00a0enfant \u00e9ternel\u00a0\u00bb\u00a0qui marque ses premi\u00e8res productions. Avec [&hellip;]<\/p>\n","protected":false},"author":1,"featured_media":0,"parent":0,"menu_order":0,"comment_status":"closed","ping_status":"closed","template":"","meta":{"footnotes":""},"class_list":["post-20542","page","type-page","status-publish","hentry"],"_links":{"self":[{"href":"https:\/\/oraziopuglisi.art\/index.php\/wp-json\/wp\/v2\/pages\/20542","targetHints":{"allow":["GET"]}}],"collection":[{"href":"https:\/\/oraziopuglisi.art\/index.php\/wp-json\/wp\/v2\/pages"}],"about":[{"href":"https:\/\/oraziopuglisi.art\/index.php\/wp-json\/wp\/v2\/types\/page"}],"author":[{"embeddable":true,"href":"https:\/\/oraziopuglisi.art\/index.php\/wp-json\/wp\/v2\/users\/1"}],"replies":[{"embeddable":true,"href":"https:\/\/oraziopuglisi.art\/index.php\/wp-json\/wp\/v2\/comments?post=20542"}],"version-history":[{"count":2,"href":"https:\/\/oraziopuglisi.art\/index.php\/wp-json\/wp\/v2\/pages\/20542\/revisions"}],"predecessor-version":[{"id":20629,"href":"https:\/\/oraziopuglisi.art\/index.php\/wp-json\/wp\/v2\/pages\/20542\/revisions\/20629"}],"wp:attachment":[{"href":"https:\/\/oraziopuglisi.art\/index.php\/wp-json\/wp\/v2\/media?parent=20542"}],"curies":[{"name":"wp","href":"https:\/\/api.w.org\/{rel}","templated":true}]}}