{"id":20540,"date":"2025-11-08T18:33:43","date_gmt":"2025-11-08T17:33:43","guid":{"rendered":"https:\/\/oraziopuglisi.art\/?page_id=20540"},"modified":"2025-11-08T22:03:40","modified_gmt":"2025-11-08T21:03:40","slug":"italo-disco","status":"publish","type":"page","link":"https:\/\/oraziopuglisi.art\/index.php\/italo-disco\/","title":{"rendered":"Italo Disco"},"content":{"rendered":"<div class=\"bandeau-container bandeau-section metadata bandeau-niveau-information\" style=\"text-align: justify;\">\n<div class=\"bandeau-cell bandeau-icone-css loupe\">Article d\u00e9taill\u00e9\u00a0:\u00a0<a title=\"Italo disco\" href=\"https:\/\/fr.wikipedia.org\/wiki\/Italo_disco\">Italo disco<\/a>.<\/div>\n<\/div>\n<p style=\"text-align: justify;\">L&rsquo;<a title=\"Italo disco\" href=\"https:\/\/fr.wikipedia.org\/wiki\/Italo_disco\">Italo disco<\/a>\u00a0est un\u00a0<a title=\"Genre musical\" href=\"https:\/\/fr.wikipedia.org\/wiki\/Genre_musical\">genre musical<\/a>\u00a0d\u00e9riv\u00e9 du\u00a0<a title=\"Disco\" href=\"https:\/\/fr.wikipedia.org\/wiki\/Disco\">disco<\/a>\u00a0qui a \u00e9merg\u00e9 en\u00a0<a title=\"Italie\" href=\"https:\/\/fr.wikipedia.org\/wiki\/Italie\">Italie<\/a>\u00a0\u00e0 la fin des\u00a0<a title=\"Ann\u00e9es 1970\" href=\"https:\/\/fr.wikipedia.org\/wiki\/Ann%C3%A9es_1970\">ann\u00e9es 1970<\/a>. Le nom du genre est largement attribu\u00e9 \u00e0 Bernhard Mikulski, le fondateur du\u00a0<a title=\"Label discographique\" href=\"https:\/\/fr.wikipedia.org\/wiki\/Label_discographique\">label discographique<\/a>\u00a0ouest-allemand\u00a0<a title=\"ZYX Music\" href=\"https:\/\/fr.wikipedia.org\/wiki\/ZYX_Music\">ZYX Music<\/a>. L&rsquo;appellation sert d&rsquo;abord \u00e0 commercialiser le style en dehors de l&rsquo;Italie, avant de devenir un genre musical \u00e0 part enti\u00e8re.<\/p>\n<p style=\"text-align: justify;\">\u00c0 la fin des ann\u00e9es 1970 et au d\u00e9but des ann\u00e9es 1980, il rencontre le succ\u00e8s dans les\u00a0<a title=\"Discoth\u00e8que\" href=\"https:\/\/fr.wikipedia.org\/wiki\/Discoth%C3%A8que\">discoth\u00e8ques<\/a>\u00a0am\u00e9ricaines, en particulier \u00e0\u00a0<a title=\"Chicago\" href=\"https:\/\/fr.wikipedia.org\/wiki\/Chicago\">Chicago<\/a>\u00a0et\u00a0<a title=\"D\u00e9troit (Michigan)\" href=\"https:\/\/fr.wikipedia.org\/wiki\/D%C3%A9troit_(Michigan)\">D\u00e9troit<\/a>. Il se popularise significativement durant les\u00a0<a title=\"Ann\u00e9es 1980\" href=\"https:\/\/fr.wikipedia.org\/wiki\/Ann%C3%A9es_1980\">ann\u00e9es 1980<\/a>\u00a0en Italie et dans le reste de l&rsquo;<a title=\"Europe\" href=\"https:\/\/fr.wikipedia.org\/wiki\/Europe\">Europe<\/a>. Le genre atteint un pic de popularit\u00e9 entre 1983 et 1988 et dispara\u00eet vers 1989. Il a influenc\u00e9 d&rsquo;autres styles de\u00a0<a title=\"Musique \u00e9lectronique\" href=\"https:\/\/fr.wikipedia.org\/wiki\/Musique_%C3%A9lectronique\">musique \u00e9lectronique<\/a>, dont l&rsquo;<a title=\"Italo house\" href=\"https:\/\/fr.wikipedia.org\/wiki\/Italo_house\">Italo house<\/a>, l&rsquo;<a title=\"Italo dance\" href=\"https:\/\/fr.wikipedia.org\/wiki\/Italo_dance\">Italo dance<\/a>, l&rsquo;<a title=\"Eurobeat\" href=\"https:\/\/fr.wikipedia.org\/wiki\/Eurobeat\">Eurobeat<\/a>\u00a0ou l&rsquo;<a title=\"Eurodance\" href=\"https:\/\/fr.wikipedia.org\/wiki\/Eurodance\">Eurodance<\/a>. L&rsquo;Italo disco conna\u00eet un renouveau au cours des\u00a0<a title=\"Ann\u00e9es 2000\" href=\"https:\/\/fr.wikipedia.org\/wiki\/Ann%C3%A9es_2000\">ann\u00e9es 2000<\/a>, avec la publication de plusieurs\u00a0<a title=\"Compilation (musique)\" href=\"https:\/\/fr.wikipedia.org\/wiki\/Compilation_(musique)\">compilations<\/a>\u00a0d\u00e9di\u00e9es au genre et \u00e0 travers des artistes tels que\u00a0<a title=\"Sally Shapiro\" href=\"https:\/\/fr.wikipedia.org\/wiki\/Sally_Shapiro\">Sally Shapiro<\/a>.<\/p>\n<p style=\"text-align: justify;\">Il est plus \u00e9lectronique que le disco \u00ab\u00a0classique\u00a0\u00bb et se caract\u00e9rise par l&rsquo;utilisation de\u00a0<a title=\"Synth\u00e9tiseur\" href=\"https:\/\/fr.wikipedia.org\/wiki\/Synth%C3%A9tiseur\">synth\u00e9tiseurs<\/a>\u00a0et de\u00a0<a title=\"Bo\u00eete \u00e0 rythmes\" href=\"https:\/\/fr.wikipedia.org\/wiki\/Bo%C3%AEte_%C3%A0_rythmes\">bo\u00eetes \u00e0 rythmes<\/a>\u00a0produits en masse. L&rsquo;Italo disco se reconna\u00eet aussi \u00e0 ses m\u00e9lodies accrocheuses et facilement reconnaissables. Les chansons du genre sont g\u00e9n\u00e9ralement chant\u00e9es en\u00a0<a title=\"Anglais\" href=\"https:\/\/fr.wikipedia.org\/wiki\/Anglais\">anglais<\/a>\u00a0tandis que la voix est filtr\u00e9e de fa\u00e7on \u00e9lectronique. Les paroles abordent des th\u00e8mes comme l&rsquo;<a title=\"Amour\" href=\"https:\/\/fr.wikipedia.org\/wiki\/Amour\">amour<\/a>, la\u00a0<a title=\"Vie nocturne\" href=\"https:\/\/fr.wikipedia.org\/wiki\/Vie_nocturne\">vie nocturne<\/a>, la\u00a0<a title=\"Technologie\" href=\"https:\/\/fr.wikipedia.org\/wiki\/Technologie\">technologie<\/a>\u00a0et la\u00a0<a title=\"Danse\" href=\"https:\/\/fr.wikipedia.org\/wiki\/Danse\">danse<\/a>. Les artistes d&rsquo;Italo disco utilisent des\u00a0<a title=\"Nom de sc\u00e8ne\" href=\"https:\/\/fr.wikipedia.org\/wiki\/Nom_de_sc%C3%A8ne\">noms de sc\u00e8ne<\/a>\u00a0\u00e0 consonance anglaise, avec souvent des\u00a0<a title=\"Jeu de mots\" href=\"https:\/\/fr.wikipedia.org\/wiki\/Jeu_de_mots\">jeux de mots<\/a>\u00a0ou des\u00a0<i><span class=\"lang-en\" lang=\"en\"><a title=\"Inside joke\" href=\"https:\/\/fr.wikipedia.org\/wiki\/Inside_joke\">inside jokes<\/a><\/span><\/i>.<\/p>\n<p style=\"text-align: justify;\">Vilipend\u00e9 par les\u00a0<a title=\"Critique musicale\" href=\"https:\/\/fr.wikipedia.org\/wiki\/Critique_musicale\">critiques musicaux<\/a>\u00a0italiens au cours des ann\u00e9es 1980, le genre est per\u00e7u comme le r\u00e9sultat de l&rsquo;oppression culturelle am\u00e9ricaine sur la culture italienne<sup class=\"need_ref_tag\"><a title=\"Aide:R\u00e9f\u00e9rence n\u00e9cessaire\" href=\"https:\/\/fr.wikipedia.org\/wiki\/Aide:R%C3%A9f%C3%A9rence_n%C3%A9cessaire\"><span title=\"Ce passage n\u00e9cessite une r\u00e9f\u00e9rence ; voir l'aide.\">[r\u00e9f.\u00a0n\u00e9cessaire]<\/span><\/a><\/sup>. Souvent qualifi\u00e9 de \u00ab\u00a0commercial\u00a0\u00bb et de \u00ab\u00a0ringard\u00a0\u00bb, l&rsquo;Italo disco a inspir\u00e9 des artistes de musique \u00e9lectronique dans le monde entier. Des sonorit\u00e9s propres au genre se retrouvent chez des groupes tels qu&rsquo;<a title=\"Erasure\" href=\"https:\/\/fr.wikipedia.org\/wiki\/Erasure\">Erasure<\/a>,\u00a0<a title=\"New Order\" href=\"https:\/\/fr.wikipedia.org\/wiki\/New_Order\">New Order<\/a>\u00a0ou les\u00a0<a title=\"Pet Shop Boys\" href=\"https:\/\/fr.wikipedia.org\/wiki\/Pet_Shop_Boys\">Pet Shop Boys<\/a>.<\/p>\n","protected":false},"excerpt":{"rendered":"<p>Article d\u00e9taill\u00e9\u00a0:\u00a0Italo disco. L&rsquo;Italo disco\u00a0est un\u00a0genre musical\u00a0d\u00e9riv\u00e9 du\u00a0disco\u00a0qui a \u00e9merg\u00e9 en\u00a0Italie\u00a0\u00e0 la fin des\u00a0ann\u00e9es 1970. Le nom du genre est largement attribu\u00e9 \u00e0 Bernhard Mikulski, le fondateur du\u00a0label discographique\u00a0ouest-allemand\u00a0ZYX Music. L&rsquo;appellation sert d&rsquo;abord \u00e0 commercialiser le style en dehors de l&rsquo;Italie, avant de devenir un genre musical \u00e0 part enti\u00e8re. \u00c0 la fin des ann\u00e9es [&hellip;]<\/p>\n","protected":false},"author":1,"featured_media":0,"parent":0,"menu_order":0,"comment_status":"closed","ping_status":"closed","template":"","meta":{"footnotes":""},"class_list":["post-20540","page","type-page","status-publish","hentry"],"_links":{"self":[{"href":"https:\/\/oraziopuglisi.art\/index.php\/wp-json\/wp\/v2\/pages\/20540","targetHints":{"allow":["GET"]}}],"collection":[{"href":"https:\/\/oraziopuglisi.art\/index.php\/wp-json\/wp\/v2\/pages"}],"about":[{"href":"https:\/\/oraziopuglisi.art\/index.php\/wp-json\/wp\/v2\/types\/page"}],"author":[{"embeddable":true,"href":"https:\/\/oraziopuglisi.art\/index.php\/wp-json\/wp\/v2\/users\/1"}],"replies":[{"embeddable":true,"href":"https:\/\/oraziopuglisi.art\/index.php\/wp-json\/wp\/v2\/comments?post=20540"}],"version-history":[{"count":2,"href":"https:\/\/oraziopuglisi.art\/index.php\/wp-json\/wp\/v2\/pages\/20540\/revisions"}],"predecessor-version":[{"id":20627,"href":"https:\/\/oraziopuglisi.art\/index.php\/wp-json\/wp\/v2\/pages\/20540\/revisions\/20627"}],"wp:attachment":[{"href":"https:\/\/oraziopuglisi.art\/index.php\/wp-json\/wp\/v2\/media?parent=20540"}],"curies":[{"name":"wp","href":"https:\/\/api.w.org\/{rel}","templated":true}]}}