{"id":20538,"date":"2025-11-08T18:32:55","date_gmt":"2025-11-08T17:32:55","guid":{"rendered":"https:\/\/oraziopuglisi.art\/?page_id=20538"},"modified":"2025-11-08T22:01:24","modified_gmt":"2025-11-08T21:01:24","slug":"punk-rock","status":"publish","type":"page","link":"https:\/\/oraziopuglisi.art\/index.php\/punk-rock\/","title":{"rendered":"Punk rock"},"content":{"rendered":"<div class=\"bandeau-container bandeau-section metadata bandeau-niveau-information\" style=\"text-align: justify;\">\n<div class=\"bandeau-cell bandeau-icone-css loupe\">Article d\u00e9taill\u00e9\u00a0:\u00a0<a title=\"Punk italien\" href=\"https:\/\/fr.wikipedia.org\/wiki\/Punk_italien\">Punk italien<\/a>.<\/div>\n<\/div>\n<p style=\"text-align: justify;\">En\u00a0<a title=\"Italie\" href=\"https:\/\/fr.wikipedia.org\/wiki\/Italie\">Italie<\/a>, l&rsquo;\u00e9mergence du\u00a0<a title=\"Punk rock\" href=\"https:\/\/fr.wikipedia.org\/wiki\/Punk_rock\">punk rock<\/a>\u00a0se fait en\u00a0<a title=\"1977\" href=\"https:\/\/fr.wikipedia.org\/wiki\/1977\">1977<\/a>, en parall\u00e8le \u00e0 d&rsquo;autres pays frontaliers. \u00c0 cette p\u00e9riode, Les\u00a0<a class=\"mw-redirect\" title=\"Stooges\" href=\"https:\/\/fr.wikipedia.org\/wiki\/Stooges\">Stooges<\/a>\u00a0\u00e9taient presque aussi ignor\u00e9s que les\u00a0<a title=\"Ramones\" href=\"https:\/\/fr.wikipedia.org\/wiki\/Ramones\">Ramones<\/a>, et \u00e9clips\u00e9s par l&rsquo;explosion du punk britannique, en particulier par le ph\u00e9nom\u00e8ne m\u00e9diatique g\u00e9n\u00e9r\u00e9 par les\u00a0<a title=\"Sex Pistols\" href=\"https:\/\/fr.wikipedia.org\/wiki\/Sex_Pistols\">Sex Pistols<\/a>. C&rsquo;est avec la sortie de l&rsquo;album\u00a0<i><a title=\"Never Mind the Bollocks, Here's the Sex Pistols\" href=\"https:\/\/fr.wikipedia.org\/wiki\/Never_Mind_the_Bollocks,_Here%27s_the_Sex_Pistols\">Never Mind the Bollocks<\/a><\/i>\u00a0que le punk commence \u00e0 envahir les grandes villes et attire l&rsquo;int\u00e9r\u00eat des fanzines italiens.<\/p>\n","protected":false},"excerpt":{"rendered":"<p>Article d\u00e9taill\u00e9\u00a0:\u00a0Punk italien. En\u00a0Italie, l&rsquo;\u00e9mergence du\u00a0punk rock\u00a0se fait en\u00a01977, en parall\u00e8le \u00e0 d&rsquo;autres pays frontaliers. \u00c0 cette p\u00e9riode, Les\u00a0Stooges\u00a0\u00e9taient presque aussi ignor\u00e9s que les\u00a0Ramones, et \u00e9clips\u00e9s par l&rsquo;explosion du punk britannique, en particulier par le ph\u00e9nom\u00e8ne m\u00e9diatique g\u00e9n\u00e9r\u00e9 par les\u00a0Sex Pistols. C&rsquo;est avec la sortie de l&rsquo;album\u00a0Never Mind the Bollocks\u00a0que le punk commence \u00e0 envahir [&hellip;]<\/p>\n","protected":false},"author":1,"featured_media":0,"parent":0,"menu_order":0,"comment_status":"closed","ping_status":"closed","template":"","meta":{"footnotes":""},"class_list":["post-20538","page","type-page","status-publish","hentry"],"_links":{"self":[{"href":"https:\/\/oraziopuglisi.art\/index.php\/wp-json\/wp\/v2\/pages\/20538","targetHints":{"allow":["GET"]}}],"collection":[{"href":"https:\/\/oraziopuglisi.art\/index.php\/wp-json\/wp\/v2\/pages"}],"about":[{"href":"https:\/\/oraziopuglisi.art\/index.php\/wp-json\/wp\/v2\/types\/page"}],"author":[{"embeddable":true,"href":"https:\/\/oraziopuglisi.art\/index.php\/wp-json\/wp\/v2\/users\/1"}],"replies":[{"embeddable":true,"href":"https:\/\/oraziopuglisi.art\/index.php\/wp-json\/wp\/v2\/comments?post=20538"}],"version-history":[{"count":2,"href":"https:\/\/oraziopuglisi.art\/index.php\/wp-json\/wp\/v2\/pages\/20538\/revisions"}],"predecessor-version":[{"id":20625,"href":"https:\/\/oraziopuglisi.art\/index.php\/wp-json\/wp\/v2\/pages\/20538\/revisions\/20625"}],"wp:attachment":[{"href":"https:\/\/oraziopuglisi.art\/index.php\/wp-json\/wp\/v2\/media?parent=20538"}],"curies":[{"name":"wp","href":"https:\/\/api.w.org\/{rel}","templated":true}]}}