{"id":20536,"date":"2025-11-08T18:32:19","date_gmt":"2025-11-08T17:32:19","guid":{"rendered":"https:\/\/oraziopuglisi.art\/?page_id=20536"},"modified":"2025-11-08T21:58:50","modified_gmt":"2025-11-08T20:58:50","slug":"rock","status":"publish","type":"page","link":"https:\/\/oraziopuglisi.art\/index.php\/rock\/","title":{"rendered":"Rock"},"content":{"rendered":"<div class=\"bandeau-container bandeau-section metadata bandeau-niveau-information\" style=\"text-align: justify;\">\n<div class=\"bandeau-cell bandeau-icone-css loupe\" style=\"text-align: justify;\">Articles d\u00e9taill\u00e9s\u00a0:\u00a0<a title=\"Rock italien\" href=\"https:\/\/fr.wikipedia.org\/wiki\/Rock_italien\">Rock italien<\/a>\u00a0et\u00a0<a title=\"Rock progressif italien\" href=\"https:\/\/fr.wikipedia.org\/wiki\/Rock_progressif_italien\">Rock progressif italien<\/a>.<\/div>\n<\/div>\n<p style=\"text-align: justify;\">Le\u00a0<a title=\"Rock italien\" href=\"https:\/\/fr.wikipedia.org\/wiki\/Rock_italien\">rock italien<\/a>\u00a0des ann\u00e9es 2000 passe par des groupes comme Baustelle (rock ind\u00e9pendant)\u00a0<a title=\"Finley (groupe)\" href=\"https:\/\/fr.wikipedia.org\/wiki\/Finley_(groupe)\">Finley<\/a>\u00a0(<a title=\"Pop punk\" href=\"https:\/\/fr.wikipedia.org\/wiki\/Pop_punk\">pop punk<\/a>) ou\u00a0<a title=\"Sonohra\" href=\"https:\/\/fr.wikipedia.org\/wiki\/Sonohra\">Sonohra<\/a>\u00a0(pop rock). Certains artistes de \u00ab\u00a0vari\u00e9t\u00e9 italienne\u00a0\u00bb tels que\u00a0<a title=\"Zucchero\" href=\"https:\/\/fr.wikipedia.org\/wiki\/Zucchero\">Zucchero<\/a>, empruntent pour certains de leurs morceaux des sonorit\u00e9s pop rock.<\/p>\n<p style=\"text-align: justify;\">Le\u00a0<a title=\"Rock progressif italien\" href=\"https:\/\/fr.wikipedia.org\/wiki\/Rock_progressif_italien\">rock progressif italien<\/a>\u00a0est un sous-genre du\u00a0<a title=\"Rock progressif\" href=\"https:\/\/fr.wikipedia.org\/wiki\/Rock_progressif\">rock progressif<\/a>\u00a0qui a connu son \u00e2ge d&rsquo;or dans les\u00a0<a title=\"Ann\u00e9es 1970\" href=\"https:\/\/fr.wikipedia.org\/wiki\/Ann%C3%A9es_1970\">ann\u00e9es 1970<\/a>. Outre l&rsquo;usage de la langue italienne, il est le plus souvent caract\u00e9ris\u00e9 par la priorit\u00e9 donn\u00e9e aux claviers, par le soin apport\u00e9 \u00e0 la qualit\u00e9 des m\u00e9lodies, et aussi par une pr\u00e9f\u00e9rence marqu\u00e9e pour le\u00a0<a title=\"Chant\" href=\"https:\/\/fr.wikipedia.org\/wiki\/Chant\">chant<\/a>\u00a0solo sur le chant choral.<\/p>\n","protected":false},"excerpt":{"rendered":"<p>Articles d\u00e9taill\u00e9s\u00a0:\u00a0Rock italien\u00a0et\u00a0Rock progressif italien. Le\u00a0rock italien\u00a0des ann\u00e9es 2000 passe par des groupes comme Baustelle (rock ind\u00e9pendant)\u00a0Finley\u00a0(pop punk) ou\u00a0Sonohra\u00a0(pop rock). Certains artistes de \u00ab\u00a0vari\u00e9t\u00e9 italienne\u00a0\u00bb tels que\u00a0Zucchero, empruntent pour certains de leurs morceaux des sonorit\u00e9s pop rock. Le\u00a0rock progressif italien\u00a0est un sous-genre du\u00a0rock progressif\u00a0qui a connu son \u00e2ge d&rsquo;or dans les\u00a0ann\u00e9es 1970. Outre l&rsquo;usage de [&hellip;]<\/p>\n","protected":false},"author":1,"featured_media":0,"parent":0,"menu_order":0,"comment_status":"closed","ping_status":"closed","template":"","meta":{"footnotes":""},"class_list":["post-20536","page","type-page","status-publish","hentry"],"_links":{"self":[{"href":"https:\/\/oraziopuglisi.art\/index.php\/wp-json\/wp\/v2\/pages\/20536","targetHints":{"allow":["GET"]}}],"collection":[{"href":"https:\/\/oraziopuglisi.art\/index.php\/wp-json\/wp\/v2\/pages"}],"about":[{"href":"https:\/\/oraziopuglisi.art\/index.php\/wp-json\/wp\/v2\/types\/page"}],"author":[{"embeddable":true,"href":"https:\/\/oraziopuglisi.art\/index.php\/wp-json\/wp\/v2\/users\/1"}],"replies":[{"embeddable":true,"href":"https:\/\/oraziopuglisi.art\/index.php\/wp-json\/wp\/v2\/comments?post=20536"}],"version-history":[{"count":2,"href":"https:\/\/oraziopuglisi.art\/index.php\/wp-json\/wp\/v2\/pages\/20536\/revisions"}],"predecessor-version":[{"id":20623,"href":"https:\/\/oraziopuglisi.art\/index.php\/wp-json\/wp\/v2\/pages\/20536\/revisions\/20623"}],"wp:attachment":[{"href":"https:\/\/oraziopuglisi.art\/index.php\/wp-json\/wp\/v2\/media?parent=20536"}],"curies":[{"name":"wp","href":"https:\/\/api.w.org\/{rel}","templated":true}]}}