{"id":20534,"date":"2025-11-08T18:31:42","date_gmt":"2025-11-08T17:31:42","guid":{"rendered":"https:\/\/oraziopuglisi.art\/?page_id=20534"},"modified":"2025-11-08T21:56:46","modified_gmt":"2025-11-08T20:56:46","slug":"ballo-liscio","status":"publish","type":"page","link":"https:\/\/oraziopuglisi.art\/index.php\/ballo-liscio\/","title":{"rendered":"Ballo Liscio"},"content":{"rendered":"<p style=\"text-align: justify;\">Le\u00a0<a class=\"new\" title=\"Ballo liscio (page inexistante)\" href=\"https:\/\/fr.wikipedia.org\/w\/index.php?title=Ballo_liscio&amp;action=edit&amp;redlink=1\">ballo liscio<\/a>\u00a0<a class=\"extiw\" title=\"it:Ballo liscio\" href=\"https:\/\/it.wikipedia.org\/wiki\/Ballo_liscio\"><span class=\"indicateur-langue\" title=\"Article en italien\u00a0: \u00ab\u00a0Ballo liscio\u00a0\u00bb\">(it)<\/span><\/a>\u00a0est une danse de salon n\u00e9e en Romagne entre la fin du\u00a0<a title=\"XIXe si\u00e8cle\" href=\"https:\/\/fr.wikipedia.org\/wiki\/XIXe_si%C3%A8cle\"><abbr class=\"abbr\" title=\"19\u1d49 si\u00e8cle\"><span class=\"romain\">XIX<\/span><sup>e<\/sup><\/abbr>\u00a0si\u00e8cle<\/a>\u00a0et les premi\u00e8res d\u00e9cennies du\u00a0<a title=\"XXe si\u00e8cle\" href=\"https:\/\/fr.wikipedia.org\/wiki\/XXe_si%C3%A8cle\"><abbr class=\"abbr\" title=\"20\u1d49 si\u00e8cle\"><span class=\"romain\">XX<\/span><sup>e<\/sup><\/abbr>\u00a0si\u00e8cle<\/a>. Au fil des ans, elle s&rsquo;est r\u00e9pandue dans toute l&rsquo;Italie, avec une pr\u00e9dominance dans le nord, principalement gr\u00e2ce \u00e0 Secondo Casadei, \u00e9galement connu sous le nom de Strauss de la Romagne. Elle se compose de trois danses\u00a0: la\u00a0<a title=\"Mazurka\" href=\"https:\/\/fr.wikipedia.org\/wiki\/Mazurka\">mazurka<\/a>, la\u00a0<a title=\"Valse\" href=\"https:\/\/fr.wikipedia.org\/wiki\/Valse\">valse<\/a>\u00a0et la\u00a0<a title=\"Polka (danse)\" href=\"https:\/\/fr.wikipedia.org\/wiki\/Polka_(danse)\">polka<\/a>. Il doit son nom aux mouvements des danseurs qui glissent, tra\u00eenent les pieds, puis vont en douceur. Le fondateur du genre est consid\u00e9r\u00e9 comme Carlo Brighi, plus connu sous le nom de Zacl\u00e9n, \u00e0 tel point que l&rsquo;expression Taca, Zacl\u00e8n\u00a0! (Attaque, Zacl\u00e8n\u00a0!) est une invitation aux musiciens \u00e0 commencer \u00e0 jouer<sup id=\"cite_ref-8\" class=\"reference\"><a href=\"https:\/\/fr.wikipedia.org\/wiki\/Musique_italienne#cite_note-8\"><span class=\"cite-bracket\">[<\/span>8<span class=\"cite-bracket\">]<\/span><\/a><\/sup>.<\/p>\n","protected":false},"excerpt":{"rendered":"<p>Le\u00a0ballo liscio\u00a0(it)\u00a0est une danse de salon n\u00e9e en Romagne entre la fin du\u00a0XIXe\u00a0si\u00e8cle\u00a0et les premi\u00e8res d\u00e9cennies du\u00a0XXe\u00a0si\u00e8cle. Au fil des ans, elle s&rsquo;est r\u00e9pandue dans toute l&rsquo;Italie, avec une pr\u00e9dominance dans le nord, principalement gr\u00e2ce \u00e0 Secondo Casadei, \u00e9galement connu sous le nom de Strauss de la Romagne. Elle se compose de trois danses\u00a0: la\u00a0mazurka, [&hellip;]<\/p>\n","protected":false},"author":1,"featured_media":0,"parent":0,"menu_order":0,"comment_status":"closed","ping_status":"closed","template":"","meta":{"footnotes":""},"class_list":["post-20534","page","type-page","status-publish","hentry"],"_links":{"self":[{"href":"https:\/\/oraziopuglisi.art\/index.php\/wp-json\/wp\/v2\/pages\/20534","targetHints":{"allow":["GET"]}}],"collection":[{"href":"https:\/\/oraziopuglisi.art\/index.php\/wp-json\/wp\/v2\/pages"}],"about":[{"href":"https:\/\/oraziopuglisi.art\/index.php\/wp-json\/wp\/v2\/types\/page"}],"author":[{"embeddable":true,"href":"https:\/\/oraziopuglisi.art\/index.php\/wp-json\/wp\/v2\/users\/1"}],"replies":[{"embeddable":true,"href":"https:\/\/oraziopuglisi.art\/index.php\/wp-json\/wp\/v2\/comments?post=20534"}],"version-history":[{"count":2,"href":"https:\/\/oraziopuglisi.art\/index.php\/wp-json\/wp\/v2\/pages\/20534\/revisions"}],"predecessor-version":[{"id":20620,"href":"https:\/\/oraziopuglisi.art\/index.php\/wp-json\/wp\/v2\/pages\/20534\/revisions\/20620"}],"wp:attachment":[{"href":"https:\/\/oraziopuglisi.art\/index.php\/wp-json\/wp\/v2\/media?parent=20534"}],"curies":[{"name":"wp","href":"https:\/\/api.w.org\/{rel}","templated":true}]}}