{"id":20528,"date":"2025-11-08T18:07:48","date_gmt":"2025-11-08T17:07:48","guid":{"rendered":"https:\/\/oraziopuglisi.art\/?page_id=20528"},"modified":"2025-11-08T21:48:59","modified_gmt":"2025-11-08T20:48:59","slug":"revivalisme","status":"publish","type":"page","link":"https:\/\/oraziopuglisi.art\/index.php\/revivalisme\/","title":{"rendered":"Revivalisme"},"content":{"rendered":"<p><span style=\"font-size: 10px;\"><strong>Image mise en avant :<\/strong> Recto de la pochette et page du livret du disque 33 T. Tarantella Ca Nun V\u00e0 Bbona de la Nuova Compagnia di Canto popolare, Art-work Lamberto Lambertini.<br \/>\n\u00a9 EMI Italiana S.p.A. 1975. Reproduction Giovanni Giuriat<\/span><\/p>\n<p style=\"text-align: justify;\">N\u00e9 en 1964 dans la lign\u00e9e du\u00a0<a title=\"Renouveau de la musique folk aux \u00c9tats-Unis\" href=\"https:\/\/fr.wikipedia.org\/wiki\/Renouveau_de_la_musique_folk_aux_%C3%89tats-Unis\">renouveau de la musique folk<\/a>, ce mouvement proche de l&rsquo;id\u00e9ologie communiste d\u00e9nonce la d\u00e9rive commerciale de la chanson populaire et pr\u00f4ne un retour \u00e0 la musique prol\u00e9taire (les chants de travail) et un \u00ab\u00a0nouveau chansonnier italien\u00a0\u00bb.<\/p>\n<p>&nbsp;<\/p>\n<a href=\"https:\/\/oraziopuglisi.art\/wp-content\/uploads\/2025\/11\/Le-Revivalisme-Insitu-43432.pdf\" class=\"pdfemb-viewer\" style=\"\" data-width=\"max\" data-height=\"max\" data-toolbar=\"bottom\" data-toolbar-fixed=\"off\">Le Revivalisme Insitu-43432<\/a>\n","protected":false},"excerpt":{"rendered":"<p>Image mise en avant : Recto de la pochette et page du livret du disque 33 T. Tarantella Ca Nun V\u00e0 Bbona de la Nuova Compagnia di Canto popolare, Art-work Lamberto Lambertini. \u00a9 EMI Italiana S.p.A. 1975. Reproduction Giovanni Giuriat N\u00e9 en 1964 dans la lign\u00e9e du\u00a0renouveau de la musique folk, ce mouvement proche de [&hellip;]<\/p>\n","protected":false},"author":1,"featured_media":20610,"parent":0,"menu_order":0,"comment_status":"closed","ping_status":"closed","template":"","meta":{"footnotes":""},"class_list":["post-20528","page","type-page","status-publish","has-post-thumbnail","hentry"],"_links":{"self":[{"href":"https:\/\/oraziopuglisi.art\/index.php\/wp-json\/wp\/v2\/pages\/20528","targetHints":{"allow":["GET"]}}],"collection":[{"href":"https:\/\/oraziopuglisi.art\/index.php\/wp-json\/wp\/v2\/pages"}],"about":[{"href":"https:\/\/oraziopuglisi.art\/index.php\/wp-json\/wp\/v2\/types\/page"}],"author":[{"embeddable":true,"href":"https:\/\/oraziopuglisi.art\/index.php\/wp-json\/wp\/v2\/users\/1"}],"replies":[{"embeddable":true,"href":"https:\/\/oraziopuglisi.art\/index.php\/wp-json\/wp\/v2\/comments?post=20528"}],"version-history":[{"count":6,"href":"https:\/\/oraziopuglisi.art\/index.php\/wp-json\/wp\/v2\/pages\/20528\/revisions"}],"predecessor-version":[{"id":20612,"href":"https:\/\/oraziopuglisi.art\/index.php\/wp-json\/wp\/v2\/pages\/20528\/revisions\/20612"}],"wp:featuredmedia":[{"embeddable":true,"href":"https:\/\/oraziopuglisi.art\/index.php\/wp-json\/wp\/v2\/media\/20610"}],"wp:attachment":[{"href":"https:\/\/oraziopuglisi.art\/index.php\/wp-json\/wp\/v2\/media?parent=20528"}],"curies":[{"name":"wp","href":"https:\/\/api.w.org\/{rel}","templated":true}]}}