{"id":20526,"date":"2025-11-08T18:07:01","date_gmt":"2025-11-08T17:07:01","guid":{"rendered":"https:\/\/oraziopuglisi.art\/?page_id=20526"},"modified":"2025-11-08T21:36:04","modified_gmt":"2025-11-08T20:36:04","slug":"musique-traditionnelle","status":"publish","type":"page","link":"https:\/\/oraziopuglisi.art\/index.php\/musique-traditionnelle\/","title":{"rendered":"Musique Traditionnelle"},"content":{"rendered":"<p><span style=\"font-size: 10px;\"><strong>Image mise en avant :<\/strong> <cite>Pifferaro et jeunes filles \u00e0 Rome<\/cite>, peinture de Carl Blechen, 1834. Alte Nationalgalerie, Staatliche Museen zu Berlin, photo d\u2019Andres Kilger CC BY-NC-SA<\/span><\/p>\n<p style=\"text-align: justify;\">Elle est \u00e9videmment li\u00e9e ici aux nombreux r\u00e9gionalismes qui font de l&rsquo;<a title=\"Italie\" href=\"https:\/\/fr.wikipedia.org\/wiki\/Italie\">Italie<\/a>\u00a0une mosa\u00efque de folklores et de dialectes distincts. On y retrouve des\u00a0<a title=\"Polyphonie\" href=\"https:\/\/fr.wikipedia.org\/wiki\/Polyphonie\">polyphonies<\/a>, des\u00a0<a title=\"Monodie\" href=\"https:\/\/fr.wikipedia.org\/wiki\/Monodie\">monodies<\/a>, des\u00a0<i>ballatas<\/i>, des\u00a0<i>scampanadas<\/i>, des\u00a0<i>chiasso<\/i>, etc. Il existe aussi depuis fort longtemps diverses communaut\u00e9s immigr\u00e9es (albanaise, grecque, balkanique, nord-africaine,\u00a0<abbr class=\"abbr\" title=\"et cetera\">etc.<\/abbr>) qui ont conserv\u00e9 leurs traditions ici et qui ont influenc\u00e9 la musique traditionnelle en apportant par exemple des voix tr\u00e8s hautes, voire nasales, usant d&rsquo;ornementation quasi orientale.<\/p>\n","protected":false},"excerpt":{"rendered":"<p>Image mise en avant : Pifferaro et jeunes filles \u00e0 Rome, peinture de Carl Blechen, 1834. Alte Nationalgalerie, Staatliche Museen zu Berlin, photo d\u2019Andres Kilger CC BY-NC-SA Elle est \u00e9videmment li\u00e9e ici aux nombreux r\u00e9gionalismes qui font de l&rsquo;Italie\u00a0une mosa\u00efque de folklores et de dialectes distincts. On y retrouve des\u00a0polyphonies, des\u00a0monodies, des\u00a0ballatas, des\u00a0scampanadas, des\u00a0chiasso, etc. [&hellip;]<\/p>\n","protected":false},"author":1,"featured_media":20604,"parent":0,"menu_order":0,"comment_status":"closed","ping_status":"closed","template":"","meta":{"footnotes":""},"class_list":["post-20526","page","type-page","status-publish","has-post-thumbnail","hentry"],"_links":{"self":[{"href":"https:\/\/oraziopuglisi.art\/index.php\/wp-json\/wp\/v2\/pages\/20526","targetHints":{"allow":["GET"]}}],"collection":[{"href":"https:\/\/oraziopuglisi.art\/index.php\/wp-json\/wp\/v2\/pages"}],"about":[{"href":"https:\/\/oraziopuglisi.art\/index.php\/wp-json\/wp\/v2\/types\/page"}],"author":[{"embeddable":true,"href":"https:\/\/oraziopuglisi.art\/index.php\/wp-json\/wp\/v2\/users\/1"}],"replies":[{"embeddable":true,"href":"https:\/\/oraziopuglisi.art\/index.php\/wp-json\/wp\/v2\/comments?post=20526"}],"version-history":[{"count":4,"href":"https:\/\/oraziopuglisi.art\/index.php\/wp-json\/wp\/v2\/pages\/20526\/revisions"}],"predecessor-version":[{"id":20603,"href":"https:\/\/oraziopuglisi.art\/index.php\/wp-json\/wp\/v2\/pages\/20526\/revisions\/20603"}],"wp:featuredmedia":[{"embeddable":true,"href":"https:\/\/oraziopuglisi.art\/index.php\/wp-json\/wp\/v2\/media\/20604"}],"wp:attachment":[{"href":"https:\/\/oraziopuglisi.art\/index.php\/wp-json\/wp\/v2\/media?parent=20526"}],"curies":[{"name":"wp","href":"https:\/\/api.w.org\/{rel}","templated":true}]}}