{"id":20058,"date":"2025-10-30T22:38:54","date_gmt":"2025-10-30T21:38:54","guid":{"rendered":"https:\/\/oraziopuglisi.art\/?page_id=20058"},"modified":"2025-10-30T22:50:22","modified_gmt":"2025-10-30T21:50:22","slug":"20058-2","status":"publish","type":"page","link":"https:\/\/oraziopuglisi.art\/index.php\/20058-2\/","title":{"rendered":"Greyfriars Hall"},"content":{"rendered":"<p>&nbsp;<\/p>\n<p style=\"text-align: center;\"><a href=\"https:\/\/greyfriarshall.com\/\">Le Site<\/a><\/p>\n<p style=\"text-align: center;\"><a href=\"https:\/\/thevendry.com\/venue\/185632\/virgin-hotels-edinburgh-edinburgh-united-kingdom\/space\/107500\">Lien<\/a><\/p>\n<p style=\"text-align: justify;\">Greyfriars Hall provides an ideal location for your event, steeped in history the church dates to the mid to late 19th century (c.1861). We\u2019ve since blended it\u2019s Gothic Revival features with our modern contemporary design, creating the perfect setting in the historic Old Town of Edinburgh. Choose from several configurations to best match the size of your party with the vibe you want to set.<\/p>\n<p style=\"text-align: justify;\">Greyfriars Hall offre un cadre id\u00e9al pour votre \u00e9v\u00e9nement. Charg\u00e9e d&rsquo;histoire, l&rsquo;\u00e9glise date du milieu \u00e0 la fin du XIXe si\u00e8cle (vers 1861). Nous avons depuis lors harmonieusement int\u00e9gr\u00e9 ses \u00e9l\u00e9ments n\u00e9o-gothiques \u00e0 un design contemporain moderne, cr\u00e9ant ainsi un d\u00e9cor parfait au c\u0153ur de la vieille ville historique d&rsquo;\u00c9dimbourg. Choisissez parmi plusieurs configurations celle qui correspond le mieux \u00e0 la taille de votre groupe et \u00e0 l&rsquo;ambiance que vous souhaitez cr\u00e9er.<\/p>\n<p>&nbsp;<\/p>\n<p>&nbsp;<\/p>\n<p><iframe loading=\"lazy\" title=\"WhatsApp Vid\u00e9o 2025 10 27 \u00e0 12 04 30 2d26e038\" width=\"506\" height=\"900\" src=\"https:\/\/www.youtube.com\/embed\/_JX4G8yf7Ew?feature=oembed\" frameborder=\"0\" allow=\"accelerometer; autoplay; clipboard-write; encrypted-media; gyroscope; picture-in-picture; web-share\" referrerpolicy=\"strict-origin-when-cross-origin\" allowfullscreen><\/iframe><\/p>\n<p>&nbsp;<\/p>\n<div class=\"jsx-3760340710 description\">\n<div class=\"container\">\n<p class=\"tw-whitespace-pre-wrap tw-m-0 tw-overflow-hidden tw-text-ellipsis tw-line-clamp-[--max-lines]\" style=\"text-align: justify;\">\u00a0<\/p>\n<\/div>\n<\/div>\n<div class=\"jsx-3028945417 gallery__container\">\n<div class=\"jsx-2672347385 events\">\n<h5 class=\"jsx-2672347385 title\" style=\"text-align: center;\">Gallery<\/h5>\n<div class=\"list__wrapper\">\n<div class=\"jsx-adbc76cd8742ad5e events__container\">\n<div class=\"jsx-2ca854d26f4c2bab event__wrapper\">\n<div class=\"jsx-2ca854d26f4c2bab event__img\">\n<div class=\"jsx-2ca854d26f4c2bab\" tabindex=\"0\" role=\"button\"><img loading=\"lazy\" decoding=\"async\" class=\"aligncenter\" src=\"https:\/\/thevendry.com\/cdn-cgi\/image\/width=828,quality=75,fit=contain,metadata=none,format=auto\/https%3A%2F%2Fs3.us-east-1.amazonaws.com%2Fuploads.thevendry.co%2F36209%2F1688418638198_3.jpg\" srcset=\"https:\/\/thevendry.com\/cdn-cgi\/image\/width=640,quality=75,fit=contain,metadata=none,format=auto\/https%3A%2F%2Fs3.us-east-1.amazonaws.com%2Fuploads.thevendry.co%2F36209%2F1688418638198_3.jpg 1x, https:\/\/thevendry.com\/cdn-cgi\/image\/width=828,quality=75,fit=contain,metadata=none,format=auto\/https%3A%2F%2Fs3.us-east-1.amazonaws.com%2Fuploads.thevendry.co%2F36209%2F1688418638198_3.jpg 2x\" alt=\"3.jpg\" width=\"392\" height=\"263\" data-nimg=\"1\" \/><\/div>\n<\/div>\n<\/div>\n<\/div>\n<\/div>\n<\/div>\n<div tabindex=\"0\" role=\"button\">\u00a0<\/div>\n<div class=\"jsx-2672347385 events\">\n<div class=\"list__wrapper\">\n<div class=\"jsx-adbc76cd8742ad5e events__container\">\n<div class=\"jsx-2ca854d26f4c2bab event__wrapper\">\n<div tabindex=\"0\" role=\"button\">\u00a0<\/div>\n<\/div>\n<div class=\"jsx-2ca854d26f4c2bab event__wrapper\">\n<div class=\"jsx-2ca854d26f4c2bab event__img\">\n<div class=\"jsx-2ca854d26f4c2bab\" tabindex=\"0\" role=\"button\"><img loading=\"lazy\" decoding=\"async\" class=\"aligncenter\" src=\"https:\/\/thevendry.com\/cdn-cgi\/image\/width=828,quality=75,fit=contain,metadata=none,format=auto\/https%3A%2F%2Fs3.us-east-1.amazonaws.com%2Fuploads.thevendry.co%2F36209%2F1688418638349_2.jpg\" srcset=\"https:\/\/thevendry.com\/cdn-cgi\/image\/width=640,quality=75,fit=contain,metadata=none,format=auto\/https%3A%2F%2Fs3.us-east-1.amazonaws.com%2Fuploads.thevendry.co%2F36209%2F1688418638349_2.jpg 1x, https:\/\/thevendry.com\/cdn-cgi\/image\/width=828,quality=75,fit=contain,metadata=none,format=auto\/https%3A%2F%2Fs3.us-east-1.amazonaws.com%2Fuploads.thevendry.co%2F36209%2F1688418638349_2.jpg 2x\" alt=\"2.jpg\" width=\"392\" height=\"263\" data-nimg=\"1\" \/><\/div>\n<\/div>\n<div tabindex=\"0\" role=\"button\">\u00a0<\/div>\n<div tabindex=\"0\" role=\"button\">\u00a0<\/div>\n<\/div>\n<div class=\"jsx-2ca854d26f4c2bab event__wrapper\">\n<div class=\"jsx-2ca854d26f4c2bab event__img\">\n<div class=\"jsx-2ca854d26f4c2bab\" tabindex=\"0\" role=\"button\"><img loading=\"lazy\" decoding=\"async\" class=\"aligncenter\" src=\"https:\/\/thevendry.com\/cdn-cgi\/image\/width=828,quality=75,fit=contain,metadata=none,format=auto\/https%3A%2F%2Fs3.us-east-1.amazonaws.com%2Fuploads.thevendry.co%2F36209%2F1688418638300_5.jpg\" srcset=\"https:\/\/thevendry.com\/cdn-cgi\/image\/width=640,quality=75,fit=contain,metadata=none,format=auto\/https%3A%2F%2Fs3.us-east-1.amazonaws.com%2Fuploads.thevendry.co%2F36209%2F1688418638300_5.jpg 1x, https:\/\/thevendry.com\/cdn-cgi\/image\/width=828,quality=75,fit=contain,metadata=none,format=auto\/https%3A%2F%2Fs3.us-east-1.amazonaws.com%2Fuploads.thevendry.co%2F36209%2F1688418638300_5.jpg 2x\" alt=\"5.jpg\" width=\"392\" height=\"263\" data-nimg=\"1\" \/><\/div>\n<\/div>\n<div tabindex=\"0\" role=\"button\">\u00a0<\/div>\n<div tabindex=\"0\" role=\"button\">\u00a0<\/div>\n<\/div>\n<div class=\"jsx-2ca854d26f4c2bab event__wrapper\">\n<div class=\"jsx-2ca854d26f4c2bab event__img\">\n<div class=\"jsx-2ca854d26f4c2bab\" tabindex=\"0\" role=\"button\"><img loading=\"lazy\" decoding=\"async\" class=\"aligncenter\" src=\"https:\/\/thevendry.com\/cdn-cgi\/image\/width=828,quality=75,fit=contain,metadata=none,format=auto\/https%3A%2F%2Fs3.us-east-1.amazonaws.com%2Fuploads.thevendry.co%2F36209%2F1688418638310_4.jpg\" srcset=\"https:\/\/thevendry.com\/cdn-cgi\/image\/width=640,quality=75,fit=contain,metadata=none,format=auto\/https%3A%2F%2Fs3.us-east-1.amazonaws.com%2Fuploads.thevendry.co%2F36209%2F1688418638310_4.jpg 1x, https:\/\/thevendry.com\/cdn-cgi\/image\/width=828,quality=75,fit=contain,metadata=none,format=auto\/https%3A%2F%2Fs3.us-east-1.amazonaws.com%2Fuploads.thevendry.co%2F36209%2F1688418638310_4.jpg 2x\" alt=\"4.jpg\" width=\"392\" height=\"263\" data-nimg=\"1\" \/><\/div>\n<\/div>\n<\/div>\n<\/div>\n<\/div>\n<div tabindex=\"0\" role=\"button\">\u00a0<\/div>\n<div class=\"list__wrapper\">\n<div tabindex=\"0\" role=\"button\">\u00a0<\/div>\n<\/div>\n<\/div>\n<\/div>\n","protected":false},"excerpt":{"rendered":"<p>&nbsp; Le Site Lien Greyfriars Hall provides an ideal location for your event, steeped in history the church dates to the mid to late 19th century (c.1861). We\u2019ve since blended it\u2019s Gothic Revival features with our modern contemporary design, creating the perfect setting in the historic Old Town of Edinburgh. Choose from several configurations to [&hellip;]<\/p>\n","protected":false},"author":1,"featured_media":20068,"parent":0,"menu_order":0,"comment_status":"closed","ping_status":"closed","template":"","meta":{"footnotes":""},"class_list":["post-20058","page","type-page","status-publish","has-post-thumbnail","hentry"],"_links":{"self":[{"href":"https:\/\/oraziopuglisi.art\/index.php\/wp-json\/wp\/v2\/pages\/20058","targetHints":{"allow":["GET"]}}],"collection":[{"href":"https:\/\/oraziopuglisi.art\/index.php\/wp-json\/wp\/v2\/pages"}],"about":[{"href":"https:\/\/oraziopuglisi.art\/index.php\/wp-json\/wp\/v2\/types\/page"}],"author":[{"embeddable":true,"href":"https:\/\/oraziopuglisi.art\/index.php\/wp-json\/wp\/v2\/users\/1"}],"replies":[{"embeddable":true,"href":"https:\/\/oraziopuglisi.art\/index.php\/wp-json\/wp\/v2\/comments?post=20058"}],"version-history":[{"count":8,"href":"https:\/\/oraziopuglisi.art\/index.php\/wp-json\/wp\/v2\/pages\/20058\/revisions"}],"predecessor-version":[{"id":20067,"href":"https:\/\/oraziopuglisi.art\/index.php\/wp-json\/wp\/v2\/pages\/20058\/revisions\/20067"}],"wp:featuredmedia":[{"embeddable":true,"href":"https:\/\/oraziopuglisi.art\/index.php\/wp-json\/wp\/v2\/media\/20068"}],"wp:attachment":[{"href":"https:\/\/oraziopuglisi.art\/index.php\/wp-json\/wp\/v2\/media?parent=20058"}],"curies":[{"name":"wp","href":"https:\/\/api.w.org\/{rel}","templated":true}]}}