{"id":19901,"date":"2025-10-30T16:14:47","date_gmt":"2025-10-30T15:14:47","guid":{"rendered":"https:\/\/oraziopuglisi.art\/?page_id=19901"},"modified":"2025-10-30T22:33:51","modified_gmt":"2025-10-30T21:33:51","slug":"parc-cimetiere-greyfriars","status":"publish","type":"page","link":"https:\/\/oraziopuglisi.art\/index.php\/parc-cimetiere-greyfriars\/","title":{"rendered":"Parc Cimeti\u00e8re Greyfriars"},"content":{"rendered":"<p style=\"text-align: center;\"><a href=\"https:\/\/greyfriarskirk.com\/visit\/kirkyard\/\">Site<\/a><\/p>\n<p style=\"text-align: justify;\"><b>Greyfriars Kirkyard<\/b>\u00a0est le\u00a0<a title=\"Cimeti\u00e8re\" href=\"https:\/\/fr.wikipedia.org\/wiki\/Cimeti%C3%A8re\">cimeti\u00e8re<\/a>\u00a0qui entoure l&rsquo;\u00e9glise Greyfriars Kirk \u00e0\u00a0<a title=\"\u00c9dimbourg\" href=\"https:\/\/fr.wikipedia.org\/wiki\/%C3%89dimbourg\">\u00c9dimbourg<\/a>, en\u00a0<a title=\"\u00c9cosse\" href=\"https:\/\/fr.wikipedia.org\/wiki\/%C3%89cosse\">\u00c9cosse<\/a>. Il est situ\u00e9 \u00e0 l&rsquo;extr\u00e9mit\u00e9 sud de la vieille ville (<a title=\"Old Town (\u00c9dimbourg)\" href=\"https:\/\/fr.wikipedia.org\/wiki\/Old_Town_(%C3%89dimbourg)\">Old Town<\/a>), \u00e0 c\u00f4t\u00e9 de l&rsquo;<a title=\"George Heriot's School\" href=\"https:\/\/fr.wikipedia.org\/wiki\/George_Heriot%27s_School\">\u00e9cole George Heriot<\/a>. Des enterrements ont lieu depuis la fin du\u00a0<a title=\"XVIe si\u00e8cle\" href=\"https:\/\/fr.wikipedia.org\/wiki\/XVIe_si%C3%A8cle\"><abbr class=\"abbr\" title=\"16\u1d49 si\u00e8cle\"><span class=\"romain\">XVI<\/span><sup>e<\/sup><\/abbr>\u00a0si\u00e8cle<\/a>, et un certain nombre d&rsquo;habitants notables d&rsquo;\u00c9dimbourg sont enterr\u00e9s \u00e0 Greyfriars. Le Kirkyard est g\u00e9r\u00e9 par le\u00a0<i>City of Edinburgh Council<\/i>\u00a0en liaison avec un trust caritatif, qui est li\u00e9 \u00e0 l&rsquo;\u00e9glise mais distinct de celle-ci. Le Kirkyard et ses monuments sont prot\u00e9g\u00e9s en tant que\u00a0<a title=\"Monument class\u00e9 (Royaume-Uni)\" href=\"https:\/\/fr.wikipedia.org\/wiki\/Monument_class%C3%A9_(Royaume-Uni)\">monument class\u00e9<\/a>\u00a0de cat\u00e9gorie A<sup id=\"cite_ref-1\" class=\"reference\"><a href=\"https:\/\/fr.wikipedia.org\/wiki\/Greyfriars_Kirkyard#cite_note-1\"><span class=\"cite-bracket\">[<\/span>1<span class=\"cite-bracket\">]<\/span><\/a><\/sup>.<\/p>\n<div class=\"mw-heading mw-heading2\">\n<h2 id=\"Liste_des_r\u00e9f\u00e9rences\"><span id=\"Liste_des_r.C3.A9f.C3.A9rences\"><\/span>Liste des r\u00e9f\u00e9rences<\/h2>\n<\/div>\n<div class=\"mw-references-wrap\">\n<ol class=\"references\">\n<li id=\"cite_note-1\" style=\"text-align: justify;\"><span class=\"reference-text\"><span class=\"ouvrage\">\u00ab\u00a0<a class=\"external text\" href=\"https:\/\/portal.historicenvironment.scot\/designation\/LB27029\" rel=\"nofollow\"><cite>GREYFRIARS PLACE, GREYFRIARS CHURCHYARD, INCLUDING MONUMENTS, LODGE GATEPIERS, RAILINGS AND WALLS (LB27029)<\/cite><\/a><small class=\"cachelinks\">\u00a0[<a title=\"archive sur Wikiwix\" href=\"https:\/\/archive.wikiwix.com\/cache\/?url=https%3A%2F%2Fportal.historicenvironment.scot%2Fdesignation%2FLB27029\">archive<\/a>]<\/small>\u00a0\u00bb, sur\u00a0<span class=\"italique\">portal.historicenvironment.scot<\/span>\u00a0<small>(consult\u00e9 le\u00a0<time class=\"nowrap\" datetime=\"2024-02-29\" data-sort-value=\"2024-02-29\">29 f\u00e9vrier 2024<\/time>)<\/small><\/span><\/span><\/li>\n<\/ol>\n<\/div>\n<p>&nbsp;<\/p>\n<p style=\"text-align: justify;\">Le cimeti\u00e8re de Greyfriars Kirkyard, situ\u00e9 au c\u0153ur d\u2019\u00c9dimbourg, est reconnu comme l\u2019un des lieux les plus hant\u00e9s du monde. Charg\u00e9 d\u2019histoire, ce petit cimeti\u00e8re gothique attire chaque ann\u00e9e des milliers de visiteurs, curieux de d\u00e9couvrir ses secrets, son ambiance myst\u00e9rieuse et ses r\u00e9cits terrifiants. Voici un voyage \u00e0 travers ses l\u00e9gendes et les \u00e9v\u00e9nements paranormaux qui ont fait sa renomm\u00e9e.<\/p>\n<figure class=\"wp-block-gallery has-nested-images columns-default is-cropped wp-block-gallery-3 is-layout-flex wp-block-gallery-is-layout-flex\">\n<figure class=\"wp-block-image size-large\"><img loading=\"lazy\" decoding=\"async\" class=\"wp-image-6125\" src=\"https:\/\/www.thepadventure.fr\/wp-content\/uploads\/2024\/11\/DSC04232-1-683x1024.jpg?v=1731662563\" sizes=\"auto, (max-width: 683px) 100vw, 683px\" srcset=\"https:\/\/www.thepadventure.fr\/wp-content\/uploads\/2024\/11\/DSC04232-1-683x1024.jpg 683w, https:\/\/www.thepadventure.fr\/wp-content\/uploads\/2024\/11\/DSC04232-1-600x900.jpg 600w, https:\/\/www.thepadventure.fr\/wp-content\/uploads\/2024\/11\/DSC04232-1-200x300.jpg 200w, https:\/\/www.thepadventure.fr\/wp-content\/uploads\/2024\/11\/DSC04232-1-768x1152.jpg 768w, https:\/\/www.thepadventure.fr\/wp-content\/uploads\/2024\/11\/DSC04232-1-1024x1536.jpg 1024w, https:\/\/www.thepadventure.fr\/wp-content\/uploads\/2024\/11\/DSC04232-1-1140x1710.jpg 1140w, https:\/\/www.thepadventure.fr\/wp-content\/uploads\/2024\/11\/DSC04232-1.jpg 1365w\" alt=\"\" width=\"683\" height=\"1024\" data-id=\"6125\" \/><\/figure>\n<figure class=\"wp-block-image size-large\"><img loading=\"lazy\" decoding=\"async\" class=\"wp-image-6126\" src=\"https:\/\/www.thepadventure.fr\/wp-content\/uploads\/2024\/11\/DSC04233-1-683x1024.jpg?v=1731662563\" sizes=\"auto, (max-width: 683px) 100vw, 683px\" srcset=\"https:\/\/www.thepadventure.fr\/wp-content\/uploads\/2024\/11\/DSC04233-1-683x1024.jpg 683w, https:\/\/www.thepadventure.fr\/wp-content\/uploads\/2024\/11\/DSC04233-1-600x900.jpg 600w, https:\/\/www.thepadventure.fr\/wp-content\/uploads\/2024\/11\/DSC04233-1-200x300.jpg 200w, https:\/\/www.thepadventure.fr\/wp-content\/uploads\/2024\/11\/DSC04233-1-768x1152.jpg 768w, https:\/\/www.thepadventure.fr\/wp-content\/uploads\/2024\/11\/DSC04233-1-1024x1536.jpg 1024w, https:\/\/www.thepadventure.fr\/wp-content\/uploads\/2024\/11\/DSC04233-1-1140x1710.jpg 1140w, https:\/\/www.thepadventure.fr\/wp-content\/uploads\/2024\/11\/DSC04233-1.jpg 1365w\" alt=\"\" width=\"683\" height=\"1024\" data-id=\"6126\" \/><\/figure>\n<\/figure>\n<h2 class=\"wp-block-heading\">Une Histoire Tragique et Sanglante<\/h2>\n<p style=\"text-align: justify;\">Le cimeti\u00e8re de Greyfriars, nomm\u00e9 ainsi en hommage \u00e0 un monast\u00e8re franciscain du XVIe si\u00e8cle, est un t\u00e9moin silencieux de nombreux \u00e9pisodes sombres de l\u2019histoire \u00e9cossaise. Parmi ces \u00e9v\u00e9nements, la\u00a0<strong>prison des Covenantaires<\/strong>, une section fortifi\u00e9e du cimeti\u00e8re, a \u00e9t\u00e9 le th\u00e9\u00e2tre de conditions de d\u00e9tention inhumaines. Plus de 400 presbyt\u00e9riens \u00e9cossais, oppos\u00e9s au roi Charles II, y furent enferm\u00e9s en 1679. Ces prisonniers, affam\u00e9s et expos\u00e9s aux rigueurs de l\u2019hiver, furent en grande partie condamn\u00e9s \u00e0 une mort lente.<\/p>\n<p style=\"text-align: justify;\">Parmi les figures les plus inf\u00e2mes associ\u00e9es \u00e0 ce lieu,\u00a0<strong>Sir George Mackenzie<\/strong>, surnomm\u00e9 \u00ab\u00a0Bloody Mackenzie\u00a0\u00bb (Mackenzie le Sanglant), se distingue. Responsable des pers\u00e9cutions des Covenantaires, il r\u00e9side toujours \u2014 ou plut\u00f4t son esprit mal\u00e9fique \u2014 dans un mausol\u00e9e aujourd\u2019hui connu sous le nom de \u00ab\u00a0Mausol\u00e9e Noir\u00a0\u00bb.<\/p>\n<h2 class=\"wp-block-heading\">Le R\u00e9veil du Poltergeist de Mackenzie<\/h2>\n<p style=\"text-align: justify;\">En 1998, un vagabond, par une nuit glaciale, chercha refuge dans les all\u00e9es sombres et silencieuses du cimeti\u00e8re de Greyfriars. En tr\u00e9buchant sur les marches d\u2019un mausol\u00e9e, il s\u2019introduit dans un lieu o\u00f9 peu osent poser les pieds : le Mausol\u00e9e Noir, dernier repos de George Mackenzie, le tristement c\u00e9l\u00e8bre \u00ab\u00a0Mackenzie le Sanglant\u00a0\u00bb. Alors qu\u2019il explorait les lieux, il brisa par m\u00e9garde le sceau du tombeau et, sans le savoir, lib\u00e9ra quelque chose\u2026<\/p>\n<p style=\"text-align: justify;\">Depuis cette nuit fatidique, des r\u00e9cits gla\u00e7ants \u00e9mergent. Des visiteurs rapportent des\u00a0<strong>griffures soudaines<\/strong>, comme si des ongles invisibles les avaient lac\u00e9r\u00e9s. D\u2019autres sentent des\u00a0<strong>morsures glaciales<\/strong>\u00a0sur leur peau ou d\u00e9couvrent des contusions apparaissant sans raison. Ces marques, profondes et inexplicables, semblent \u00eatre les signatures du poltergeist.<\/p>\n<p style=\"text-align: justify;\">Les bruits ne sont pas en reste : des coups sourds r\u00e9sonnent dans les murs, des\u00a0<strong>rires \u00e9tranges<\/strong>\u00a0s\u2019\u00e9l\u00e8vent du n\u00e9ant, et des g\u00e9missements, presque humains, glacent le sang des plus courageux.<\/p>\n<p style=\"text-align: justify;\">Et puis il y a cette sensation\u2026 Un froid mordant qui s\u2019infiltre jusque dans les os, des \u00e9vanouissements soudains, et une naus\u00e9e oppressante qui pousse les \u00e2mes les plus t\u00e9m\u00e9raires \u00e0 fuir. C\u2019est comme si le Mausol\u00e9e Noir respirait encore, exhalant sa haine et son d\u00e9sespoir.<\/p>\n<p style=\"text-align: justify;\">Les t\u00e9moignages se sont multipli\u00e9s au point que le conseil municipal d\u2019\u00c9dimbourg a pris une d\u00e9cision rare : sceller l\u2019entr\u00e9e du mausol\u00e9e, dans une tentative d\u00e9sesp\u00e9r\u00e9e d\u2019apaiser l\u2019esprit de Mackenzie. Mais est-il vraiment possible de contenir une telle force ?<\/p>\n<figure class=\"wp-block-image size-large\"><img loading=\"lazy\" decoding=\"async\" class=\"wp-image-6127\" src=\"https:\/\/www.thepadventure.fr\/wp-content\/uploads\/2024\/11\/DSC04192-1024x683.jpg\" sizes=\"auto, (max-width: 1024px) 100vw, 1024px\" srcset=\"https:\/\/www.thepadventure.fr\/wp-content\/uploads\/2024\/11\/DSC04192-1024x683.jpg 1024w, https:\/\/www.thepadventure.fr\/wp-content\/uploads\/2024\/11\/DSC04192-600x400.jpg 600w, https:\/\/www.thepadventure.fr\/wp-content\/uploads\/2024\/11\/DSC04192-300x200.jpg 300w, https:\/\/www.thepadventure.fr\/wp-content\/uploads\/2024\/11\/DSC04192-768x512.jpg 768w, https:\/\/www.thepadventure.fr\/wp-content\/uploads\/2024\/11\/DSC04192-1536x1024.jpg 1536w, https:\/\/www.thepadventure.fr\/wp-content\/uploads\/2024\/11\/DSC04192-1140x760.jpg 1140w, https:\/\/www.thepadventure.fr\/wp-content\/uploads\/2024\/11\/DSC04192-1920x1280.jpg 1920w, https:\/\/www.thepadventure.fr\/wp-content\/uploads\/2024\/11\/DSC04192.jpg 2048w\" alt=\"\" width=\"1024\" height=\"683\" \/><\/figure>\n<h2 class=\"wp-block-heading\">Les Enfants Fant\u00f4mes et Apparitions \u00c9th\u00e9r\u00e9es<\/h2>\n<p style=\"text-align: justify;\">Au-del\u00e0 du poltergeist de Mackenzie, des visiteurs ont rapport\u00e9 avoir vu des silhouettes p\u00e2les d\u2019enfants se glissant silencieusement entre les tombes. Ces enfants fantomatiques seraient les \u00e2mes de jeunes victimes des \u00e9pid\u00e9mies du XVIIe si\u00e8cle. Leur pr\u00e9sence est souvent ressentie comme m\u00e9lancolique mais non mena\u00e7ante.<\/p>\n<p style=\"text-align: justify;\">Des oiseaux \u00e9th\u00e9r\u00e9s, semblant faits de brume, ont \u00e9galement \u00e9t\u00e9 observ\u00e9s dans le cimeti\u00e8re au cr\u00e9puscule. Ces visions fugaces alimentent les r\u00e9cits sur les liens mystiques entre la vie et la mort dans ce lieu charg\u00e9 d\u2019histoire.<\/p>\n<figure class=\"wp-block-gallery has-nested-images columns-default is-cropped wp-block-gallery-4 is-layout-flex wp-block-gallery-is-layout-flex\">\n<figure class=\"wp-block-image size-large\"><img loading=\"lazy\" decoding=\"async\" class=\"wp-image-6129\" src=\"https:\/\/www.thepadventure.fr\/wp-content\/uploads\/2024\/11\/DSC04197-683x1024.jpg?v=1731662588\" sizes=\"auto, (max-width: 683px) 100vw, 683px\" srcset=\"https:\/\/www.thepadventure.fr\/wp-content\/uploads\/2024\/11\/DSC04197-683x1024.jpg 683w, https:\/\/www.thepadventure.fr\/wp-content\/uploads\/2024\/11\/DSC04197-600x900.jpg 600w, https:\/\/www.thepadventure.fr\/wp-content\/uploads\/2024\/11\/DSC04197-200x300.jpg 200w, https:\/\/www.thepadventure.fr\/wp-content\/uploads\/2024\/11\/DSC04197-768x1152.jpg 768w, https:\/\/www.thepadventure.fr\/wp-content\/uploads\/2024\/11\/DSC04197-1024x1536.jpg 1024w, https:\/\/www.thepadventure.fr\/wp-content\/uploads\/2024\/11\/DSC04197-1140x1710.jpg 1140w, https:\/\/www.thepadventure.fr\/wp-content\/uploads\/2024\/11\/DSC04197.jpg 1365w\" alt=\"\" width=\"683\" height=\"1024\" data-id=\"6129\" \/><\/figure>\n<figure class=\"wp-block-image size-large\"><img loading=\"lazy\" decoding=\"async\" class=\"wp-image-6128\" src=\"https:\/\/www.thepadventure.fr\/wp-content\/uploads\/2024\/11\/DSC04195-683x1024.jpg?v=1731662588\" sizes=\"auto, (max-width: 683px) 100vw, 683px\" srcset=\"https:\/\/www.thepadventure.fr\/wp-content\/uploads\/2024\/11\/DSC04195-683x1024.jpg 683w, https:\/\/www.thepadventure.fr\/wp-content\/uploads\/2024\/11\/DSC04195-600x900.jpg 600w, https:\/\/www.thepadventure.fr\/wp-content\/uploads\/2024\/11\/DSC04195-200x300.jpg 200w, https:\/\/www.thepadventure.fr\/wp-content\/uploads\/2024\/11\/DSC04195-768x1152.jpg 768w, https:\/\/www.thepadventure.fr\/wp-content\/uploads\/2024\/11\/DSC04195-1024x1536.jpg 1024w, https:\/\/www.thepadventure.fr\/wp-content\/uploads\/2024\/11\/DSC04195-1140x1710.jpg 1140w, https:\/\/www.thepadventure.fr\/wp-content\/uploads\/2024\/11\/DSC04195.jpg 1365w\" alt=\"\" width=\"683\" height=\"1024\" data-id=\"6128\" \/><\/figure>\n<\/figure>\n<h2 class=\"wp-block-heading\">Le Mausol\u00e9e Oubli\u00e9 et la Fosse Commune<\/h2>\n<p style=\"text-align: justify;\">L\u2019histoire terrifiante d\u2019un vagabond ayant d\u00e9couvert une fosse commune lors de sa fuite dans un mausol\u00e9e est une autre l\u00e9gende marquante de Greyfriars. Une nuit sombre et orageuse, ce vagabond, cherchant un abri contre la pluie battante, trouva refuge dans un ancien mausol\u00e9e. Pouss\u00e9 par la curiosit\u00e9 ou la folie, il for\u00e7a une grille rouill\u00e9e au sol et s\u2019aventura dans les entrailles obscures du tombeau.<\/p>\n<p style=\"text-align: justify;\">Sous ses pieds, le bois c\u00e9da brutalement, et il tomba dans une cavit\u00e9 oubli\u00e9e. Ce n\u2019\u00e9tait pas une simple cave, mais une fosse commune remplie d\u2019ossements entass\u00e9s, vestiges des victimes de la peste qui avait ravag\u00e9 \u00c9dimbourg des si\u00e8cles auparavant. Les cr\u00e2nes, les os bris\u00e9s et les lambeaux de v\u00eatements pourrissaient dans une obscurit\u00e9 oppressante. Alors qu\u2019il tentait de se d\u00e9gager, une odeur pestilentielle envahit ses narines, et il sentit une pr\u00e9sence glaciale l\u2019entourer.<\/p>\n<p style=\"text-align: justify;\">Hurlant de terreur, il parvint \u00e0 remonter \u00e0 la surface, mais il n\u2019\u00e9tait plus le m\u00eame. Des t\u00e9moins rapport\u00e8rent qu\u2019il courut \u00e0 travers le cimeti\u00e8re, le visage marqu\u00e9 de griffures et les yeux \u00e9carquill\u00e9s d\u2019effroi, avant de dispara\u00eetre dans la nuit. Depuis cet incident, des ph\u00e9nom\u00e8nes \u00e9tranges se sont multipli\u00e9s autour du mausol\u00e9e : des bruits de pas r\u00e9sonnant dans le vide, des soupirs fantomatiques, et des ombres mouvantes aper\u00e7ues par les visiteurs les plus courageux. Certains pensent que ce vagabond a r\u00e9veill\u00e9 une \u00ab\u00a0\u00e9nergie malveillante\u00a0\u00bb endormie depuis des si\u00e8cles, intensifiant les agressions paranormales d\u00e9j\u00e0 pr\u00e9sentes dans le cimeti\u00e8re.<\/p>\n<h2 class=\"wp-block-heading\">Une Attraction Touristique Paranormale<\/h2>\n<p style=\"text-align: justify;\">Aujourd\u2019hui, des visites guid\u00e9es nocturnes sont organis\u00e9es pour explorer les myst\u00e8res du cimeti\u00e8re. Le \u00ab\u00a0Mackenzie Poltergeist\u00a0\u00bb reste l\u2019un des ph\u00e9nom\u00e8nes paranormaux les plus document\u00e9s au monde. Entre anecdotes gla\u00e7antes et l\u00e9gendes locales, ces excursions plongent les participants dans une ambiance unique, o\u00f9 l\u2019histoire rencontre le surnaturel.<\/p>\n<p style=\"text-align: justify;\">Certaines de ces visites incluent \u00e9galement des r\u00e9cits d\u2019attaques myst\u00e9rieuses document\u00e9es. Les guides rapportent des t\u00e9moignages de visiteurs qui auraient ressenti des griffures ou des br\u00fblures soudaines. D\u2019autres ont rapport\u00e9 des anomalies dans leurs photos, telles que des orbes lumineuses ou des ombres inexpliqu\u00e9es.<\/p>\n<h2 class=\"wp-block-heading\" style=\"text-align: justify;\">Le Cimeti\u00e8re au-Del\u00e0 des Fant\u00f4mes<\/h2>\n<p style=\"text-align: justify;\">En dehors des histoires de hantises, Greyfriars Kirkyard regorge de beaut\u00e9 et de culture :<\/p>\n<ul class=\"wp-block-list\">\n<li style=\"text-align: justify;\"><strong>Greyfriars Bobby<\/strong>\u00a0: L\u2019histoire de ce chien fid\u00e8le, rest\u00e9 14 ans sur la tombe de son ma\u00eetre, est l\u2019une des plus \u00e9mouvantes d\u2019\u00c9dimbourg.<\/li>\n<li style=\"text-align: justify;\"><strong>Architecture gothique<\/strong>\u00a0: Les mausol\u00e9es et pierres tombales orn\u00e9s racontent l\u2019histoire de la ville.<\/li>\n<li style=\"text-align: justify;\"><strong>Lieux inspirants<\/strong>\u00a0: Ce cimeti\u00e8re aurait \u00e9galement inspir\u00e9 J.K. Rowling pour certains noms de personnages dans la saga\u00a0<em>Harry Potter<\/em>.<\/li>\n<\/ul>\n<p>&nbsp;<\/p>\n<p>&nbsp;<\/p>\n<p>&nbsp;<\/p>\n<p>&nbsp;<\/p>\n<h1 class=\"has-text-align-center has-link-color wp-elements-9f214eeeac9ff83f1d681e5b723f24d5 wp-block-post-title has-text-color has-base-color has-x-large-font-size\">\u00a0<\/h1>\n<p>&nbsp;<\/p>\n<p><iframe loading=\"lazy\" title=\"WhatsApp Vid\u00e9o 2025 10 27 \u00e0 11 56 53 580621b5\" width=\"600\" height=\"450\" src=\"https:\/\/www.youtube.com\/embed\/73s4K_RbQlk?feature=oembed\" frameborder=\"0\" allow=\"accelerometer; autoplay; clipboard-write; encrypted-media; gyroscope; picture-in-picture; web-share\" referrerpolicy=\"strict-origin-when-cross-origin\" allowfullscreen><\/iframe><\/p>\n<p>&nbsp;<\/p>\n<h1 class=\"has-text-align-center has-link-color wp-elements-9f214eeeac9ff83f1d681e5b723f24d5 wp-block-post-title has-text-color has-base-color has-x-large-font-size\">\u00a0<\/h1>\n<p>&nbsp;<\/p>\n<p><iframe loading=\"lazy\" title=\"WhatsApp Vid\u00e9o 2025 10 27 \u00e0 12 00 33 ccc88b47\" width=\"600\" height=\"338\" src=\"https:\/\/www.youtube.com\/embed\/HyObUe2UkN8?feature=oembed\" frameborder=\"0\" allow=\"accelerometer; autoplay; clipboard-write; encrypted-media; gyroscope; picture-in-picture; web-share\" referrerpolicy=\"strict-origin-when-cross-origin\" allowfullscreen><\/iframe><\/p>\n<p>&nbsp;<\/p>\n<p>&nbsp;<\/p>\n<p><img loading=\"lazy\" decoding=\"async\" class=\"alignnone size-full wp-image-20031\" src=\"http:\/\/oraziopuglisi.art\/wp-content\/uploads\/2025\/10\/WhatsApp-Image-2025-10-27-a-11.58.40_705ef728-1.jpg\" alt=\"\" width=\"1152\" height=\"2048\" srcset=\"https:\/\/oraziopuglisi.art\/wp-content\/uploads\/2025\/10\/WhatsApp-Image-2025-10-27-a-11.58.40_705ef728-1.jpg 1152w, https:\/\/oraziopuglisi.art\/wp-content\/uploads\/2025\/10\/WhatsApp-Image-2025-10-27-a-11.58.40_705ef728-1-169x300.jpg 169w, https:\/\/oraziopuglisi.art\/wp-content\/uploads\/2025\/10\/WhatsApp-Image-2025-10-27-a-11.58.40_705ef728-1-576x1024.jpg 576w, https:\/\/oraziopuglisi.art\/wp-content\/uploads\/2025\/10\/WhatsApp-Image-2025-10-27-a-11.58.40_705ef728-1-768x1365.jpg 768w, https:\/\/oraziopuglisi.art\/wp-content\/uploads\/2025\/10\/WhatsApp-Image-2025-10-27-a-11.58.40_705ef728-1-864x1536.jpg 864w, https:\/\/oraziopuglisi.art\/wp-content\/uploads\/2025\/10\/WhatsApp-Image-2025-10-27-a-11.58.40_705ef728-1-508x903.jpg 508w\" sizes=\"auto, (max-width: 1152px) 100vw, 1152px\" \/><\/p>\n","protected":false},"excerpt":{"rendered":"<p>Site Greyfriars Kirkyard\u00a0est le\u00a0cimeti\u00e8re\u00a0qui entoure l&rsquo;\u00e9glise Greyfriars Kirk \u00e0\u00a0\u00c9dimbourg, en\u00a0\u00c9cosse. Il est situ\u00e9 \u00e0 l&rsquo;extr\u00e9mit\u00e9 sud de la vieille ville (Old Town), \u00e0 c\u00f4t\u00e9 de l&rsquo;\u00e9cole George Heriot. Des enterrements ont lieu depuis la fin du\u00a0XVIe\u00a0si\u00e8cle, et un certain nombre d&rsquo;habitants notables d&rsquo;\u00c9dimbourg sont enterr\u00e9s \u00e0 Greyfriars. Le Kirkyard est g\u00e9r\u00e9 par le\u00a0City of Edinburgh [&hellip;]<\/p>\n","protected":false},"author":1,"featured_media":20031,"parent":0,"menu_order":0,"comment_status":"closed","ping_status":"closed","template":"","meta":{"footnotes":""},"class_list":["post-19901","page","type-page","status-publish","has-post-thumbnail","hentry"],"_links":{"self":[{"href":"https:\/\/oraziopuglisi.art\/index.php\/wp-json\/wp\/v2\/pages\/19901","targetHints":{"allow":["GET"]}}],"collection":[{"href":"https:\/\/oraziopuglisi.art\/index.php\/wp-json\/wp\/v2\/pages"}],"about":[{"href":"https:\/\/oraziopuglisi.art\/index.php\/wp-json\/wp\/v2\/types\/page"}],"author":[{"embeddable":true,"href":"https:\/\/oraziopuglisi.art\/index.php\/wp-json\/wp\/v2\/users\/1"}],"replies":[{"embeddable":true,"href":"https:\/\/oraziopuglisi.art\/index.php\/wp-json\/wp\/v2\/comments?post=19901"}],"version-history":[{"count":14,"href":"https:\/\/oraziopuglisi.art\/index.php\/wp-json\/wp\/v2\/pages\/19901\/revisions"}],"predecessor-version":[{"id":20055,"href":"https:\/\/oraziopuglisi.art\/index.php\/wp-json\/wp\/v2\/pages\/19901\/revisions\/20055"}],"wp:featuredmedia":[{"embeddable":true,"href":"https:\/\/oraziopuglisi.art\/index.php\/wp-json\/wp\/v2\/media\/20031"}],"wp:attachment":[{"href":"https:\/\/oraziopuglisi.art\/index.php\/wp-json\/wp\/v2\/media?parent=19901"}],"curies":[{"name":"wp","href":"https:\/\/api.w.org\/{rel}","templated":true}]}}