{"id":19888,"date":"2025-10-30T15:54:21","date_gmt":"2025-10-30T14:54:21","guid":{"rendered":"https:\/\/oraziopuglisi.art\/?page_id=19888"},"modified":"2025-10-30T21:33:42","modified_gmt":"2025-10-30T20:33:42","slug":"arrivee-en-centre-ville","status":"publish","type":"page","link":"https:\/\/oraziopuglisi.art\/index.php\/arrivee-en-centre-ville\/","title":{"rendered":"Arriv\u00e9e en centre Ville"},"content":{"rendered":"<p style=\"text-align: center;\">Avec Ves (Veselina) tr\u00e8s sympa mais qui m\u00e8ne bien \u00e7\u00e0 petite boutique !<\/p>\n<p style=\"text-align: justify;\">Elle aime bien les bons tarifs et nous disait \u00e0 tort qu&rsquo;il \u00e9tait compliqu\u00e9 de trouver un taxi dans le sens h\u00f4tel centre d&rsquo;Edimbourg.<\/p>\n<p style=\"text-align: center;\">Si vous voulez l&rsquo;essayer.<\/p>\n<p style=\"text-align: center;\">+44 7306 875333<\/p>\n<p>&nbsp;<\/p>\n<p>Sinon pour le dernier taxi pour le d\u00e9part nous avons en remplacement de Ves<\/p>\n<p style=\"text-align: center;\"><strong>Maurizio Scarfi <\/strong><\/p>\n<p style=\"text-align: center;\">+ 44 7510 845 106<\/p>\n<p style=\"text-align: center;\">ou<\/p>\n<p style=\"text-align: center;\"><strong>Rosa Damiano <\/strong><\/p>\n<p style=\"text-align: center;\">+ 44 7453 065130<\/p>\n<p><img loading=\"lazy\" decoding=\"async\" class=\"alignnone size-full wp-image-19894\" src=\"http:\/\/oraziopuglisi.art\/wp-content\/uploads\/2025\/10\/Capture-decran-2025-10-30-160005.png\" alt=\"\" width=\"582\" height=\"887\" \/><\/p>\n<p>&nbsp;<\/p>\n<p><iframe loading=\"lazy\" title=\"WhatsApp Vid\u00e9o 2025 10 27 \u00e0 11 32 04 d2c9d3d4\" width=\"506\" height=\"900\" src=\"https:\/\/www.youtube.com\/embed\/x89wT2EOUMw?feature=oembed\" frameborder=\"0\" allow=\"accelerometer; autoplay; clipboard-write; encrypted-media; gyroscope; picture-in-picture; web-share\" referrerpolicy=\"strict-origin-when-cross-origin\" allowfullscreen><\/iframe><\/p>\n<p>&nbsp;<\/p>\n<p>&nbsp;<\/p>\n","protected":false},"excerpt":{"rendered":"<p>Avec Ves (Veselina) tr\u00e8s sympa mais qui m\u00e8ne bien \u00e7\u00e0 petite boutique ! Elle aime bien les bons tarifs et nous disait \u00e0 tort qu&rsquo;il \u00e9tait compliqu\u00e9 de trouver un taxi dans le sens h\u00f4tel centre d&rsquo;Edimbourg. Si vous voulez l&rsquo;essayer. +44 7306 875333 &nbsp; Sinon pour le dernier taxi pour le d\u00e9part nous avons [&hellip;]<\/p>\n","protected":false},"author":1,"featured_media":20026,"parent":0,"menu_order":0,"comment_status":"closed","ping_status":"closed","template":"","meta":{"footnotes":""},"class_list":["post-19888","page","type-page","status-publish","has-post-thumbnail","hentry"],"_links":{"self":[{"href":"https:\/\/oraziopuglisi.art\/index.php\/wp-json\/wp\/v2\/pages\/19888","targetHints":{"allow":["GET"]}}],"collection":[{"href":"https:\/\/oraziopuglisi.art\/index.php\/wp-json\/wp\/v2\/pages"}],"about":[{"href":"https:\/\/oraziopuglisi.art\/index.php\/wp-json\/wp\/v2\/types\/page"}],"author":[{"embeddable":true,"href":"https:\/\/oraziopuglisi.art\/index.php\/wp-json\/wp\/v2\/users\/1"}],"replies":[{"embeddable":true,"href":"https:\/\/oraziopuglisi.art\/index.php\/wp-json\/wp\/v2\/comments?post=19888"}],"version-history":[{"count":10,"href":"https:\/\/oraziopuglisi.art\/index.php\/wp-json\/wp\/v2\/pages\/19888\/revisions"}],"predecessor-version":[{"id":19900,"href":"https:\/\/oraziopuglisi.art\/index.php\/wp-json\/wp\/v2\/pages\/19888\/revisions\/19900"}],"wp:featuredmedia":[{"embeddable":true,"href":"https:\/\/oraziopuglisi.art\/index.php\/wp-json\/wp\/v2\/media\/20026"}],"wp:attachment":[{"href":"https:\/\/oraziopuglisi.art\/index.php\/wp-json\/wp\/v2\/media?parent=19888"}],"curies":[{"name":"wp","href":"https:\/\/api.w.org\/{rel}","templated":true}]}}