{"id":19857,"date":"2025-10-30T15:21:18","date_gmt":"2025-10-30T14:21:18","guid":{"rendered":"https:\/\/oraziopuglisi.art\/?page_id=19857"},"modified":"2025-10-30T22:22:09","modified_gmt":"2025-10-30T21:22:09","slug":"hotel-du-vin-et-bistrot","status":"publish","type":"page","link":"https:\/\/oraziopuglisi.art\/index.php\/hotel-du-vin-et-bistrot\/","title":{"rendered":"H\u00f4tel du Vin et Bistro"},"content":{"rendered":"<div style=\"text-align: center;\"><a href=\"https:\/\/www.hotelduvin.com\/locations\/edinburgh\/?utm_source=google&amp;utm_medium=organic&amp;utm_campaign=edinburgh-gmb\"><strong>H\u00f4tel du Vin et Bistro<\/strong><\/a><\/div>\n<div class=\"b99b6ef58f cb4b7a25d9 b06461926f\" style=\"text-align: center;\">11 Bristo Place, Old Town (Vieille Ville)<\/div>\n<div class=\"b99b6ef58f cb4b7a25d9 b06461926f\" style=\"text-align: center;\">\u00c9dimbourg, EH1 1EZ<\/div>\n<div class=\"b99b6ef58f cb4b7a25d9 b06461926f\" style=\"text-align: center;\">Royaume-Uni<\/div>\n<div>\u00a0<\/div>\n<div>\u00a0<\/div>\n<div>\u00a0<\/div>\n<div>\u00a0<\/div>\n<p><iframe loading=\"lazy\" title=\"Hotel Du Vin Edinburgh\" width=\"600\" height=\"338\" src=\"https:\/\/www.youtube.com\/embed\/7YeD9N5hF4A?feature=oembed\" frameborder=\"0\" allow=\"accelerometer; autoplay; clipboard-write; encrypted-media; gyroscope; picture-in-picture; web-share\" referrerpolicy=\"strict-origin-when-cross-origin\" allowfullscreen><\/iframe><\/p>\n<div>\u00a0<\/div>\n<div>\u00a0<\/div>\n<div style=\"text-align: center;\">\u00a0<\/div>\n<div>\u00a0<\/div>\n<div style=\"text-align: center;\">En descendant du Taxi achat de c\u00e2ble t\u00e9l\u00e9phoniques et adaptateur chargeur de portable !\u00a0<\/div>\n<div style=\"text-align: center;\">\u00a0<\/div>\n<div style=\"text-align: center;\">Brigitte s&rsquo;attarde sur des armoires \u00e0 livres, pr\u00eat de livre !!<\/div>\n<div>\u00a0<\/div>\n<p><iframe loading=\"lazy\" title=\"WhatsApp Vid\u00e9o 2025 10 27 \u00e0 11 48 47 e2d7ae31\" width=\"506\" height=\"900\" src=\"https:\/\/www.youtube.com\/embed\/fls8qFcG9Cg?feature=oembed\" frameborder=\"0\" allow=\"accelerometer; autoplay; clipboard-write; encrypted-media; gyroscope; picture-in-picture; web-share\" referrerpolicy=\"strict-origin-when-cross-origin\" allowfullscreen><\/iframe><\/p>\n<div>\u00a0<\/div>\n<div>\u00a0<\/div>\n<div>\u00a0<\/div>\n<div style=\"text-align: center;\">\u00a0<\/div>\n<div style=\"text-align: center;\">Et on tombe sur cette belle entr\u00e9e de pierre H\u00f4tel du vin et bistro !<\/div>\n<div style=\"text-align: center;\">\u00a0<\/div>\n<div style=\"text-align: center;\">Tr\u00e8s clean et beau ! On se savait pas que c&rsquo;\u00e9tait un h\u00f4tel aussi.<\/div>\n<div style=\"text-align: center;\">\u00a0<\/div>\n<div>\u00a0<\/div>\n<div><img loading=\"lazy\" decoding=\"async\" class=\"alignnone size-full wp-image-20027\" src=\"http:\/\/oraziopuglisi.art\/wp-content\/uploads\/2025\/10\/WhatsApp-Image-2025-10-27-a-11.48.48_8433efa5-1.jpg\" alt=\"\" width=\"1152\" height=\"2048\" srcset=\"https:\/\/oraziopuglisi.art\/wp-content\/uploads\/2025\/10\/WhatsApp-Image-2025-10-27-a-11.48.48_8433efa5-1.jpg 1152w, https:\/\/oraziopuglisi.art\/wp-content\/uploads\/2025\/10\/WhatsApp-Image-2025-10-27-a-11.48.48_8433efa5-1-169x300.jpg 169w, https:\/\/oraziopuglisi.art\/wp-content\/uploads\/2025\/10\/WhatsApp-Image-2025-10-27-a-11.48.48_8433efa5-1-576x1024.jpg 576w, https:\/\/oraziopuglisi.art\/wp-content\/uploads\/2025\/10\/WhatsApp-Image-2025-10-27-a-11.48.48_8433efa5-1-768x1365.jpg 768w, https:\/\/oraziopuglisi.art\/wp-content\/uploads\/2025\/10\/WhatsApp-Image-2025-10-27-a-11.48.48_8433efa5-1-864x1536.jpg 864w, https:\/\/oraziopuglisi.art\/wp-content\/uploads\/2025\/10\/WhatsApp-Image-2025-10-27-a-11.48.48_8433efa5-1-508x903.jpg 508w\" sizes=\"auto, (max-width: 1152px) 100vw, 1152px\" \/> <img loading=\"lazy\" decoding=\"async\" class=\"alignnone size-full wp-image-20028\" src=\"http:\/\/oraziopuglisi.art\/wp-content\/uploads\/2025\/10\/WhatsApp-Image-2025-10-27-a-11.48.49_5d78eb80-1.jpg\" alt=\"\" width=\"1152\" height=\"2048\" srcset=\"https:\/\/oraziopuglisi.art\/wp-content\/uploads\/2025\/10\/WhatsApp-Image-2025-10-27-a-11.48.49_5d78eb80-1.jpg 1152w, https:\/\/oraziopuglisi.art\/wp-content\/uploads\/2025\/10\/WhatsApp-Image-2025-10-27-a-11.48.49_5d78eb80-1-169x300.jpg 169w, https:\/\/oraziopuglisi.art\/wp-content\/uploads\/2025\/10\/WhatsApp-Image-2025-10-27-a-11.48.49_5d78eb80-1-576x1024.jpg 576w, https:\/\/oraziopuglisi.art\/wp-content\/uploads\/2025\/10\/WhatsApp-Image-2025-10-27-a-11.48.49_5d78eb80-1-768x1365.jpg 768w, https:\/\/oraziopuglisi.art\/wp-content\/uploads\/2025\/10\/WhatsApp-Image-2025-10-27-a-11.48.49_5d78eb80-1-864x1536.jpg 864w, https:\/\/oraziopuglisi.art\/wp-content\/uploads\/2025\/10\/WhatsApp-Image-2025-10-27-a-11.48.49_5d78eb80-1-508x903.jpg 508w\" sizes=\"auto, (max-width: 1152px) 100vw, 1152px\" \/> <img loading=\"lazy\" decoding=\"async\" class=\"alignnone size-full wp-image-20029\" src=\"http:\/\/oraziopuglisi.art\/wp-content\/uploads\/2025\/10\/WhatsApp-Image-2025-10-27-a-11.49.02_7846b7b3-1.jpg\" alt=\"\" width=\"1152\" height=\"2048\" srcset=\"https:\/\/oraziopuglisi.art\/wp-content\/uploads\/2025\/10\/WhatsApp-Image-2025-10-27-a-11.49.02_7846b7b3-1.jpg 1152w, https:\/\/oraziopuglisi.art\/wp-content\/uploads\/2025\/10\/WhatsApp-Image-2025-10-27-a-11.49.02_7846b7b3-1-169x300.jpg 169w, https:\/\/oraziopuglisi.art\/wp-content\/uploads\/2025\/10\/WhatsApp-Image-2025-10-27-a-11.49.02_7846b7b3-1-576x1024.jpg 576w, https:\/\/oraziopuglisi.art\/wp-content\/uploads\/2025\/10\/WhatsApp-Image-2025-10-27-a-11.49.02_7846b7b3-1-768x1365.jpg 768w, https:\/\/oraziopuglisi.art\/wp-content\/uploads\/2025\/10\/WhatsApp-Image-2025-10-27-a-11.49.02_7846b7b3-1-864x1536.jpg 864w, https:\/\/oraziopuglisi.art\/wp-content\/uploads\/2025\/10\/WhatsApp-Image-2025-10-27-a-11.49.02_7846b7b3-1-508x903.jpg 508w\" sizes=\"auto, (max-width: 1152px) 100vw, 1152px\" \/><\/div>\n<div>\u00a0<\/div>\n<div>\u00a0<\/div>\n<div>\u00a0<\/div>\n<div>\u00a0<\/div>\n<div><img loading=\"lazy\" decoding=\"async\" class=\"alignnone size-full wp-image-19862\" src=\"http:\/\/oraziopuglisi.art\/wp-content\/uploads\/2025\/10\/26942155.jpg\" alt=\"\" width=\"1024\" height=\"681\" srcset=\"https:\/\/oraziopuglisi.art\/wp-content\/uploads\/2025\/10\/26942155.jpg 1024w, https:\/\/oraziopuglisi.art\/wp-content\/uploads\/2025\/10\/26942155-300x200.jpg 300w, https:\/\/oraziopuglisi.art\/wp-content\/uploads\/2025\/10\/26942155-768x511.jpg 768w, https:\/\/oraziopuglisi.art\/wp-content\/uploads\/2025\/10\/26942155-508x338.jpg 508w\" sizes=\"auto, (max-width: 1024px) 100vw, 1024px\" \/> <img loading=\"lazy\" decoding=\"async\" class=\"alignnone size-full wp-image-19864\" src=\"http:\/\/oraziopuglisi.art\/wp-content\/uploads\/2025\/10\/26942242.jpg\" alt=\"\" width=\"1024\" height=\"681\" srcset=\"https:\/\/oraziopuglisi.art\/wp-content\/uploads\/2025\/10\/26942242.jpg 1024w, https:\/\/oraziopuglisi.art\/wp-content\/uploads\/2025\/10\/26942242-300x200.jpg 300w, https:\/\/oraziopuglisi.art\/wp-content\/uploads\/2025\/10\/26942242-768x511.jpg 768w, https:\/\/oraziopuglisi.art\/wp-content\/uploads\/2025\/10\/26942242-508x338.jpg 508w\" sizes=\"auto, (max-width: 1024px) 100vw, 1024px\" \/> <img loading=\"lazy\" decoding=\"async\" class=\"alignnone size-full wp-image-19865\" src=\"http:\/\/oraziopuglisi.art\/wp-content\/uploads\/2025\/10\/89331534.jpg\" alt=\"\" width=\"1024\" height=\"681\" srcset=\"https:\/\/oraziopuglisi.art\/wp-content\/uploads\/2025\/10\/89331534.jpg 1024w, https:\/\/oraziopuglisi.art\/wp-content\/uploads\/2025\/10\/89331534-300x200.jpg 300w, https:\/\/oraziopuglisi.art\/wp-content\/uploads\/2025\/10\/89331534-768x511.jpg 768w, https:\/\/oraziopuglisi.art\/wp-content\/uploads\/2025\/10\/89331534-508x338.jpg 508w\" sizes=\"auto, (max-width: 1024px) 100vw, 1024px\" \/> <img loading=\"lazy\" decoding=\"async\" class=\"alignnone size-full wp-image-19867\" src=\"http:\/\/oraziopuglisi.art\/wp-content\/uploads\/2025\/10\/584092419.jpg\" alt=\"\" width=\"511\" height=\"768\" srcset=\"https:\/\/oraziopuglisi.art\/wp-content\/uploads\/2025\/10\/584092419.jpg 511w, https:\/\/oraziopuglisi.art\/wp-content\/uploads\/2025\/10\/584092419-200x300.jpg 200w, https:\/\/oraziopuglisi.art\/wp-content\/uploads\/2025\/10\/584092419-508x763.jpg 508w\" sizes=\"auto, (max-width: 511px) 100vw, 511px\" \/> <img loading=\"lazy\" decoding=\"async\" class=\"alignnone size-full wp-image-19868\" src=\"http:\/\/oraziopuglisi.art\/wp-content\/uploads\/2025\/10\/584092443.jpg\" alt=\"\" width=\"1024\" height=\"681\" srcset=\"https:\/\/oraziopuglisi.art\/wp-content\/uploads\/2025\/10\/584092443.jpg 1024w, https:\/\/oraziopuglisi.art\/wp-content\/uploads\/2025\/10\/584092443-300x200.jpg 300w, https:\/\/oraziopuglisi.art\/wp-content\/uploads\/2025\/10\/584092443-768x511.jpg 768w, https:\/\/oraziopuglisi.art\/wp-content\/uploads\/2025\/10\/584092443-508x338.jpg 508w\" sizes=\"auto, (max-width: 1024px) 100vw, 1024px\" \/> <img loading=\"lazy\" decoding=\"async\" class=\"alignnone size-full wp-image-19869\" src=\"http:\/\/oraziopuglisi.art\/wp-content\/uploads\/2025\/10\/584092471.jpg\" alt=\"\" width=\"1024\" height=\"681\" srcset=\"https:\/\/oraziopuglisi.art\/wp-content\/uploads\/2025\/10\/584092471.jpg 1024w, https:\/\/oraziopuglisi.art\/wp-content\/uploads\/2025\/10\/584092471-300x200.jpg 300w, https:\/\/oraziopuglisi.art\/wp-content\/uploads\/2025\/10\/584092471-768x511.jpg 768w, https:\/\/oraziopuglisi.art\/wp-content\/uploads\/2025\/10\/584092471-508x338.jpg 508w\" sizes=\"auto, (max-width: 1024px) 100vw, 1024px\" \/> <img loading=\"lazy\" decoding=\"async\" class=\"alignnone size-full wp-image-19871\" src=\"http:\/\/oraziopuglisi.art\/wp-content\/uploads\/2025\/10\/584092488.jpg\" alt=\"\" width=\"1024\" height=\"682\" srcset=\"https:\/\/oraziopuglisi.art\/wp-content\/uploads\/2025\/10\/584092488.jpg 1024w, https:\/\/oraziopuglisi.art\/wp-content\/uploads\/2025\/10\/584092488-300x200.jpg 300w, https:\/\/oraziopuglisi.art\/wp-content\/uploads\/2025\/10\/584092488-768x512.jpg 768w, https:\/\/oraziopuglisi.art\/wp-content\/uploads\/2025\/10\/584092488-508x338.jpg 508w\" sizes=\"auto, (max-width: 1024px) 100vw, 1024px\" \/> <img loading=\"lazy\" decoding=\"async\" class=\"alignnone size-full wp-image-19872\" src=\"http:\/\/oraziopuglisi.art\/wp-content\/uploads\/2025\/10\/584092537.jpg\" alt=\"\" width=\"1024\" height=\"681\" srcset=\"https:\/\/oraziopuglisi.art\/wp-content\/uploads\/2025\/10\/584092537.jpg 1024w, https:\/\/oraziopuglisi.art\/wp-content\/uploads\/2025\/10\/584092537-300x200.jpg 300w, https:\/\/oraziopuglisi.art\/wp-content\/uploads\/2025\/10\/584092537-768x511.jpg 768w, https:\/\/oraziopuglisi.art\/wp-content\/uploads\/2025\/10\/584092537-508x338.jpg 508w\" sizes=\"auto, (max-width: 1024px) 100vw, 1024px\" \/> <img loading=\"lazy\" decoding=\"async\" class=\"alignnone size-full wp-image-19873\" src=\"http:\/\/oraziopuglisi.art\/wp-content\/uploads\/2025\/10\/584098225.jpg\" alt=\"\" width=\"1024\" height=\"681\" srcset=\"https:\/\/oraziopuglisi.art\/wp-content\/uploads\/2025\/10\/584098225.jpg 1024w, https:\/\/oraziopuglisi.art\/wp-content\/uploads\/2025\/10\/584098225-300x200.jpg 300w, https:\/\/oraziopuglisi.art\/wp-content\/uploads\/2025\/10\/584098225-768x511.jpg 768w, https:\/\/oraziopuglisi.art\/wp-content\/uploads\/2025\/10\/584098225-508x338.jpg 508w\" sizes=\"auto, (max-width: 1024px) 100vw, 1024px\" \/> <img loading=\"lazy\" decoding=\"async\" class=\"alignnone size-full wp-image-19874\" src=\"http:\/\/oraziopuglisi.art\/wp-content\/uploads\/2025\/10\/584102901.jpg\" alt=\"\" width=\"1024\" height=\"681\" srcset=\"https:\/\/oraziopuglisi.art\/wp-content\/uploads\/2025\/10\/584102901.jpg 1024w, https:\/\/oraziopuglisi.art\/wp-content\/uploads\/2025\/10\/584102901-300x200.jpg 300w, https:\/\/oraziopuglisi.art\/wp-content\/uploads\/2025\/10\/584102901-768x511.jpg 768w, https:\/\/oraziopuglisi.art\/wp-content\/uploads\/2025\/10\/584102901-508x338.jpg 508w\" sizes=\"auto, (max-width: 1024px) 100vw, 1024px\" \/><\/div>\n<div class=\"b99b6ef58f\" style=\"text-align: right;\">\u00a0<\/div>\n","protected":false},"excerpt":{"rendered":"<p>H\u00f4tel du Vin et Bistro 11 Bristo Place, Old Town (Vieille Ville) \u00c9dimbourg, EH1 1EZ Royaume-Uni \u00a0 \u00a0 \u00a0 \u00a0 \u00a0 \u00a0 \u00a0 \u00a0 En descendant du Taxi achat de c\u00e2ble t\u00e9l\u00e9phoniques et adaptateur chargeur de portable !\u00a0 \u00a0 Brigitte s&rsquo;attarde sur des armoires \u00e0 livres, pr\u00eat de livre !! \u00a0 \u00a0 \u00a0 \u00a0 \u00a0 [&hellip;]<\/p>\n","protected":false},"author":1,"featured_media":20029,"parent":0,"menu_order":0,"comment_status":"closed","ping_status":"closed","template":"","meta":{"footnotes":""},"class_list":["post-19857","page","type-page","status-publish","has-post-thumbnail","hentry"],"_links":{"self":[{"href":"https:\/\/oraziopuglisi.art\/index.php\/wp-json\/wp\/v2\/pages\/19857","targetHints":{"allow":["GET"]}}],"collection":[{"href":"https:\/\/oraziopuglisi.art\/index.php\/wp-json\/wp\/v2\/pages"}],"about":[{"href":"https:\/\/oraziopuglisi.art\/index.php\/wp-json\/wp\/v2\/types\/page"}],"author":[{"embeddable":true,"href":"https:\/\/oraziopuglisi.art\/index.php\/wp-json\/wp\/v2\/users\/1"}],"replies":[{"embeddable":true,"href":"https:\/\/oraziopuglisi.art\/index.php\/wp-json\/wp\/v2\/comments?post=19857"}],"version-history":[{"count":23,"href":"https:\/\/oraziopuglisi.art\/index.php\/wp-json\/wp\/v2\/pages\/19857\/revisions"}],"predecessor-version":[{"id":20047,"href":"https:\/\/oraziopuglisi.art\/index.php\/wp-json\/wp\/v2\/pages\/19857\/revisions\/20047"}],"wp:featuredmedia":[{"embeddable":true,"href":"https:\/\/oraziopuglisi.art\/index.php\/wp-json\/wp\/v2\/media\/20029"}],"wp:attachment":[{"href":"https:\/\/oraziopuglisi.art\/index.php\/wp-json\/wp\/v2\/media?parent=19857"}],"curies":[{"name":"wp","href":"https:\/\/api.w.org\/{rel}","templated":true}]}}