{"id":19836,"date":"2025-10-30T12:29:32","date_gmt":"2025-10-30T11:29:32","guid":{"rendered":"https:\/\/oraziopuglisi.art\/?page_id=19836"},"modified":"2025-10-31T07:47:45","modified_gmt":"2025-10-31T06:47:45","slug":"petit-apero-pub-avant-concert","status":"publish","type":"page","link":"https:\/\/oraziopuglisi.art\/index.php\/petit-apero-pub-avant-concert\/","title":{"rendered":"Petit Ap\u00e9ro Pub avant Concert"},"content":{"rendered":"<p style=\"text-align: center;\">Juste \u00e0 c\u00f4t\u00e9 de la Cath\u00e9drale St Gilles<\/p>\n<div class=\"outlet-subheader__col--outlet-name\" style=\"text-align: center;\" data-v-8b428278=\"\"><a href=\"https:\/\/www.nicholsonspubs.co.uk\/restaurants\/scotlandandnorthernireland\/deaconbrodiestavernroyalmileedinburgh?utm_source=google&amp;utm_medium=organic&amp;utm_campaign=gmb-homepage#\/\">Deacon Brodies Tavern<\/a><\/div>\n<div class=\"outlet-subheader__col--outlet-address\" style=\"text-align: center;\" data-v-8b428278=\"\">435 Lawnmarket\u00a0<\/div>\n<div class=\"outlet-subheader__col--outlet-address\" style=\"text-align: center;\" data-v-8b428278=\"\">EH1 2NT<\/div>\n<div style=\"text-align: center;\" data-v-8b428278=\"\">Edinburgh<\/div>\n<div data-v-8b428278=\"\">\u00a0<\/div>\n<div data-v-8b428278=\"\">\u00a0<\/div>\n<div data-v-8b428278=\"\"><img loading=\"lazy\" decoding=\"async\" class=\"alignnone size-full wp-image-19841\" src=\"http:\/\/oraziopuglisi.art\/wp-content\/uploads\/2025\/10\/3464057.jpg\" alt=\"\" width=\"1125\" height=\"750\" srcset=\"https:\/\/oraziopuglisi.art\/wp-content\/uploads\/2025\/10\/3464057.jpg 1125w, https:\/\/oraziopuglisi.art\/wp-content\/uploads\/2025\/10\/3464057-300x200.jpg 300w, https:\/\/oraziopuglisi.art\/wp-content\/uploads\/2025\/10\/3464057-1024x683.jpg 1024w, https:\/\/oraziopuglisi.art\/wp-content\/uploads\/2025\/10\/3464057-768x512.jpg 768w, https:\/\/oraziopuglisi.art\/wp-content\/uploads\/2025\/10\/3464057-508x339.jpg 508w\" sizes=\"auto, (max-width: 1125px) 100vw, 1125px\" \/><\/div>\n<div data-v-8b428278=\"\">\u00a0<\/div>\n<p><iframe loading=\"lazy\" title=\"WhatsApp Vid\u00e9o 2025 10 27 \u00e0 18 50 57 3a87bf47\" width=\"506\" height=\"900\" src=\"https:\/\/www.youtube.com\/embed\/6EGwx-2LT1M?feature=oembed\" frameborder=\"0\" allow=\"accelerometer; autoplay; clipboard-write; encrypted-media; gyroscope; picture-in-picture; web-share\" referrerpolicy=\"strict-origin-when-cross-origin\" allowfullscreen><\/iframe><\/p>\n<div style=\"text-align: center;\" data-v-8b428278=\"\">Jus de fruits pour tout le monde, une bi\u00e8re pour Ginou je crois !<\/div>\n<div style=\"text-align: center;\" data-v-8b428278=\"\">Y&rsquo;a du monde y&rsquo;a de la vie on est en \u00e9cosse !!!<\/div>\n<div data-v-8b428278=\"\">\u00a0<\/div>\n<div data-v-8b428278=\"\">\u00a0<\/div>\n<div data-v-8b428278=\"\">\u00a0<\/div>\n<div data-v-8b428278=\"\"><img loading=\"lazy\" decoding=\"async\" class=\"alignnone size-full wp-image-19842\" src=\"http:\/\/oraziopuglisi.art\/wp-content\/uploads\/2025\/10\/deacon-brodie-s-tavern-1.jpg\" alt=\"\" width=\"900\" height=\"500\" srcset=\"https:\/\/oraziopuglisi.art\/wp-content\/uploads\/2025\/10\/deacon-brodie-s-tavern-1.jpg 900w, https:\/\/oraziopuglisi.art\/wp-content\/uploads\/2025\/10\/deacon-brodie-s-tavern-1-300x167.jpg 300w, https:\/\/oraziopuglisi.art\/wp-content\/uploads\/2025\/10\/deacon-brodie-s-tavern-1-768x427.jpg 768w, https:\/\/oraziopuglisi.art\/wp-content\/uploads\/2025\/10\/deacon-brodie-s-tavern-1-508x282.jpg 508w\" sizes=\"auto, (max-width: 900px) 100vw, 900px\" \/><\/div>\n<p><iframe loading=\"lazy\" title=\"WhatsApp Vid\u00e9o 2025 10 27 \u00e0 18 52 44 56c0da10\" width=\"506\" height=\"900\" src=\"https:\/\/www.youtube.com\/embed\/0qKCqQSjUuU?start=11&#038;feature=oembed\" frameborder=\"0\" allow=\"accelerometer; autoplay; clipboard-write; encrypted-media; gyroscope; picture-in-picture; web-share\" referrerpolicy=\"strict-origin-when-cross-origin\" allowfullscreen><\/iframe><\/p>\n<div data-v-8b428278=\"\">\u00a0<\/div>\n<div data-v-8b428278=\"\">\u00a0<\/div>\n<div data-v-8b428278=\"\"><img loading=\"lazy\" decoding=\"async\" class=\"alignnone size-full wp-image-19843\" src=\"http:\/\/oraziopuglisi.art\/wp-content\/uploads\/2025\/10\/deacon-brodie-s-tavern.jpg\" alt=\"\" width=\"900\" height=\"500\" srcset=\"https:\/\/oraziopuglisi.art\/wp-content\/uploads\/2025\/10\/deacon-brodie-s-tavern.jpg 900w, https:\/\/oraziopuglisi.art\/wp-content\/uploads\/2025\/10\/deacon-brodie-s-tavern-300x167.jpg 300w, https:\/\/oraziopuglisi.art\/wp-content\/uploads\/2025\/10\/deacon-brodie-s-tavern-768x427.jpg 768w, https:\/\/oraziopuglisi.art\/wp-content\/uploads\/2025\/10\/deacon-brodie-s-tavern-508x282.jpg 508w\" sizes=\"auto, (max-width: 900px) 100vw, 900px\" \/> <img loading=\"lazy\" decoding=\"async\" class=\"alignnone size-full wp-image-19844\" src=\"http:\/\/oraziopuglisi.art\/wp-content\/uploads\/2025\/10\/DeaconBrodiesTavern2-listable-carousel-1718109898.jpg\" alt=\"\" width=\"1075\" height=\"1612\" srcset=\"https:\/\/oraziopuglisi.art\/wp-content\/uploads\/2025\/10\/DeaconBrodiesTavern2-listable-carousel-1718109898.jpg 1075w, https:\/\/oraziopuglisi.art\/wp-content\/uploads\/2025\/10\/DeaconBrodiesTavern2-listable-carousel-1718109898-200x300.jpg 200w, https:\/\/oraziopuglisi.art\/wp-content\/uploads\/2025\/10\/DeaconBrodiesTavern2-listable-carousel-1718109898-683x1024.jpg 683w, https:\/\/oraziopuglisi.art\/wp-content\/uploads\/2025\/10\/DeaconBrodiesTavern2-listable-carousel-1718109898-768x1152.jpg 768w, https:\/\/oraziopuglisi.art\/wp-content\/uploads\/2025\/10\/DeaconBrodiesTavern2-listable-carousel-1718109898-1024x1536.jpg 1024w, https:\/\/oraziopuglisi.art\/wp-content\/uploads\/2025\/10\/DeaconBrodiesTavern2-listable-carousel-1718109898-508x762.jpg 508w\" sizes=\"auto, (max-width: 1075px) 100vw, 1075px\" \/> <img loading=\"lazy\" decoding=\"async\" class=\"alignnone wp-image-19845\" src=\"http:\/\/oraziopuglisi.art\/wp-content\/uploads\/2025\/10\/images-1-3.jpeg\" alt=\"\" width=\"569\" height=\"760\" \/> <img loading=\"lazy\" decoding=\"async\" class=\"alignnone wp-image-19846 \" src=\"http:\/\/oraziopuglisi.art\/wp-content\/uploads\/2025\/10\/images-2-3.jpeg\" alt=\"\" width=\"658\" height=\"438\" \/> <img loading=\"lazy\" decoding=\"async\" class=\"alignnone wp-image-19847\" src=\"http:\/\/oraziopuglisi.art\/wp-content\/uploads\/2025\/10\/images-9.jpeg\" alt=\"\" width=\"601\" height=\"751\" \/><\/div>\n<div data-v-8b428278=\"\">\u00a0<\/div>\n","protected":false},"excerpt":{"rendered":"<p>Juste \u00e0 c\u00f4t\u00e9 de la Cath\u00e9drale St Gilles Deacon Brodies Tavern 435 Lawnmarket\u00a0 EH1 2NT Edinburgh \u00a0 \u00a0 \u00a0 Jus de fruits pour tout le monde, une bi\u00e8re pour Ginou je crois ! Y&rsquo;a du monde y&rsquo;a de la vie on est en \u00e9cosse !!! \u00a0 \u00a0 \u00a0 \u00a0 \u00a0 \u00a0<\/p>\n","protected":false},"author":1,"featured_media":19843,"parent":0,"menu_order":0,"comment_status":"closed","ping_status":"closed","template":"","meta":{"footnotes":""},"class_list":["post-19836","page","type-page","status-publish","has-post-thumbnail","hentry"],"_links":{"self":[{"href":"https:\/\/oraziopuglisi.art\/index.php\/wp-json\/wp\/v2\/pages\/19836","targetHints":{"allow":["GET"]}}],"collection":[{"href":"https:\/\/oraziopuglisi.art\/index.php\/wp-json\/wp\/v2\/pages"}],"about":[{"href":"https:\/\/oraziopuglisi.art\/index.php\/wp-json\/wp\/v2\/types\/page"}],"author":[{"embeddable":true,"href":"https:\/\/oraziopuglisi.art\/index.php\/wp-json\/wp\/v2\/users\/1"}],"replies":[{"embeddable":true,"href":"https:\/\/oraziopuglisi.art\/index.php\/wp-json\/wp\/v2\/comments?post=19836"}],"version-history":[{"count":11,"href":"https:\/\/oraziopuglisi.art\/index.php\/wp-json\/wp\/v2\/pages\/19836\/revisions"}],"predecessor-version":[{"id":20160,"href":"https:\/\/oraziopuglisi.art\/index.php\/wp-json\/wp\/v2\/pages\/19836\/revisions\/20160"}],"wp:featuredmedia":[{"embeddable":true,"href":"https:\/\/oraziopuglisi.art\/index.php\/wp-json\/wp\/v2\/media\/19843"}],"wp:attachment":[{"href":"https:\/\/oraziopuglisi.art\/index.php\/wp-json\/wp\/v2\/media?parent=19836"}],"curies":[{"name":"wp","href":"https:\/\/api.w.org\/{rel}","templated":true}]}}