{"id":19779,"date":"2025-10-30T09:19:27","date_gmt":"2025-10-30T08:19:27","guid":{"rendered":"https:\/\/oraziopuglisi.art\/?page_id=19779"},"modified":"2025-10-31T07:38:23","modified_gmt":"2025-10-31T06:38:23","slug":"cafe-ecossais-et-capuccino-cafe-contini","status":"publish","type":"page","link":"https:\/\/oraziopuglisi.art\/index.php\/cafe-ecossais-et-capuccino-cafe-contini\/","title":{"rendered":"Caf\u00e9 \u00e9cossais et Capuccino Caf\u00e9 Contini"},"content":{"rendered":"<p style=\"text-align: center;\"><a href=\"https:\/\/www.contini.com\/contini-george-street\/\">Site<\/a><\/p>\n<p style=\"text-align: center;\">Juste avant d&rsquo;arriver sur la place du ch\u00e2teau<\/p>\n<p><iframe loading=\"lazy\" title=\"Edinburgh&#039;s Victor Contini shares his foodie secrets\" width=\"600\" height=\"338\" src=\"https:\/\/www.youtube.com\/embed\/KjaoVfVvg5s?feature=oembed\" frameborder=\"0\" allow=\"accelerometer; autoplay; clipboard-write; encrypted-media; gyroscope; picture-in-picture; web-share\" referrerpolicy=\"strict-origin-when-cross-origin\" allowfullscreen><\/iframe><\/p>\n<p><img loading=\"lazy\" decoding=\"async\" class=\"alignnone size-full wp-image-19359\" src=\"http:\/\/oraziopuglisi.art\/wp-content\/uploads\/2025\/10\/WhatsApp-Image-2025-10-27-a-14.25.29_7dfb11ae.jpg\" alt=\"\" width=\"720\" height=\"1600\" srcset=\"https:\/\/oraziopuglisi.art\/wp-content\/uploads\/2025\/10\/WhatsApp-Image-2025-10-27-a-14.25.29_7dfb11ae.jpg 720w, https:\/\/oraziopuglisi.art\/wp-content\/uploads\/2025\/10\/WhatsApp-Image-2025-10-27-a-14.25.29_7dfb11ae-135x300.jpg 135w, https:\/\/oraziopuglisi.art\/wp-content\/uploads\/2025\/10\/WhatsApp-Image-2025-10-27-a-14.25.29_7dfb11ae-461x1024.jpg 461w, https:\/\/oraziopuglisi.art\/wp-content\/uploads\/2025\/10\/WhatsApp-Image-2025-10-27-a-14.25.29_7dfb11ae-691x1536.jpg 691w, https:\/\/oraziopuglisi.art\/wp-content\/uploads\/2025\/10\/WhatsApp-Image-2025-10-27-a-14.25.29_7dfb11ae-508x1129.jpg 508w\" sizes=\"auto, (max-width: 720px) 100vw, 720px\" \/><\/p>\n<p style=\"text-align: center;\">\u00a0 \u00a0 \u00a0<\/p>\n<p>\u00a0 <img loading=\"lazy\" decoding=\"async\" class=\"alignnone size-full wp-image-19352\" src=\"http:\/\/oraziopuglisi.art\/wp-content\/uploads\/2025\/10\/WhatsApp-Image-2025-10-27-a-14.25.27_b6fff35f.jpg\" alt=\"\" width=\"1600\" height=\"720\" srcset=\"https:\/\/oraziopuglisi.art\/wp-content\/uploads\/2025\/10\/WhatsApp-Image-2025-10-27-a-14.25.27_b6fff35f.jpg 1600w, https:\/\/oraziopuglisi.art\/wp-content\/uploads\/2025\/10\/WhatsApp-Image-2025-10-27-a-14.25.27_b6fff35f-300x135.jpg 300w, https:\/\/oraziopuglisi.art\/wp-content\/uploads\/2025\/10\/WhatsApp-Image-2025-10-27-a-14.25.27_b6fff35f-1024x461.jpg 1024w, https:\/\/oraziopuglisi.art\/wp-content\/uploads\/2025\/10\/WhatsApp-Image-2025-10-27-a-14.25.27_b6fff35f-768x346.jpg 768w, https:\/\/oraziopuglisi.art\/wp-content\/uploads\/2025\/10\/WhatsApp-Image-2025-10-27-a-14.25.27_b6fff35f-1536x691.jpg 1536w, https:\/\/oraziopuglisi.art\/wp-content\/uploads\/2025\/10\/WhatsApp-Image-2025-10-27-a-14.25.27_b6fff35f-1240x558.jpg 1240w, https:\/\/oraziopuglisi.art\/wp-content\/uploads\/2025\/10\/WhatsApp-Image-2025-10-27-a-14.25.27_b6fff35f-508x229.jpg 508w\" sizes=\"auto, (max-width: 1600px) 100vw, 1600px\" \/>\u00a0 \u00a0<\/p>\n<p><iframe loading=\"lazy\" title=\"WhatsApp Vid\u00e9o 2025 10 27 \u00e0 14 09 47 28d35f71\" width=\"506\" height=\"900\" src=\"https:\/\/www.youtube.com\/embed\/2HY5r1Jd3F0?feature=oembed\" frameborder=\"0\" allow=\"accelerometer; autoplay; clipboard-write; encrypted-media; gyroscope; picture-in-picture; web-share\" referrerpolicy=\"strict-origin-when-cross-origin\" allowfullscreen><\/iframe><\/p>\n<p>&nbsp;<\/p>\n<p>&nbsp;<\/p>\n<p><iframe loading=\"lazy\" title=\"WhatsApp Vid\u00e9o 2025 10 27 \u00e0 14 25 26 35e76f78\" width=\"600\" height=\"338\" src=\"https:\/\/www.youtube.com\/embed\/Jxe1Gqk0Y90?feature=oembed\" frameborder=\"0\" allow=\"accelerometer; autoplay; clipboard-write; encrypted-media; gyroscope; picture-in-picture; web-share\" referrerpolicy=\"strict-origin-when-cross-origin\" allowfullscreen><\/iframe><\/p>\n<p>&nbsp;<\/p>\n<p><iframe loading=\"lazy\" title=\"WhatsApp Vid\u00e9o 2025 10 27 \u00e0 14 12 20 ebca521a\" width=\"506\" height=\"900\" src=\"https:\/\/www.youtube.com\/embed\/iIPU-M72G1E?feature=oembed\" frameborder=\"0\" allow=\"accelerometer; autoplay; clipboard-write; encrypted-media; gyroscope; picture-in-picture; web-share\" referrerpolicy=\"strict-origin-when-cross-origin\" allowfullscreen><\/iframe><\/p>\n<p><img loading=\"lazy\" decoding=\"async\" class=\"alignnone size-full wp-image-19360\" src=\"http:\/\/oraziopuglisi.art\/wp-content\/uploads\/2025\/10\/WhatsApp-Image-2025-10-27-a-14.28.52_ffda507a.jpg\" alt=\"\" width=\"1152\" height=\"2048\" srcset=\"https:\/\/oraziopuglisi.art\/wp-content\/uploads\/2025\/10\/WhatsApp-Image-2025-10-27-a-14.28.52_ffda507a.jpg 1152w, https:\/\/oraziopuglisi.art\/wp-content\/uploads\/2025\/10\/WhatsApp-Image-2025-10-27-a-14.28.52_ffda507a-169x300.jpg 169w, https:\/\/oraziopuglisi.art\/wp-content\/uploads\/2025\/10\/WhatsApp-Image-2025-10-27-a-14.28.52_ffda507a-576x1024.jpg 576w, https:\/\/oraziopuglisi.art\/wp-content\/uploads\/2025\/10\/WhatsApp-Image-2025-10-27-a-14.28.52_ffda507a-768x1365.jpg 768w, https:\/\/oraziopuglisi.art\/wp-content\/uploads\/2025\/10\/WhatsApp-Image-2025-10-27-a-14.28.52_ffda507a-864x1536.jpg 864w, https:\/\/oraziopuglisi.art\/wp-content\/uploads\/2025\/10\/WhatsApp-Image-2025-10-27-a-14.28.52_ffda507a-508x903.jpg 508w\" sizes=\"auto, (max-width: 1152px) 100vw, 1152px\" \/><\/p>\n<p>&nbsp;<\/p>\n<p><img loading=\"lazy\" decoding=\"async\" class=\"alignnone size-full wp-image-20147\" src=\"http:\/\/oraziopuglisi.art\/wp-content\/uploads\/2025\/10\/cannonball-banner-background-low-res-1600.jpg\" alt=\"\" width=\"1800\" height=\"1200\" srcset=\"https:\/\/oraziopuglisi.art\/wp-content\/uploads\/2025\/10\/cannonball-banner-background-low-res-1600.jpg 1800w, https:\/\/oraziopuglisi.art\/wp-content\/uploads\/2025\/10\/cannonball-banner-background-low-res-1600-300x200.jpg 300w, https:\/\/oraziopuglisi.art\/wp-content\/uploads\/2025\/10\/cannonball-banner-background-low-res-1600-1024x683.jpg 1024w, https:\/\/oraziopuglisi.art\/wp-content\/uploads\/2025\/10\/cannonball-banner-background-low-res-1600-768x512.jpg 768w, https:\/\/oraziopuglisi.art\/wp-content\/uploads\/2025\/10\/cannonball-banner-background-low-res-1600-1536x1024.jpg 1536w, https:\/\/oraziopuglisi.art\/wp-content\/uploads\/2025\/10\/cannonball-banner-background-low-res-1600-1240x827.jpg 1240w, https:\/\/oraziopuglisi.art\/wp-content\/uploads\/2025\/10\/cannonball-banner-background-low-res-1600-508x339.jpg 508w\" sizes=\"auto, (max-width: 1800px) 100vw, 1800px\" \/> <img loading=\"lazy\" decoding=\"async\" class=\"alignnone size-full wp-image-20148\" src=\"http:\/\/oraziopuglisi.art\/wp-content\/uploads\/2025\/10\/contini-cannonball-2.jpeg\" alt=\"\" width=\"724\" height=\"1024\" srcset=\"https:\/\/oraziopuglisi.art\/wp-content\/uploads\/2025\/10\/contini-cannonball-2.jpeg 724w, https:\/\/oraziopuglisi.art\/wp-content\/uploads\/2025\/10\/contini-cannonball-2-212x300.jpeg 212w, https:\/\/oraziopuglisi.art\/wp-content\/uploads\/2025\/10\/contini-cannonball-2-508x718.jpeg 508w\" sizes=\"auto, (max-width: 724px) 100vw, 724px\" \/> <img loading=\"lazy\" decoding=\"async\" class=\"alignnone size-full wp-image-20149\" src=\"http:\/\/oraziopuglisi.art\/wp-content\/uploads\/2025\/10\/contini-dining-room-landing-1170x680-1.jpg\" alt=\"\" width=\"1170\" height=\"680\" srcset=\"https:\/\/oraziopuglisi.art\/wp-content\/uploads\/2025\/10\/contini-dining-room-landing-1170x680-1.jpg 1170w, https:\/\/oraziopuglisi.art\/wp-content\/uploads\/2025\/10\/contini-dining-room-landing-1170x680-1-300x174.jpg 300w, https:\/\/oraziopuglisi.art\/wp-content\/uploads\/2025\/10\/contini-dining-room-landing-1170x680-1-1024x595.jpg 1024w, https:\/\/oraziopuglisi.art\/wp-content\/uploads\/2025\/10\/contini-dining-room-landing-1170x680-1-768x446.jpg 768w, https:\/\/oraziopuglisi.art\/wp-content\/uploads\/2025\/10\/contini-dining-room-landing-1170x680-1-508x295.jpg 508w\" sizes=\"auto, (max-width: 1170px) 100vw, 1170px\" \/> <img loading=\"lazy\" decoding=\"async\" class=\"alignnone size-full wp-image-20150\" src=\"http:\/\/oraziopuglisi.art\/wp-content\/uploads\/2025\/10\/dsc_3349-1-1024x768-1.jpg\" alt=\"\" width=\"1024\" height=\"768\" srcset=\"https:\/\/oraziopuglisi.art\/wp-content\/uploads\/2025\/10\/dsc_3349-1-1024x768-1.jpg 1024w, https:\/\/oraziopuglisi.art\/wp-content\/uploads\/2025\/10\/dsc_3349-1-1024x768-1-300x225.jpg 300w, https:\/\/oraziopuglisi.art\/wp-content\/uploads\/2025\/10\/dsc_3349-1-1024x768-1-768x576.jpg 768w, https:\/\/oraziopuglisi.art\/wp-content\/uploads\/2025\/10\/dsc_3349-1-1024x768-1-508x381.jpg 508w\" sizes=\"auto, (max-width: 1024px) 100vw, 1024px\" \/> <img loading=\"lazy\" decoding=\"async\" class=\"alignnone  wp-image-20151\" src=\"http:\/\/oraziopuglisi.art\/wp-content\/uploads\/2025\/10\/images-13.jpeg\" alt=\"\" width=\"576\" height=\"383\" \/> <img loading=\"lazy\" decoding=\"async\" class=\"alignnone size-full wp-image-20152\" src=\"http:\/\/oraziopuglisi.art\/wp-content\/uploads\/2025\/10\/Italian-Bar-Jan-2020-scaled-1.jpg\" alt=\"\" width=\"2560\" height=\"1817\" srcset=\"https:\/\/oraziopuglisi.art\/wp-content\/uploads\/2025\/10\/Italian-Bar-Jan-2020-scaled-1.jpg 2560w, https:\/\/oraziopuglisi.art\/wp-content\/uploads\/2025\/10\/Italian-Bar-Jan-2020-scaled-1-300x213.jpg 300w, https:\/\/oraziopuglisi.art\/wp-content\/uploads\/2025\/10\/Italian-Bar-Jan-2020-scaled-1-1024x727.jpg 1024w, https:\/\/oraziopuglisi.art\/wp-content\/uploads\/2025\/10\/Italian-Bar-Jan-2020-scaled-1-768x545.jpg 768w, https:\/\/oraziopuglisi.art\/wp-content\/uploads\/2025\/10\/Italian-Bar-Jan-2020-scaled-1-1536x1090.jpg 1536w, https:\/\/oraziopuglisi.art\/wp-content\/uploads\/2025\/10\/Italian-Bar-Jan-2020-scaled-1-2048x1454.jpg 2048w, https:\/\/oraziopuglisi.art\/wp-content\/uploads\/2025\/10\/Italian-Bar-Jan-2020-scaled-1-1240x880.jpg 1240w, https:\/\/oraziopuglisi.art\/wp-content\/uploads\/2025\/10\/Italian-Bar-Jan-2020-scaled-1-508x361.jpg 508w\" sizes=\"auto, (max-width: 2560px) 100vw, 2560px\" \/><\/p>\n<p><img loading=\"lazy\" decoding=\"async\" class=\"size-full wp-image-20153\" src=\"http:\/\/oraziopuglisi.art\/wp-content\/uploads\/2025\/10\/Victor-Carina-2-768x513-1.jpg\" alt=\"\" width=\"768\" height=\"513\" srcset=\"https:\/\/oraziopuglisi.art\/wp-content\/uploads\/2025\/10\/Victor-Carina-2-768x513-1.jpg 768w, https:\/\/oraziopuglisi.art\/wp-content\/uploads\/2025\/10\/Victor-Carina-2-768x513-1-300x200.jpg 300w, https:\/\/oraziopuglisi.art\/wp-content\/uploads\/2025\/10\/Victor-Carina-2-768x513-1-508x339.jpg 508w\" sizes=\"auto, (max-width: 768px) 100vw, 768px\" \/><\/p>\n","protected":false},"excerpt":{"rendered":"<p>Site Juste avant d&rsquo;arriver sur la place du ch\u00e2teau \u00a0 \u00a0 \u00a0 \u00a0 \u00a0 \u00a0 &nbsp; &nbsp; &nbsp; &nbsp;<\/p>\n","protected":false},"author":1,"featured_media":20151,"parent":0,"menu_order":0,"comment_status":"closed","ping_status":"closed","template":"","meta":{"footnotes":""},"class_list":["post-19779","page","type-page","status-publish","has-post-thumbnail","hentry"],"_links":{"self":[{"href":"https:\/\/oraziopuglisi.art\/index.php\/wp-json\/wp\/v2\/pages\/19779","targetHints":{"allow":["GET"]}}],"collection":[{"href":"https:\/\/oraziopuglisi.art\/index.php\/wp-json\/wp\/v2\/pages"}],"about":[{"href":"https:\/\/oraziopuglisi.art\/index.php\/wp-json\/wp\/v2\/types\/page"}],"author":[{"embeddable":true,"href":"https:\/\/oraziopuglisi.art\/index.php\/wp-json\/wp\/v2\/users\/1"}],"replies":[{"embeddable":true,"href":"https:\/\/oraziopuglisi.art\/index.php\/wp-json\/wp\/v2\/comments?post=19779"}],"version-history":[{"count":12,"href":"https:\/\/oraziopuglisi.art\/index.php\/wp-json\/wp\/v2\/pages\/19779\/revisions"}],"predecessor-version":[{"id":20155,"href":"https:\/\/oraziopuglisi.art\/index.php\/wp-json\/wp\/v2\/pages\/19779\/revisions\/20155"}],"wp:featuredmedia":[{"embeddable":true,"href":"https:\/\/oraziopuglisi.art\/index.php\/wp-json\/wp\/v2\/media\/20151"}],"wp:attachment":[{"href":"https:\/\/oraziopuglisi.art\/index.php\/wp-json\/wp\/v2\/media?parent=19779"}],"curies":[{"name":"wp","href":"https:\/\/api.w.org\/{rel}","templated":true}]}}