{"id":19769,"date":"2025-10-30T09:13:02","date_gmt":"2025-10-30T08:13:02","guid":{"rendered":"https:\/\/oraziopuglisi.art\/?page_id=19769"},"modified":"2025-10-30T14:47:21","modified_gmt":"2025-10-30T13:47:21","slug":"ballade-dans-le-parc-2","status":"publish","type":"page","link":"https:\/\/oraziopuglisi.art\/index.php\/ballade-dans-le-parc-2\/","title":{"rendered":"Ballade dans le Parc"},"content":{"rendered":"<p>&nbsp;<\/p>\n<p style=\"text-align: center;\">\u00a0<\/p>\n<p style=\"text-align: justify;\"><span style=\"text-align: justify;\">Apr\u00e8s le ptit d\u00e9j ballade dans le parc \u00e0 la fraiche du matin&#8230;magnifique !!!<\/span><\/p>\n<p>&nbsp;<\/p>\n<p><img loading=\"lazy\" decoding=\"async\" class=\"alignnone size-full wp-image-19332\" src=\"http:\/\/oraziopuglisi.art\/wp-content\/uploads\/2025\/10\/WhatsApp-Image-2025-10-27-a-10.32.49_b4eed76d.jpg\" alt=\"\" width=\"1152\" height=\"2048\" srcset=\"https:\/\/oraziopuglisi.art\/wp-content\/uploads\/2025\/10\/WhatsApp-Image-2025-10-27-a-10.32.49_b4eed76d.jpg 1152w, https:\/\/oraziopuglisi.art\/wp-content\/uploads\/2025\/10\/WhatsApp-Image-2025-10-27-a-10.32.49_b4eed76d-169x300.jpg 169w, https:\/\/oraziopuglisi.art\/wp-content\/uploads\/2025\/10\/WhatsApp-Image-2025-10-27-a-10.32.49_b4eed76d-576x1024.jpg 576w, https:\/\/oraziopuglisi.art\/wp-content\/uploads\/2025\/10\/WhatsApp-Image-2025-10-27-a-10.32.49_b4eed76d-768x1365.jpg 768w, https:\/\/oraziopuglisi.art\/wp-content\/uploads\/2025\/10\/WhatsApp-Image-2025-10-27-a-10.32.49_b4eed76d-864x1536.jpg 864w, https:\/\/oraziopuglisi.art\/wp-content\/uploads\/2025\/10\/WhatsApp-Image-2025-10-27-a-10.32.49_b4eed76d-508x903.jpg 508w\" sizes=\"auto, (max-width: 1152px) 100vw, 1152px\" \/> <img loading=\"lazy\" decoding=\"async\" class=\"alignnone size-full wp-image-19333\" src=\"http:\/\/oraziopuglisi.art\/wp-content\/uploads\/2025\/10\/WhatsApp-Image-2025-10-27-a-10.32.50_4a73d2cb.jpg\" alt=\"\" width=\"1152\" height=\"2048\" srcset=\"https:\/\/oraziopuglisi.art\/wp-content\/uploads\/2025\/10\/WhatsApp-Image-2025-10-27-a-10.32.50_4a73d2cb.jpg 1152w, https:\/\/oraziopuglisi.art\/wp-content\/uploads\/2025\/10\/WhatsApp-Image-2025-10-27-a-10.32.50_4a73d2cb-169x300.jpg 169w, https:\/\/oraziopuglisi.art\/wp-content\/uploads\/2025\/10\/WhatsApp-Image-2025-10-27-a-10.32.50_4a73d2cb-576x1024.jpg 576w, https:\/\/oraziopuglisi.art\/wp-content\/uploads\/2025\/10\/WhatsApp-Image-2025-10-27-a-10.32.50_4a73d2cb-768x1365.jpg 768w, https:\/\/oraziopuglisi.art\/wp-content\/uploads\/2025\/10\/WhatsApp-Image-2025-10-27-a-10.32.50_4a73d2cb-864x1536.jpg 864w, https:\/\/oraziopuglisi.art\/wp-content\/uploads\/2025\/10\/WhatsApp-Image-2025-10-27-a-10.32.50_4a73d2cb-508x903.jpg 508w\" sizes=\"auto, (max-width: 1152px) 100vw, 1152px\" \/> <img loading=\"lazy\" decoding=\"async\" class=\"alignnone size-full wp-image-19334\" src=\"http:\/\/oraziopuglisi.art\/wp-content\/uploads\/2025\/10\/WhatsApp-Image-2025-10-27-a-10.32.50_8e09d58a.jpg\" alt=\"\" width=\"1152\" height=\"2048\" srcset=\"https:\/\/oraziopuglisi.art\/wp-content\/uploads\/2025\/10\/WhatsApp-Image-2025-10-27-a-10.32.50_8e09d58a.jpg 1152w, https:\/\/oraziopuglisi.art\/wp-content\/uploads\/2025\/10\/WhatsApp-Image-2025-10-27-a-10.32.50_8e09d58a-169x300.jpg 169w, https:\/\/oraziopuglisi.art\/wp-content\/uploads\/2025\/10\/WhatsApp-Image-2025-10-27-a-10.32.50_8e09d58a-576x1024.jpg 576w, https:\/\/oraziopuglisi.art\/wp-content\/uploads\/2025\/10\/WhatsApp-Image-2025-10-27-a-10.32.50_8e09d58a-768x1365.jpg 768w, https:\/\/oraziopuglisi.art\/wp-content\/uploads\/2025\/10\/WhatsApp-Image-2025-10-27-a-10.32.50_8e09d58a-864x1536.jpg 864w, https:\/\/oraziopuglisi.art\/wp-content\/uploads\/2025\/10\/WhatsApp-Image-2025-10-27-a-10.32.50_8e09d58a-508x903.jpg 508w\" sizes=\"auto, (max-width: 1152px) 100vw, 1152px\" \/> <img loading=\"lazy\" decoding=\"async\" class=\"alignnone size-full wp-image-19335\" src=\"http:\/\/oraziopuglisi.art\/wp-content\/uploads\/2025\/10\/WhatsApp-Image-2025-10-27-a-10.32.50_c456ebdc.jpg\" alt=\"\" width=\"1152\" height=\"2048\" srcset=\"https:\/\/oraziopuglisi.art\/wp-content\/uploads\/2025\/10\/WhatsApp-Image-2025-10-27-a-10.32.50_c456ebdc.jpg 1152w, https:\/\/oraziopuglisi.art\/wp-content\/uploads\/2025\/10\/WhatsApp-Image-2025-10-27-a-10.32.50_c456ebdc-169x300.jpg 169w, https:\/\/oraziopuglisi.art\/wp-content\/uploads\/2025\/10\/WhatsApp-Image-2025-10-27-a-10.32.50_c456ebdc-576x1024.jpg 576w, https:\/\/oraziopuglisi.art\/wp-content\/uploads\/2025\/10\/WhatsApp-Image-2025-10-27-a-10.32.50_c456ebdc-768x1365.jpg 768w, https:\/\/oraziopuglisi.art\/wp-content\/uploads\/2025\/10\/WhatsApp-Image-2025-10-27-a-10.32.50_c456ebdc-864x1536.jpg 864w, https:\/\/oraziopuglisi.art\/wp-content\/uploads\/2025\/10\/WhatsApp-Image-2025-10-27-a-10.32.50_c456ebdc-508x903.jpg 508w\" sizes=\"auto, (max-width: 1152px) 100vw, 1152px\" \/> <img loading=\"lazy\" decoding=\"async\" class=\"alignnone size-full wp-image-19336\" src=\"http:\/\/oraziopuglisi.art\/wp-content\/uploads\/2025\/10\/WhatsApp-Image-2025-10-27-a-10.32.50_d1d34954.jpg\" alt=\"\" width=\"1152\" height=\"2048\" srcset=\"https:\/\/oraziopuglisi.art\/wp-content\/uploads\/2025\/10\/WhatsApp-Image-2025-10-27-a-10.32.50_d1d34954.jpg 1152w, https:\/\/oraziopuglisi.art\/wp-content\/uploads\/2025\/10\/WhatsApp-Image-2025-10-27-a-10.32.50_d1d34954-169x300.jpg 169w, https:\/\/oraziopuglisi.art\/wp-content\/uploads\/2025\/10\/WhatsApp-Image-2025-10-27-a-10.32.50_d1d34954-576x1024.jpg 576w, https:\/\/oraziopuglisi.art\/wp-content\/uploads\/2025\/10\/WhatsApp-Image-2025-10-27-a-10.32.50_d1d34954-768x1365.jpg 768w, https:\/\/oraziopuglisi.art\/wp-content\/uploads\/2025\/10\/WhatsApp-Image-2025-10-27-a-10.32.50_d1d34954-864x1536.jpg 864w, https:\/\/oraziopuglisi.art\/wp-content\/uploads\/2025\/10\/WhatsApp-Image-2025-10-27-a-10.32.50_d1d34954-508x903.jpg 508w\" sizes=\"auto, (max-width: 1152px) 100vw, 1152px\" \/> <img loading=\"lazy\" decoding=\"async\" class=\"alignnone size-full wp-image-19337\" src=\"http:\/\/oraziopuglisi.art\/wp-content\/uploads\/2025\/10\/WhatsApp-Image-2025-10-27-a-10.32.50_d5509793.jpg\" alt=\"\" width=\"1152\" height=\"2048\" srcset=\"https:\/\/oraziopuglisi.art\/wp-content\/uploads\/2025\/10\/WhatsApp-Image-2025-10-27-a-10.32.50_d5509793.jpg 1152w, https:\/\/oraziopuglisi.art\/wp-content\/uploads\/2025\/10\/WhatsApp-Image-2025-10-27-a-10.32.50_d5509793-169x300.jpg 169w, https:\/\/oraziopuglisi.art\/wp-content\/uploads\/2025\/10\/WhatsApp-Image-2025-10-27-a-10.32.50_d5509793-576x1024.jpg 576w, https:\/\/oraziopuglisi.art\/wp-content\/uploads\/2025\/10\/WhatsApp-Image-2025-10-27-a-10.32.50_d5509793-768x1365.jpg 768w, https:\/\/oraziopuglisi.art\/wp-content\/uploads\/2025\/10\/WhatsApp-Image-2025-10-27-a-10.32.50_d5509793-864x1536.jpg 864w, https:\/\/oraziopuglisi.art\/wp-content\/uploads\/2025\/10\/WhatsApp-Image-2025-10-27-a-10.32.50_d5509793-508x903.jpg 508w\" sizes=\"auto, (max-width: 1152px) 100vw, 1152px\" \/> <img loading=\"lazy\" decoding=\"async\" class=\"alignnone size-full wp-image-19338\" src=\"http:\/\/oraziopuglisi.art\/wp-content\/uploads\/2025\/10\/WhatsApp-Image-2025-10-27-a-10.32.50_f447804b.jpg\" alt=\"\" width=\"1152\" height=\"2048\" srcset=\"https:\/\/oraziopuglisi.art\/wp-content\/uploads\/2025\/10\/WhatsApp-Image-2025-10-27-a-10.32.50_f447804b.jpg 1152w, https:\/\/oraziopuglisi.art\/wp-content\/uploads\/2025\/10\/WhatsApp-Image-2025-10-27-a-10.32.50_f447804b-169x300.jpg 169w, https:\/\/oraziopuglisi.art\/wp-content\/uploads\/2025\/10\/WhatsApp-Image-2025-10-27-a-10.32.50_f447804b-576x1024.jpg 576w, https:\/\/oraziopuglisi.art\/wp-content\/uploads\/2025\/10\/WhatsApp-Image-2025-10-27-a-10.32.50_f447804b-768x1365.jpg 768w, https:\/\/oraziopuglisi.art\/wp-content\/uploads\/2025\/10\/WhatsApp-Image-2025-10-27-a-10.32.50_f447804b-864x1536.jpg 864w, https:\/\/oraziopuglisi.art\/wp-content\/uploads\/2025\/10\/WhatsApp-Image-2025-10-27-a-10.32.50_f447804b-508x903.jpg 508w\" sizes=\"auto, (max-width: 1152px) 100vw, 1152px\" \/> <img loading=\"lazy\" decoding=\"async\" class=\"alignnone size-full wp-image-19339\" src=\"http:\/\/oraziopuglisi.art\/wp-content\/uploads\/2025\/10\/WhatsApp-Image-2025-10-27-a-10.32.51_1e7f2c57.jpg\" alt=\"\" width=\"1152\" height=\"2048\" srcset=\"https:\/\/oraziopuglisi.art\/wp-content\/uploads\/2025\/10\/WhatsApp-Image-2025-10-27-a-10.32.51_1e7f2c57.jpg 1152w, https:\/\/oraziopuglisi.art\/wp-content\/uploads\/2025\/10\/WhatsApp-Image-2025-10-27-a-10.32.51_1e7f2c57-169x300.jpg 169w, https:\/\/oraziopuglisi.art\/wp-content\/uploads\/2025\/10\/WhatsApp-Image-2025-10-27-a-10.32.51_1e7f2c57-576x1024.jpg 576w, https:\/\/oraziopuglisi.art\/wp-content\/uploads\/2025\/10\/WhatsApp-Image-2025-10-27-a-10.32.51_1e7f2c57-768x1365.jpg 768w, https:\/\/oraziopuglisi.art\/wp-content\/uploads\/2025\/10\/WhatsApp-Image-2025-10-27-a-10.32.51_1e7f2c57-864x1536.jpg 864w, https:\/\/oraziopuglisi.art\/wp-content\/uploads\/2025\/10\/WhatsApp-Image-2025-10-27-a-10.32.51_1e7f2c57-508x903.jpg 508w\" sizes=\"auto, (max-width: 1152px) 100vw, 1152px\" \/><\/p>\n","protected":false},"excerpt":{"rendered":"<p>&nbsp; \u00a0 Apr\u00e8s le ptit d\u00e9j ballade dans le parc \u00e0 la fraiche du matin&#8230;magnifique !!! &nbsp;<\/p>\n","protected":false},"author":1,"featured_media":19334,"parent":0,"menu_order":0,"comment_status":"closed","ping_status":"closed","template":"","meta":{"footnotes":""},"class_list":["post-19769","page","type-page","status-publish","has-post-thumbnail","hentry"],"_links":{"self":[{"href":"https:\/\/oraziopuglisi.art\/index.php\/wp-json\/wp\/v2\/pages\/19769","targetHints":{"allow":["GET"]}}],"collection":[{"href":"https:\/\/oraziopuglisi.art\/index.php\/wp-json\/wp\/v2\/pages"}],"about":[{"href":"https:\/\/oraziopuglisi.art\/index.php\/wp-json\/wp\/v2\/types\/page"}],"author":[{"embeddable":true,"href":"https:\/\/oraziopuglisi.art\/index.php\/wp-json\/wp\/v2\/users\/1"}],"replies":[{"embeddable":true,"href":"https:\/\/oraziopuglisi.art\/index.php\/wp-json\/wp\/v2\/comments?post=19769"}],"version-history":[{"count":5,"href":"https:\/\/oraziopuglisi.art\/index.php\/wp-json\/wp\/v2\/pages\/19769\/revisions"}],"predecessor-version":[{"id":19856,"href":"https:\/\/oraziopuglisi.art\/index.php\/wp-json\/wp\/v2\/pages\/19769\/revisions\/19856"}],"wp:featuredmedia":[{"embeddable":true,"href":"https:\/\/oraziopuglisi.art\/index.php\/wp-json\/wp\/v2\/media\/19334"}],"wp:attachment":[{"href":"https:\/\/oraziopuglisi.art\/index.php\/wp-json\/wp\/v2\/media?parent=19769"}],"curies":[{"name":"wp","href":"https:\/\/api.w.org\/{rel}","templated":true}]}}