{"id":19267,"date":"2025-10-25T12:10:19","date_gmt":"2025-10-25T10:10:19","guid":{"rendered":"https:\/\/oraziopuglisi.art\/?page_id=19267"},"modified":"2025-10-31T19:24:43","modified_gmt":"2025-10-31T18:24:43","slug":"lundi-27-octobre-2025","status":"publish","type":"page","link":"https:\/\/oraziopuglisi.art\/index.php\/lundi-27-octobre-2025\/","title":{"rendered":"Lundi 27 Octobre 2025"},"content":{"rendered":"<blockquote class=\"wp-embedded-content\" data-secret=\"JrDwyulJUq\"><p><a href=\"https:\/\/oraziopuglisi.art\/index.php\/petit-dej-2\/\">Petit d\u00e9j<\/a><\/p><\/blockquote>\n<p><iframe loading=\"lazy\" class=\"wp-embedded-content\" sandbox=\"allow-scripts\" security=\"restricted\" style=\"position: absolute; visibility: hidden;\" title=\"\u00ab\u00a0Petit d\u00e9j\u00a0\u00bb &#8212; Orazio Puglisi\" src=\"https:\/\/oraziopuglisi.art\/index.php\/petit-dej-2\/embed\/#?secret=IoKJset2RT#?secret=JrDwyulJUq\" data-secret=\"JrDwyulJUq\" width=\"600\" height=\"338\" frameborder=\"0\" marginwidth=\"0\" marginheight=\"0\" scrolling=\"no\"><\/iframe><\/p>\n<p>&nbsp;<\/p>\n<blockquote class=\"wp-embedded-content\" data-secret=\"YasyJl9NJv\"><p><a href=\"https:\/\/oraziopuglisi.art\/index.php\/ballade-dans-le-parc-2\/\">Ballade dans le Parc<\/a><\/p><\/blockquote>\n<p><iframe loading=\"lazy\" class=\"wp-embedded-content\" sandbox=\"allow-scripts\" security=\"restricted\" style=\"position: absolute; visibility: hidden;\" title=\"\u00ab\u00a0Ballade dans le Parc\u00a0\u00bb &#8212; Orazio Puglisi\" src=\"https:\/\/oraziopuglisi.art\/index.php\/ballade-dans-le-parc-2\/embed\/#?secret=J8tSstpXJj#?secret=YasyJl9NJv\" data-secret=\"YasyJl9NJv\" width=\"600\" height=\"338\" frameborder=\"0\" marginwidth=\"0\" marginheight=\"0\" scrolling=\"no\"><\/iframe><\/p>\n<p>&nbsp;<\/p>\n<blockquote class=\"wp-embedded-content\" data-secret=\"CL5b4OsfVP\"><p><a href=\"https:\/\/oraziopuglisi.art\/index.php\/arrivee-en-centre-ville\/\">Arriv\u00e9e en centre Ville<\/a><\/p><\/blockquote>\n<p><iframe loading=\"lazy\" class=\"wp-embedded-content\" sandbox=\"allow-scripts\" security=\"restricted\" style=\"position: absolute; visibility: hidden;\" title=\"\u00ab\u00a0Arriv\u00e9e en centre Ville\u00a0\u00bb &#8212; Orazio Puglisi\" src=\"https:\/\/oraziopuglisi.art\/index.php\/arrivee-en-centre-ville\/embed\/#?secret=mAa8Pk3NAT#?secret=CL5b4OsfVP\" data-secret=\"CL5b4OsfVP\" width=\"600\" height=\"338\" frameborder=\"0\" marginwidth=\"0\" marginheight=\"0\" scrolling=\"no\"><\/iframe><\/p>\n<p>&nbsp;<\/p>\n<blockquote class=\"wp-embedded-content\" data-secret=\"BnkIktHrg9\"><p><a href=\"https:\/\/oraziopuglisi.art\/index.php\/decouverte-de-la-ville-2\/\">D\u00e9couverte de la ville<\/a><\/p><\/blockquote>\n<p><iframe loading=\"lazy\" class=\"wp-embedded-content\" sandbox=\"allow-scripts\" security=\"restricted\" style=\"position: absolute; visibility: hidden;\" title=\"\u00ab\u00a0D\u00e9couverte de la ville\u00a0\u00bb &#8212; Orazio Puglisi\" src=\"https:\/\/oraziopuglisi.art\/index.php\/decouverte-de-la-ville-2\/embed\/#?secret=UVgXEySsRu#?secret=BnkIktHrg9\" data-secret=\"BnkIktHrg9\" width=\"600\" height=\"338\" frameborder=\"0\" marginwidth=\"0\" marginheight=\"0\" scrolling=\"no\"><\/iframe><\/p>\n<p>&nbsp;<\/p>\n<blockquote class=\"wp-embedded-content\" data-secret=\"956UrVRJXl\"><p><a href=\"https:\/\/oraziopuglisi.art\/index.php\/hotel-du-vin-et-bistrot\/\">H\u00f4tel du Vin et Bistro<\/a><\/p><\/blockquote>\n<p><iframe loading=\"lazy\" class=\"wp-embedded-content\" sandbox=\"allow-scripts\" security=\"restricted\" style=\"position: absolute; visibility: hidden;\" title=\"\u00ab\u00a0H\u00f4tel du Vin et Bistro\u00a0\u00bb &#8212; Orazio Puglisi\" src=\"https:\/\/oraziopuglisi.art\/index.php\/hotel-du-vin-et-bistrot\/embed\/#?secret=mBhcVahVFR#?secret=956UrVRJXl\" data-secret=\"956UrVRJXl\" width=\"600\" height=\"338\" frameborder=\"0\" marginwidth=\"0\" marginheight=\"0\" scrolling=\"no\"><\/iframe><\/p>\n<p>&nbsp;<\/p>\n<blockquote class=\"wp-embedded-content\" data-secret=\"L2cooMgDUy\"><p><a href=\"https:\/\/oraziopuglisi.art\/index.php\/parc-cimetiere-greyfriars\/\">Parc Cimeti\u00e8re Greyfriars<\/a><\/p><\/blockquote>\n<p><iframe loading=\"lazy\" class=\"wp-embedded-content\" sandbox=\"allow-scripts\" security=\"restricted\" style=\"position: absolute; visibility: hidden;\" title=\"\u00ab\u00a0Parc Cimeti\u00e8re Greyfriars\u00a0\u00bb &#8212; Orazio Puglisi\" src=\"https:\/\/oraziopuglisi.art\/index.php\/parc-cimetiere-greyfriars\/embed\/#?secret=ZC6gXewue0#?secret=L2cooMgDUy\" data-secret=\"L2cooMgDUy\" width=\"600\" height=\"338\" frameborder=\"0\" marginwidth=\"0\" marginheight=\"0\" scrolling=\"no\"><\/iframe><\/p>\n<p>&nbsp;<\/p>\n<blockquote class=\"wp-embedded-content\" data-secret=\"YWSaJnEDNS\"><p><a href=\"https:\/\/oraziopuglisi.art\/index.php\/20058-2\/\">Greyfriars Hall<\/a><\/p><\/blockquote>\n<p><iframe loading=\"lazy\" class=\"wp-embedded-content\" sandbox=\"allow-scripts\" security=\"restricted\" style=\"position: absolute; visibility: hidden;\" title=\"\u00ab\u00a0Greyfriars Hall\u00a0\u00bb &#8212; Orazio Puglisi\" src=\"https:\/\/oraziopuglisi.art\/index.php\/20058-2\/embed\/#?secret=bqF8xAXfNN#?secret=YWSaJnEDNS\" data-secret=\"YWSaJnEDNS\" width=\"600\" height=\"338\" frameborder=\"0\" marginwidth=\"0\" marginheight=\"0\" scrolling=\"no\"><\/iframe><\/p>\n<p>&nbsp;<\/p>\n<blockquote class=\"wp-embedded-content\" data-secret=\"CpSthPanpc\"><p><a href=\"https:\/\/oraziopuglisi.art\/index.php\/the-knights-vault\/\">The Knights Vault<\/a><\/p><\/blockquote>\n<p><iframe loading=\"lazy\" class=\"wp-embedded-content\" sandbox=\"allow-scripts\" security=\"restricted\" style=\"position: absolute; visibility: hidden;\" title=\"\u00ab\u00a0The Knights Vault\u00a0\u00bb &#8212; Orazio Puglisi\" src=\"https:\/\/oraziopuglisi.art\/index.php\/the-knights-vault\/embed\/#?secret=M32jgd2tp1#?secret=CpSthPanpc\" data-secret=\"CpSthPanpc\" width=\"600\" height=\"338\" frameborder=\"0\" marginwidth=\"0\" marginheight=\"0\" scrolling=\"no\"><\/iframe><\/p>\n<p>&nbsp;<\/p>\n<p>&nbsp;<\/p>\n<blockquote class=\"wp-embedded-content\" data-secret=\"xdcJTNbcPv\"><p><a href=\"https:\/\/oraziopuglisi.art\/index.php\/boutique-chic-pour-mesdames\/\">Boutique Chic pour Mesdames<\/a><\/p><\/blockquote>\n<p><iframe loading=\"lazy\" class=\"wp-embedded-content\" sandbox=\"allow-scripts\" security=\"restricted\" style=\"position: absolute; visibility: hidden;\" title=\"\u00ab\u00a0Boutique Chic pour Mesdames\u00a0\u00bb &#8212; Orazio Puglisi\" src=\"https:\/\/oraziopuglisi.art\/index.php\/boutique-chic-pour-mesdames\/embed\/#?secret=jjJk34I4RY#?secret=xdcJTNbcPv\" data-secret=\"xdcJTNbcPv\" width=\"600\" height=\"338\" frameborder=\"0\" marginwidth=\"0\" marginheight=\"0\" scrolling=\"no\"><\/iframe><\/p>\n<p>&nbsp;<\/p>\n<blockquote class=\"wp-embedded-content\" data-secret=\"lbTsJJ9QB3\"><p><a href=\"https:\/\/oraziopuglisi.art\/index.php\/la-ballade-continue\/\">La Ballade continue<\/a><\/p><\/blockquote>\n<p><iframe loading=\"lazy\" class=\"wp-embedded-content\" sandbox=\"allow-scripts\" security=\"restricted\" style=\"position: absolute; visibility: hidden;\" title=\"\u00ab\u00a0La Ballade continue\u00a0\u00bb &#8212; Orazio Puglisi\" src=\"https:\/\/oraziopuglisi.art\/index.php\/la-ballade-continue\/embed\/#?secret=f4YsHaniTZ#?secret=lbTsJJ9QB3\" data-secret=\"lbTsJJ9QB3\" width=\"600\" height=\"338\" frameborder=\"0\" marginwidth=\"0\" marginheight=\"0\" scrolling=\"no\"><\/iframe><\/p>\n<p>&nbsp;<\/p>\n<p><iframe loading=\"lazy\" title=\"Sur la place du Hub apr\u00e8s boutique Walker slater\" width=\"506\" height=\"900\" src=\"https:\/\/www.youtube.com\/embed\/lFEbzsZHQcc?feature=oembed\" frameborder=\"0\" allow=\"accelerometer; autoplay; clipboard-write; encrypted-media; gyroscope; picture-in-picture; web-share\" referrerpolicy=\"strict-origin-when-cross-origin\" allowfullscreen><\/iframe><\/p>\n<p>&nbsp;<\/p>\n<blockquote class=\"wp-embedded-content\" data-secret=\"c7WvykrwAq\"><p><a href=\"https:\/\/oraziopuglisi.art\/index.php\/the-hub\/\">The Hub<\/a><\/p><\/blockquote>\n<p><iframe loading=\"lazy\" class=\"wp-embedded-content\" sandbox=\"allow-scripts\" security=\"restricted\" style=\"position: absolute; visibility: hidden;\" title=\"\u00ab\u00a0The Hub\u00a0\u00bb &#8212; Orazio Puglisi\" src=\"https:\/\/oraziopuglisi.art\/index.php\/the-hub\/embed\/#?secret=dq3Lx56yyj#?secret=c7WvykrwAq\" data-secret=\"c7WvykrwAq\" width=\"600\" height=\"338\" frameborder=\"0\" marginwidth=\"0\" marginheight=\"0\" scrolling=\"no\"><\/iframe><\/p>\n<p>&nbsp;<\/p>\n<p><iframe loading=\"lazy\" title=\"En direction du chateau\" width=\"600\" height=\"338\" src=\"https:\/\/www.youtube.com\/embed\/dRBgYI6N5kU?feature=oembed\" frameborder=\"0\" allow=\"accelerometer; autoplay; clipboard-write; encrypted-media; gyroscope; picture-in-picture; web-share\" referrerpolicy=\"strict-origin-when-cross-origin\" allowfullscreen><\/iframe><\/p>\n<p>&nbsp;<\/p>\n<blockquote class=\"wp-embedded-content\" data-secret=\"dFNcVfDPDU\"><p><a href=\"https:\/\/oraziopuglisi.art\/index.php\/place-du-chateau\/\">Place du Chateau<\/a><\/p><\/blockquote>\n<p><iframe loading=\"lazy\" class=\"wp-embedded-content\" sandbox=\"allow-scripts\" security=\"restricted\" style=\"position: absolute; visibility: hidden;\" title=\"\u00ab\u00a0Place du Chateau\u00a0\u00bb &#8212; Orazio Puglisi\" src=\"https:\/\/oraziopuglisi.art\/index.php\/place-du-chateau\/embed\/#?secret=kXJCu4rgFl#?secret=dFNcVfDPDU\" data-secret=\"dFNcVfDPDU\" width=\"600\" height=\"338\" frameborder=\"0\" marginwidth=\"0\" marginheight=\"0\" scrolling=\"no\"><\/iframe><\/p>\n<p>&nbsp;<\/p>\n<p><iframe loading=\"lazy\" title=\"A la recherche de l&#039;\u00e9glise St Gilles\" width=\"506\" height=\"900\" src=\"https:\/\/www.youtube.com\/embed\/sFuWGLETMnM?feature=oembed\" frameborder=\"0\" allow=\"accelerometer; autoplay; clipboard-write; encrypted-media; gyroscope; picture-in-picture; web-share\" referrerpolicy=\"strict-origin-when-cross-origin\" allowfullscreen><\/iframe><\/p>\n<p>&nbsp;<\/p>\n<blockquote class=\"wp-embedded-content\" data-secret=\"bpGuLsLKKQ\"><p><a href=\"https:\/\/oraziopuglisi.art\/index.php\/cathedrale-saint-gilles\/\">Cath\u00e9drale Saint Gilles<\/a><\/p><\/blockquote>\n<p><iframe loading=\"lazy\" class=\"wp-embedded-content\" sandbox=\"allow-scripts\" security=\"restricted\" style=\"position: absolute; visibility: hidden;\" title=\"\u00ab\u00a0Cath\u00e9drale Saint Gilles\u00a0\u00bb &#8212; Orazio Puglisi\" src=\"https:\/\/oraziopuglisi.art\/index.php\/cathedrale-saint-gilles\/embed\/#?secret=NJH44xltpX#?secret=bpGuLsLKKQ\" data-secret=\"bpGuLsLKKQ\" width=\"600\" height=\"338\" frameborder=\"0\" marginwidth=\"0\" marginheight=\"0\" scrolling=\"no\"><\/iframe><\/p>\n<p>&nbsp;<\/p>\n<blockquote class=\"wp-embedded-content\" data-secret=\"CdA4AkcA7T\"><p><a href=\"https:\/\/oraziopuglisi.art\/index.php\/musee-du-whisky\/\">Mus\u00e9e du Whisky<\/a><\/p><\/blockquote>\n<p><iframe loading=\"lazy\" class=\"wp-embedded-content\" sandbox=\"allow-scripts\" security=\"restricted\" style=\"position: absolute; visibility: hidden;\" title=\"\u00ab\u00a0Mus\u00e9e du Whisky\u00a0\u00bb &#8212; Orazio Puglisi\" src=\"https:\/\/oraziopuglisi.art\/index.php\/musee-du-whisky\/embed\/#?secret=hdtwUBd4F7#?secret=CdA4AkcA7T\" data-secret=\"CdA4AkcA7T\" width=\"600\" height=\"338\" frameborder=\"0\" marginwidth=\"0\" marginheight=\"0\" scrolling=\"no\"><\/iframe><\/p>\n<p>&nbsp;<\/p>\n<blockquote class=\"wp-embedded-content\" data-secret=\"OemODVSM54\"><p><a href=\"https:\/\/oraziopuglisi.art\/index.php\/cafe-ecossais-et-capuccino-cafe-contini\/\">Caf\u00e9 \u00e9cossais et Capuccino Caf\u00e9 Contini<\/a><\/p><\/blockquote>\n<p><iframe loading=\"lazy\" class=\"wp-embedded-content\" sandbox=\"allow-scripts\" security=\"restricted\" style=\"position: absolute; visibility: hidden;\" title=\"\u00ab\u00a0Caf\u00e9 \u00e9cossais et Capuccino Caf\u00e9 Contini\u00a0\u00bb &#8212; Orazio Puglisi\" src=\"https:\/\/oraziopuglisi.art\/index.php\/cafe-ecossais-et-capuccino-cafe-contini\/embed\/#?secret=dxtbEVuCR2#?secret=OemODVSM54\" data-secret=\"OemODVSM54\" width=\"600\" height=\"338\" frameborder=\"0\" marginwidth=\"0\" marginheight=\"0\" scrolling=\"no\"><\/iframe><\/p>\n<p>&nbsp;<\/p>\n<p><iframe loading=\"lazy\" title=\"Retour \u00e0 l&#039;h\u00f4tel\" width=\"506\" height=\"900\" src=\"https:\/\/www.youtube.com\/embed\/W2RMCd3WcvE?feature=oembed\" frameborder=\"0\" allow=\"accelerometer; autoplay; clipboard-write; encrypted-media; gyroscope; picture-in-picture; web-share\" referrerpolicy=\"strict-origin-when-cross-origin\" allowfullscreen><\/iframe><\/p>\n<p>&nbsp;<\/p>\n<blockquote class=\"wp-embedded-content\" data-secret=\"E1FY4Jx7ye\"><p><a href=\"https:\/\/oraziopuglisi.art\/index.php\/petit-apero-pub-avant-concert\/\">Petit Ap\u00e9ro Pub avant Concert<\/a><\/p><\/blockquote>\n<p><iframe loading=\"lazy\" class=\"wp-embedded-content\" sandbox=\"allow-scripts\" security=\"restricted\" style=\"position: absolute; visibility: hidden;\" title=\"\u00ab\u00a0Petit Ap\u00e9ro Pub avant Concert\u00a0\u00bb &#8212; Orazio Puglisi\" src=\"https:\/\/oraziopuglisi.art\/index.php\/petit-apero-pub-avant-concert\/embed\/#?secret=XDUoASHgcO#?secret=E1FY4Jx7ye\" data-secret=\"E1FY4Jx7ye\" width=\"600\" height=\"338\" frameborder=\"0\" marginwidth=\"0\" marginheight=\"0\" scrolling=\"no\"><\/iframe><\/p>\n<p>&nbsp;<\/p>\n<p>&nbsp;<\/p>\n<blockquote class=\"wp-embedded-content\" data-secret=\"5pisns5Vrd\"><p><a href=\"https:\/\/oraziopuglisi.art\/index.php\/concert-eglise-saint-gilles\/\">Concert Eglise Saint Gilles<\/a><\/p><\/blockquote>\n<p><iframe loading=\"lazy\" class=\"wp-embedded-content\" sandbox=\"allow-scripts\" security=\"restricted\" style=\"position: absolute; visibility: hidden;\" title=\"\u00ab\u00a0Concert Eglise Saint Gilles\u00a0\u00bb &#8212; Orazio Puglisi\" src=\"https:\/\/oraziopuglisi.art\/index.php\/concert-eglise-saint-gilles\/embed\/#?secret=shIuvMImPo#?secret=5pisns5Vrd\" data-secret=\"5pisns5Vrd\" width=\"600\" height=\"338\" frameborder=\"0\" marginwidth=\"0\" marginheight=\"0\" scrolling=\"no\"><\/iframe><\/p>\n<p>&nbsp;<\/p>\n<blockquote class=\"wp-embedded-content\" data-secret=\"HQGeXYYbVx\"><p><a href=\"https:\/\/oraziopuglisi.art\/index.php\/restaurant-contini\/\">Restaurant Contini<\/a><\/p><\/blockquote>\n<p><iframe loading=\"lazy\" class=\"wp-embedded-content\" sandbox=\"allow-scripts\" security=\"restricted\" style=\"position: absolute; visibility: hidden;\" title=\"\u00ab\u00a0Restaurant Contini\u00a0\u00bb &#8212; Orazio Puglisi\" src=\"https:\/\/oraziopuglisi.art\/index.php\/restaurant-contini\/embed\/#?secret=hgcMZ6cA3n#?secret=HQGeXYYbVx\" data-secret=\"HQGeXYYbVx\" width=\"600\" height=\"338\" frameborder=\"0\" marginwidth=\"0\" marginheight=\"0\" scrolling=\"no\"><\/iframe><\/p>\n<p>&nbsp;<\/p>\n<p>&nbsp;<\/p>\n","protected":false},"excerpt":{"rendered":"<p>Petit d\u00e9j &nbsp; Ballade dans le Parc &nbsp; Arriv\u00e9e en centre Ville &nbsp; D\u00e9couverte de la ville &nbsp; H\u00f4tel du Vin et Bistro &nbsp; Parc Cimeti\u00e8re Greyfriars &nbsp; Greyfriars Hall &nbsp; The Knights Vault &nbsp; &nbsp; Boutique Chic pour Mesdames &nbsp; La Ballade continue &nbsp; &nbsp; The Hub &nbsp; &nbsp; Place du Chateau &nbsp; &nbsp; [&hellip;]<\/p>\n","protected":false},"author":1,"featured_media":19276,"parent":0,"menu_order":0,"comment_status":"closed","ping_status":"closed","template":"","meta":{"footnotes":""},"class_list":["post-19267","page","type-page","status-publish","has-post-thumbnail","hentry"],"_links":{"self":[{"href":"https:\/\/oraziopuglisi.art\/index.php\/wp-json\/wp\/v2\/pages\/19267","targetHints":{"allow":["GET"]}}],"collection":[{"href":"https:\/\/oraziopuglisi.art\/index.php\/wp-json\/wp\/v2\/pages"}],"about":[{"href":"https:\/\/oraziopuglisi.art\/index.php\/wp-json\/wp\/v2\/types\/page"}],"author":[{"embeddable":true,"href":"https:\/\/oraziopuglisi.art\/index.php\/wp-json\/wp\/v2\/users\/1"}],"replies":[{"embeddable":true,"href":"https:\/\/oraziopuglisi.art\/index.php\/wp-json\/wp\/v2\/comments?post=19267"}],"version-history":[{"count":41,"href":"https:\/\/oraziopuglisi.art\/index.php\/wp-json\/wp\/v2\/pages\/19267\/revisions"}],"predecessor-version":[{"id":20395,"href":"https:\/\/oraziopuglisi.art\/index.php\/wp-json\/wp\/v2\/pages\/19267\/revisions\/20395"}],"wp:featuredmedia":[{"embeddable":true,"href":"https:\/\/oraziopuglisi.art\/index.php\/wp-json\/wp\/v2\/media\/19276"}],"wp:attachment":[{"href":"https:\/\/oraziopuglisi.art\/index.php\/wp-json\/wp\/v2\/media?parent=19267"}],"curies":[{"name":"wp","href":"https:\/\/api.w.org\/{rel}","templated":true}]}}