{"id":19139,"date":"2025-09-30T20:26:42","date_gmt":"2025-09-30T18:26:42","guid":{"rendered":"https:\/\/oraziopuglisi.art\/?page_id=19139"},"modified":"2025-09-30T20:42:11","modified_gmt":"2025-09-30T18:42:11","slug":"nico-les-ecrins-fin-septembre-2025","status":"publish","type":"page","link":"https:\/\/oraziopuglisi.art\/index.php\/nico-les-ecrins-fin-septembre-2025\/","title":{"rendered":"Nico les Ecrins Fin Septembre 2025"},"content":{"rendered":"<p style=\"text-align: justify;\"><a href=\"https:\/\/fr.wikipedia.org\/wiki\/Massif_des_%C3%89crins\">Le\u00a0<b>massif des \u00c9crins<\/b><\/a>\u00a0est un grand massif\u00a0<a title=\"Montagne\" href=\"https:\/\/fr.wikipedia.org\/wiki\/Montagne\">montagneux<\/a>\u00a0des\u00a0<a title=\"Alpes fran\u00e7aises\" href=\"https:\/\/fr.wikipedia.org\/wiki\/Alpes_fran%C3%A7aises\">Alpes fran\u00e7aises<\/a>\u00a0situ\u00e9 dans les\u00a0<a title=\"Hautes-Alpes\" href=\"https:\/\/fr.wikipedia.org\/wiki\/Hautes-Alpes\">Hautes-Alpes<\/a>\u00a0et en\u00a0<a title=\"Is\u00e8re (d\u00e9partement)\" href=\"https:\/\/fr.wikipedia.org\/wiki\/Is%C3%A8re_(d%C3%A9partement)\">Is\u00e8re<\/a>.<\/p>\n<p style=\"text-align: justify;\">Il abrite d&rsquo;importants glaciers, tant en nombre qu&rsquo;en taille et poss\u00e8de deux sommets de plus de 4\u00a0000\u00a0m\u00e8tres d&rsquo;altitude.<\/p>\n<p style=\"text-align: justify;\">Autrefois, il \u00e9tait \u00e9galement nomm\u00e9\u00a0<b>massif du Pelvoux<\/b>.<\/p>\n<p>&nbsp;<\/p>\n<p><img loading=\"lazy\" decoding=\"async\" class=\"alignnone size-full wp-image-19159\" src=\"http:\/\/oraziopuglisi.art\/wp-content\/uploads\/2025\/09\/carte-generale-pne-simplifiee.jpg\" alt=\"\" width=\"590\" height=\"730\" srcset=\"https:\/\/oraziopuglisi.art\/wp-content\/uploads\/2025\/09\/carte-generale-pne-simplifiee.jpg 590w, https:\/\/oraziopuglisi.art\/wp-content\/uploads\/2025\/09\/carte-generale-pne-simplifiee-242x300.jpg 242w, https:\/\/oraziopuglisi.art\/wp-content\/uploads\/2025\/09\/carte-generale-pne-simplifiee-508x629.jpg 508w\" sizes=\"auto, (max-width: 590px) 100vw, 590px\" \/><\/p>\n<p><iframe loading=\"lazy\" title=\"TOUR DES ECRINS - Le film immersion : l&#039;invitation au voyage\" width=\"600\" height=\"338\" src=\"https:\/\/www.youtube.com\/embed\/N4orizcGHCI?feature=oembed\" frameborder=\"0\" allow=\"accelerometer; autoplay; clipboard-write; encrypted-media; gyroscope; picture-in-picture; web-share\" referrerpolicy=\"strict-origin-when-cross-origin\" allowfullscreen><\/iframe><\/p>\n<p>&nbsp;<\/p>\n<p><img loading=\"lazy\" decoding=\"async\" class=\"alignnone size-full wp-image-19156\" src=\"http:\/\/oraziopuglisi.art\/wp-content\/uploads\/2025\/09\/65fb03014d29bcedbd8c3969_lesothers-aventure-nature-outdoor-recto-verso-tour-rando-ecrins-5-56.jpeg\" alt=\"\" width=\"940\" height=\"627\" srcset=\"https:\/\/oraziopuglisi.art\/wp-content\/uploads\/2025\/09\/65fb03014d29bcedbd8c3969_lesothers-aventure-nature-outdoor-recto-verso-tour-rando-ecrins-5-56.jpeg 940w, https:\/\/oraziopuglisi.art\/wp-content\/uploads\/2025\/09\/65fb03014d29bcedbd8c3969_lesothers-aventure-nature-outdoor-recto-verso-tour-rando-ecrins-5-56-300x200.jpeg 300w, https:\/\/oraziopuglisi.art\/wp-content\/uploads\/2025\/09\/65fb03014d29bcedbd8c3969_lesothers-aventure-nature-outdoor-recto-verso-tour-rando-ecrins-5-56-768x512.jpeg 768w, https:\/\/oraziopuglisi.art\/wp-content\/uploads\/2025\/09\/65fb03014d29bcedbd8c3969_lesothers-aventure-nature-outdoor-recto-verso-tour-rando-ecrins-5-56-508x339.jpeg 508w\" sizes=\"auto, (max-width: 940px) 100vw, 940px\" \/> <img loading=\"lazy\" decoding=\"async\" class=\"alignnone size-full wp-image-19157\" src=\"http:\/\/oraziopuglisi.art\/wp-content\/uploads\/2025\/09\/balcons_037909.jpg\" alt=\"\" width=\"1024\" height=\"682\" srcset=\"https:\/\/oraziopuglisi.art\/wp-content\/uploads\/2025\/09\/balcons_037909.jpg 1024w, https:\/\/oraziopuglisi.art\/wp-content\/uploads\/2025\/09\/balcons_037909-300x200.jpg 300w, https:\/\/oraziopuglisi.art\/wp-content\/uploads\/2025\/09\/balcons_037909-768x512.jpg 768w, https:\/\/oraziopuglisi.art\/wp-content\/uploads\/2025\/09\/balcons_037909-508x338.jpg 508w\" sizes=\"auto, (max-width: 1024px) 100vw, 1024px\" \/> <img loading=\"lazy\" decoding=\"async\" class=\"aligncenter wp-image-19158\" src=\"http:\/\/oraziopuglisi.art\/wp-content\/uploads\/2025\/09\/CA1_ecrins-et-claree-les-plus-beaux-lacs.jpg\" alt=\"\" width=\"900\" height=\"900\" srcset=\"https:\/\/oraziopuglisi.art\/wp-content\/uploads\/2025\/09\/CA1_ecrins-et-claree-les-plus-beaux-lacs.jpg 370w, https:\/\/oraziopuglisi.art\/wp-content\/uploads\/2025\/09\/CA1_ecrins-et-claree-les-plus-beaux-lacs-300x300.jpg 300w, https:\/\/oraziopuglisi.art\/wp-content\/uploads\/2025\/09\/CA1_ecrins-et-claree-les-plus-beaux-lacs-150x150.jpg 150w\" sizes=\"auto, (max-width: 900px) 100vw, 900px\" \/><\/p>\n<p>&nbsp;<\/p>\n<p>\u00a0<img loading=\"lazy\" decoding=\"async\" class=\"aligncenter wp-image-19160\" src=\"http:\/\/oraziopuglisi.art\/wp-content\/uploads\/2025\/09\/images.jpg\" alt=\"\" width=\"900\" height=\"1202\" \/> <img loading=\"lazy\" decoding=\"async\" class=\"alignnone size-full wp-image-19161\" src=\"http:\/\/oraziopuglisi.art\/wp-content\/uploads\/2025\/09\/Lac-Lauvitel-Ecrins.jpg\" alt=\"\" width=\"640\" height=\"423\" srcset=\"https:\/\/oraziopuglisi.art\/wp-content\/uploads\/2025\/09\/Lac-Lauvitel-Ecrins.jpg 640w, https:\/\/oraziopuglisi.art\/wp-content\/uploads\/2025\/09\/Lac-Lauvitel-Ecrins-300x198.jpg 300w, https:\/\/oraziopuglisi.art\/wp-content\/uploads\/2025\/09\/Lac-Lauvitel-Ecrins-508x336.jpg 508w\" sizes=\"auto, (max-width: 640px) 100vw, 640px\" \/><\/p>\n<p><img loading=\"lazy\" decoding=\"async\" class=\"alignnone size-full wp-image-19141\" src=\"http:\/\/oraziopuglisi.art\/wp-content\/uploads\/2025\/09\/WhatsApp-Image-2025-09-29-a-20.08.43_a327b03e.jpg\" alt=\"\" width=\"1152\" height=\"2048\" srcset=\"https:\/\/oraziopuglisi.art\/wp-content\/uploads\/2025\/09\/WhatsApp-Image-2025-09-29-a-20.08.43_a327b03e.jpg 1152w, https:\/\/oraziopuglisi.art\/wp-content\/uploads\/2025\/09\/WhatsApp-Image-2025-09-29-a-20.08.43_a327b03e-169x300.jpg 169w, https:\/\/oraziopuglisi.art\/wp-content\/uploads\/2025\/09\/WhatsApp-Image-2025-09-29-a-20.08.43_a327b03e-576x1024.jpg 576w, https:\/\/oraziopuglisi.art\/wp-content\/uploads\/2025\/09\/WhatsApp-Image-2025-09-29-a-20.08.43_a327b03e-768x1365.jpg 768w, https:\/\/oraziopuglisi.art\/wp-content\/uploads\/2025\/09\/WhatsApp-Image-2025-09-29-a-20.08.43_a327b03e-864x1536.jpg 864w, https:\/\/oraziopuglisi.art\/wp-content\/uploads\/2025\/09\/WhatsApp-Image-2025-09-29-a-20.08.43_a327b03e-508x903.jpg 508w\" sizes=\"auto, (max-width: 1152px) 100vw, 1152px\" \/> <img loading=\"lazy\" decoding=\"async\" class=\"alignnone size-full wp-image-19142\" src=\"http:\/\/oraziopuglisi.art\/wp-content\/uploads\/2025\/09\/WhatsApp-Image-2025-09-29-a-20.08.47_b354a9d8.jpg\" alt=\"\" width=\"900\" height=\"1200\" srcset=\"https:\/\/oraziopuglisi.art\/wp-content\/uploads\/2025\/09\/WhatsApp-Image-2025-09-29-a-20.08.47_b354a9d8.jpg 900w, https:\/\/oraziopuglisi.art\/wp-content\/uploads\/2025\/09\/WhatsApp-Image-2025-09-29-a-20.08.47_b354a9d8-225x300.jpg 225w, https:\/\/oraziopuglisi.art\/wp-content\/uploads\/2025\/09\/WhatsApp-Image-2025-09-29-a-20.08.47_b354a9d8-768x1024.jpg 768w, https:\/\/oraziopuglisi.art\/wp-content\/uploads\/2025\/09\/WhatsApp-Image-2025-09-29-a-20.08.47_b354a9d8-508x677.jpg 508w\" sizes=\"auto, (max-width: 900px) 100vw, 900px\" \/> <img loading=\"lazy\" decoding=\"async\" class=\"alignnone size-full wp-image-19143\" src=\"http:\/\/oraziopuglisi.art\/wp-content\/uploads\/2025\/09\/WhatsApp-Image-2025-09-29-a-20.08.48_1b911d04.jpg\" alt=\"\" width=\"1536\" height=\"2048\" srcset=\"https:\/\/oraziopuglisi.art\/wp-content\/uploads\/2025\/09\/WhatsApp-Image-2025-09-29-a-20.08.48_1b911d04.jpg 1536w, https:\/\/oraziopuglisi.art\/wp-content\/uploads\/2025\/09\/WhatsApp-Image-2025-09-29-a-20.08.48_1b911d04-225x300.jpg 225w, https:\/\/oraziopuglisi.art\/wp-content\/uploads\/2025\/09\/WhatsApp-Image-2025-09-29-a-20.08.48_1b911d04-768x1024.jpg 768w, https:\/\/oraziopuglisi.art\/wp-content\/uploads\/2025\/09\/WhatsApp-Image-2025-09-29-a-20.08.48_1b911d04-1152x1536.jpg 1152w, https:\/\/oraziopuglisi.art\/wp-content\/uploads\/2025\/09\/WhatsApp-Image-2025-09-29-a-20.08.48_1b911d04-1240x1653.jpg 1240w, https:\/\/oraziopuglisi.art\/wp-content\/uploads\/2025\/09\/WhatsApp-Image-2025-09-29-a-20.08.48_1b911d04-508x677.jpg 508w\" sizes=\"auto, (max-width: 1536px) 100vw, 1536px\" \/> <img loading=\"lazy\" decoding=\"async\" class=\"alignnone size-full wp-image-19144\" src=\"http:\/\/oraziopuglisi.art\/wp-content\/uploads\/2025\/09\/WhatsApp-Image-2025-09-29-a-20.08.48_64696ff6.jpg\" alt=\"\" width=\"1200\" height=\"1600\" srcset=\"https:\/\/oraziopuglisi.art\/wp-content\/uploads\/2025\/09\/WhatsApp-Image-2025-09-29-a-20.08.48_64696ff6.jpg 1200w, https:\/\/oraziopuglisi.art\/wp-content\/uploads\/2025\/09\/WhatsApp-Image-2025-09-29-a-20.08.48_64696ff6-225x300.jpg 225w, https:\/\/oraziopuglisi.art\/wp-content\/uploads\/2025\/09\/WhatsApp-Image-2025-09-29-a-20.08.48_64696ff6-768x1024.jpg 768w, https:\/\/oraziopuglisi.art\/wp-content\/uploads\/2025\/09\/WhatsApp-Image-2025-09-29-a-20.08.48_64696ff6-1152x1536.jpg 1152w, https:\/\/oraziopuglisi.art\/wp-content\/uploads\/2025\/09\/WhatsApp-Image-2025-09-29-a-20.08.48_64696ff6-508x677.jpg 508w\" sizes=\"auto, (max-width: 1200px) 100vw, 1200px\" \/> <img loading=\"lazy\" decoding=\"async\" class=\"alignnone size-full wp-image-19145\" src=\"http:\/\/oraziopuglisi.art\/wp-content\/uploads\/2025\/09\/WhatsApp-Image-2025-09-29-a-20.08.49_34c5e3f9.jpg\" alt=\"\" width=\"1536\" height=\"2048\" srcset=\"https:\/\/oraziopuglisi.art\/wp-content\/uploads\/2025\/09\/WhatsApp-Image-2025-09-29-a-20.08.49_34c5e3f9.jpg 1536w, https:\/\/oraziopuglisi.art\/wp-content\/uploads\/2025\/09\/WhatsApp-Image-2025-09-29-a-20.08.49_34c5e3f9-225x300.jpg 225w, https:\/\/oraziopuglisi.art\/wp-content\/uploads\/2025\/09\/WhatsApp-Image-2025-09-29-a-20.08.49_34c5e3f9-768x1024.jpg 768w, https:\/\/oraziopuglisi.art\/wp-content\/uploads\/2025\/09\/WhatsApp-Image-2025-09-29-a-20.08.49_34c5e3f9-1152x1536.jpg 1152w, https:\/\/oraziopuglisi.art\/wp-content\/uploads\/2025\/09\/WhatsApp-Image-2025-09-29-a-20.08.49_34c5e3f9-1240x1653.jpg 1240w, https:\/\/oraziopuglisi.art\/wp-content\/uploads\/2025\/09\/WhatsApp-Image-2025-09-29-a-20.08.49_34c5e3f9-508x677.jpg 508w\" sizes=\"auto, (max-width: 1536px) 100vw, 1536px\" \/><\/p>\n<div style=\"width: 600px;\" class=\"wp-video\"><video class=\"wp-video-shortcode\" id=\"video-19139-1\" width=\"600\" height=\"340\" preload=\"metadata\" controls=\"controls\"><source type=\"video\/mp4\" src=\"http:\/\/oraziopuglisi.art\/wp-content\/uploads\/2025\/09\/WhatsApp-Video-2025-09-29-a-20.08.47_cc05cff1.mp4?_=1\" \/><a href=\"http:\/\/oraziopuglisi.art\/wp-content\/uploads\/2025\/09\/WhatsApp-Video-2025-09-29-a-20.08.47_cc05cff1.mp4\">http:\/\/oraziopuglisi.art\/wp-content\/uploads\/2025\/09\/WhatsApp-Video-2025-09-29-a-20.08.47_cc05cff1.mp4<\/a><\/video><\/div>\n<p>&nbsp;<\/p>\n<p>&nbsp;<\/p>\n<div style=\"width: 600px;\" class=\"wp-video\"><video class=\"wp-video-shortcode\" id=\"video-19139-2\" width=\"600\" height=\"340\" preload=\"metadata\" controls=\"controls\"><source type=\"video\/mp4\" src=\"http:\/\/oraziopuglisi.art\/wp-content\/uploads\/2025\/09\/WhatsApp-Video-2025-09-29-a-20.08.48_8c781b7f.mp4?_=2\" \/><a href=\"http:\/\/oraziopuglisi.art\/wp-content\/uploads\/2025\/09\/WhatsApp-Video-2025-09-29-a-20.08.48_8c781b7f.mp4\">http:\/\/oraziopuglisi.art\/wp-content\/uploads\/2025\/09\/WhatsApp-Video-2025-09-29-a-20.08.48_8c781b7f.mp4<\/a><\/video><\/div>\n<p>&nbsp;<\/p>\n<p>&nbsp;<\/p>\n<p>&nbsp;<\/p>\n<div style=\"width: 600px;\" class=\"wp-video\"><video class=\"wp-video-shortcode\" id=\"video-19139-3\" width=\"600\" height=\"340\" preload=\"metadata\" controls=\"controls\"><source type=\"video\/mp4\" src=\"http:\/\/oraziopuglisi.art\/wp-content\/uploads\/2025\/09\/WhatsApp-Video-2025-09-29-a-20.08.48_421e5047.mp4?_=3\" \/><a href=\"http:\/\/oraziopuglisi.art\/wp-content\/uploads\/2025\/09\/WhatsApp-Video-2025-09-29-a-20.08.48_421e5047.mp4\">http:\/\/oraziopuglisi.art\/wp-content\/uploads\/2025\/09\/WhatsApp-Video-2025-09-29-a-20.08.48_421e5047.mp4<\/a><\/video><\/div>\n<p>&nbsp;<\/p>\n<p>&nbsp;<\/p>\n<p>&nbsp;<\/p>\n<div style=\"width: 600px;\" class=\"wp-video\"><video class=\"wp-video-shortcode\" id=\"video-19139-4\" width=\"600\" height=\"340\" preload=\"metadata\" controls=\"controls\"><source type=\"video\/mp4\" src=\"http:\/\/oraziopuglisi.art\/wp-content\/uploads\/2025\/09\/WhatsApp-Video-2025-09-29-a-20.08.49_69a89199.mp4?_=4\" \/><a href=\"http:\/\/oraziopuglisi.art\/wp-content\/uploads\/2025\/09\/WhatsApp-Video-2025-09-29-a-20.08.49_69a89199.mp4\">http:\/\/oraziopuglisi.art\/wp-content\/uploads\/2025\/09\/WhatsApp-Video-2025-09-29-a-20.08.49_69a89199.mp4<\/a><\/video><\/div>\n<p>&nbsp;<\/p>\n<p>&nbsp;<\/p>\n<div style=\"width: 600px;\" class=\"wp-video\"><video class=\"wp-video-shortcode\" id=\"video-19139-5\" width=\"600\" height=\"340\" preload=\"metadata\" controls=\"controls\"><source type=\"video\/mp4\" src=\"http:\/\/oraziopuglisi.art\/wp-content\/uploads\/2025\/09\/WhatsApp-Video-2025-09-29-a-20.08.49_92c360cc.mp4?_=5\" \/><a href=\"http:\/\/oraziopuglisi.art\/wp-content\/uploads\/2025\/09\/WhatsApp-Video-2025-09-29-a-20.08.49_92c360cc.mp4\">http:\/\/oraziopuglisi.art\/wp-content\/uploads\/2025\/09\/WhatsApp-Video-2025-09-29-a-20.08.49_92c360cc.mp4<\/a><\/video><\/div>\n<p>&nbsp;<\/p>\n<p>&nbsp;<\/p>\n<div style=\"width: 600px;\" class=\"wp-video\"><video class=\"wp-video-shortcode\" id=\"video-19139-6\" width=\"600\" height=\"340\" preload=\"metadata\" controls=\"controls\"><source type=\"video\/mp4\" src=\"http:\/\/oraziopuglisi.art\/wp-content\/uploads\/2025\/09\/WhatsApp-Video-2025-09-29-a-20.08.49_98981d34.mp4?_=6\" \/><a href=\"http:\/\/oraziopuglisi.art\/wp-content\/uploads\/2025\/09\/WhatsApp-Video-2025-09-29-a-20.08.49_98981d34.mp4\">http:\/\/oraziopuglisi.art\/wp-content\/uploads\/2025\/09\/WhatsApp-Video-2025-09-29-a-20.08.49_98981d34.mp4<\/a><\/video><\/div>\n<p>&nbsp;<\/p>\n<p>&nbsp;<\/p>\n","protected":false},"excerpt":{"rendered":"<p>Le\u00a0massif des \u00c9crins\u00a0est un grand massif\u00a0montagneux\u00a0des\u00a0Alpes fran\u00e7aises\u00a0situ\u00e9 dans les\u00a0Hautes-Alpes\u00a0et en\u00a0Is\u00e8re. Il abrite d&rsquo;importants glaciers, tant en nombre qu&rsquo;en taille et poss\u00e8de deux sommets de plus de 4\u00a0000\u00a0m\u00e8tres d&rsquo;altitude. Autrefois, il \u00e9tait \u00e9galement nomm\u00e9\u00a0massif du Pelvoux. &nbsp; &nbsp; &nbsp; \u00a0 &nbsp; &nbsp; &nbsp; &nbsp; &nbsp; &nbsp; &nbsp; &nbsp; &nbsp; &nbsp; &nbsp; &nbsp; &nbsp; &nbsp;<\/p>\n","protected":false},"author":1,"featured_media":19142,"parent":0,"menu_order":0,"comment_status":"closed","ping_status":"closed","template":"","meta":{"footnotes":""},"class_list":["post-19139","page","type-page","status-publish","has-post-thumbnail","hentry"],"_links":{"self":[{"href":"https:\/\/oraziopuglisi.art\/index.php\/wp-json\/wp\/v2\/pages\/19139","targetHints":{"allow":["GET"]}}],"collection":[{"href":"https:\/\/oraziopuglisi.art\/index.php\/wp-json\/wp\/v2\/pages"}],"about":[{"href":"https:\/\/oraziopuglisi.art\/index.php\/wp-json\/wp\/v2\/types\/page"}],"author":[{"embeddable":true,"href":"https:\/\/oraziopuglisi.art\/index.php\/wp-json\/wp\/v2\/users\/1"}],"replies":[{"embeddable":true,"href":"https:\/\/oraziopuglisi.art\/index.php\/wp-json\/wp\/v2\/comments?post=19139"}],"version-history":[{"count":8,"href":"https:\/\/oraziopuglisi.art\/index.php\/wp-json\/wp\/v2\/pages\/19139\/revisions"}],"predecessor-version":[{"id":19164,"href":"https:\/\/oraziopuglisi.art\/index.php\/wp-json\/wp\/v2\/pages\/19139\/revisions\/19164"}],"wp:featuredmedia":[{"embeddable":true,"href":"https:\/\/oraziopuglisi.art\/index.php\/wp-json\/wp\/v2\/media\/19142"}],"wp:attachment":[{"href":"https:\/\/oraziopuglisi.art\/index.php\/wp-json\/wp\/v2\/media?parent=19139"}],"curies":[{"name":"wp","href":"https:\/\/api.w.org\/{rel}","templated":true}]}}