{"id":19127,"date":"2025-09-30T20:13:54","date_gmt":"2025-09-30T18:13:54","guid":{"rendered":"https:\/\/oraziopuglisi.art\/?page_id=19127"},"modified":"2025-09-30T20:22:31","modified_gmt":"2025-09-30T18:22:31","slug":"il-zio-ciccio","status":"publish","type":"page","link":"https:\/\/oraziopuglisi.art\/index.php\/il-zio-ciccio\/","title":{"rendered":"Il Zio Ciccio"},"content":{"rendered":"<p style=\"text-align: justify;\">Il Zio Ciccio nous a quitt\u00e9 le dimanche 28 Septembre 2025 dans la nuit. Malgr\u00e9 tout ce fut une lib\u00e9ration pour l&rsquo;oncle et toute la famill tant il \u00e9tait affaibli et clou\u00e9 au lit !\u00a0<\/p>\n<p><img loading=\"lazy\" decoding=\"async\" class=\"alignnone size-full wp-image-19134\" src=\"http:\/\/oraziopuglisi.art\/wp-content\/uploads\/2025\/09\/Il-Zio-Ciccio.jpg\" alt=\"\" width=\"900\" height=\"1600\" srcset=\"https:\/\/oraziopuglisi.art\/wp-content\/uploads\/2025\/09\/Il-Zio-Ciccio.jpg 900w, https:\/\/oraziopuglisi.art\/wp-content\/uploads\/2025\/09\/Il-Zio-Ciccio-169x300.jpg 169w, https:\/\/oraziopuglisi.art\/wp-content\/uploads\/2025\/09\/Il-Zio-Ciccio-576x1024.jpg 576w, https:\/\/oraziopuglisi.art\/wp-content\/uploads\/2025\/09\/Il-Zio-Ciccio-768x1365.jpg 768w, https:\/\/oraziopuglisi.art\/wp-content\/uploads\/2025\/09\/Il-Zio-Ciccio-864x1536.jpg 864w, https:\/\/oraziopuglisi.art\/wp-content\/uploads\/2025\/09\/Il-Zio-Ciccio-508x903.jpg 508w\" sizes=\"auto, (max-width: 900px) 100vw, 900px\" \/><\/p>\n<p>&nbsp;<\/p>\n<p style=\"text-align: justify;\">Je me rappelle la premi\u00e8re que je me suis rendu en Scile j&rsquo;avais moins de 10 ans. Il Zio Cicccio dans la chaleur de Sicile et de Nizza qui jouait de fa\u00e7on enfi\u00e9vr\u00e9e de la Fisarmonica avec Salvatore aussi \u00e0 la Fisarmonica et Nino \u00e0 la guitare sous la vigne aux gros grains verts et sucr\u00e9s. Tout \u00e7\u00e0 dans la maison de Papa et Maman !!!<\/p>\n<p>&nbsp;<\/p>\n<p>Riccordi&#8230;<\/p>\n<p style=\"text-align: justify;\"><img loading=\"lazy\" decoding=\"async\" class=\"alignnone size-full wp-image-19131\" src=\"http:\/\/oraziopuglisi.art\/wp-content\/uploads\/2025\/09\/WhatsApp-Image-2025-09-30-a-19.45.40_d05c14c0-1.jpg\" alt=\"\" width=\"1536\" height=\"2048\" srcset=\"https:\/\/oraziopuglisi.art\/wp-content\/uploads\/2025\/09\/WhatsApp-Image-2025-09-30-a-19.45.40_d05c14c0-1.jpg 1536w, https:\/\/oraziopuglisi.art\/wp-content\/uploads\/2025\/09\/WhatsApp-Image-2025-09-30-a-19.45.40_d05c14c0-1-225x300.jpg 225w, https:\/\/oraziopuglisi.art\/wp-content\/uploads\/2025\/09\/WhatsApp-Image-2025-09-30-a-19.45.40_d05c14c0-1-768x1024.jpg 768w, https:\/\/oraziopuglisi.art\/wp-content\/uploads\/2025\/09\/WhatsApp-Image-2025-09-30-a-19.45.40_d05c14c0-1-1152x1536.jpg 1152w, https:\/\/oraziopuglisi.art\/wp-content\/uploads\/2025\/09\/WhatsApp-Image-2025-09-30-a-19.45.40_d05c14c0-1-1240x1653.jpg 1240w, https:\/\/oraziopuglisi.art\/wp-content\/uploads\/2025\/09\/WhatsApp-Image-2025-09-30-a-19.45.40_d05c14c0-1-508x677.jpg 508w\" sizes=\"auto, (max-width: 1536px) 100vw, 1536px\" \/><\/p>\n<p>&nbsp;<\/p>\n<p>&nbsp;<\/p>\n","protected":false},"excerpt":{"rendered":"<p>Il Zio Ciccio nous a quitt\u00e9 le dimanche 28 Septembre 2025 dans la nuit. Malgr\u00e9 tout ce fut une lib\u00e9ration pour l&rsquo;oncle et toute la famill tant il \u00e9tait affaibli et clou\u00e9 au lit !\u00a0 &nbsp; Je me rappelle la premi\u00e8re que je me suis rendu en Scile j&rsquo;avais moins de 10 ans. Il Zio [&hellip;]<\/p>\n","protected":false},"author":1,"featured_media":19134,"parent":0,"menu_order":0,"comment_status":"closed","ping_status":"closed","template":"","meta":{"footnotes":""},"class_list":["post-19127","page","type-page","status-publish","has-post-thumbnail","hentry"],"_links":{"self":[{"href":"https:\/\/oraziopuglisi.art\/index.php\/wp-json\/wp\/v2\/pages\/19127","targetHints":{"allow":["GET"]}}],"collection":[{"href":"https:\/\/oraziopuglisi.art\/index.php\/wp-json\/wp\/v2\/pages"}],"about":[{"href":"https:\/\/oraziopuglisi.art\/index.php\/wp-json\/wp\/v2\/types\/page"}],"author":[{"embeddable":true,"href":"https:\/\/oraziopuglisi.art\/index.php\/wp-json\/wp\/v2\/users\/1"}],"replies":[{"embeddable":true,"href":"https:\/\/oraziopuglisi.art\/index.php\/wp-json\/wp\/v2\/comments?post=19127"}],"version-history":[{"count":8,"href":"https:\/\/oraziopuglisi.art\/index.php\/wp-json\/wp\/v2\/pages\/19127\/revisions"}],"predecessor-version":[{"id":19137,"href":"https:\/\/oraziopuglisi.art\/index.php\/wp-json\/wp\/v2\/pages\/19127\/revisions\/19137"}],"wp:featuredmedia":[{"embeddable":true,"href":"https:\/\/oraziopuglisi.art\/index.php\/wp-json\/wp\/v2\/media\/19134"}],"wp:attachment":[{"href":"https:\/\/oraziopuglisi.art\/index.php\/wp-json\/wp\/v2\/media?parent=19127"}],"curies":[{"name":"wp","href":"https:\/\/api.w.org\/{rel}","templated":true}]}}