{"id":19083,"date":"2025-09-26T23:06:27","date_gmt":"2025-09-26T21:06:27","guid":{"rendered":"https:\/\/oraziopuglisi.art\/?page_id=19083"},"modified":"2025-09-26T23:11:24","modified_gmt":"2025-09-26T21:11:24","slug":"lce-soiree-sur-le-port","status":"publish","type":"page","link":"https:\/\/oraziopuglisi.art\/index.php\/lce-soiree-sur-le-port\/","title":{"rendered":"Lce Soir\u00e9e sur le Port"},"content":{"rendered":"<p style=\"text-align: center;\">Et\u00e9 2025<\/p>\n<p style=\"text-align: center;\">En juillet ou Aout je ne sais plus !!<\/p>\n<p>&nbsp;<\/p>\n<p><img loading=\"lazy\" decoding=\"async\" class=\"alignnone size-full wp-image-19085\" src=\"http:\/\/oraziopuglisi.art\/wp-content\/uploads\/2025\/09\/WhatsApp-Image-2025-09-26-a-22.55.49_9634c7c3.jpg\" alt=\"\" width=\"1512\" height=\"2016\" srcset=\"https:\/\/oraziopuglisi.art\/wp-content\/uploads\/2025\/09\/WhatsApp-Image-2025-09-26-a-22.55.49_9634c7c3.jpg 1512w, https:\/\/oraziopuglisi.art\/wp-content\/uploads\/2025\/09\/WhatsApp-Image-2025-09-26-a-22.55.49_9634c7c3-225x300.jpg 225w, https:\/\/oraziopuglisi.art\/wp-content\/uploads\/2025\/09\/WhatsApp-Image-2025-09-26-a-22.55.49_9634c7c3-768x1024.jpg 768w, https:\/\/oraziopuglisi.art\/wp-content\/uploads\/2025\/09\/WhatsApp-Image-2025-09-26-a-22.55.49_9634c7c3-1152x1536.jpg 1152w, https:\/\/oraziopuglisi.art\/wp-content\/uploads\/2025\/09\/WhatsApp-Image-2025-09-26-a-22.55.49_9634c7c3-1240x1653.jpg 1240w, https:\/\/oraziopuglisi.art\/wp-content\/uploads\/2025\/09\/WhatsApp-Image-2025-09-26-a-22.55.49_9634c7c3-508x677.jpg 508w\" sizes=\"auto, (max-width: 1512px) 100vw, 1512px\" \/> <img loading=\"lazy\" decoding=\"async\" class=\"alignnone size-full wp-image-19086\" src=\"http:\/\/oraziopuglisi.art\/wp-content\/uploads\/2025\/09\/WhatsApp-Image-2025-09-26-a-22.57.06_fad679d0.jpg\" alt=\"\" width=\"1512\" height=\"2016\" srcset=\"https:\/\/oraziopuglisi.art\/wp-content\/uploads\/2025\/09\/WhatsApp-Image-2025-09-26-a-22.57.06_fad679d0.jpg 1512w, https:\/\/oraziopuglisi.art\/wp-content\/uploads\/2025\/09\/WhatsApp-Image-2025-09-26-a-22.57.06_fad679d0-225x300.jpg 225w, https:\/\/oraziopuglisi.art\/wp-content\/uploads\/2025\/09\/WhatsApp-Image-2025-09-26-a-22.57.06_fad679d0-768x1024.jpg 768w, https:\/\/oraziopuglisi.art\/wp-content\/uploads\/2025\/09\/WhatsApp-Image-2025-09-26-a-22.57.06_fad679d0-1152x1536.jpg 1152w, https:\/\/oraziopuglisi.art\/wp-content\/uploads\/2025\/09\/WhatsApp-Image-2025-09-26-a-22.57.06_fad679d0-1240x1653.jpg 1240w, https:\/\/oraziopuglisi.art\/wp-content\/uploads\/2025\/09\/WhatsApp-Image-2025-09-26-a-22.57.06_fad679d0-508x677.jpg 508w\" sizes=\"auto, (max-width: 1512px) 100vw, 1512px\" \/> <img loading=\"lazy\" decoding=\"async\" class=\"alignnone size-full wp-image-19087\" src=\"http:\/\/oraziopuglisi.art\/wp-content\/uploads\/2025\/09\/WhatsApp-Image-2025-09-26-a-22.57.58_48b28cbc.jpg\" alt=\"\" width=\"1512\" height=\"2016\" srcset=\"https:\/\/oraziopuglisi.art\/wp-content\/uploads\/2025\/09\/WhatsApp-Image-2025-09-26-a-22.57.58_48b28cbc.jpg 1512w, https:\/\/oraziopuglisi.art\/wp-content\/uploads\/2025\/09\/WhatsApp-Image-2025-09-26-a-22.57.58_48b28cbc-225x300.jpg 225w, https:\/\/oraziopuglisi.art\/wp-content\/uploads\/2025\/09\/WhatsApp-Image-2025-09-26-a-22.57.58_48b28cbc-768x1024.jpg 768w, https:\/\/oraziopuglisi.art\/wp-content\/uploads\/2025\/09\/WhatsApp-Image-2025-09-26-a-22.57.58_48b28cbc-1152x1536.jpg 1152w, https:\/\/oraziopuglisi.art\/wp-content\/uploads\/2025\/09\/WhatsApp-Image-2025-09-26-a-22.57.58_48b28cbc-1240x1653.jpg 1240w, https:\/\/oraziopuglisi.art\/wp-content\/uploads\/2025\/09\/WhatsApp-Image-2025-09-26-a-22.57.58_48b28cbc-508x677.jpg 508w\" sizes=\"auto, (max-width: 1512px) 100vw, 1512px\" \/><\/p>\n<p>&nbsp;<\/p>\n<p style=\"text-align: justify;\">Bonjour \ud83d\ude42<br \/>\nOn s\u2019\u00e9tait crois\u00e9s \u00e0 votre stand \u00e0 La Ciotat, autour des \u00e9checs. Vous m\u2019aviez donn\u00e9 votre carte pour que je vous envoie nos photos, mais je l\u2019ai \u00e9gar\u00e9e\u2026 Heureusement, j\u2019ai r\u00e9ussi \u00e0 retrouver votre contact et j\u2019en suis vraiment ravie !<br \/>\nJ\u2019ai trouv\u00e9 votre passion tr\u00e8s inspirante et j\u2019en garde un super souvenir. Vous m\u2019aviez aussi gliss\u00e9 une jolie phrase, en soulignant que malgr\u00e9 mon jeune \u00e2ge j\u2019\u00e9tais souriante et naturelle, et que je ne devrais jamais changer.<br \/>\nMerci encore pour ces mots qui m\u2019ont beaucoup\u00a0touch\u00e9e\u00a0\ud83d\ude42<\/p>\n<p>&nbsp;<\/p>\n<p style=\"text-align: center;\">07 69 38 54 33<\/p>\n<p>&nbsp;<\/p>\n<p style=\"text-align: center;\">Je lui avais r\u00e9pondu\u00a0<\/p>\n<p>&nbsp;<\/p>\n<p style=\"text-align: justify;\">Merci bcp pour ces mots qui me touchent aussi bcp. Je me souviens bien de votre petite \u00e9quipe tr\u00e8s sympathique et intelligente. J&rsquo;ai eu bcp de plaisir \u00e0 passer du temps en votre compagnie&#8230;je ne me rappelle plus de ton pr\u00e9nom mais c vrai ta personnalit\u00e9 positive te fera une vie positive j&rsquo;en suis s\u00fbr&#8230;je vous embrasse tous les trois&#8230;et a bient\u00f4t&#8230;l&rsquo;\u00e9t\u00e9 prochain les stands \u00e9checs devraient reprendre.\u00a0Amiti\u00e9s.\u00a0Orazio<\/p>\n","protected":false},"excerpt":{"rendered":"<p>Et\u00e9 2025 En juillet ou Aout je ne sais plus !! &nbsp; &nbsp; Bonjour \ud83d\ude42 On s\u2019\u00e9tait crois\u00e9s \u00e0 votre stand \u00e0 La Ciotat, autour des \u00e9checs. Vous m\u2019aviez donn\u00e9 votre carte pour que je vous envoie nos photos, mais je l\u2019ai \u00e9gar\u00e9e\u2026 Heureusement, j\u2019ai r\u00e9ussi \u00e0 retrouver votre contact et j\u2019en suis vraiment ravie [&hellip;]<\/p>\n","protected":false},"author":1,"featured_media":19085,"parent":0,"menu_order":0,"comment_status":"closed","ping_status":"closed","template":"","meta":{"footnotes":""},"class_list":["post-19083","page","type-page","status-publish","has-post-thumbnail","hentry"],"_links":{"self":[{"href":"https:\/\/oraziopuglisi.art\/index.php\/wp-json\/wp\/v2\/pages\/19083","targetHints":{"allow":["GET"]}}],"collection":[{"href":"https:\/\/oraziopuglisi.art\/index.php\/wp-json\/wp\/v2\/pages"}],"about":[{"href":"https:\/\/oraziopuglisi.art\/index.php\/wp-json\/wp\/v2\/types\/page"}],"author":[{"embeddable":true,"href":"https:\/\/oraziopuglisi.art\/index.php\/wp-json\/wp\/v2\/users\/1"}],"replies":[{"embeddable":true,"href":"https:\/\/oraziopuglisi.art\/index.php\/wp-json\/wp\/v2\/comments?post=19083"}],"version-history":[{"count":7,"href":"https:\/\/oraziopuglisi.art\/index.php\/wp-json\/wp\/v2\/pages\/19083\/revisions"}],"predecessor-version":[{"id":19093,"href":"https:\/\/oraziopuglisi.art\/index.php\/wp-json\/wp\/v2\/pages\/19083\/revisions\/19093"}],"wp:featuredmedia":[{"embeddable":true,"href":"https:\/\/oraziopuglisi.art\/index.php\/wp-json\/wp\/v2\/media\/19085"}],"wp:attachment":[{"href":"https:\/\/oraziopuglisi.art\/index.php\/wp-json\/wp\/v2\/media?parent=19083"}],"curies":[{"name":"wp","href":"https:\/\/api.w.org\/{rel}","templated":true}]}}