{"id":18663,"date":"2025-09-13T18:48:35","date_gmt":"2025-09-13T16:48:35","guid":{"rendered":"https:\/\/oraziopuglisi.art\/?page_id=18663"},"modified":"2025-09-13T19:30:09","modified_gmt":"2025-09-13T17:30:09","slug":"la-question-juive","status":"publish","type":"page","link":"https:\/\/oraziopuglisi.art\/index.php\/la-question-juive\/","title":{"rendered":"La Question Juive"},"content":{"rendered":"<p style=\"text-align: center;\"><a href=\"https:\/\/fr.wikipedia.org\/wiki\/Question_juive\">La question juive<\/a><\/p>\n<p>&nbsp;<\/p>\n<p style=\"text-align: center;\"><a href=\"https:\/\/fr.wikipedia.org\/wiki\/Sur_la_Question_juive\">Sur la question juive (Marx)<\/a><\/p>\n<p style=\"text-align: center;\"><a href=\"https:\/\/fr.wikipedia.org\/wiki\/La_Question_juive_(Bauer)\">La question juive (Bauer)<\/a><\/p>\n<p style=\"text-align: center;\"><a href=\"https:\/\/www.scribe.fr\/produit-346989-480\/mission-des-juifs-tome-i-et-tome-ii.aspx\">La mission des juifs (St Yves Alveydre)<\/a><\/p>\n<p class=\"auteur\" style=\"text-align: center;\"><a href=\"https:\/\/www.thebookedition.com\/fr\/la-mission-des-juifs-p-67591.html\"><span style=\"font-size: 14px;\">Abb\u00e9 A. Goudet \/ La Mission des Juifs\u00a0<\/span><\/a><\/p>\n<p style=\"text-align: center;\"><a href=\"https:\/\/www.google.com\/search?sca_esv=0027e473cd7295c4&amp;sxsrf=AE3TifNzIGJtmtBCtV5FuzwkbRE8tpqd6A:1757783084418&amp;udm=2&amp;fbs=AIIjpHx4nJjfGojPVHhEACUHPiMQ_pbg5bWizQs3A_kIenjtcpTTqBUdyVgzq0c3_k8z34GUa4Q_jiUQNh5K5XfwsFj1GycqsuEGgRB_RJ6MkPQFRhZ-U6AJ6ON2bcLEcW35jB_MeJSAFLIBkc1J6QAVuzBUEBD9tw1cBF2ngbaBoA7kI8x98fjVdqeJpaSKJDuoXCfxLQvx&amp;q=la+question+juive&amp;sa=X&amp;ved=2ahUKEwiB5dqinNaPAxV99QIHHWWjF_YQtKgLegQIFhAB&amp;biw=1536&amp;bih=719&amp;dpr=1.25\">Google La question Juive<\/a><\/p>\n<p style=\"text-align: center;\"><a href=\"https:\/\/saint-remi.fr\/fr\/judaisme-franc-maconnerie\/715-la-question-juive-9782845195868.html\">Mgr H Delassus<\/a><\/p>\n<p style=\"text-align: center;\"><a href=\"https:\/\/saint-remi.fr\/fr\/judaisme-franc-maconnerie\/584-la-prpondrance-juive-i-ses-origines-ii-napolon-ier-et-les-isralites-9782845194373.html\">Abb\u00e9 Joseph Lemann La pr\u00e9pond\u00e9rance juive\u00a0<\/a><\/p>\n<p>&nbsp;<\/p>\n<p>&nbsp;<\/p>\n<p><iframe loading=\"lazy\" title=\"ORIGINES du SIONISME et MENSONGES d&#039;ISRA\u00cbL : 75 ans de d\u00e9shonneur\" width=\"600\" height=\"338\" src=\"https:\/\/www.youtube.com\/embed\/hT4gNuOObpI?feature=oembed\" frameborder=\"0\" allow=\"accelerometer; autoplay; clipboard-write; encrypted-media; gyroscope; picture-in-picture; web-share\" referrerpolicy=\"strict-origin-when-cross-origin\" allowfullscreen><\/iframe><\/p>\n","protected":false},"excerpt":{"rendered":"<p>La question juive &nbsp; Sur la question juive (Marx) La question juive (Bauer) La mission des juifs (St Yves Alveydre) Abb\u00e9 A. Goudet \/ La Mission des Juifs\u00a0 Google La question Juive Mgr H Delassus Abb\u00e9 Joseph Lemann La pr\u00e9pond\u00e9rance juive\u00a0 &nbsp; &nbsp;<\/p>\n","protected":false},"author":1,"featured_media":18679,"parent":0,"menu_order":0,"comment_status":"closed","ping_status":"closed","template":"","meta":{"footnotes":""},"class_list":["post-18663","page","type-page","status-publish","has-post-thumbnail","hentry"],"_links":{"self":[{"href":"https:\/\/oraziopuglisi.art\/index.php\/wp-json\/wp\/v2\/pages\/18663","targetHints":{"allow":["GET"]}}],"collection":[{"href":"https:\/\/oraziopuglisi.art\/index.php\/wp-json\/wp\/v2\/pages"}],"about":[{"href":"https:\/\/oraziopuglisi.art\/index.php\/wp-json\/wp\/v2\/types\/page"}],"author":[{"embeddable":true,"href":"https:\/\/oraziopuglisi.art\/index.php\/wp-json\/wp\/v2\/users\/1"}],"replies":[{"embeddable":true,"href":"https:\/\/oraziopuglisi.art\/index.php\/wp-json\/wp\/v2\/comments?post=18663"}],"version-history":[{"count":14,"href":"https:\/\/oraziopuglisi.art\/index.php\/wp-json\/wp\/v2\/pages\/18663\/revisions"}],"predecessor-version":[{"id":18678,"href":"https:\/\/oraziopuglisi.art\/index.php\/wp-json\/wp\/v2\/pages\/18663\/revisions\/18678"}],"wp:featuredmedia":[{"embeddable":true,"href":"https:\/\/oraziopuglisi.art\/index.php\/wp-json\/wp\/v2\/media\/18679"}],"wp:attachment":[{"href":"https:\/\/oraziopuglisi.art\/index.php\/wp-json\/wp\/v2\/media?parent=18663"}],"curies":[{"name":"wp","href":"https:\/\/api.w.org\/{rel}","templated":true}]}}