{"id":18606,"date":"2025-08-27T18:34:09","date_gmt":"2025-08-27T16:34:09","guid":{"rendered":"https:\/\/oraziopuglisi.art\/?page_id=18606"},"modified":"2025-08-27T18:46:28","modified_gmt":"2025-08-27T16:46:28","slug":"le-folklore-en-europe","status":"publish","type":"page","link":"https:\/\/oraziopuglisi.art\/index.php\/le-folklore-en-europe\/","title":{"rendered":"Le Folklore en Europe"},"content":{"rendered":"<p><em><span style=\"font-size: 10px;\"><strong>Image mise en avant :<\/strong> <a title=\"Robin des Bois\" href=\"https:\/\/fr.wikipedia.org\/wiki\/Robin_des_Bois\">Robin des bois<\/a>\u00a0et\u00a0<a title=\"Guy de Gisbourne\" href=\"https:\/\/fr.wikipedia.org\/wiki\/Guy_de_Gisbourne\">Guy de Gisbourne<\/a>, deux personnages du\u00a0<a title=\"Folklore anglais\" href=\"https:\/\/fr.wikipedia.org\/wiki\/Folklore_anglais\">folklore anglais<\/a>.<\/span><\/em><\/p>\n<div id=\"mw-content-text\" class=\"mw-body-content\">\n<div class=\"mw-content-ltr mw-parser-output\" dir=\"ltr\" lang=\"fr\">\n<figure class=\"mw-default-size\"><a class=\"mw-file-description\" href=\"https:\/\/commons.wikimedia.org\/wiki\/File:Robin_shoots_with_sir_Guy_by_Louis_Rhead_1912.png?uselang=fr\"><img loading=\"lazy\" decoding=\"async\" class=\"mw-file-element\" src=\"https:\/\/upload.wikimedia.org\/wikipedia\/commons\/thumb\/c\/c8\/Robin_shoots_with_sir_Guy_by_Louis_Rhead_1912.png\/250px-Robin_shoots_with_sir_Guy_by_Louis_Rhead_1912.png\" srcset=\"\/\/upload.wikimedia.org\/wikipedia\/commons\/c\/c8\/Robin_shoots_with_sir_Guy_by_Louis_Rhead_1912.png 1.5x\" width=\"250\" height=\"368\" data-file-width=\"317\" data-file-height=\"466\" \/><\/a><\/figure>\n<figure class=\"mw-default-size\"><figcaption><span style=\"font-size: 10px;\"><a title=\"Robin des Bois\" href=\"https:\/\/fr.wikipedia.org\/wiki\/Robin_des_Bois\">Robin des bois<\/a>\u00a0et\u00a0<a title=\"Guy de Gisbourne\" href=\"https:\/\/fr.wikipedia.org\/wiki\/Guy_de_Gisbourne\">Guy de Gisbourne<\/a>, deux personnages du\u00a0<a title=\"Folklore anglais\" href=\"https:\/\/fr.wikipedia.org\/wiki\/Folklore_anglais\">folklore anglais<\/a>.<\/span><\/p>\n<p>\n<\/figcaption><\/figure>\n<p style=\"text-align: justify;\">Le terme\u00a0<b>folklore europ\u00e9en<\/b>\u00a0se r\u00e9f\u00e8re au\u00a0<a title=\"Folklore\" href=\"https:\/\/fr.wikipedia.org\/wiki\/Folklore\">folklore<\/a>\u00a0du\u00a0<a class=\"mw-redirect\" title=\"Monde occidental\" href=\"https:\/\/fr.wikipedia.org\/wiki\/Monde_occidental\">monde occidental<\/a>. Il n&rsquo;y a pas, bien s\u00fbr, de culture europ\u00e9enne unique, mais n\u00e9anmoins l&rsquo;histoire commune du\u00a0<a title=\"Christianisme\" href=\"https:\/\/fr.wikipedia.org\/wiki\/Christianisme\">christianisme<\/a>\u00a0au\u00a0<a title=\"Moyen \u00c2ge\" href=\"https:\/\/fr.wikipedia.org\/wiki\/Moyen_%C3%82ge\">Moyen \u00c2ge<\/a>\u00a0et \u00e0 l&rsquo;\u00e9poque moderne a donn\u00e9 naissance \u00e0 un certain nombre de traditions qui sont partag\u00e9es dans de nombreuses cultures ethniques ou r\u00e9gionales d&rsquo;Europe.<\/p>\n<p style=\"text-align: justify;\">Cela concerne notamment les traditions communes bas\u00e9es sur la mythologie chr\u00e9tienne, c&rsquo;est-\u00e0-dire certains traits communs dans la c\u00e9l\u00e9bration de\u00a0<a title=\"No\u00ebl\" href=\"https:\/\/fr.wikipedia.org\/wiki\/No%C3%ABl\">No\u00ebl<\/a>, tels que les cadeaux de No\u00ebl, ou les coutumes associ\u00e9es \u00e0 la Toussaint. En outre, on retrouve certains gestes ou pratiques apotropa\u00efques (destin\u00e9s \u00e0 contrer le mauvais sort) dans de grandes parties de l&rsquo;Europe, tels que le fait de toucher ou frapper du bois<sup id=\"cite_ref-1\" class=\"reference\"><a href=\"https:\/\/fr.wikipedia.org\/wiki\/Folklore_europ%C3%A9en#cite_note-1\"><span class=\"cite-bracket\">[<\/span>1<span class=\"cite-bracket\">]<\/span><\/a><\/sup>\u00a0ou de croiser les doigts.<\/p>\n<div class=\"mw-heading mw-heading2\">\n<h2 id=\"Les_traditions_r\u00e9gionales\">Les traditions r\u00e9gionales<\/h2>\n<\/div>\n<ul>\n<li>Europe du Nord\n<ul>\n<li><a title=\"Mythologie estonienne\" href=\"https:\/\/fr.wikipedia.org\/wiki\/Mythologie_estonienne\">Folklore estonien<\/a><\/li>\n<li><a class=\"mw-redirect\" title=\"Mythologie finlandaise\" href=\"https:\/\/fr.wikipedia.org\/wiki\/Mythologie_finlandaise\">Folklore finlandais<\/a><\/li>\n<li><a class=\"mw-redirect\" title=\"Mythologie lettonne\" href=\"https:\/\/fr.wikipedia.org\/wiki\/Mythologie_lettonne\">Folklore letton<\/a><\/li>\n<li><a title=\"Mythologie lituanienne\" href=\"https:\/\/fr.wikipedia.org\/wiki\/Mythologie_lituanienne\">Folklore lituanien<\/a><\/li>\n<li><a title=\"Folklore scandinave\" href=\"https:\/\/fr.wikipedia.org\/wiki\/Folklore_scandinave\">Folklore scandinave<\/a><\/li>\n<\/ul>\n<\/li>\n<li>Europe occidentale et m\u00e9ridionale\n<ul>\n<li><a class=\"new\" title=\"Paganisme dans les Alpes de l'Est (page inexistante)\" href=\"https:\/\/fr.wikipedia.org\/w\/index.php?title=Paganisme_dans_les_Alpes_de_l%27Est&amp;action=edit&amp;redlink=1\">Folklore alpin<\/a><\/li>\n<li><a class=\"new\" title=\"Folklore n\u00e9erlandais (page inexistante)\" href=\"https:\/\/fr.wikipedia.org\/w\/index.php?title=Folklore_n%C3%A9erlandais&amp;action=edit&amp;redlink=1\">Folklore n\u00e9erlandais<\/a><\/li>\n<li><a title=\"Folklore fran\u00e7ais\" href=\"https:\/\/fr.wikipedia.org\/wiki\/Folklore_fran%C3%A7ais\">Folklore fran\u00e7ais<\/a><\/li>\n<li><a title=\"Folklore allemand\" href=\"https:\/\/fr.wikipedia.org\/wiki\/Folklore_allemand\">Folklore allemand<\/a><\/li>\n<li><a class=\"new\" title=\"Folklore italien (page inexistante)\" href=\"https:\/\/fr.wikipedia.org\/w\/index.php?title=Folklore_italien&amp;action=edit&amp;redlink=1\">Folklore italien<\/a><\/li>\n<li><a class=\"new\" title=\"Folklore suisse (page inexistante)\" href=\"https:\/\/fr.wikipedia.org\/w\/index.php?title=Folklore_suisse&amp;action=edit&amp;redlink=1\">Folklore suisse<\/a><\/li>\n<li><a class=\"new\" title=\"Folklore catholicisme (page inexistante)\" href=\"https:\/\/fr.wikipedia.org\/w\/index.php?title=Folklore_catholicisme&amp;action=edit&amp;redlink=1\">Folklore catholicisme<\/a><\/li>\n<li><a title=\"Folklore acadien\" href=\"https:\/\/fr.wikipedia.org\/wiki\/Folklore_acadien\">Folklore acadien<\/a><\/li>\n<\/ul>\n<\/li>\n<li>\u00celes britanniques\n<ul>\n<li style=\"list-style-type: none;\">\n<ul>\n<li><a title=\"Folklore anglais\" href=\"https:\/\/fr.wikipedia.org\/wiki\/Folklore_anglais\">Folklore anglais<\/a><\/li>\n<li><a class=\"mw-redirect\" title=\"Mythologie irlandaise\" href=\"https:\/\/fr.wikipedia.org\/wiki\/Mythologie_irlandaise\">folklore irlandais<\/a><\/li>\n<li><a title=\"Mythologie celtique\" href=\"https:\/\/fr.wikipedia.org\/wiki\/Mythologie_celtique\">Mythologie celtique<\/a><\/li>\n<li><a title=\"Mythologie \u00e9cossaise\" href=\"https:\/\/fr.wikipedia.org\/wiki\/Mythologie_%C3%A9cossaise\">Folklore \u00e9cossais<\/a><\/li>\n<li><a class=\"new\" title=\"Folklore gallois (page inexistante)\" href=\"https:\/\/fr.wikipedia.org\/w\/index.php?title=Folklore_gallois&amp;action=edit&amp;redlink=1\">Folklore gallois<\/a><\/li>\n<li><a title=\"H\u00e9brides\" href=\"https:\/\/fr.wikipedia.org\/wiki\/H%C3%A9brides\">H\u00e9brides<\/a><\/li>\n<\/ul>\n<\/li>\n<\/ul>\n<\/li>\n<li>Europe de l&rsquo;Est\n<ul>\n<li><a class=\"new\" title=\"Folklore albanais (page inexistante)\" href=\"https:\/\/fr.wikipedia.org\/w\/index.php?title=Folklore_albanais&amp;action=edit&amp;redlink=1\">Folklore albanais<\/a><\/li>\n<li><a class=\"mw-redirect\" title=\"Mythologie hongroise\" href=\"https:\/\/fr.wikipedia.org\/wiki\/Mythologie_hongroise\">folklore hongrois<\/a><\/li>\n<li><a class=\"new\" title=\"Folklore mont\u00e9n\u00e9grin (page inexistante)\" href=\"https:\/\/fr.wikipedia.org\/w\/index.php?title=Folklore_mont%C3%A9n%C3%A9grin&amp;action=edit&amp;redlink=1\">Folklore mont\u00e9n\u00e9grin<\/a><\/li>\n<li><a class=\"new\" title=\"Folklore roumain (page inexistante)\" href=\"https:\/\/fr.wikipedia.org\/w\/index.php?title=Folklore_roumain&amp;action=edit&amp;redlink=1\">Folklore roumain<\/a><\/li>\n<li><a class=\"new\" title=\"Folklore slave (page inexistante)\" href=\"https:\/\/fr.wikipedia.org\/w\/index.php?title=Folklore_slave&amp;action=edit&amp;redlink=1\">Folklore slave<\/a>\n<ul>\n<li><a class=\"new\" title=\"Folklore polonais (page inexistante)\" href=\"https:\/\/fr.wikipedia.org\/w\/index.php?title=Folklore_polonais&amp;action=edit&amp;redlink=1\">Folklore polonais<\/a><\/li>\n<li><a title=\"Folklore russe\" href=\"https:\/\/fr.wikipedia.org\/wiki\/Folklore_russe\">Folklore russe<\/a><\/li>\n<\/ul>\n<\/li>\n<\/ul>\n<\/li>\n<\/ul>\n<div class=\"mw-heading mw-heading2\">\n<h2 id=\"Voir_aussi\">Voir aussi<\/h2>\n<\/div>\n<div class=\"mw-heading mw-heading3\">\n<h3 id=\"Notes_et_r\u00e9f\u00e9rences\">Notes et r\u00e9f\u00e9rences<\/h3>\n<\/div>\n<div class=\"references-small decimal\">\n<ol class=\"references\">\n<li id=\"cite_note-1\"><span class=\"reference-text\"><a class=\"external text\" href=\"http:\/\/www.netprof.fr\/Voir-le-cours-en-video\/Fran%C3%A7ais\/Expressions\/Aux-origines-d-une-expression-004.-Toucher-du-bois,32,173,5707,1.aspx\" rel=\"nofollow\">Origine et signification de l&rsquo;expression\u00a0<i>Toucher du bois<\/i>\u00a0en vid\u00e9o sur le site netprof.fr<\/a><small class=\"cachelinks\">\u00a0[<a title=\"archive sur Wikiwix\" href=\"https:\/\/archive.wikiwix.com\/cache\/?url=http%3A%2F%2Fwww.netprof.fr%2FVoir-le-cours-en-video%2FFran%25C3%25A7ais%2FExpressions%2FAux-origines-d-une-expression-004.-Toucher-du-bois%2C32%2C173%2C5707%2C1.aspx\">archive<\/a>]<\/small><\/span><\/li>\n<\/ol>\n<\/div>\n<div class=\"mw-heading mw-heading3\">\n<h3 id=\"Bibliographie\">Bibliographie<\/h3>\n<\/div>\n<ul>\n<li><abbr class=\"abbr indicateur-langue\" title=\"Langue : anglais\">(en)<\/abbr>\u00a0Leach, Maria (ed.),\u00a0<i>Funk &amp; Wagnalls Standard Dictionary of Folklore, Mythology and Legend<\/i>, New York: Funk &amp; Wagnalls Co, 1949.<\/li>\n<li><abbr class=\"abbr indicateur-langue\" title=\"Langue : anglais\">(en)<\/abbr>\u00a0Newhall, Venetia J.,\u00a0<i>European Folklore: An Encyclopedia<\/i>, Garland Publishing, 2005\u00a0<small>(<a title=\"International Standard Book Number\" href=\"https:\/\/fr.wikipedia.org\/wiki\/International_Standard_Book_Number\">ISBN<\/a><a title=\"Sp\u00e9cial:Ouvrages de r\u00e9f\u00e9rence\/9780815314516\" href=\"https:\/\/fr.wikipedia.org\/wiki\/Sp%C3%A9cial:Ouvrages_de_r%C3%A9f%C3%A9rence\/9780815314516\"><span class=\"nowrap\">9780815314516<\/span><\/a>)<\/small>.<\/li>\n<li><abbr class=\"abbr indicateur-langue\" title=\"Langue : anglais\">(en)<\/abbr>\u00a0Ziavras, Mary,\u00a0<i>Greek Folk Stories, Old and New<\/i>, ComteQ Publishing, 2012\u00a0<small>(<a title=\"International Standard Book Number\" href=\"https:\/\/fr.wikipedia.org\/wiki\/International_Standard_Book_Number\">ISBN<\/a><a title=\"Sp\u00e9cial:Ouvrages de r\u00e9f\u00e9rence\/9780615406121\" href=\"https:\/\/fr.wikipedia.org\/wiki\/Sp%C3%A9cial:Ouvrages_de_r%C3%A9f%C3%A9rence\/9780615406121\"><span class=\"nowrap\">9780615406121<\/span><\/a>)<\/small>.<\/li>\n<\/ul>\n<div class=\"mw-heading mw-heading3\">\n<h3 id=\"Articles_connexes\">Articles connexes<\/h3>\n<\/div>\n<ul>\n<li><a class=\"mw-redirect\" title=\"Mythe fondateur\" href=\"https:\/\/fr.wikipedia.org\/wiki\/Mythe_fondateur\">Mythe fondateur<\/a><\/li>\n<li><a title=\"Culture de l'Europe\" href=\"https:\/\/fr.wikipedia.org\/wiki\/Culture_de_l%27Europe\">Culture de l&rsquo;Europe<\/a><\/li>\n<li><a title=\"Mythe des origines troyennes\" href=\"https:\/\/fr.wikipedia.org\/wiki\/Mythe_des_origines_troyennes\">Mythe des origines troyennes<\/a><\/li>\n<\/ul>\n<\/div>\n<\/div>\n","protected":false},"excerpt":{"rendered":"<p>Image mise en avant : Robin des bois\u00a0et\u00a0Guy de Gisbourne, deux personnages du\u00a0folklore anglais. Robin des bois\u00a0et\u00a0Guy de Gisbourne, deux personnages du\u00a0folklore anglais. Le terme\u00a0folklore europ\u00e9en\u00a0se r\u00e9f\u00e8re au\u00a0folklore\u00a0du\u00a0monde occidental. Il n&rsquo;y a pas, bien s\u00fbr, de culture europ\u00e9enne unique, mais n\u00e9anmoins l&rsquo;histoire commune du\u00a0christianisme\u00a0au\u00a0Moyen \u00c2ge\u00a0et \u00e0 l&rsquo;\u00e9poque moderne a donn\u00e9 naissance \u00e0 un certain nombre [&hellip;]<\/p>\n","protected":false},"author":1,"featured_media":18616,"parent":0,"menu_order":0,"comment_status":"closed","ping_status":"closed","template":"","meta":{"footnotes":""},"class_list":["post-18606","page","type-page","status-publish","has-post-thumbnail","hentry"],"_links":{"self":[{"href":"https:\/\/oraziopuglisi.art\/index.php\/wp-json\/wp\/v2\/pages\/18606","targetHints":{"allow":["GET"]}}],"collection":[{"href":"https:\/\/oraziopuglisi.art\/index.php\/wp-json\/wp\/v2\/pages"}],"about":[{"href":"https:\/\/oraziopuglisi.art\/index.php\/wp-json\/wp\/v2\/types\/page"}],"author":[{"embeddable":true,"href":"https:\/\/oraziopuglisi.art\/index.php\/wp-json\/wp\/v2\/users\/1"}],"replies":[{"embeddable":true,"href":"https:\/\/oraziopuglisi.art\/index.php\/wp-json\/wp\/v2\/comments?post=18606"}],"version-history":[{"count":4,"href":"https:\/\/oraziopuglisi.art\/index.php\/wp-json\/wp\/v2\/pages\/18606\/revisions"}],"predecessor-version":[{"id":18617,"href":"https:\/\/oraziopuglisi.art\/index.php\/wp-json\/wp\/v2\/pages\/18606\/revisions\/18617"}],"wp:featuredmedia":[{"embeddable":true,"href":"https:\/\/oraziopuglisi.art\/index.php\/wp-json\/wp\/v2\/media\/18616"}],"wp:attachment":[{"href":"https:\/\/oraziopuglisi.art\/index.php\/wp-json\/wp\/v2\/media?parent=18606"}],"curies":[{"name":"wp","href":"https:\/\/api.w.org\/{rel}","templated":true}]}}