{"id":17652,"date":"2025-08-10T18:12:18","date_gmt":"2025-08-10T16:12:18","guid":{"rendered":"https:\/\/oraziopuglisi.art\/?page_id=17652"},"modified":"2025-08-10T18:35:37","modified_gmt":"2025-08-10T16:35:37","slug":"le-nelie","status":"publish","type":"page","link":"https:\/\/oraziopuglisi.art\/index.php\/le-nelie\/","title":{"rendered":"Le N\u00e9lie"},"content":{"rendered":"<p style=\"text-align: center;\">D\u00e9jeuner au resto du Mus\u00e9e Jacquemart Andr\u00e9 \u00ab\u00a0Le N\u00e9lie\u00a0\u00bb<\/p>\n<p style=\"text-align: center;\">Il fait chaud mais nous sommes \u00e9blouis par la beaut\u00e9 du lieu !!<\/p>\n<p>&nbsp;<\/p>\n<p><img loading=\"lazy\" decoding=\"async\" class=\"alignnone size-full wp-image-17654\" src=\"http:\/\/oraziopuglisi.art\/wp-content\/uploads\/2025\/08\/IMG-20250622-WA0104.jpg\" alt=\"\" width=\"720\" height=\"1600\" srcset=\"https:\/\/oraziopuglisi.art\/wp-content\/uploads\/2025\/08\/IMG-20250622-WA0104.jpg 720w, https:\/\/oraziopuglisi.art\/wp-content\/uploads\/2025\/08\/IMG-20250622-WA0104-135x300.jpg 135w, https:\/\/oraziopuglisi.art\/wp-content\/uploads\/2025\/08\/IMG-20250622-WA0104-461x1024.jpg 461w, https:\/\/oraziopuglisi.art\/wp-content\/uploads\/2025\/08\/IMG-20250622-WA0104-691x1536.jpg 691w, https:\/\/oraziopuglisi.art\/wp-content\/uploads\/2025\/08\/IMG-20250622-WA0104-508x1129.jpg 508w\" sizes=\"auto, (max-width: 720px) 100vw, 720px\" \/> <img loading=\"lazy\" decoding=\"async\" class=\"alignnone size-full wp-image-17655\" src=\"http:\/\/oraziopuglisi.art\/wp-content\/uploads\/2025\/08\/IMG-20250622-WA0105.jpg\" alt=\"\" width=\"1457\" height=\"900\" srcset=\"https:\/\/oraziopuglisi.art\/wp-content\/uploads\/2025\/08\/IMG-20250622-WA0105.jpg 1457w, https:\/\/oraziopuglisi.art\/wp-content\/uploads\/2025\/08\/IMG-20250622-WA0105-300x185.jpg 300w, https:\/\/oraziopuglisi.art\/wp-content\/uploads\/2025\/08\/IMG-20250622-WA0105-1024x633.jpg 1024w, https:\/\/oraziopuglisi.art\/wp-content\/uploads\/2025\/08\/IMG-20250622-WA0105-768x474.jpg 768w, https:\/\/oraziopuglisi.art\/wp-content\/uploads\/2025\/08\/IMG-20250622-WA0105-1240x766.jpg 1240w, https:\/\/oraziopuglisi.art\/wp-content\/uploads\/2025\/08\/IMG-20250622-WA0105-508x314.jpg 508w\" sizes=\"auto, (max-width: 1457px) 100vw, 1457px\" \/><\/p>\n<div style=\"width: 600px;\" class=\"wp-video\"><video class=\"wp-video-shortcode\" id=\"video-17652-1\" width=\"600\" height=\"1067\" preload=\"metadata\" controls=\"controls\"><source type=\"video\/mp4\" src=\"http:\/\/oraziopuglisi.art\/wp-content\/uploads\/2025\/08\/VID-20250621-WA0000.mp4?_=1\" \/><a href=\"http:\/\/oraziopuglisi.art\/wp-content\/uploads\/2025\/08\/VID-20250621-WA0000.mp4\">http:\/\/oraziopuglisi.art\/wp-content\/uploads\/2025\/08\/VID-20250621-WA0000.mp4<\/a><\/video><\/div>\n<div style=\"width: 600px;\" class=\"wp-video\"><video class=\"wp-video-shortcode\" id=\"video-17652-2\" width=\"600\" height=\"1067\" preload=\"metadata\" controls=\"controls\"><source type=\"video\/mp4\" src=\"http:\/\/oraziopuglisi.art\/wp-content\/uploads\/2025\/08\/VID-20250621-WA0007.mp4?_=2\" \/><a href=\"http:\/\/oraziopuglisi.art\/wp-content\/uploads\/2025\/08\/VID-20250621-WA0007.mp4\">http:\/\/oraziopuglisi.art\/wp-content\/uploads\/2025\/08\/VID-20250621-WA0007.mp4<\/a><\/video><\/div>\n<div style=\"width: 600px;\" class=\"wp-video\"><video class=\"wp-video-shortcode\" id=\"video-17652-3\" width=\"600\" height=\"1067\" preload=\"metadata\" controls=\"controls\"><source type=\"video\/mp4\" src=\"http:\/\/oraziopuglisi.art\/wp-content\/uploads\/2025\/08\/VID-20250621-WA0009.mp4?_=3\" \/><a href=\"http:\/\/oraziopuglisi.art\/wp-content\/uploads\/2025\/08\/VID-20250621-WA0009.mp4\">http:\/\/oraziopuglisi.art\/wp-content\/uploads\/2025\/08\/VID-20250621-WA0009.mp4<\/a><\/video><\/div>\n<div style=\"width: 600px;\" class=\"wp-video\"><video class=\"wp-video-shortcode\" id=\"video-17652-4\" width=\"600\" height=\"1067\" preload=\"metadata\" controls=\"controls\"><source type=\"video\/mp4\" src=\"http:\/\/oraziopuglisi.art\/wp-content\/uploads\/2025\/08\/VID-20250621-WA0011.mp4?_=4\" \/><a href=\"http:\/\/oraziopuglisi.art\/wp-content\/uploads\/2025\/08\/VID-20250621-WA0011.mp4\">http:\/\/oraziopuglisi.art\/wp-content\/uploads\/2025\/08\/VID-20250621-WA0011.mp4<\/a><\/video><\/div>\n<p>&nbsp;<\/p>\n<p style=\"text-align: center;\">Le service \u00e9tait impeccable et \u00e9l\u00e9gant, \u00e0 la hauteur du lieu !<\/p>\n","protected":false},"excerpt":{"rendered":"<p>D\u00e9jeuner au resto du Mus\u00e9e Jacquemart Andr\u00e9 \u00ab\u00a0Le N\u00e9lie\u00a0\u00bb Il fait chaud mais nous sommes \u00e9blouis par la beaut\u00e9 du lieu !! &nbsp; &nbsp; Le service \u00e9tait impeccable et \u00e9l\u00e9gant, \u00e0 la hauteur du lieu !<\/p>\n","protected":false},"author":1,"featured_media":17662,"parent":0,"menu_order":0,"comment_status":"closed","ping_status":"closed","template":"","meta":{"footnotes":""},"class_list":["post-17652","page","type-page","status-publish","has-post-thumbnail","hentry"],"_links":{"self":[{"href":"https:\/\/oraziopuglisi.art\/index.php\/wp-json\/wp\/v2\/pages\/17652","targetHints":{"allow":["GET"]}}],"collection":[{"href":"https:\/\/oraziopuglisi.art\/index.php\/wp-json\/wp\/v2\/pages"}],"about":[{"href":"https:\/\/oraziopuglisi.art\/index.php\/wp-json\/wp\/v2\/types\/page"}],"author":[{"embeddable":true,"href":"https:\/\/oraziopuglisi.art\/index.php\/wp-json\/wp\/v2\/users\/1"}],"replies":[{"embeddable":true,"href":"https:\/\/oraziopuglisi.art\/index.php\/wp-json\/wp\/v2\/comments?post=17652"}],"version-history":[{"count":4,"href":"https:\/\/oraziopuglisi.art\/index.php\/wp-json\/wp\/v2\/pages\/17652\/revisions"}],"predecessor-version":[{"id":17663,"href":"https:\/\/oraziopuglisi.art\/index.php\/wp-json\/wp\/v2\/pages\/17652\/revisions\/17663"}],"wp:featuredmedia":[{"embeddable":true,"href":"https:\/\/oraziopuglisi.art\/index.php\/wp-json\/wp\/v2\/media\/17662"}],"wp:attachment":[{"href":"https:\/\/oraziopuglisi.art\/index.php\/wp-json\/wp\/v2\/media?parent=17652"}],"curies":[{"name":"wp","href":"https:\/\/api.w.org\/{rel}","templated":true}]}}